{"id":6263,"date":"2023-08-04T16:15:52","date_gmt":"2023-08-04T14:15:52","guid":{"rendered":"https:\/\/www.camping-la-garangeoire.com\/cashless\/"},"modified":"2026-02-20T08:57:43","modified_gmt":"2026-02-20T07:57:43","slug":"cashless","status":"publish","type":"page","link":"https:\/\/www.camping-la-garangeoire.com\/nl\/cashless\/","title":{"rendered":"Contactloos betalen"},"content":{"rendered":"\n<div class=\"wp-block-cover is-light\"><span aria-hidden=\"true\" class=\"wp-block-cover__gradient-background has-background-dim\"><\/span><img loading=\"lazy\" width=\"2048\" height=\"649\" class=\"wp-block-cover__image-background wp-image-7066\" alt=\"\" src=\"https:\/\/www.camping-la-garangeoire.com\/wp-content\/uploads\/2023\/10\/garangeoire-camping-cashless.webp\" style=\"object-position:56% 50%\" data-object-fit=\"cover\" data-object-position=\"56% 50%\" srcset=\"https:\/\/www.camping-la-garangeoire.com\/wp-content\/uploads\/2023\/10\/garangeoire-camping-cashless.webp 2048w, https:\/\/www.camping-la-garangeoire.com\/wp-content\/uploads\/2023\/10\/garangeoire-camping-cashless-300x95.webp 300w, https:\/\/www.camping-la-garangeoire.com\/wp-content\/uploads\/2023\/10\/garangeoire-camping-cashless-1024x325.webp 1024w, https:\/\/www.camping-la-garangeoire.com\/wp-content\/uploads\/2023\/10\/garangeoire-camping-cashless-768x243.webp 768w, https:\/\/www.camping-la-garangeoire.com\/wp-content\/uploads\/2023\/10\/garangeoire-camping-cashless-1536x487.webp 1536w\" sizes=\"(max-width: 2048px) 100vw, 2048px\" \/><div class=\"wp-block-cover__inner-container\">\n<h1 id=\"contactloos-betalen\">Contactloos betalen<\/h1>\n<\/div><\/div>\n\n\n\n<div class=\"wp-block-columns G-15\">\n<div class=\"wp-block-column\">\n<p>De&nbsp;<strong>G-Smart Cashless<\/strong>&nbsp;Polsband, een volledig cashloze manier om te betalen, zal uw verblijf op&nbsp;<strong>camping la Garangeoire<\/strong>&nbsp;vereenvoudigen! De armband is ook een identiteitsarmband, die uw leven vergemakkelijkt doordat u al uw aankopen kunt betalen zonder uw portemonnee mee te nemen. Ervaar de ultieme vrijheid!<\/p>\n\n\n\n<h5 id=\"hoe-gaat-het-in-zijn-werk\"><strong>Hoe gaat het in zijn werk<\/strong><\/h5>\n\n\n\n<p>Bij aankomst overhandigen onze receptionisten u de armband, die u vervolgens kunt crediteren met het door u gekozen bedrag. Dit kan direct bij de receptie van&nbsp;<strong>la Garangeoire<\/strong>&nbsp;worden gecrediteerd (in ruil voor contant geld, cheque of creditcard).<br>Zodra u de armband heeft, moet u een online cashless account aanmaken. Vervolgens kunt u de armband opladen met uw smartphone of tablet.<\/p>\n\n\n\n<h5 id=\"hoe-gaat-het-in-zijn-werk\"><strong><strong>Hoe werkt het voor kinderen?<\/strong><\/strong><\/h5>\n\n\n\n<p>De armbanden van uw kinderen kunnen door u worden gecrediteerd, zodat ze zelf hun zakgeld kunnen beheren! U kiest het bedrag dat op hun armband wordt bijgeschreven, zodat ze zelfstandig leren worden.<br>Tijdens uw verblijf kunt u de uitgaven van elk gezinslid in real time volgen.<br>De armband kan zo vaak als u wilt worden opgeladen. Eenmaal opgeladen kunt u de armband gewoon gebruiken en betalen in al onze diensten!<br>Is de Cashless armband het enige betaalmiddel dat ter plaatse wordt aanvaard? Nee, u kunt ook met bankkaarten (Mastercard en Visa) betalen.<\/p>\n\n\n\n<p><strong>Hoe herstel ik het saldo van mijn armband aan het einde van mijn verblijf?<\/strong> <strong>Hoe krijg ik mijn resterend saldo terug aan het einde van mijn verblijf?<\/strong><br>Aan het einde van uw verblijf kunt u uw saldo <strong>alleen via bankoverschrijving<\/strong> terugvragen via uw Cashless-account (aanvraag moet worden ingediend v\u00f3\u00f3r <strong>30 september<\/strong>): <a href=\"https:\/\/lagarangeoire.cashless.fr\/\">Easytransac > Connexion<\/a><\/p>\n\n\n\n<p><strong>Let op: er wordt geen contant geld teruggegeven.<\/strong><br>Om de terugbetaling vlotter te laten verlopen, <strong>vragen wij u om resterende bedragen samen te voegen op \u00e9\u00e9n enkele armband<\/strong>, zodat er slechts \u00e9\u00e9n terugbetaling hoeft te worden verwerkt. <\/p>\n\n\n\n<p><strong>Saldi onder de \u20ac5 worden niet terugbetaald.<\/strong> Waarom zou u er niet van genieten door nog een laatste ijsje te eten, een klein souvenir mee te nemen of uzelf een laatste verwennerij te gunnen voor vertrek? Als u ze niet gebruikt, worden deze enkele euro\u2019s geschonken aan <strong>Action Enfance<\/strong>, een stichting die ons bijzonder na aan het hart ligt. U beslist zelf hoe u uw verblijf het best wilt afsluiten!<\/p>\n\n\n\n<p><strong>Maar het is ook uw paspoort voor een zorgeloze vakantie:<\/strong><\/p>\n\n\n\n<p>\u2022 <strong>Vrije toegang<\/strong> tot alle activiteiten: zwembaden, animatie, vissen en de kinderclub. Het dragen ervan is essentieel om optimaal van de camping te genieten.<br>\u2022 <strong>Een veilige camping<\/strong>: Hiermee zorgen wij ervoor dat alleen onze gasten van het terrein genieten en kunnen we volwassenen van minderjarigen onderscheiden.<br>\u2022 <strong>Exclusieve kortingen<\/strong> bij onze partners op vertoon van uw armband: Le Grand D\u00e9fi, Ch\u00e2teau des Aventuriers, La Route du Sel en Aquarium de Vend\u00e9e.<\/p>\n\n\n\n<p id=\"ons-advies\"><strong>ONS ADVIES?<\/strong> De camping is uitgerust met <strong>kaartlezers<\/strong> voor alle diensten en accepteert geen contant geld meer, behalve voor verblijfskosten. Neem echter een paar munten mee als u wilt flipperen, biljarten of arcadegames spelen, aangezien deze nog steeds muntapparaten hebben.<\/p>\n\n\n\n<p>AARZEL NIET OM CONTACT OP TE NEMEN MET DE RECEPTIE ALS U VRAGEN HEEFT<\/p>\n\n\n\n<ul class=\"pictos col-2 has-ocre-color has-text-color\"><li><i class=\"fal fa-watch-fitness\"><\/i> U hoeft geen contant geld en portemonnee mee te nemen<\/li><li><i class=\"far fa-stopwatch\"><\/i> Snelle doorvoer aan de kassa\u2019s waardoor minder wachtrijen ontstaan<\/li><li><i class=\"fas fa-mobile-alt\"><\/i> Op elk moment oplaadbaar op uw smartphone of tablet<\/li><li><i class=\"fal fa-hand-holding-usd\"><\/i> Gemakkelijk uw saldo terugvorderen aan het einde van uw verblijf<\/li><\/ul>\n<\/div>\n\n\n\n<div class=\"wp-block-column\">\n<figure class=\"wp-block-gallery has-nested-images columns-default is-cropped\">\n<figure class=\"wp-block-image size-full\"><img loading=\"lazy\" width=\"1491\" height=\"994\" src=\"https:\/\/www.camping-la-garangeoire.com\/wp-content\/uploads\/2023\/11\/camping-garangeoire_gsmart.webp\" alt=\"\" class=\"wp-image-7798\" srcset=\"https:\/\/www.camping-la-garangeoire.com\/wp-content\/uploads\/2023\/11\/camping-garangeoire_gsmart.webp 1491w, https:\/\/www.camping-la-garangeoire.com\/wp-content\/uploads\/2023\/11\/camping-garangeoire_gsmart-300x200.webp 300w, https:\/\/www.camping-la-garangeoire.com\/wp-content\/uploads\/2023\/11\/camping-garangeoire_gsmart-1024x683.webp 1024w, https:\/\/www.camping-la-garangeoire.com\/wp-content\/uploads\/2023\/11\/camping-garangeoire_gsmart-768x512.webp 768w\" sizes=\"(max-width: 1491px) 100vw, 1491px\" \/><\/figure>\n\n\n\n<figure class=\"wp-block-image size-full\"><img loading=\"lazy\" width=\"1491\" height=\"994\" src=\"https:\/\/www.camping-la-garangeoire.com\/wp-content\/uploads\/2023\/11\/camping-garangeoire_cashless.webp\" alt=\"\" class=\"wp-image-7802\" srcset=\"https:\/\/www.camping-la-garangeoire.com\/wp-content\/uploads\/2023\/11\/camping-garangeoire_cashless.webp 1491w, https:\/\/www.camping-la-garangeoire.com\/wp-content\/uploads\/2023\/11\/camping-garangeoire_cashless-300x200.webp 300w, https:\/\/www.camping-la-garangeoire.com\/wp-content\/uploads\/2023\/11\/camping-garangeoire_cashless-1024x683.webp 1024w, https:\/\/www.camping-la-garangeoire.com\/wp-content\/uploads\/2023\/11\/camping-garangeoire_cashless-768x512.webp 768w\" sizes=\"(max-width: 1491px) 100vw, 1491px\" \/><\/figure>\n<\/figure>\n\n\n\n<h4 id=\"de-nieuwe-betaalmethode-die-uw-verblijf-eenvoudiger-maakt\">DE NIEUWE BETAALMETHODE DIE UW VERBLIJF EENVOUDIGER MAAKT!<\/h4>\n\n\n\n<div class=\"wp-container-69f1b53eed6e7 wp-block-buttons\"><\/div>\n<\/div>\n<\/div>\n","protected":false},"excerpt":{"rendered":"<p>De&nbsp;G-Smart Cashless&nbsp;Polsband, een volledig cashloze manier om te betalen, zal uw verblijf op&nbsp;camping la Garangeoire&nbsp;vereenvoudigen! De armband is ook een identiteitsarmband, die uw leven vergemakkelijkt doordat u al uw aankopen kunt betalen zonder uw portemonnee mee te nemen. Ervaar de ultieme vrijheid! Hoe gaat het in zijn werk Bij aankomst overhandigen onze receptionisten u de [&hellip;]<\/p>\n","protected":false},"author":2,"featured_media":0,"parent":0,"menu_order":0,"comment_status":"closed","ping_status":"closed","template":"","meta":[],"acf":[],"_links":{"self":[{"href":"https:\/\/www.camping-la-garangeoire.com\/nl\/wp-json\/wp\/v2\/pages\/6263"}],"collection":[{"href":"https:\/\/www.camping-la-garangeoire.com\/nl\/wp-json\/wp\/v2\/pages"}],"about":[{"href":"https:\/\/www.camping-la-garangeoire.com\/nl\/wp-json\/wp\/v2\/types\/page"}],"author":[{"embeddable":true,"href":"https:\/\/www.camping-la-garangeoire.com\/nl\/wp-json\/wp\/v2\/users\/2"}],"replies":[{"embeddable":true,"href":"https:\/\/www.camping-la-garangeoire.com\/nl\/wp-json\/wp\/v2\/comments?post=6263"}],"version-history":[{"count":6,"href":"https:\/\/www.camping-la-garangeoire.com\/nl\/wp-json\/wp\/v2\/pages\/6263\/revisions"}],"predecessor-version":[{"id":13981,"href":"https:\/\/www.camping-la-garangeoire.com\/nl\/wp-json\/wp\/v2\/pages\/6263\/revisions\/13981"}],"wp:attachment":[{"href":"https:\/\/www.camping-la-garangeoire.com\/nl\/wp-json\/wp\/v2\/media?parent=6263"}],"curies":[{"name":"wp","href":"https:\/\/api.w.org\/{rel}","templated":true}]}}