{"id":3654,"date":"2023-05-26T11:12:18","date_gmt":"2023-05-26T09:12:18","guid":{"rendered":"https:\/\/www.camping-la-garangeoire.com\/op-vakantie-met-je-hond-gaan\/"},"modified":"2026-03-09T10:09:21","modified_gmt":"2026-03-09T09:09:21","slug":"op-vakantie-met-je-hond-gaan","status":"publish","type":"page","link":"https:\/\/www.camping-la-garangeoire.com\/nl\/op-vakantie-met-je-hond-gaan\/","title":{"rendered":"Met uw hond op vakantie naar La Garangeoire!"},"content":{"rendered":"\n<div class=\"wp-block-cover is-light\"><span aria-hidden=\"true\" class=\"wp-block-cover__gradient-background has-background-dim\"><\/span><img loading=\"lazy\" width=\"2048\" height=\"1112\" class=\"wp-block-cover__image-background wp-image-1689\" alt=\"\" src=\"https:\/\/www.camping-la-garangeoire.com\/wp-content\/uploads\/2023\/03\/garangeoire-6.webp\" data-object-fit=\"cover\" srcset=\"https:\/\/www.camping-la-garangeoire.com\/wp-content\/uploads\/2023\/03\/garangeoire-6.webp 2048w, https:\/\/www.camping-la-garangeoire.com\/wp-content\/uploads\/2023\/03\/garangeoire-6-300x163.webp 300w, https:\/\/www.camping-la-garangeoire.com\/wp-content\/uploads\/2023\/03\/garangeoire-6-1024x556.webp 1024w, https:\/\/www.camping-la-garangeoire.com\/wp-content\/uploads\/2023\/03\/garangeoire-6-768x417.webp 768w, https:\/\/www.camping-la-garangeoire.com\/wp-content\/uploads\/2023\/03\/garangeoire-6-1536x834.webp 1536w\" sizes=\"(max-width: 2048px) 100vw, 2048px\" \/><div class=\"wp-block-cover__inner-container\">\n<h1 id=\"partir-en-vacances-avec-son-chien-a-la-garangeoire\">Met uw hond op vakantie naar La Garangeoire!<\/h1>\n<\/div><\/div>\n\n\n\n<div class=\"wp-block-columns are-vertically-aligned-center G-00\">\n<div class=\"wp-block-column is-vertically-aligned-center\">\n<h2 class=\"has-text-align-center h4\" id=\"partir-en-vacances-avec-son-chien-c-est\">Op vakantie gaan met je hond naar camping la Garangeoire betekent:<\/h2>\n\n\n\n<ul class=\"has-noir-color has-fond-ocre-background-color has-text-color has-background\"><li><strong>200 hectare natuur <\/strong>voor wandelingen in de buitenlucht<\/li><li>De mogelijkheid om uw hond mee te nemen in de <strong>gemeenschappelijke ruimtes<\/strong> en in (bijna) alle accommodaties<\/li><li><strong>Schaduwrijke staanplaatsen <\/strong>voor het comfort van uw huisdier<\/li><li><strong>Kleine attenties die het verschil maken:<\/strong> welkomstpakket, verfrissing bij aankomst, lekkernijen \u2013 en natuurlijk knuffels!<\/li><li><strong>Een hondendouche <\/strong>tot uw beschikking<\/li><li>Activiteiten onder begeleiding van een instructeur, zoals gezamenlijke<strong> hondenwandelingen<\/strong><\/li><li>Een team dat beschikbaar is<strong> om afspraken te maken met hondendienstverleners <\/strong>(dierenarts, pension, trimsalon, enz.)<\/li><li><strong>Een ideale ligging om de Vend\u00e9e en haar stranden te ontdekken <\/strong>(met het deskundige advies van ons receptieteam)<\/li><\/ul>\n<\/div>\n\n\n\n<div class=\"wp-block-column is-vertically-aligned-center\">\n<p class=\"h3 has-ocre-color has-text-color\">Bij ons is het combineren van huisdieren en vakantie inderdaad mogelijk!<\/p>\n\n\n\n<p>Wij doen er alles aan om uw trouwe viervoeter zo goed mogelijk te verwelkomen. Vandaar dat wij \u201c4 snuiten\u201d hebben behaald op het platform <a href=\"https:\/\/emmenetonchien.com\/\">emmenetonchien.com<\/a>. Bovendien zijn we een DogFriendly Member geworden, met de Dogs in Hospitality certificering!<br><strong>Hoe wij te werk gaan voor het welzijn van uw dier? Ontdek hier ons uitgebreide dienstenaanbod.<\/strong><\/p>\n\n\n\n<figure class=\"wp-block-gallery has-nested-images columns-default is-cropped\">\n<figure class=\"wp-block-image size-full\"><img loading=\"lazy\" width=\"300\" height=\"205\" src=\"https:\/\/www.camping-la-garangeoire.com\/wp-content\/uploads\/2023\/12\/LOGO-emmenetonchien-300x205-1.jpg\" alt=\"\" class=\"wp-image-8636\"\/><\/figure>\n\n\n\n<figure class=\"wp-block-image size-full\"><img loading=\"lazy\" width=\"300\" height=\"205\" src=\"https:\/\/www.camping-la-garangeoire.com\/wp-content\/uploads\/2023\/12\/LOGO-Dogs-in-hospitality.webp\" alt=\"\" class=\"wp-image-8658\"\/><\/figure>\n<\/figure>\n\n\n\n<p>Zo heeft u voor u en uw huisdier een geslaagde vakantie \u2026<\/p>\n<\/div>\n<\/div>\n\n\n\n<div class=\"wp-container-69e1461c91c97 wp-block-group alignfull G-20\"><div class=\"wp-block-group__inner-container\">\n<figure class=\"wp-block-image size-full\"><img loading=\"lazy\" width=\"2048\" height=\"1188\" src=\"https:\/\/www.camping-la-garangeoire.com\/wp-content\/uploads\/2023\/03\/garangeoire.1-71.webp\" alt=\"\" class=\"wp-image-1718\" srcset=\"https:\/\/www.camping-la-garangeoire.com\/wp-content\/uploads\/2023\/03\/garangeoire.1-71.webp 2048w, https:\/\/www.camping-la-garangeoire.com\/wp-content\/uploads\/2023\/03\/garangeoire.1-71-300x174.webp 300w, https:\/\/www.camping-la-garangeoire.com\/wp-content\/uploads\/2023\/03\/garangeoire.1-71-1024x594.webp 1024w, https:\/\/www.camping-la-garangeoire.com\/wp-content\/uploads\/2023\/03\/garangeoire.1-71-768x446.webp 768w, https:\/\/www.camping-la-garangeoire.com\/wp-content\/uploads\/2023\/03\/garangeoire.1-71-1536x891.webp 1536w\" sizes=\"(max-width: 2048px) 100vw, 2048px\" \/><\/figure>\n\n\n\n<div class=\"wp-block-columns\">\n<div class=\"wp-block-column\" style=\"flex-basis:72%\">\n<div class=\"wp-block-columns\">\n<div class=\"wp-block-column\">\n<figure class=\"wp-block-image size-full\"><img loading=\"lazy\" width=\"1024\" height=\"768\" src=\"https:\/\/www.camping-la-garangeoire.com\/wp-content\/uploads\/2023\/03\/garangeoire.1-70.webp\" alt=\"\" class=\"wp-image-1712\" srcset=\"https:\/\/www.camping-la-garangeoire.com\/wp-content\/uploads\/2023\/03\/garangeoire.1-70.webp 1024w, https:\/\/www.camping-la-garangeoire.com\/wp-content\/uploads\/2023\/03\/garangeoire.1-70-300x225.webp 300w, https:\/\/www.camping-la-garangeoire.com\/wp-content\/uploads\/2023\/03\/garangeoire.1-70-768x576.webp 768w\" sizes=\"(max-width: 1024px) 100vw, 1024px\" \/><\/figure>\n<\/div>\n\n\n\n<div class=\"wp-block-column\">\n<h2 class=\"h4 has-ocre-color has-text-color\" id=\"les-astuces-pour-un-sejour-a-la-garangeoire-avec-votre-animal-de-compagnie-fa-icon-icon-fas-fa-suitcase-avant-de-partir\"><strong>Tips voor een vakantie met uw huisdier bij La Garangeoire:<\/strong><\/h2>\n\n\n\n<h3 class=\"h6 has-vert-color has-text-color\" id=\"les-astuces-pour-un-sejour-a-la-garangeoire-avec-votre-animal-de-compagnie-fa-icon-icon-fas-fa-suitcase-avant-de-partir\"><i class=\"fas fa-suitcase\"><\/i> <strong>Voor aankomst:<\/strong><\/h3>\n\n\n\n<p>Vergeet niet uw huisdier te melden bij het boeken van uw vakantie.\u00a0Op camping la Garangeoire zijn\u00a0<a href=\"https:\/\/www.camping-la-garangeoire.com\/nl\/huur-informatie-praktijken\/\">huisdieren in bijna alle accommodaties toegestaan<\/a>\u00a0\u200b\u200ben zij kunnen u vergezellen in alle gemeenschappelijke ruimtes, zoals het restaurant, de bar etc.<\/p>\n\n\n\n<p>Buiten de maanden juli en augustus is het mogelijk om meer dan twee honden toe te laten, mits het om kleine honden gaat. Neem vooraf contact met ons op.<\/p>\n\n\n\n<p>Bent u eerder een kampeerder en wilt u liever een&nbsp;<strong>staanplaats met schaduw<\/strong>, om een \u200b\u200bzonnesteek te voorkomen? Tijdens het boeken kunt u deze wensen doorgeven en wij houder daar rekening mee. Breng de gebruikelijke accessoires van uw huisdier mee: riem, voerbak, speelgoed zodat het zich \u201cthuis\u201d voelt.<\/p>\n\n\n\n<h3 class=\"h6 has-vert-color has-text-color\" id=\"pendant-le-sejour\"><i class=\"fas fa-sun\"><\/i>  Tijdens uw verblijf:<\/h3>\n\n\n\n<p>Meld u zich bij aankomst bij de receptie en toon alle benodigde documenten voor de identificatie van de dieren en de inentingen. Op de camping moeten honden en katten zijn inge\u00ebnt, getatoe\u00eberd of gechipt zijn en aan de lijn worden gehouden.<br>De inenting tegen hondsdolheid (Rabi\u00ebs) moet voor elke check-in worden getoond.<br>arzel niet om ons tijdens het inchecken om wat vers water te vragen voor uw huisdier,<br>deze heeft tenslotte een lange reis achter de rug.<\/p>\n\n\n\n<p>Nadat u uw welkomstpakket met lekkernijen en verrassingen heeft ontvangen,<strong>&nbsp;kan de vakantie met een gerust hart beginnen !<\/strong><\/p>\n\n\n\n<div class=\"wp-container-69e1461c919b0 wp-block-buttons\"><\/div>\n<\/div>\n<\/div>\n<\/div>\n\n\n\n<div class=\"wp-block-column\">\n<figure class=\"wp-block-image size-large\"><img loading=\"lazy\" width=\"768\" height=\"1024\" src=\"https:\/\/www.camping-la-garangeoire.com\/wp-content\/uploads\/2023\/03\/garangeoire.1-72-768x1024.webp\" alt=\"\" class=\"wp-image-1715\" srcset=\"https:\/\/www.camping-la-garangeoire.com\/wp-content\/uploads\/2023\/03\/garangeoire.1-72-768x1024.webp 768w, https:\/\/www.camping-la-garangeoire.com\/wp-content\/uploads\/2023\/03\/garangeoire.1-72-225x300.webp 225w, https:\/\/www.camping-la-garangeoire.com\/wp-content\/uploads\/2023\/03\/garangeoire.1-72.webp 1024w\" sizes=\"(max-width: 768px) 100vw, 768px\" \/><\/figure>\n<\/div>\n<\/div>\n<\/div><\/div>\n\n\n\n<div class=\"wp-container-69e1461c9203e wp-block-group G-25\"><div class=\"wp-block-group__inner-container\">\n<h2 class=\"h3 has-ocre-color has-text-color\" id=\"pendant-le-sejour\">Goed om te weten:<\/h2>\n\n\n\n<h3 class=\"h4\" id=\"les-plages-accessibles\"><strong><strong>Stranden waar honden zijn toegestaan<\/strong><\/strong><\/h3>\n\n\n\n<p>Bij een aantal stranden worden huisdieren toegelaten, mits aangelijnd. Zwemmen is alleen verboden. Deze stranden zijn:<\/p>\n\n\n\n<div class=\"wp-block-columns\">\n<div class=\"wp-block-column\">\n<p class=\"h6 has-ocre-color has-text-color\"><i class=\"fas fa-sun\"><\/i>  BR\u00c9TIGNOLLES-SUR-MER<\/p>\n\n\n\n<p><strong>Het strand van Petit Pont<\/strong>, ligt tussen Br\u00e9tignolles-sur-mer en Saint-Gilles-Croix-de-Vie, en is een zeer groot ongerept strand, zo groot dat het zelfs midden in de zomer gemakkelijk is om een \u200b\u200bplekje te vinden. Onbewaakt strand.<br><strong>Les Criques de la Sauzaie,<\/strong> dit strand is alleen toegankelijk bij eb.<\/p>\n\n\n\n<p class=\"h6 has-ocre-color has-text-color\"><i class=\"fas fa-sun\"><\/i>  BREM SUR MER<\/p>\n\n\n\n<p><strong>Het strand des Granges<\/strong>, ligt 1 km ten zuiden van Brem sur Mer, ten zuiden van het DUNES 2 strand. Onbewaakt strand.<\/p>\n<\/div>\n\n\n\n<div class=\"wp-block-column\">\n<p class=\"h6 has-ocre-color has-text-color\"><i class=\"fas fa-sun\"><\/i>  OLONNE SUR MER<\/p>\n\n\n\n<p><strong>Sauveterre strand.<\/strong>  Onbewaakt strand.<\/p>\n\n\n\n<p class=\"h6 has-ocre-color has-text-color\"><i class=\"fas fa-sun\"><\/i>  ST-HILAIRE-DE-RIEZ<\/p>\n\n\n\n<p>De kust van Saint-Hilaire-de-Riez telt 10 km aan fijn zandstrand en 3 km aan een ongerepte rotskust. Hier zijn hele mooie wandelingen te maken en honden op het onbewaakte deel van het strand toegestaan, mits aangelijnd.<br>Tussen juni en september mogen honden alleen tot 09.00 uur en vanaf 19.00 uur op het strand zijn. In de overige maanden zijn ze de hele dag welkom.<\/p>\n<\/div>\n<\/div>\n<\/div><\/div>\n\n\n\n<div class=\"wp-block-columns G-15\">\n<div class=\"wp-block-column\">\n<h3 id=\"les-loisirs\">Vrije tijd<\/h3>\n\n\n\n<p>Ons kampeerterrein biedt 200 hectare ongerepte natuur met 4 priv\u00e9vijvers en veel gemarkeerde wandelpaden, tot grote vreugde voor alle dieren en dierenbezitters.&nbsp;<strong>Perfect voor een hondenwandeling!<\/strong><\/p>\n\n\n\n<p>Bij warm weer kunt u het beste de paden door het bos nemen en langs de vijver, hier is het koeler.<\/p>\n\n\n\n<div class=\"wp-block-group lire-plus-pc\"><div class=\"wp-block-group__inner-container\">\n<p class=\"has-rouge-color has-text-color\">Meer lezen<\/p>\n\n\n\n<div class=\"wp-container-69e1461c92385 wp-block-group\"><div class=\"wp-block-group__inner-container\">\n<p><em><u>Tips voor een geslaagde hondenwandeling:<\/u><\/em><\/p>\n\n\n\n<p><em>Breng water, een riem, halsband, snacks en speelgoed, poepzakken mee en trek comfortabele kleding en schoenen aan.<\/em><\/p>\n\n\n\n<p>Tijdens het seizoen worden hondenuitstapjes en activiteiten voor u en uw hond georganiseerd door een activiteitenbegeleider.<\/p>\n\n\n\n<p>Aarzel niet om de informatie te vragen aan de receptiemedewerkers, zij kunnen u adviseren over de wandelroutes op en rond de camping, maar ook over de wandelingen die te doen zijn rond<strong>&nbsp;het meer van Jaunay.<\/strong><\/p>\n<\/div><\/div>\n<\/div><\/div>\n\n\n\n<h3 class=\"h5\" id=\"le-plus\"><strong>Bovendien bij camping la Garangeoire!<\/strong> <\/h3>\n\n\n\n<p>Mocht u na een wandeling uw hond willen schoonmaken, dan is er een hondendouche aanwezig in \u00e9\u00e9n van de 4 sanitair gebouwen. De camping heeft ook een <strong>canipark<\/strong> (gesloten gebied met hondenbar en spelletjes).<\/p>\n<\/div>\n\n\n\n<div class=\"wp-block-column\">\n<figure class=\"wp-block-gallery has-nested-images columns-default is-cropped\">\n<figure class=\"wp-block-image size-full\"><img loading=\"lazy\" width=\"1024\" height=\"513\" src=\"https:\/\/www.camping-la-garangeoire.com\/wp-content\/uploads\/2023\/03\/garangeoire.1-69.webp\" alt=\"\" class=\"wp-image-1724\" srcset=\"https:\/\/www.camping-la-garangeoire.com\/wp-content\/uploads\/2023\/03\/garangeoire.1-69.webp 1024w, https:\/\/www.camping-la-garangeoire.com\/wp-content\/uploads\/2023\/03\/garangeoire.1-69-300x150.webp 300w, https:\/\/www.camping-la-garangeoire.com\/wp-content\/uploads\/2023\/03\/garangeoire.1-69-768x385.webp 768w\" sizes=\"(max-width: 1024px) 100vw, 1024px\" \/><\/figure>\n\n\n\n<figure class=\"wp-block-image size-full\"><img loading=\"lazy\" width=\"900\" height=\"600\" src=\"https:\/\/www.camping-la-garangeoire.com\/wp-content\/uploads\/2024\/03\/Cani-parc.jpg\" alt=\"\" class=\"wp-image-10226\" srcset=\"https:\/\/www.camping-la-garangeoire.com\/wp-content\/uploads\/2024\/03\/Cani-parc.jpg 900w, https:\/\/www.camping-la-garangeoire.com\/wp-content\/uploads\/2024\/03\/Cani-parc-300x200.jpg 300w, https:\/\/www.camping-la-garangeoire.com\/wp-content\/uploads\/2024\/03\/Cani-parc-768x512.jpg 768w\" sizes=\"(max-width: 900px) 100vw, 900px\" \/><\/figure>\n<\/figure>\n<\/div>\n<\/div>\n\n\n\n<div class=\"wp-container-69e1461c92b23 wp-block-group G-10 a has-fond-background-color has-background\"><div class=\"wp-block-group__inner-container\">\n<div class=\"wp-block-columns\">\n<div class=\"wp-block-column encart has-blanc-background-color has-background\">\n<h3 class=\"h6\" id=\"fa-icon-icon-fas-fa-heart-pension-a-la-journee-pour-animaux-de-compagnie\"><i class=\"fas fa-heart\"><\/i>  <strong>Dag opvang hondenpension<\/strong><\/h3>\n\n\n\n<p>Wilt u het attractiepark <a rel=\"noreferrer noopener\" href=\"https:\/\/www.puydufou.com\/france\/fr\" target=\"_blank\">Puy du fou\u00a9<\/a> bezoeken of een dagje surfen? Bij deze hondenpensionen zorgen gekwalificeerde medewerkers ervoor dat uw huisdier dagelijks liefdevol en passend wordt verzorgd.<\/p>\n\n\n\n<p>\u25ee <a href=\"https:\/\/pensionnementcoex.fr\/\"><strong>PENSIONNEMENT COEX<\/strong><\/a> Katten- en Hondenpension in Co\u00eax ;&nbsp;<em>8 minuten rijden van de&nbsp;camping.<\/em><\/p>\n\n\n\n<p>\u25ee <a rel=\"noreferrer noopener\" href=\"https:\/\/www.hotel4pattes.fr\/\" target=\"_blank\"><strong>HOTEL 4 PATTES<\/strong><\/a> Hondenpension in Br\u00e9tignolles-sur-Mer ;&nbsp;<em>15 minuten rijden van de&nbsp;&nbsp;camping.<\/em><\/p>\n<\/div>\n\n\n\n<div class=\"wp-block-column\">\n<h3 class=\"has-vert-color has-text-color\" id=\"les-veterinaires-a-proximite\">Dierenartsen in de buurt<\/h3>\n\n\n\n<p>Veterinair advies of behandeling nodig?<\/p>\n\n\n\n<p><strong><strong>Onze receptiemedewerkers maken graag voor u een afspraak met de dierenarts van uw keuze. Neem gerust contact met hun op!<\/strong><\/strong><\/p>\n<\/div>\n<\/div>\n\n\n\n<div class=\"wp-block-columns\">\n<div class=\"wp-block-column\">\n<figure class=\"wp-block-gallery has-nested-images columns-4 is-cropped\">\n<figure class=\"wp-block-image size-large\"><img loading=\"lazy\" width=\"640\" height=\"427\" src=\"https:\/\/www.camping-la-garangeoire.com\/wp-content\/uploads\/2023\/03\/angel-luciano-LATYeZyw88c-unsplash.jpg\" alt=\"\" class=\"wp-image-1743\" srcset=\"https:\/\/www.camping-la-garangeoire.com\/wp-content\/uploads\/2023\/03\/angel-luciano-LATYeZyw88c-unsplash.jpg 640w, https:\/\/www.camping-la-garangeoire.com\/wp-content\/uploads\/2023\/03\/angel-luciano-LATYeZyw88c-unsplash-300x200.jpg 300w\" sizes=\"(max-width: 640px) 100vw, 640px\" \/><\/figure>\n\n\n\n<figure class=\"wp-block-image size-large\"><img loading=\"lazy\" width=\"640\" height=\"427\" src=\"https:\/\/www.camping-la-garangeoire.com\/wp-content\/uploads\/2023\/03\/pauline-loroy-U3aF7hgUSrk-unsplash.jpg\" alt=\"\" class=\"wp-image-1738\" srcset=\"https:\/\/www.camping-la-garangeoire.com\/wp-content\/uploads\/2023\/03\/pauline-loroy-U3aF7hgUSrk-unsplash.jpg 640w, https:\/\/www.camping-la-garangeoire.com\/wp-content\/uploads\/2023\/03\/pauline-loroy-U3aF7hgUSrk-unsplash-300x200.jpg 300w\" sizes=\"(max-width: 640px) 100vw, 640px\" \/><\/figure>\n\n\n\n<figure class=\"wp-block-image size-large\"><img loading=\"lazy\" width=\"640\" height=\"427\" src=\"https:\/\/www.camping-la-garangeoire.com\/wp-content\/uploads\/2023\/03\/karsten-winegeart-uy5l-VJ8dRM-unsplash.jpg\" alt=\"\" class=\"wp-image-1740\" srcset=\"https:\/\/www.camping-la-garangeoire.com\/wp-content\/uploads\/2023\/03\/karsten-winegeart-uy5l-VJ8dRM-unsplash.jpg 640w, https:\/\/www.camping-la-garangeoire.com\/wp-content\/uploads\/2023\/03\/karsten-winegeart-uy5l-VJ8dRM-unsplash-300x200.jpg 300w\" sizes=\"(max-width: 640px) 100vw, 640px\" \/><\/figure>\n\n\n\n<figure class=\"wp-block-image size-large\"><img loading=\"lazy\" width=\"768\" height=\"1024\" src=\"https:\/\/www.camping-la-garangeoire.com\/wp-content\/uploads\/2023\/03\/garangeoire.1-67-768x1024.webp\" alt=\"\" class=\"wp-image-1747\" srcset=\"https:\/\/www.camping-la-garangeoire.com\/wp-content\/uploads\/2023\/03\/garangeoire.1-67-768x1024.webp 768w, https:\/\/www.camping-la-garangeoire.com\/wp-content\/uploads\/2023\/03\/garangeoire.1-67-225x300.webp 225w, https:\/\/www.camping-la-garangeoire.com\/wp-content\/uploads\/2023\/03\/garangeoire.1-67.webp 1024w\" sizes=\"(max-width: 768px) 100vw, 768px\" \/><\/figure>\n<\/figure>\n\n\n\n<div class=\"wp-container-69e1461c92867 wp-block-group encart\"><div class=\"wp-block-group__inner-container\">\n<h3 class=\"h5 has-ocre-color has-text-color\" id=\"autres\"><strong>Meer informatie\u2026<\/strong><\/h3>\n\n\n\n<p class=\"h4 has-ocre-color has-text-color\">Laten we samen verantwoordelijk zijn voor onze huisdieren!&nbsp;<\/p>\n\n\n\n<p>Zorg tijdens uw verblijf voor goede relaties met de ander campingbezoekers en voor een huiselijke en schone toestand, zowel binnen als buiten onze infrastructuur.<\/p>\n\n\n\n<p>Om onaangename verrassingen (krassen, haren, mogelijke beschadiging) te vermijden en voor uw comfort en dat van uw huisdier, hebben wij op aanvraag lakens en dekens ter beschikking.&nbsp;<strong>Zo kan iedereen in alle rust van zijn vakantie kan genieten.&nbsp;<\/strong><\/p>\n<\/div><\/div>\n<\/div>\n\n\n\n<div class=\"wp-block-column\">\n<ul class=\"pictos col-1\"><li><i class=\"fal fa-house-chimney-medical\"><\/i>  Dierenkliniek <a rel=\"noreferrer noopener\" href=\"https:\/\/vetavi.business.site\/\" target=\"_blank\"><strong>VETAVI<\/strong><\/a> in Co\u00ebx; <em>9 min. rijden van de camping.<\/em><\/li><li><i class=\"fal fa-house-chimney-medical\"><\/i> Dierenkliniek <strong><a href=\"https:\/\/cabinet-vet-achards.edan.io\/\">VET&#8217;ACHARDS praktijk<\/a><\/strong> in La Mothe-Achard; <em>12 min. rijden van de camping<\/em>.<\/li><\/ul>\n<\/div>\n<\/div>\n<\/div><\/div>\n\n\n\n<h2 class=\"has-text-align-center h4\" id=\"toute-l-equipe-vous-souhaite-un-tres-bon-sejour-avec-vos-proches-et-animaux\">Het hele team wenst u een prettig verblijf met familie en huisdieren!<\/h2>\n","protected":false},"excerpt":{"rendered":"<p>Op vakantie gaan met je hond naar camping la Garangeoire betekent: 200 hectare natuur voor wandelingen in de buitenlucht De mogelijkheid om uw hond mee te nemen in de gemeenschappelijke ruimtes en in (bijna) alle accommodaties Schaduwrijke staanplaatsen voor het comfort van uw huisdier Kleine attenties die het verschil maken: welkomstpakket, verfrissing bij aankomst, lekkernijen [&hellip;]<\/p>\n","protected":false},"author":1,"featured_media":0,"parent":0,"menu_order":0,"comment_status":"closed","ping_status":"closed","template":"","meta":[],"acf":[],"_links":{"self":[{"href":"https:\/\/www.camping-la-garangeoire.com\/nl\/wp-json\/wp\/v2\/pages\/3654"}],"collection":[{"href":"https:\/\/www.camping-la-garangeoire.com\/nl\/wp-json\/wp\/v2\/pages"}],"about":[{"href":"https:\/\/www.camping-la-garangeoire.com\/nl\/wp-json\/wp\/v2\/types\/page"}],"author":[{"embeddable":true,"href":"https:\/\/www.camping-la-garangeoire.com\/nl\/wp-json\/wp\/v2\/users\/1"}],"replies":[{"embeddable":true,"href":"https:\/\/www.camping-la-garangeoire.com\/nl\/wp-json\/wp\/v2\/comments?post=3654"}],"version-history":[{"count":6,"href":"https:\/\/www.camping-la-garangeoire.com\/nl\/wp-json\/wp\/v2\/pages\/3654\/revisions"}],"predecessor-version":[{"id":14045,"href":"https:\/\/www.camping-la-garangeoire.com\/nl\/wp-json\/wp\/v2\/pages\/3654\/revisions\/14045"}],"wp:attachment":[{"href":"https:\/\/www.camping-la-garangeoire.com\/nl\/wp-json\/wp\/v2\/media?parent=3654"}],"curies":[{"name":"wp","href":"https:\/\/api.w.org\/{rel}","templated":true}]}}