{"id":3600,"date":"2023-05-26T10:45:34","date_gmt":"2023-05-26T08:45:34","guid":{"rendered":"https:\/\/www.camping-la-garangeoire.com\/locatie-de-velo\/"},"modified":"2026-05-11T11:51:24","modified_gmt":"2026-05-11T09:51:24","slug":"locatie-de-velo","status":"publish","type":"page","link":"https:\/\/www.camping-la-garangeoire.com\/nl\/locatie-de-velo\/","title":{"rendered":"Fietsen: Verhuur &#038; Diensten"},"content":{"rendered":"\n<div class=\"wp-block-cover\"><span aria-hidden=\"true\" class=\"wp-block-cover__gradient-background has-background-dim\"><\/span><img loading=\"lazy\" width=\"2048\" height=\"649\" class=\"wp-block-cover__image-background wp-image-7926\" alt=\"\" src=\"https:\/\/www.camping-la-garangeoire.com\/wp-content\/uploads\/2023\/11\/camping-garangeoire_velo-1.webp\" data-object-fit=\"cover\" srcset=\"https:\/\/www.camping-la-garangeoire.com\/wp-content\/uploads\/2023\/11\/camping-garangeoire_velo-1.webp 2048w, https:\/\/www.camping-la-garangeoire.com\/wp-content\/uploads\/2023\/11\/camping-garangeoire_velo-1-300x95.webp 300w, https:\/\/www.camping-la-garangeoire.com\/wp-content\/uploads\/2023\/11\/camping-garangeoire_velo-1-1024x325.webp 1024w, https:\/\/www.camping-la-garangeoire.com\/wp-content\/uploads\/2023\/11\/camping-garangeoire_velo-1-768x243.webp 768w, https:\/\/www.camping-la-garangeoire.com\/wp-content\/uploads\/2023\/11\/camping-garangeoire_velo-1-1536x487.webp 1536w\" sizes=\"(max-width: 2048px) 100vw, 2048px\" \/><div class=\"wp-block-cover__inner-container\">\n<h1 id=\"fietsen-verhuur-diensten\">Fietsen: Verhuur &amp; Diensten<\/h1>\n<\/div><\/div>\n\n\n\n<div class=\"wp-container-6a01d40d4f38f wp-block-group G-05\"><div class=\"wp-block-group__inner-container\">\n<div class=\"wp-block-columns\">\n<div class=\"wp-block-column\">\n<h2 class=\"h5 has-vert-color has-text-color\" id=\"tous-a-velo\">Welkom, fietsers!<\/h2>\n\n\n\n<p class=\"h3 has-vert-color has-text-color\">Ontdek de fietsroutes in de Vend\u00e9e!<\/p>\n\n\n\n<div class=\"wp-block-columns\">\n<div class=\"wp-block-column\">\n<figure class=\"wp-block-image size-full\"><img loading=\"lazy\" width=\"1499\" height=\"1000\" src=\"https:\/\/www.camping-la-garangeoire.com\/wp-content\/uploads\/2023\/11\/camping-garangeoire-cyclisme.webp\" alt=\"\" class=\"wp-image-7922\" srcset=\"https:\/\/www.camping-la-garangeoire.com\/wp-content\/uploads\/2023\/11\/camping-garangeoire-cyclisme.webp 1499w, https:\/\/www.camping-la-garangeoire.com\/wp-content\/uploads\/2023\/11\/camping-garangeoire-cyclisme-300x200.webp 300w, https:\/\/www.camping-la-garangeoire.com\/wp-content\/uploads\/2023\/11\/camping-garangeoire-cyclisme-1024x683.webp 1024w, https:\/\/www.camping-la-garangeoire.com\/wp-content\/uploads\/2023\/11\/camping-garangeoire-cyclisme-768x512.webp 768w\" sizes=\"(max-width: 1499px) 100vw, 1499px\" \/><\/figure>\n<\/div>\n\n\n\n<div class=\"wp-block-column\">\n<blockquote class=\"wp-block-quote is-style-default\"><p>Door te kiezen voor La Garangeoire geniet u van een ideale omgeving voor uw fietsvakantie: geschikte faciliteiten, persoonlijke service en een regio die perfect is voor ontdekking per fiets. Of u nu op zoek bent naar rust op landelijke wegen of avontuur op paden, ons 200-hectare grote terrein belooft een uitzonderlijke fietsbeleving&#8230;<\/p><\/blockquote>\n\n\n\n<p class=\"h6 has-vert-color has-text-color\"><i class=\"fas fa-bicycle\"><\/i>  Fietsverhuur op vakantie<\/p>\n\n\n\n<p>Wij hebben alles wat u nodig heeft! Een kinderfiets met zijwieltjes,&nbsp;een fiets om over de camping te fietsen of juist een mountainbike om de steile wegen en paden van het meer Lac du Jaunay aan te pakken. La Garangeoire heeft<strong>&nbsp;120 fietsen en mountainbikes te huur,&nbsp;<\/strong>allemaal in perfecte staat.<\/p>\n<\/div>\n<\/div>\n<\/div>\n\n\n\n<div class=\"wp-block-column\">\n<figure class=\"wp-block-image size-full\"><img loading=\"lazy\" width=\"1500\" height=\"1000\" src=\"https:\/\/www.camping-la-garangeoire.com\/wp-content\/uploads\/2023\/11\/camping-garangeoire_velo.webp\" alt=\"\" class=\"wp-image-7918\" srcset=\"https:\/\/www.camping-la-garangeoire.com\/wp-content\/uploads\/2023\/11\/camping-garangeoire_velo.webp 1500w, https:\/\/www.camping-la-garangeoire.com\/wp-content\/uploads\/2023\/11\/camping-garangeoire_velo-300x200.webp 300w, https:\/\/www.camping-la-garangeoire.com\/wp-content\/uploads\/2023\/11\/camping-garangeoire_velo-1024x683.webp 1024w, https:\/\/www.camping-la-garangeoire.com\/wp-content\/uploads\/2023\/11\/camping-garangeoire_velo-768x512.webp 768w\" sizes=\"(max-width: 1500px) 100vw, 1500px\" \/><\/figure>\n<\/div>\n<\/div>\n\n\n\n<div class=\"wp-block-columns\">\n<div class=\"wp-block-column\">\n<h3 class=\"h4 has-ocre-color has-text-color\" id=\"tarifs\">Prijzen (Bekijk hier alle tarieven)<\/h3>\n\n\n\n<p><strong><strong>Loopfietsen<\/strong>:<br><\/strong>1 dag : \u20ac6\u20134 dagen : \u20ac18 \u2013 1 week : \u20ac25<\/p>\n\n\n\n<p><strong>Fietsen :<\/strong><br>1 dag: \u20ac18 &#8211; 4 dagen: \u20ac54 &#8211; 1 week: \u20ac70<br>afhankelijk van het gekozen model.<\/p>\n\n\n\n<p><strong><strong>Luxe fietsen\u00a0en Mountainbikes<\/strong>:<\/strong><br>1 dag: \u20ac 24 tot \u20ac 34 &#8211; 4 dagen: \u20ac 72 tot \u20ac 102 &#8211; 1 week: \u20ac 90 tot \u20ac 140<br>afhankelijk van het gekozen model  <\/p>\n\n\n\n<p><strong>Fietsen kinderen:<br><\/strong>1 dag : \u20ac12 tot \u20ac17 \u20134 dagen : \u20ac36 tot \u20ac51 \u2013 1 week : \u20ac50 tot \u20ac70<\/p>\n\n\n\n<p><strong><strong>Kinderzitjes<\/strong> <\/strong>zijn beschikbaar bij het huren van een fiets.<br>1 dag: \u20ac7 &#8211; 4 dagen: \u20ac18 &#8211; 1 week: \u20ac24<\/p>\n\n\n\n<p><strong><strong>Kidcar<\/strong>:<\/strong><br>veilige\u00a0trailer voor 1\u00a0of 2 kinderen<br>1 dag: \u20ac12 &#8211; 4 dagen: \u20ac30 &#8211; 1 week: \u20ac40<\/p>\n\n\n\n<p><strong>Nieuw <\/strong>: <strong>elektrische fietsen<\/strong><br>1\/2 dag: 24\u20ac &#8211; 1 dag: \u20ac44 &#8211; 4 dagen: \u20ac120 &#8211; 1 week: \u20ac190<\/p>\n<\/div>\n\n\n\n<div class=\"wp-block-column\">\n<figure class=\"wp-block-image size-full\"><img loading=\"lazy\" width=\"1024\" height=\"595\" src=\"https:\/\/www.camping-la-garangeoire.com\/wp-content\/uploads\/2023\/03\/garangeoire-2017-0065.webp\" alt=\"\" class=\"wp-image-2203\" srcset=\"https:\/\/www.camping-la-garangeoire.com\/wp-content\/uploads\/2023\/03\/garangeoire-2017-0065.webp 1024w, https:\/\/www.camping-la-garangeoire.com\/wp-content\/uploads\/2023\/03\/garangeoire-2017-0065-300x174.webp 300w, https:\/\/www.camping-la-garangeoire.com\/wp-content\/uploads\/2023\/03\/garangeoire-2017-0065-768x446.webp 768w\" sizes=\"(max-width: 1024px) 100vw, 1024px\" \/><\/figure>\n\n\n\n<div class=\"wp-container-6a01d40d4f057 wp-block-group encart\"><div class=\"wp-block-group__inner-container\">\n<p class=\"h5 has-rouge-color has-text-color\">Vend\u00e9e per fiets<\/p>\n\n\n\n<p class=\"h4 has-rouge-color has-text-color\">Ontdek de regio per fiets met uw gezin of vrienden<\/p>\n\n\n\n<p>De Vendee is ideaal voor fietstochten en telt 1886 kilometer aan fietspaden op een licht glooiend landschap. Er is geenbetere manier om de verborgen plekjes van de Vendee te ontdekken!<\/p>\n\n\n\n<p>Veel excursies en wandelingen zijn verkrijgbaar bij de camping. Onze fietstechnicus kan u adviseren over uw uitstapjes.&nbsp;<\/p>\n\n\n\n<p><strong>Mountainbiketochten, voor verschillende niveaus, worden regelmatig georganiseerd rond de camping<\/strong>.<\/p>\n<\/div><\/div>\n<\/div>\n<\/div>\n<\/div><\/div>\n\n\n\n<div class=\"wp-block-columns\">\n<div class=\"wp-block-column\">\n<h3 id=\"block-26ae812a-c176-4f0a-94de-162f681764e7\"><i class=\"fas fa-bicycle\"><\/i> Accueil V\u00e9lo<\/h3>\n\n\n\n<h4 id=\"diensten-speciaal-voor-fietstoeristen\">Diensten speciaal voor fietstoeristen<\/h4>\n\n\n\n<p id=\"block-f7ed279a-5f09-401c-b95f-6150e6365195\">La Garangeoire is trots een <em><strong><a href=\"https:\/\/nl.francevelotourisme.com\/accueil-velo\" data-type=\"URL\" data-id=\"https:\/\/nl.francevelotourisme.com\/accueil-velo\">Accueil V\u00e9lo<\/a><\/strong><\/em>-gecertificeerd bedrijf te zijn, wat garant staat voor een kwaliteitsvolle ontvangst en diensten voor fietsers tijdens hun verblijf. Dit nationale label garandeert comfort, veiligheid en speciaal voor fietsers ontworpen services.<\/p>\n\n\n\n<h5 id=\"onze-diensten\"><strong>Onze diensten:<\/strong><\/h5>\n\n\n\n<p><strong>Ideale locatie:<\/strong> Of u nu met familie of vrienden bent, maak mooie ritten rondom het Lac du Jaunay via het fietspad Vend\u00e9e V\u00e9lo, dat op slechts 2 km van de camping ligt, met toegang via de departementale weg. Het beroemde V\u00e9lodyss\u00e9e fietspad ligt op ongeveer 10 km afstand.<\/p>\n\n\n\n<p><strong>Persoonlijke ontvangst:<\/strong> Informatie, advies en aanbevelingen voor uw routes en bezienswaardigheden.<\/p>\n\n\n\n<p><strong>Geschikte faciliteiten:<\/strong> Een beveiligd gebied voor uw fietsen en een reparatieset beschikbaar.<\/p>\n\n\n\n<p><strong>Praktische diensten:<\/strong> Maaltijden ter plaatse, was- en droogservice voor kleding, en organisatie van bagagevervoer.<\/p>\n\n\n\n<p><strong>Na een lange fietstocht\u2026 is de laatste moeite vaak het opzetten van de tent\u2026<\/strong><\/p>\n\n\n\n<p><strong>Onze oplossing: de Staanplaats <a rel=\"noreferrer noopener\" href=\"https:\/\/www.camping-la-garangeoire.com\/nl\/emplacements\/bivakplaats\/\" target=\"_blank\">Biv<\/a><a rel=\"noreferrer noopener\" href=\"https:\/\/www.camping-la-garangeoire.com\/nl\/emplacements\/bivakplaats\/\" target=\"_blank\">a<\/a><a href=\"https:\/\/www.camping-la-garangeoire.com\/nl\/emplacements\/bivakplaats\/\" target=\"_blank\" rel=\"noreferrer noopener\">k<\/a>!<\/strong><\/p>\n\n\n\n<p>Op palen gebouwd, biedt deze houten en canvas cabin een comfortabele ruimte voor 1 of 2 personen, met een luchtbed, een 16 Amp aansluiting, en alles wat u nodig heeft voor een rustige nacht.<br>Buiten vindt u een picknicktafel, bankjes en een afgesloten schuur om uw fietsen of motoren veilig op te bergen.<\/p>\n\n\n\n<p><strong>Voor een comfortabele tussenstop<\/strong><\/p>\n\n\n\n<p>Wij bieden overnachtingen aan, zelfs in het hoogseizoen, voor fietstoeristen of reizigers die slechts tijdelijk verblijven.<\/p>\n\n\n\n<h5 id=\"block-350c8f2e-4634-4271-b887-539b722ce70c\"><strong>Speciale aanbieding voor fietstoeristen:<\/strong><\/h5>\n\n\n\n<p id=\"block-350c8f2e-4634-4271-b887-539b722ce70c\">Onze staanplaatsen met elektriciteit worden aangeboden tegen de prijs van een standaard staanplaats voor degenen die hun eigen uitrusting meenemen, voor een economische en aangename ervaring.<\/p>\n\n\n\n<div class=\"wp-container-6a01d40d4f800 wp-block-buttons\">\n<div class=\"wp-block-button\"><a class=\"wp-block-button__link\" href=\"https:\/\/www.calameo.com\/read\/0015241554663de16c7b5\" target=\"_blank\" rel=\"noreferrer noopener\">Download de toeristische kaart van het Pays des Achards en het Lac du Jaunay<\/a><\/div>\n<\/div>\n<\/div>\n\n\n\n<div class=\"wp-block-column\">\n<div class=\"wp-container-6a01d40d4fb5e wp-block-group\"><div class=\"wp-block-group__inner-container\">\n<div class=\"wp-block-image\"><figure class=\"aligncenter size-medium\"><img loading=\"lazy\" width=\"225\" height=\"300\" src=\"https:\/\/www.camping-la-garangeoire.com\/wp-content\/uploads\/2024\/11\/ACCUEIL-VELO_LOGO_CMJN-225x300.jpg\" alt=\"\" class=\"wp-image-11192\" srcset=\"https:\/\/www.camping-la-garangeoire.com\/wp-content\/uploads\/2024\/11\/ACCUEIL-VELO_LOGO_CMJN-225x300.jpg 225w, https:\/\/www.camping-la-garangeoire.com\/wp-content\/uploads\/2024\/11\/ACCUEIL-VELO_LOGO_CMJN.jpg 709w\" sizes=\"(max-width: 225px) 100vw, 225px\" \/><\/figure><\/div>\n\n\n\n<figure class=\"wp-block-image size-full\"><img loading=\"lazy\" width=\"1200\" height=\"800\" src=\"https:\/\/www.camping-la-garangeoire.com\/wp-content\/uploads\/2023\/04\/bivouac-1.jpg\" alt=\"\" class=\"wp-image-3283\" srcset=\"https:\/\/www.camping-la-garangeoire.com\/wp-content\/uploads\/2023\/04\/bivouac-1.jpg 1200w, https:\/\/www.camping-la-garangeoire.com\/wp-content\/uploads\/2023\/04\/bivouac-1-300x200.jpg 300w, https:\/\/www.camping-la-garangeoire.com\/wp-content\/uploads\/2023\/04\/bivouac-1-1024x683.jpg 1024w, https:\/\/www.camping-la-garangeoire.com\/wp-content\/uploads\/2023\/04\/bivouac-1-768x512.jpg 768w\" sizes=\"(max-width: 1200px) 100vw, 1200px\" \/><\/figure>\n\n\n\n<figure class=\"wp-block-image size-large\"><img loading=\"lazy\" width=\"1024\" height=\"768\" src=\"https:\/\/www.camping-la-garangeoire.com\/wp-content\/uploads\/2024\/11\/Cyclotouristes-1024x768.jpg\" alt=\"\" class=\"wp-image-11405\" srcset=\"https:\/\/www.camping-la-garangeoire.com\/wp-content\/uploads\/2024\/11\/Cyclotouristes-1024x768.jpg 1024w, https:\/\/www.camping-la-garangeoire.com\/wp-content\/uploads\/2024\/11\/Cyclotouristes-300x225.jpg 300w, https:\/\/www.camping-la-garangeoire.com\/wp-content\/uploads\/2024\/11\/Cyclotouristes-768x576.jpg 768w, https:\/\/www.camping-la-garangeoire.com\/wp-content\/uploads\/2024\/11\/Cyclotouristes-1536x1152.jpg 1536w, https:\/\/www.camping-la-garangeoire.com\/wp-content\/uploads\/2024\/11\/Cyclotouristes-2048x1536.jpg 2048w\" sizes=\"(max-width: 1024px) 100vw, 1024px\" \/><\/figure>\n<\/div><\/div>\n<\/div>\n<\/div>\n\n\n\n<figure class=\"wp-block-image size-full is-resized\"><img loading=\"lazy\" src=\"https:\/\/www.camping-la-garangeoire.com\/wp-content\/uploads\/2024\/05\/Acces-au-lac-du-Jaunay.png\" alt=\"\" class=\"wp-image-10505\" width=\"1192\" height=\"804\" srcset=\"https:\/\/www.camping-la-garangeoire.com\/wp-content\/uploads\/2024\/05\/Acces-au-lac-du-Jaunay.png 1948w, https:\/\/www.camping-la-garangeoire.com\/wp-content\/uploads\/2024\/05\/Acces-au-lac-du-Jaunay-300x203.png 300w, https:\/\/www.camping-la-garangeoire.com\/wp-content\/uploads\/2024\/05\/Acces-au-lac-du-Jaunay-1024x691.png 1024w, https:\/\/www.camping-la-garangeoire.com\/wp-content\/uploads\/2024\/05\/Acces-au-lac-du-Jaunay-768x518.png 768w, https:\/\/www.camping-la-garangeoire.com\/wp-content\/uploads\/2024\/05\/Acces-au-lac-du-Jaunay-1536x1037.png 1536w\" sizes=\"(max-width: 1192px) 100vw, 1192px\" \/><\/figure>\n","protected":false},"excerpt":{"rendered":"<p>Welkom, fietsers! Ontdek de fietsroutes in de Vend\u00e9e! Door te kiezen voor La Garangeoire geniet u van een ideale omgeving voor uw fietsvakantie: geschikte faciliteiten, persoonlijke service en een regio die perfect is voor ontdekking per fiets. Of u nu op zoek bent naar rust op landelijke wegen of avontuur op paden, ons 200-hectare grote [&hellip;]<\/p>\n","protected":false},"author":1,"featured_media":0,"parent":0,"menu_order":0,"comment_status":"closed","ping_status":"closed","template":"","meta":[],"acf":[],"_links":{"self":[{"href":"https:\/\/www.camping-la-garangeoire.com\/nl\/wp-json\/wp\/v2\/pages\/3600"}],"collection":[{"href":"https:\/\/www.camping-la-garangeoire.com\/nl\/wp-json\/wp\/v2\/pages"}],"about":[{"href":"https:\/\/www.camping-la-garangeoire.com\/nl\/wp-json\/wp\/v2\/types\/page"}],"author":[{"embeddable":true,"href":"https:\/\/www.camping-la-garangeoire.com\/nl\/wp-json\/wp\/v2\/users\/1"}],"replies":[{"embeddable":true,"href":"https:\/\/www.camping-la-garangeoire.com\/nl\/wp-json\/wp\/v2\/comments?post=3600"}],"version-history":[{"count":6,"href":"https:\/\/www.camping-la-garangeoire.com\/nl\/wp-json\/wp\/v2\/pages\/3600\/revisions"}],"predecessor-version":[{"id":14333,"href":"https:\/\/www.camping-la-garangeoire.com\/nl\/wp-json\/wp\/v2\/pages\/3600\/revisions\/14333"}],"wp:attachment":[{"href":"https:\/\/www.camping-la-garangeoire.com\/nl\/wp-json\/wp\/v2\/media?parent=3600"}],"curies":[{"name":"wp","href":"https:\/\/api.w.org\/{rel}","templated":true}]}}