{"id":6267,"date":"2023-08-04T16:16:47","date_gmt":"2023-08-04T14:16:47","guid":{"rendered":"https:\/\/www.camping-la-garangeoire.com\/cashless\/"},"modified":"2026-02-20T08:57:00","modified_gmt":"2026-02-20T07:57:00","slug":"cashless","status":"publish","type":"page","link":"https:\/\/www.camping-la-garangeoire.com\/en\/cashless\/","title":{"rendered":"Cashless"},"content":{"rendered":"\n<div class=\"wp-block-cover is-light\"><span aria-hidden=\"true\" class=\"wp-block-cover__gradient-background has-background-dim\"><\/span><img loading=\"lazy\" width=\"2048\" height=\"649\" class=\"wp-block-cover__image-background wp-image-7067\" alt=\"\" src=\"https:\/\/www.camping-la-garangeoire.com\/wp-content\/uploads\/2023\/10\/garangeoire-camping-cashless.webp\" style=\"object-position:56% 50%\" data-object-fit=\"cover\" data-object-position=\"56% 50%\" srcset=\"https:\/\/www.camping-la-garangeoire.com\/wp-content\/uploads\/2023\/10\/garangeoire-camping-cashless.webp 2048w, https:\/\/www.camping-la-garangeoire.com\/wp-content\/uploads\/2023\/10\/garangeoire-camping-cashless-300x95.webp 300w, https:\/\/www.camping-la-garangeoire.com\/wp-content\/uploads\/2023\/10\/garangeoire-camping-cashless-1024x325.webp 1024w, https:\/\/www.camping-la-garangeoire.com\/wp-content\/uploads\/2023\/10\/garangeoire-camping-cashless-768x243.webp 768w, https:\/\/www.camping-la-garangeoire.com\/wp-content\/uploads\/2023\/10\/garangeoire-camping-cashless-1536x487.webp 1536w\" sizes=\"(max-width: 2048px) 100vw, 2048px\" \/><div class=\"wp-block-cover__inner-container\">\n<h1 id=\"cashless\">Cashless<\/h1>\n<\/div><\/div>\n\n\n\n<div class=\"wp-block-columns G-15\">\n<div class=\"wp-block-column\">\n<p>A completely cashless way to pay, the G-Smart Cashless Wristband will simplify your stay! <\/p>\n\n\n\n<p>The bracelet is also an identity bracelet, which makes your life easier by allowing you to pay for all your purchases without having to carry your wallet. Enjoy the freedom!<\/p>\n\n\n\n<h5 id=\"and-in-practical-terms\">And in practical terms:<\/h5>\n\n\n\n<p>Upon arrival, our receptionists will hand you the bracelet, which you need to credit with the amount you choose. This can be credited directly at the reception desk (in exchange for cash or credit card).<br>Once you have the bracelet, it is essential to create a cashless account. You can then recharge your bracelet using your smartphone or tablet.<\/p>\n\n\n\n<p><br><strong>As for children, how does it work?<\/strong> The bracelets of your children can be credited by you, allowing them to manage their pocket money themselves! You choose the amount to be credited to their bracelet so they learn to become independent.<br>During your stay, you can monitor each family member\u2019s spending in real time.<br>The bracelet can be recharged as many times as you want. Once charged, you can simply use and pay with your bracelet in all our services!<\/p>\n\n\n\n<p><strong>Is the Cashless bracelet the only mean of payment accepted on site? <\/strong>No, you can also pay with bank cards (Mastercard and Visa).<\/p>\n\n\n\n<p><strong>How do I recover my bracelet balance at the end of my stay?<\/strong> At the end of your stay, you can recover your bracelet balance only by bank transfer from your Cashless account (request must be made before <strong>30 September<\/strong>) : <a href=\"https:\/\/lagarangeoire.cashless.fr\/\">Easytransac > Connexion<\/a><\/p>\n\n\n\n<p><strong><strong>Please note: no cash refunds will be issued.<\/strong><br>To help us process your request more efficiently, <strong>we kindly ask you to merge any remaining balances onto a single bracelet<\/strong>, so that only one refund transaction is required.<\/strong> <strong>Balances under \u20ac5 are not refundable. <\/strong>Why not enjoy them by savouring one last ice cream, picking up a small souvenir, or treating yourself to a final little pleasure before departure? If you choose not to use them, these few euros will be donated to <strong>Action Enfance<\/strong>, a foundation that is especially close to our hearts. It\u2019s up to you to choose the way that feels right for you to bring your stay to a close!<\/p>\n\n\n\n<p><strong>But it is also your passport to a hassle-free holiday:<\/strong><\/p>\n\n\n\n<p>\u2022 <strong>Unlimited access<\/strong> to all activities: swimming pools, entertainment, fishing, and the kids\u2019 club. Wearing it is essential to fully enjoy everything the campsite has to offer.<br>\u2022 <strong>A secure campsite<\/strong>: It helps us ensure that only our guests enjoy the domain and allows us to distinguish adults from minors.<br>\u2022 <strong>Exclusive discounts<\/strong> at our partner attractions when showing your wristband: Le Grand D\u00e9fi, Ch\u00e2teau des Aventuriers, La Route du Sel, and Aquarium de Vend\u00e9e.<\/p>\n\n\n\n<p id=\"to-be-known-the-campsite-is-equipped-with-card-payment-terminals-for-all-services-and-no-longer-accepts-cash-except-for-payments-linked-to-your-stay-however-bring-a-few-coins-if-you-want-to-play-pinball-billiards-or-arcade-games-which-are-still-equipped-with-coin-operated-machines\"><strong>To be known : The campsite is equipped with card payment terminals for all services and no longer accepts cash, except for payments linked to your stay. However, bring a few coins if you want to play pinball, billiards, or arcade games, which are still equipped with coin-operated machines.<\/strong><\/p>\n\n\n\n<p>DO NOT HESITATE TO CONTACT THE RECEPTION IF YOU HAVE ANY QUESTIONS.<\/p>\n\n\n\n<ul class=\"pictos col-2 has-ocre-color has-text-color\"><li><i class=\"fal fa-watch-fitness\"><\/i> No need to carry cash and your wallet<\/li><li><i class=\"far fa-stopwatch\"><\/i> Fast throughput at the checkouts which reduces queues<\/li><li><i class=\"fas fa-mobile-alt\"><\/i> Rechargeable at any time on your smartphone or tablet<\/li><li><i class=\"fal fa-hand-holding-usd\"><\/i> Easily reclaim your balance at the end of your stay<\/li><\/ul>\n<\/div>\n\n\n\n<div class=\"wp-block-column\">\n<figure class=\"wp-block-gallery has-nested-images columns-default is-cropped\">\n<figure class=\"wp-block-image size-full\"><img loading=\"lazy\" width=\"1491\" height=\"994\" src=\"https:\/\/www.camping-la-garangeoire.com\/wp-content\/uploads\/2023\/11\/camping-garangeoire_gsmart.webp\" alt=\"\" class=\"wp-image-7798\" srcset=\"https:\/\/www.camping-la-garangeoire.com\/wp-content\/uploads\/2023\/11\/camping-garangeoire_gsmart.webp 1491w, https:\/\/www.camping-la-garangeoire.com\/wp-content\/uploads\/2023\/11\/camping-garangeoire_gsmart-300x200.webp 300w, https:\/\/www.camping-la-garangeoire.com\/wp-content\/uploads\/2023\/11\/camping-garangeoire_gsmart-1024x683.webp 1024w, https:\/\/www.camping-la-garangeoire.com\/wp-content\/uploads\/2023\/11\/camping-garangeoire_gsmart-768x512.webp 768w\" sizes=\"(max-width: 1491px) 100vw, 1491px\" \/><\/figure>\n\n\n\n<figure class=\"wp-block-image size-full\"><img loading=\"lazy\" width=\"1491\" height=\"994\" src=\"https:\/\/www.camping-la-garangeoire.com\/wp-content\/uploads\/2023\/11\/camping-garangeoire_cashless.webp\" alt=\"\" class=\"wp-image-7802\" srcset=\"https:\/\/www.camping-la-garangeoire.com\/wp-content\/uploads\/2023\/11\/camping-garangeoire_cashless.webp 1491w, https:\/\/www.camping-la-garangeoire.com\/wp-content\/uploads\/2023\/11\/camping-garangeoire_cashless-300x200.webp 300w, https:\/\/www.camping-la-garangeoire.com\/wp-content\/uploads\/2023\/11\/camping-garangeoire_cashless-1024x683.webp 1024w, https:\/\/www.camping-la-garangeoire.com\/wp-content\/uploads\/2023\/11\/camping-garangeoire_cashless-768x512.webp 768w\" sizes=\"(max-width: 1491px) 100vw, 1491px\" \/><\/figure>\n<\/figure>\n\n\n\n<h4 id=\"the-new-payment-method-that-will-make-your-stay-easier\">THE NEW PAYMENT METHOD THAT WILL MAKE YOUR STAY EASIER!<\/h4>\n<\/div>\n<\/div>\n","protected":false},"excerpt":{"rendered":"<p>A completely cashless way to pay, the G-Smart Cashless Wristband will simplify your stay! The bracelet is also an identity bracelet, which makes your life easier by allowing you to pay for all your purchases without having to carry your wallet. Enjoy the freedom! And in practical terms: Upon arrival, our receptionists will hand you [&hellip;]<\/p>\n","protected":false},"author":2,"featured_media":0,"parent":0,"menu_order":0,"comment_status":"closed","ping_status":"closed","template":"","meta":[],"acf":[],"_links":{"self":[{"href":"https:\/\/www.camping-la-garangeoire.com\/en\/wp-json\/wp\/v2\/pages\/6267"}],"collection":[{"href":"https:\/\/www.camping-la-garangeoire.com\/en\/wp-json\/wp\/v2\/pages"}],"about":[{"href":"https:\/\/www.camping-la-garangeoire.com\/en\/wp-json\/wp\/v2\/types\/page"}],"author":[{"embeddable":true,"href":"https:\/\/www.camping-la-garangeoire.com\/en\/wp-json\/wp\/v2\/users\/2"}],"replies":[{"embeddable":true,"href":"https:\/\/www.camping-la-garangeoire.com\/en\/wp-json\/wp\/v2\/comments?post=6267"}],"version-history":[{"count":6,"href":"https:\/\/www.camping-la-garangeoire.com\/en\/wp-json\/wp\/v2\/pages\/6267\/revisions"}],"predecessor-version":[{"id":13980,"href":"https:\/\/www.camping-la-garangeoire.com\/en\/wp-json\/wp\/v2\/pages\/6267\/revisions\/13980"}],"wp:attachment":[{"href":"https:\/\/www.camping-la-garangeoire.com\/en\/wp-json\/wp\/v2\/media?parent=6267"}],"curies":[{"name":"wp","href":"https:\/\/api.w.org\/{rel}","templated":true}]}}