{"id":4397,"date":"2023-12-21T09:47:36","date_gmt":"2023-12-21T08:47:36","guid":{"rendered":"https:\/\/www.camping-la-garangeoire.com\/?page_id=4397"},"modified":"2023-12-21T09:47:38","modified_gmt":"2023-12-21T08:47:38","slug":"cycle-in-vendee","status":"publish","type":"page","link":"https:\/\/www.camping-la-garangeoire.com\/en\/cycle-in-vendee\/","title":{"rendered":"Cycle in Vend\u00e9e"},"content":{"rendered":"\n<div class=\"wp-block-cover is-light\"><span aria-hidden=\"true\" class=\"wp-block-cover__gradient-background has-background-dim\"><\/span><img loading=\"lazy\" width=\"1280\" height=\"853\" class=\"wp-block-cover__image-background wp-image-4379\" alt=\"Cycle in Vend\u00e9e during holidays\" src=\"https:\/\/www.camping-la-garangeoire.com\/wp-content\/uploads\/2023\/05\/plage-vendee.jpg\" style=\"object-position:17% 82%\" data-object-fit=\"cover\" data-object-position=\"17% 82%\" srcset=\"https:\/\/www.camping-la-garangeoire.com\/wp-content\/uploads\/2023\/05\/plage-vendee.jpg 1280w, https:\/\/www.camping-la-garangeoire.com\/wp-content\/uploads\/2023\/05\/plage-vendee-300x200.jpg 300w, https:\/\/www.camping-la-garangeoire.com\/wp-content\/uploads\/2023\/05\/plage-vendee-1024x682.jpg 1024w, https:\/\/www.camping-la-garangeoire.com\/wp-content\/uploads\/2023\/05\/plage-vendee-768x512.jpg 768w\" sizes=\"(max-width: 1280px) 100vw, 1280px\" \/><div class=\"wp-block-cover__inner-container\">\n<div class=\"wp-block-columns are-vertically-aligned-bottom\">\n<div class=\"wp-block-column is-vertically-aligned-bottom\" style=\"flex-basis:64%\">\n<h1 id=\"cycle-in-vendee-during-your-holidays\">Cycle in Vend\u00e9e during your holidays<\/h1>\n<\/div>\n\n\n\n<div class=\"wp-block-column is-vertically-aligned-bottom\"><ctv-searchbar><\/ctv-searchbar>\n<\/div>\n<\/div>\n<\/div><\/div>\n\n\n\n<p>Make the most of your <strong>camping holiday in Vend\u00e9e<\/strong> and discover the whole region by bike! Vend\u00e9e has breath-taking landscapes and over 1.100 miles of cycle paths, the perfect combination for adventurous holiday-makers. Rent a bike at the <a href=\"https:\/\/www.camping-la-garangeoire.com\/en\/\">five-star campsite La Garangeoire<\/a> and explore Vend\u00e9e!<\/p>\n\n\n\n<h2 class=\"h3 has-rouge-color has-text-color\" id=\"major-cycling-paths-in-vendee\"><strong>Major cycling paths in Vend\u00e9e<\/strong><\/h2>\n\n\n\n<p class=\"has-text-align-left\">Vend\u00e9e has many cycle paths, which will please both sporty tourists seeking new challenges and people looking for a more peaceful activity. In either case, you will wind between <strong>salt marshes<\/strong> and <strong>verdurous forests<\/strong> while following the <strong>Atlantic coast of France<\/strong> and its lovely beaches.<\/p>\n\n\n\n<div class=\"wp-block-columns are-vertically-aligned-center\">\n<div class=\"wp-block-column is-vertically-aligned-center\">\n<h3 id=\"voie-verte-vendee-s-walking-and-cycling-path\"><strong>Voie&nbsp;verte:&nbsp;Vend\u00e9e\u2019s walking and cycling path<\/strong><\/h3>\n\n\n\n<p>The <strong>Voie&nbsp;verte<\/strong>, a&nbsp;75-mile-long&nbsp;walking and cycling path, is perfect to <strong>visit Vend\u00e9e on foot or by bike<\/strong>. It will let you explore Vend\u00e9e\u2019s typical landscapes -forests, marshes, vineyards and charming villages. It connects different villages such as <strong>Les&nbsp;Sables&nbsp;d\u2019Olonne<\/strong>, <strong>Saint&nbsp;Gilles&nbsp;Croix&nbsp;de&nbsp;vie<\/strong>, <strong>Saint&nbsp;Jean&nbsp;de&nbsp;Monts<\/strong> and <strong>Challans<\/strong>.<\/p>\n\n\n\n<p>Be aware that on some sections, other vehicles are permitted. These sections are mainly small roads or paths used by farmers and are usually very quiet. However, you will have to be careful since other vehicles can sometimes use the Voie&nbsp;verte.<\/p>\n<\/div>\n\n\n\n<div class=\"wp-block-column is-vertically-aligned-center\">\n<figure class=\"wp-block-image size-full\"><img loading=\"lazy\" width=\"600\" height=\"398\" src=\"https:\/\/www.camping-la-garangeoire.com\/wp-content\/uploads\/2023\/05\/woman-and-bicycle-vendee.jpg\" alt=\"cycling in vend\u00e9e\" class=\"wp-image-4389\" srcset=\"https:\/\/www.camping-la-garangeoire.com\/wp-content\/uploads\/2023\/05\/woman-and-bicycle-vendee.jpg 600w, https:\/\/www.camping-la-garangeoire.com\/wp-content\/uploads\/2023\/05\/woman-and-bicycle-vendee-300x199.jpg 300w\" sizes=\"(max-width: 600px) 100vw, 600px\" \/><\/figure>\n<\/div>\n<\/div>\n\n\n\n<div class=\"wp-block-columns are-vertically-aligned-center\">\n<div class=\"wp-block-column is-vertically-aligned-center\">\n<figure class=\"wp-block-image size-full\"><img loading=\"lazy\" width=\"600\" height=\"397\" src=\"https:\/\/www.camping-la-garangeoire.com\/wp-content\/uploads\/2023\/05\/velo-plage-vendee.jpg\" alt=\"V\u00e9lodys\u00e9e in vend\u00e9e atlantic coast of france\" class=\"wp-image-4406\" srcset=\"https:\/\/www.camping-la-garangeoire.com\/wp-content\/uploads\/2023\/05\/velo-plage-vendee.jpg 600w, https:\/\/www.camping-la-garangeoire.com\/wp-content\/uploads\/2023\/05\/velo-plage-vendee-300x199.jpg 300w\" sizes=\"(max-width: 600px) 100vw, 600px\" \/><\/figure>\n<\/div>\n\n\n\n<div class=\"wp-block-column is-vertically-aligned-center\">\n<h3 id=\"velodyssee-130-miles-of-cycle-paths-following-the-coast\"><strong>V\u00e9lodyss\u00e9e:&nbsp;130&nbsp;miles of cycle paths following the coast<\/strong><\/h3>\n\n\n\n<p>You can also take the section of <strong>V\u00e9lodyss\u00e9e that is crossing Vend\u00e9e<\/strong>. Take this cycle path to admire mind-blowing coastal landscapes as it follows all the Atlantic coast from Roscoff in Brittany to Hendaye in the Pays Basque. It is also possible to travel between Bretignolles-sur-Mer and Les Sables d\u2019Olonne using V\u00e9lodyss\u00e9e.<\/p>\n<\/div>\n<\/div>\n\n\n\n<h2 class=\"has-text-align-center h3 has-rouge-color has-text-color\" id=\"cycle-tours-near-the-campsite-la-garangeoire-in-vendee\"><strong>Cycle tours near the campsite La Garangeoire in Vend\u00e9e<\/strong><\/h2>\n\n\n\n<p class=\"has-text-align-center\">Let\u2019s discover the cycle tours you can enjoy from our <strong>campsite located in Vend\u00e9e<\/strong>.<\/p>\n\n\n\n<div class=\"wp-block-columns\">\n<div class=\"wp-block-column\">\n<h3 class=\"has-text-align-center\" id=\"from-saint-julien-des-landes-to-bretignolles-sur-mer\" style=\"font-size:30px\"><strong>From Saint-Julien-des-Landes to Bretignolles-sur-Mer<\/strong><\/h3>\n\n\n\n<p class=\"has-text-align-center\">Enjoy a ride to Bretignolles-sur-Mer and discover the village, the museum of Vend\u00e9e&nbsp;Miniature and maybe go for a swim and explore the beaches. On you way there, take a break to discover the charming Lac&nbsp;de&nbsp;Jaunay or the lovely village of La&nbsp;Chaize&nbsp;Giraud.<\/p>\n\n\n\n<ul><li>Departure:&nbsp;Aire&nbsp;de&nbsp;loisirs&nbsp;des&nbsp;Fiefs&nbsp;des&nbsp;rainettes in SAINT&nbsp;JULIEN&nbsp;DES&nbsp;LANDES<\/li><li>Arrival:&nbsp;Aire&nbsp;de&nbsp;service&nbsp;du&nbsp;Marais&nbsp;Girard in BRETIGNOLLES-SUR-MER<\/li><li>Around 12 miles in 1 hour<\/li><\/ul>\n<\/div>\n\n\n\n<div class=\"wp-block-column\">\n<h3 class=\"has-text-align-center\" id=\"head-for-les-sables-d-olonne\" style=\"font-size:30px\"><strong>Head for Les&nbsp;Sables&nbsp;d\u2019Olonne<\/strong><\/h3>\n\n\n\n<p class=\"has-text-align-center\">Carry on your trip to Les&nbsp;Sables&nbsp;d\u2019Olonne and take a break in Brem-sur-Mer. Go for a walk in La&nbsp;Gach\u00e8re, a neighbourhood that looks like a marine village with its narrow streets and whitewashed houses. Keep going\u2026<\/p>\n\n\n\n<p class=\"has-text-align-center\">Welcome to Les&nbsp;Sables&nbsp;d\u2019Olonne! Do not miss this famous place of Vend\u00e9e. It is a <strong>touristy holiday spot<\/strong> where you can enjoy all kind of activities with your friends or family- exotic zoo of&nbsp;Les&nbsp;Sables, neighbourhood of the \u00cele&nbsp;Penotte or the Ch\u00e2teau&nbsp;des&nbsp;Aventuriers.<\/p>\n\n\n\n<ul><li>Around 12 miles in 1 hour<\/li><\/ul>\n<\/div>\n<\/div>\n\n\n\n<h2 class=\"h3 has-rouge-color has-text-color\" id=\"price-of-bike-rental-in-our-campsite\"><strong>Price of bike rental in our campsite<\/strong><\/h2>\n\n\n\n<p>In our campsite, you can find <a href=\"https:\/\/www.camping-la-garangeoire.com\/en\/bicycle-hire\/\">all types of bikes to go cycling<\/a> around Vend\u00e9e. Do not hesitate to ask reception for the prices. We will be delighted to recommend the <a href=\"https:\/\/vendeevelo.vendee-tourisme.com\/\">best cycle tours in Vend\u00e9e<\/a> according to your level.<\/p>\n\n\n\n<div class=\"wp-container-6a04b4a3023fe wp-block-buttons\">\n<div class=\"wp-block-button is-style-outline\"><a class=\"wp-block-button__link\" href=\"https:\/\/www.camping-la-garangeoire.com\/en\/bike-rental\/\">Consult rates of bike rentals<\/a><\/div>\n<\/div>\n\n\n\n<div style=\"height:131px\" aria-hidden=\"true\" class=\"wp-block-spacer\"><\/div>\n\n\n\n<div class=\"wp-container-6a04b4a3028f3 wp-block-group G-05\"><div class=\"wp-block-group__inner-container\">\n<div class=\"wp-block-columns\">\n<div class=\"wp-block-column\">\n<h2 class=\"h3 has-ocre-color has-text-color\" id=\"la-plage-privee-de-la-garangeoire\"><strong>After effort comes comfort!<\/strong><\/h2>\n\n\n\n<div class=\"wp-block-columns\">\n<div class=\"wp-block-column\">\n<figure class=\"wp-block-image size-large\"><img loading=\"lazy\" width=\"1024\" height=\"683\" src=\"https:\/\/www.camping-la-garangeoire.com\/wp-content\/uploads\/2023\/03\/mobil-home-pergola-3-1-1024x683.jpg\" alt=\"campsite la Garangeoire mobile home in vend\u00e9e\" class=\"wp-image-1222\" srcset=\"https:\/\/www.camping-la-garangeoire.com\/wp-content\/uploads\/2023\/03\/mobil-home-pergola-3-1-1024x683.jpg 1024w, https:\/\/www.camping-la-garangeoire.com\/wp-content\/uploads\/2023\/03\/mobil-home-pergola-3-1-300x200.jpg 300w, https:\/\/www.camping-la-garangeoire.com\/wp-content\/uploads\/2023\/03\/mobil-home-pergola-3-1-768x512.jpg 768w, https:\/\/www.camping-la-garangeoire.com\/wp-content\/uploads\/2023\/03\/mobil-home-pergola-3-1.jpg 1350w\" sizes=\"(max-width: 1024px) 100vw, 1024px\" \/><\/figure>\n<\/div>\n\n\n\n<div class=\"wp-block-column\">\n<p>After so <strong>many miles on your bike<\/strong>, it is time to rest in your <a href=\"https:\/\/www.camping-la-garangeoire.com\/en\/accommodation\/\">gite or mobile home<\/a>! Our <strong>campsite in Vend\u00e9e is quiet<\/strong> and surrounded by nature- the perfect environment to recharge your batteries before your next bike trip. Cool down after a day under the sun of Vend\u00e9e around the <a href=\"https:\/\/www.camping-la-garangeoire.com\/en\/heated-pool-complex\/\">swimming pool<\/a> and <a href=\"https:\/\/www.camping-la-garangeoire.com\/en\/lagoon\/\">the lagoon<\/a>.<\/p>\n<\/div>\n<\/div>\n<\/div>\n\n\n\n<div class=\"wp-block-column\">\n<figure class=\"wp-block-image size-large\"><img loading=\"lazy\" width=\"1024\" height=\"768\" src=\"https:\/\/www.camping-la-garangeoire.com\/wp-content\/uploads\/2023\/04\/piscine-comprime-1024x768.jpg\" alt=\"campsite in vendee : swimming pool\" class=\"wp-image-2725\" srcset=\"https:\/\/www.camping-la-garangeoire.com\/wp-content\/uploads\/2023\/04\/piscine-comprime-1024x768.jpg 1024w, https:\/\/www.camping-la-garangeoire.com\/wp-content\/uploads\/2023\/04\/piscine-comprime-300x225.jpg 300w, https:\/\/www.camping-la-garangeoire.com\/wp-content\/uploads\/2023\/04\/piscine-comprime-768x576.jpg 768w, https:\/\/www.camping-la-garangeoire.com\/wp-content\/uploads\/2023\/04\/piscine-comprime-1536x1152.jpg 1536w, https:\/\/www.camping-la-garangeoire.com\/wp-content\/uploads\/2023\/04\/piscine-comprime-2048x1536.jpg 2048w\" sizes=\"(max-width: 1024px) 100vw, 1024px\" \/><\/figure>\n<\/div>\n<\/div>\n\n\n\n<div class=\"wp-block-columns\">\n<div class=\"wp-block-column\">\n<ul class=\"pictos col-2 has-vert-color has-text-color\"><li><i class=\"fal fa-house-tree\"><\/i>  Natural setting<\/li><li><i class=\"fal fa-house-heart\"><\/i>  Comfort rentals<\/li><li><i class=\"fal fa-campground\"><\/i>  Treed sites<\/li><li><i class=\"fal fa-spa\"><\/i>  Space &amp; relaxation<\/li><\/ul>\n<\/div>\n\n\n\n<div class=\"wp-block-column\">\n<figure class=\"wp-block-image size-full\"><img loading=\"lazy\" width=\"900\" height=\"600\" src=\"https:\/\/www.camping-la-garangeoire.com\/wp-content\/uploads\/2023\/04\/camping-garangeoire-lagon-1.jpg\" alt=\"5 star campsite in vendee : lagoon\" class=\"wp-image-2786\" srcset=\"https:\/\/www.camping-la-garangeoire.com\/wp-content\/uploads\/2023\/04\/camping-garangeoire-lagon-1.jpg 900w, https:\/\/www.camping-la-garangeoire.com\/wp-content\/uploads\/2023\/04\/camping-garangeoire-lagon-1-300x200.jpg 300w, https:\/\/www.camping-la-garangeoire.com\/wp-content\/uploads\/2023\/04\/camping-garangeoire-lagon-1-768x512.jpg 768w\" sizes=\"(max-width: 900px) 100vw, 900px\" \/><\/figure>\n<\/div>\n<\/div>\n<\/div><\/div>\n\n\n\n<p><\/p>\n","protected":false},"excerpt":{"rendered":"<p>Make the most of your camping holiday in Vend\u00e9e and discover the whole region by bike! Vend\u00e9e has breath-taking landscapes and over 1.100 miles of cycle paths, the perfect combination for adventurous holiday-makers. Rent a bike at the five-star campsite La Garangeoire and explore Vend\u00e9e! Major cycling paths in Vend\u00e9e Vend\u00e9e has many cycle paths, [&hellip;]<\/p>\n","protected":false},"author":1,"featured_media":4389,"parent":0,"menu_order":0,"comment_status":"closed","ping_status":"closed","template":"","meta":[],"acf":[],"_links":{"self":[{"href":"https:\/\/www.camping-la-garangeoire.com\/en\/wp-json\/wp\/v2\/pages\/4397"}],"collection":[{"href":"https:\/\/www.camping-la-garangeoire.com\/en\/wp-json\/wp\/v2\/pages"}],"about":[{"href":"https:\/\/www.camping-la-garangeoire.com\/en\/wp-json\/wp\/v2\/types\/page"}],"author":[{"embeddable":true,"href":"https:\/\/www.camping-la-garangeoire.com\/en\/wp-json\/wp\/v2\/users\/1"}],"replies":[{"embeddable":true,"href":"https:\/\/www.camping-la-garangeoire.com\/en\/wp-json\/wp\/v2\/comments?post=4397"}],"version-history":[{"count":6,"href":"https:\/\/www.camping-la-garangeoire.com\/en\/wp-json\/wp\/v2\/pages\/4397\/revisions"}],"predecessor-version":[{"id":9432,"href":"https:\/\/www.camping-la-garangeoire.com\/en\/wp-json\/wp\/v2\/pages\/4397\/revisions\/9432"}],"wp:featuredmedia":[{"embeddable":true,"href":"https:\/\/www.camping-la-garangeoire.com\/en\/wp-json\/wp\/v2\/media\/4389"}],"wp:attachment":[{"href":"https:\/\/www.camping-la-garangeoire.com\/en\/wp-json\/wp\/v2\/media?parent=4397"}],"curies":[{"name":"wp","href":"https:\/\/api.w.org\/{rel}","templated":true}]}}