{"id":3602,"date":"2023-05-26T10:47:31","date_gmt":"2023-05-26T08:47:31","guid":{"rendered":"https:\/\/www.camping-la-garangeoire.com\/bike-rental\/"},"modified":"2025-06-05T15:38:02","modified_gmt":"2025-06-05T13:38:02","slug":"bike-rental","status":"publish","type":"page","link":"https:\/\/www.camping-la-garangeoire.com\/en\/bike-rental\/","title":{"rendered":"Cycling : rental &#038; services"},"content":{"rendered":"\n<div class=\"wp-block-cover\"><span aria-hidden=\"true\" class=\"wp-block-cover__gradient-background has-background-dim\"><\/span><img loading=\"lazy\" width=\"2048\" height=\"649\" class=\"wp-block-cover__image-background wp-image-7927\" alt=\"\" src=\"https:\/\/www.camping-la-garangeoire.com\/wp-content\/uploads\/2023\/11\/camping-garangeoire_velo-1.webp\" data-object-fit=\"cover\" srcset=\"https:\/\/www.camping-la-garangeoire.com\/wp-content\/uploads\/2023\/11\/camping-garangeoire_velo-1.webp 2048w, https:\/\/www.camping-la-garangeoire.com\/wp-content\/uploads\/2023\/11\/camping-garangeoire_velo-1-300x95.webp 300w, https:\/\/www.camping-la-garangeoire.com\/wp-content\/uploads\/2023\/11\/camping-garangeoire_velo-1-1024x325.webp 1024w, https:\/\/www.camping-la-garangeoire.com\/wp-content\/uploads\/2023\/11\/camping-garangeoire_velo-1-768x243.webp 768w, https:\/\/www.camping-la-garangeoire.com\/wp-content\/uploads\/2023\/11\/camping-garangeoire_velo-1-1536x487.webp 1536w\" sizes=\"(max-width: 2048px) 100vw, 2048px\" \/><div class=\"wp-block-cover__inner-container\">\n<h1 id=\"location-de-velo\">Cycling : rental &amp; services<\/h1>\n<\/div><\/div>\n\n\n\n<div class=\"wp-container-69f3939f69763 wp-block-group G-05\"><div class=\"wp-block-group__inner-container\">\n<div class=\"wp-block-columns\">\n<div class=\"wp-block-column\">\n<h2 class=\"h5 has-vert-color has-text-color\" id=\"tous-a-velo\">Welcome, cyclists!<\/h2>\n\n\n\n<p class=\"h3 has-vert-color has-text-color\">Hit the slopes in Vend\u00e9e!<\/p>\n\n\n\n<div class=\"wp-block-columns\">\n<div class=\"wp-block-column\">\n<figure class=\"wp-block-image size-full\"><img loading=\"lazy\" width=\"1499\" height=\"1000\" src=\"https:\/\/www.camping-la-garangeoire.com\/wp-content\/uploads\/2023\/11\/camping-garangeoire-cyclisme.webp\" alt=\"\" class=\"wp-image-7923\" srcset=\"https:\/\/www.camping-la-garangeoire.com\/wp-content\/uploads\/2023\/11\/camping-garangeoire-cyclisme.webp 1499w, https:\/\/www.camping-la-garangeoire.com\/wp-content\/uploads\/2023\/11\/camping-garangeoire-cyclisme-300x200.webp 300w, https:\/\/www.camping-la-garangeoire.com\/wp-content\/uploads\/2023\/11\/camping-garangeoire-cyclisme-1024x683.webp 1024w, https:\/\/www.camping-la-garangeoire.com\/wp-content\/uploads\/2023\/11\/camping-garangeoire-cyclisme-768x512.webp 768w\" sizes=\"(max-width: 1499px) 100vw, 1499px\" \/><\/figure>\n<\/div>\n\n\n\n<div class=\"wp-block-column\">\n<blockquote class=\"wp-block-quote is-style-default\"><p>By choosing La Garangeoire, you enjoy an ideal setting for your cycling holiday: suitable facilities, personalized service, and a region perfect for discovery on two wheels. Whether you&#8217;re looking for peace on country roads or adventure on trails, our 200-hectare estate promises you an exceptional cycling experience&#8230;<\/p><\/blockquote>\n\n\n\n<p><i class=\"fas fa-bicycle\"><\/i>  Bicycle hire for your holidays<\/p>\n\n\n\n<p>We have everything you need ! A child\u2019s bike with stabilizers, a utility bike to get around the campsite or a mountain bike to tackle the steep roads and tracks of Lac du&nbsp;Jaunay. La Garangeoire has&nbsp;<strong>120 bicycles and mountain bikes for rent,&nbsp;<\/strong>all&nbsp;perfectly maintained.<\/p>\n<\/div>\n<\/div>\n<\/div>\n\n\n\n<div class=\"wp-block-column\">\n<figure class=\"wp-block-image size-full\"><img loading=\"lazy\" width=\"1500\" height=\"1000\" src=\"https:\/\/www.camping-la-garangeoire.com\/wp-content\/uploads\/2023\/11\/camping-garangeoire_velo.webp\" alt=\"\" class=\"wp-image-7919\" srcset=\"https:\/\/www.camping-la-garangeoire.com\/wp-content\/uploads\/2023\/11\/camping-garangeoire_velo.webp 1500w, https:\/\/www.camping-la-garangeoire.com\/wp-content\/uploads\/2023\/11\/camping-garangeoire_velo-300x200.webp 300w, https:\/\/www.camping-la-garangeoire.com\/wp-content\/uploads\/2023\/11\/camping-garangeoire_velo-1024x683.webp 1024w, https:\/\/www.camping-la-garangeoire.com\/wp-content\/uploads\/2023\/11\/camping-garangeoire_velo-768x512.webp 768w\" sizes=\"(max-width: 1500px) 100vw, 1500px\" \/><\/figure>\n<\/div>\n<\/div>\n\n\n\n<div class=\"wp-block-columns\">\n<div class=\"wp-block-column\">\n<h3 class=\"h4 has-ocre-color has-text-color\" id=\"tarifs\">Prices<\/h3>\n\n\n\n<p><strong><strong>Balance bikes<\/strong><\/strong>:<strong><br><\/strong>1 day: \u20ac 5 &#8211; 3 days: \u20ac 10 &#8211; 1 week: \u20ac 25<\/p>\n\n\n\n<p><strong>Bikes:<\/strong><br>1 day: \u20ac15 &#8211; 3 days: \u20ac35 &#8211; 1 week: \u20ac70<br>according to the chosen model.<\/p>\n\n\n\n<p><strong><strong>Premium bicycles and Mountain bikes<\/strong><\/strong>:<br>1 day: \u20ac20 to \u20ac30 &#8211; 3 days: \u20ac50 to \u20ac80 &#8211; 1 week: \u20ac90 to \u20ac150<br>according to the chosen model. <\/p>\n\n\n\n<p><strong>Children&#8217;s BMX:<br><\/strong>1 day: \u20ac10 &#8211; 3 days: \u20ac25 &#8211; 1 week: \u20ac50<\/p>\n\n\n\n<p><strong>Helmet : <\/strong>10 \u20ac<\/p>\n\n\n\n<p><strong><strong>Bicycle child seats<\/strong><\/strong> are an option when renting a bike:<br>1 day: \u20ac5 &#8211; 3 days: \u20ac10 &#8211; 1 week: \u20ac30<\/p>\n\n\n\n<p><strong><strong>Bicycle trailer<\/strong>:<\/strong><br>secure trailer for 1 or 2 children<br>1 day: \u20ac10 &#8211; 3 days: \u20ac20 &#8211; 1 week: \u20ac40<\/p>\n\n\n\n<p><strong>New in 2025<\/strong>: electric bikes<\/p>\n<\/div>\n\n\n\n<div class=\"wp-block-column\">\n<figure class=\"wp-block-image size-full\"><img loading=\"lazy\" width=\"1024\" height=\"595\" src=\"https:\/\/www.camping-la-garangeoire.com\/wp-content\/uploads\/2023\/03\/garangeoire-2017-0065.webp\" alt=\"\" class=\"wp-image-2203\" srcset=\"https:\/\/www.camping-la-garangeoire.com\/wp-content\/uploads\/2023\/03\/garangeoire-2017-0065.webp 1024w, https:\/\/www.camping-la-garangeoire.com\/wp-content\/uploads\/2023\/03\/garangeoire-2017-0065-300x174.webp 300w, https:\/\/www.camping-la-garangeoire.com\/wp-content\/uploads\/2023\/03\/garangeoire-2017-0065-768x446.webp 768w\" sizes=\"(max-width: 1024px) 100vw, 1024px\" \/><\/figure>\n\n\n\n<div class=\"wp-container-69f3939f694a8 wp-block-group encart\"><div class=\"wp-block-group__inner-container\">\n<p class=\"h5 has-rouge-color has-text-color\">Vend\u00e9e by bike<\/p>\n\n\n\n<p class=\"h4 has-rouge-color has-text-color\">Discover the region by bike with family or friends<\/p>\n\n\n\n<p>There are 1886 kilometres of tracks&nbsp;on a rolling landscape. There is no better way to discover the hidden&nbsp;treasures of the Vendee!<\/p>\n\n\n\n<p>From the campsite La Garangeoire there are various bicycle&nbsp;circuits to do.&nbsp;Our bicycle mechanic, can advise you the best rides.<\/p>\n\n\n\n<p><strong>Mountain bike rides, for various levels,&nbsp;are organized regularly around the campsite.<\/strong><\/p>\n<\/div><\/div>\n<\/div>\n<\/div>\n<\/div><\/div>\n\n\n\n<div class=\"wp-block-columns\">\n<div class=\"wp-block-column\">\n<h3 id=\"block-26ae812a-c176-4f0a-94de-162f681764e7\"><i class=\"fas fa-bicycle\"><\/i> Accueil V\u00e9lo<\/h3>\n\n\n\n<h4 id=\"cycling-rental-services\">Cycling: Rental &amp; Services<\/h4>\n\n\n\n<p id=\"block-f7ed279a-5f09-401c-b95f-6150e6365195\">La Garangeoire is proud to be an <em><strong><a href=\"https:\/\/en.francevelotourisme.com\/tips-and-advices\/accueil-velo\" target=\"_blank\" rel=\"noreferrer noopener\">Accueil V\u00e9lo<\/a><\/strong><\/em>-certified establishment, ensuring cyclists a quality welcome and services throughout their stay. This national label guarantees comfort, security, and services specially designed for cycling enthusiasts.<\/p>\n\n\n\n<h5 id=\"our-services\"><strong>Our services : <\/strong><\/h5>\n\n\n\n<p><strong>Ideal location:<\/strong> Whether with family or friends, set off on beautiful rides around Lake Jaunay by taking the Vend\u00e9e V\u00e9lo bike path, located just 2 km from the campsite, with access via the departmental road. The famous V\u00e9lodyss\u00e9e trail is about 10 km away.<\/p>\n\n\n\n<p><strong>Personalized welcome:<\/strong> Information, advice, and recommendations for your routes and visits.<\/p>\n\n\n\n<p><strong>Suitable facilities:<\/strong> A secure area for your bikes and a repair kit available.<\/p>\n\n\n\n<p><strong>Practical services:<\/strong> On-site catering, laundry washing and drying, and luggage transport organization.<\/p>\n\n\n\n<p><strong>After a long day of cycling\u2026 the last effort is often setting up your tent\u2026<\/strong><\/p>\n\n\n\n<p><strong>Our solution: the <a href=\"https:\/\/www.camping-la-garangeoire.com\/en\/emplacements\/bivouac-site\/\" target=\"_blank\" rel=\"noreferrer noopener\">Bivouac<\/a> pitch!<\/strong><\/p>\n\n\n\n<p>Perched on stilts, this wooden and canvas cabin offers a comfortable space for 1 or 2 people, with an inflatable mattress, 16 Amp electrical connection, and all the essentials for a restful night.<br>Outside, you&#8217;ll find a picnic table, benches, and a locked cabin to secure your bikes.<\/p>\n\n\n\n<p><strong>For a comfortable stopover<\/strong><\/p>\n\n\n\n<p>We offer accommodation by the night, even during high season, for cyclists or travelers passing through.<\/p>\n\n\n\n<h5 id=\"block-350c8f2e-4634-4271-b887-539b722ce70c\"><strong>Special offer for cyclists:<\/strong><\/h5>\n\n\n\n<p id=\"block-350c8f2e-4634-4271-b887-539b722ce70c\">Our pitches with electricity are offered at the price of a standard pitch for those who bring their own equipment, providing an economical and pleasant experience.<\/p>\n\n\n\n<div class=\"wp-container-69f3939f69b72 wp-block-buttons\">\n<div class=\"wp-block-button\"><a class=\"wp-block-button__link\" href=\"https:\/\/www.calameo.com\/read\/0015241554663de16c7b5\" target=\"_blank\" rel=\"noreferrer noopener\">Download the tourist map of the Pays des Achards and Jaunay Lake<\/a><\/div>\n<\/div>\n<\/div>\n\n\n\n<div class=\"wp-block-column\">\n<div class=\"wp-container-69f3939f69e63 wp-block-group\"><div class=\"wp-block-group__inner-container\">\n<div class=\"wp-block-image\"><figure class=\"aligncenter size-medium\"><img loading=\"lazy\" width=\"225\" height=\"300\" src=\"https:\/\/www.camping-la-garangeoire.com\/wp-content\/uploads\/2024\/11\/ACCUEIL-VELO_LOGO_CMJN-225x300.jpg\" alt=\"\" class=\"wp-image-11192\" srcset=\"https:\/\/www.camping-la-garangeoire.com\/wp-content\/uploads\/2024\/11\/ACCUEIL-VELO_LOGO_CMJN-225x300.jpg 225w, https:\/\/www.camping-la-garangeoire.com\/wp-content\/uploads\/2024\/11\/ACCUEIL-VELO_LOGO_CMJN.jpg 709w\" sizes=\"(max-width: 225px) 100vw, 225px\" \/><\/figure><\/div>\n\n\n\n<figure class=\"wp-block-image size-full\"><img loading=\"lazy\" width=\"1200\" height=\"800\" src=\"https:\/\/www.camping-la-garangeoire.com\/wp-content\/uploads\/2023\/04\/bivouac-1.jpg\" alt=\"\" class=\"wp-image-3283\" srcset=\"https:\/\/www.camping-la-garangeoire.com\/wp-content\/uploads\/2023\/04\/bivouac-1.jpg 1200w, https:\/\/www.camping-la-garangeoire.com\/wp-content\/uploads\/2023\/04\/bivouac-1-300x200.jpg 300w, https:\/\/www.camping-la-garangeoire.com\/wp-content\/uploads\/2023\/04\/bivouac-1-1024x683.jpg 1024w, https:\/\/www.camping-la-garangeoire.com\/wp-content\/uploads\/2023\/04\/bivouac-1-768x512.jpg 768w\" sizes=\"(max-width: 1200px) 100vw, 1200px\" \/><\/figure>\n\n\n\n<figure class=\"wp-block-image size-large\"><img loading=\"lazy\" width=\"1024\" height=\"768\" src=\"https:\/\/www.camping-la-garangeoire.com\/wp-content\/uploads\/2024\/11\/Cyclotouristes-1024x768.jpg\" alt=\"\" class=\"wp-image-11406\" srcset=\"https:\/\/www.camping-la-garangeoire.com\/wp-content\/uploads\/2024\/11\/Cyclotouristes-1024x768.jpg 1024w, https:\/\/www.camping-la-garangeoire.com\/wp-content\/uploads\/2024\/11\/Cyclotouristes-300x225.jpg 300w, https:\/\/www.camping-la-garangeoire.com\/wp-content\/uploads\/2024\/11\/Cyclotouristes-768x576.jpg 768w, https:\/\/www.camping-la-garangeoire.com\/wp-content\/uploads\/2024\/11\/Cyclotouristes-1536x1152.jpg 1536w, https:\/\/www.camping-la-garangeoire.com\/wp-content\/uploads\/2024\/11\/Cyclotouristes-2048x1536.jpg 2048w\" sizes=\"(max-width: 1024px) 100vw, 1024px\" \/><\/figure>\n<\/div><\/div>\n<\/div>\n<\/div>\n\n\n\n<figure class=\"wp-block-image size-full\"><img loading=\"lazy\" width=\"1948\" height=\"1315\" src=\"https:\/\/www.camping-la-garangeoire.com\/wp-content\/uploads\/2024\/05\/Acces-au-lac-du-Jaunay.png\" alt=\"\" class=\"wp-image-10505\" srcset=\"https:\/\/www.camping-la-garangeoire.com\/wp-content\/uploads\/2024\/05\/Acces-au-lac-du-Jaunay.png 1948w, https:\/\/www.camping-la-garangeoire.com\/wp-content\/uploads\/2024\/05\/Acces-au-lac-du-Jaunay-300x203.png 300w, https:\/\/www.camping-la-garangeoire.com\/wp-content\/uploads\/2024\/05\/Acces-au-lac-du-Jaunay-1024x691.png 1024w, https:\/\/www.camping-la-garangeoire.com\/wp-content\/uploads\/2024\/05\/Acces-au-lac-du-Jaunay-768x518.png 768w, https:\/\/www.camping-la-garangeoire.com\/wp-content\/uploads\/2024\/05\/Acces-au-lac-du-Jaunay-1536x1037.png 1536w\" sizes=\"(max-width: 1948px) 100vw, 1948px\" \/><\/figure>\n\n\n\n<p><\/p>\n","protected":false},"excerpt":{"rendered":"<p>Welcome, cyclists! Hit the slopes in Vend\u00e9e! By choosing La Garangeoire, you enjoy an ideal setting for your cycling holiday: suitable facilities, personalized service, and a region perfect for discovery on two wheels. Whether you&#8217;re looking for peace on country roads or adventure on trails, our 200-hectare estate promises you an exceptional cycling experience&#8230; Bicycle [&hellip;]<\/p>\n","protected":false},"author":1,"featured_media":0,"parent":0,"menu_order":0,"comment_status":"closed","ping_status":"closed","template":"","meta":[],"acf":[],"_links":{"self":[{"href":"https:\/\/www.camping-la-garangeoire.com\/en\/wp-json\/wp\/v2\/pages\/3602"}],"collection":[{"href":"https:\/\/www.camping-la-garangeoire.com\/en\/wp-json\/wp\/v2\/pages"}],"about":[{"href":"https:\/\/www.camping-la-garangeoire.com\/en\/wp-json\/wp\/v2\/types\/page"}],"author":[{"embeddable":true,"href":"https:\/\/www.camping-la-garangeoire.com\/en\/wp-json\/wp\/v2\/users\/1"}],"replies":[{"embeddable":true,"href":"https:\/\/www.camping-la-garangeoire.com\/en\/wp-json\/wp\/v2\/comments?post=3602"}],"version-history":[{"count":6,"href":"https:\/\/www.camping-la-garangeoire.com\/en\/wp-json\/wp\/v2\/pages\/3602\/revisions"}],"predecessor-version":[{"id":12548,"href":"https:\/\/www.camping-la-garangeoire.com\/en\/wp-json\/wp\/v2\/pages\/3602\/revisions\/12548"}],"wp:attachment":[{"href":"https:\/\/www.camping-la-garangeoire.com\/en\/wp-json\/wp\/v2\/media?parent=3602"}],"curies":[{"name":"wp","href":"https:\/\/api.w.org\/{rel}","templated":true}]}}