{"id":6269,"date":"2023-08-04T16:17:18","date_gmt":"2023-08-04T14:17:18","guid":{"rendered":"https:\/\/www.camping-la-garangeoire.com\/cashless\/"},"modified":"2026-02-20T09:04:41","modified_gmt":"2026-02-20T08:04:41","slug":"cashless","status":"publish","type":"page","link":"https:\/\/www.camping-la-garangeoire.com\/de\/cashless\/","title":{"rendered":"Cashless-Armband"},"content":{"rendered":"\n<div class=\"wp-block-cover is-light\"><span aria-hidden=\"true\" class=\"wp-block-cover__gradient-background has-background-dim\"><\/span><img loading=\"lazy\" width=\"2048\" height=\"649\" class=\"wp-block-cover__image-background wp-image-7069\" alt=\"\" src=\"https:\/\/www.camping-la-garangeoire.com\/wp-content\/uploads\/2023\/10\/garangeoire-camping-cashless.webp\" style=\"object-position:56% 50%\" data-object-fit=\"cover\" data-object-position=\"56% 50%\" srcset=\"https:\/\/www.camping-la-garangeoire.com\/wp-content\/uploads\/2023\/10\/garangeoire-camping-cashless.webp 2048w, https:\/\/www.camping-la-garangeoire.com\/wp-content\/uploads\/2023\/10\/garangeoire-camping-cashless-300x95.webp 300w, https:\/\/www.camping-la-garangeoire.com\/wp-content\/uploads\/2023\/10\/garangeoire-camping-cashless-1024x325.webp 1024w, https:\/\/www.camping-la-garangeoire.com\/wp-content\/uploads\/2023\/10\/garangeoire-camping-cashless-768x243.webp 768w, https:\/\/www.camping-la-garangeoire.com\/wp-content\/uploads\/2023\/10\/garangeoire-camping-cashless-1536x487.webp 1536w\" sizes=\"(max-width: 2048px) 100vw, 2048px\" \/><div class=\"wp-block-cover__inner-container\">\n<h1 id=\"cashless\">Cashless-Armband<\/h1>\n<\/div><\/div>\n\n\n\n<div class=\"wp-block-columns G-15\">\n<div class=\"wp-block-column\">\n<p>Das&nbsp;<strong>G-Smart Cashless-Armband<\/strong>&nbsp;ist eine v\u00f6llig bargeldlose Zahlungsmethode, die Ihren Aufenthalt vereinfachen wird! Das Armband ist gleichzeitig ein Identit\u00e4tsarmband, das Ihnen das Leben erleichtert, indem es Ihnen erm\u00f6glicht, alle Ihre Eink\u00e4ufe zu bezahlen, ohne Ihre Brieftasche bei sich tragen zu m\u00fcssen. Genie\u00dfen Sie die Freiheit!<\/p>\n\n\n\n<p>Bei Ihrer Ankunft h\u00e4ndigen Ihnen unsere Rezeptionisten das Armband aus, das Sie mit dem von Ihnen gew\u00e4hlten Betrag aufladen m\u00fcssen. Dieser Betrag kann direkt an der Rezeption aufgeladen werden (im Austausch gegen Bargeld, Scheck oder Kreditkarte).<br>Sobald Sie das Armband haben, m\u00fcssen Sie unbedingt ein bargeldloses Konto einrichten. Sie k\u00f6nnen Ihr Armband dann mit Ihrem Smartphone oder Tablet aufladen.<\/p>\n\n\n\n<h5 id=\"und-wie-funktioniert-es-bei-kindern\"><strong>Und wie funktioniert es bei Kindern?<\/strong><\/h5>\n\n\n\n<p>Die Armb\u00e4nder Ihrer Kinder k\u00f6nnen von Ihnen aufgeladen werden, so dass sie ihr Taschengeld selbst verwalten k\u00f6nnen! Sie bestimmen den Betrag, der auf das Armband aufgeladen werden soll, damit die Kinder lernen, selbstst\u00e4ndig zu werden.<br>W\u00e4hrend Ihres Aufenthalts k\u00f6nnen Sie die Ausgaben der einzelnen Familienmitglieder in Echtzeit \u00fcberwachen.<br>Das Armband kann so oft aufgeladen werden, wie Sie m\u00f6chten. Sobald es aufgeladen ist, k\u00f6nnen Sie mit dem Armband einfach in allen unseren Einrichtungen bezahlen!<br>Ist das bargeldlose Armband das einzige vor Ort akzeptierte Zahlungsmittel? Nein, Sie k\u00f6nnen auch mit Bankkarten (Mastercard und Visa) bezahlen.<\/p>\n\n\n\n<p><strong>Wie kann ich mein Armband-Guthaben am Ende meines Aufenthalts wiederherstellen?<\/strong> Am Ende Ihres Aufenthalts k\u00f6nnen Sie Ihr Guthaben <strong>ausschlie\u00dflich per Bank\u00fcberweisung<\/strong> \u00fcber Ihr Cashless-Konto zur\u00fcckfordern (Antrag muss <strong>bis sp\u00e4testens 30. September<\/strong> gestellt werden): <a href=\"https:\/\/lagarangeoire.cashless.fr\/\">Easytransac > Connexion<\/a><\/p>\n\n\n\n<p><strong>Achtung: Es erfolgt keine Auszahlung in bar.<\/strong><br>Um die R\u00fcckerstattung zu erleichtern, <strong>bitten wir Sie, verbleibende Guthaben auf ein einziges Armband zu \u00fcbertragen<\/strong>, damit nur eine R\u00fcckerstattungstransaktion notwendig ist. <\/p>\n\n\n\n<p><strong>Guthaben unter 5 \u20ac werden nicht erstattet.<\/strong> Warum nicht noch ein letztes Eis geniessen, ein kleines Souvenir mitnehmen oder sich vor der Abreise noch einen kleinen Genuss g\u00f6nnen? Wenn Sie den Betrag nicht nutzen, werden diese wenigen Euro an<strong> Action Enfance<\/strong> gespendet, eine Stiftung, die uns besonders am Herzen liegt. Sie entscheiden selbst, wie Sie Ihren Aufenthalt am liebsten abrunden m\u00f6chten!<\/p>\n\n\n\n<p>Aber es ist auch Ihr <strong>Pass f\u00fcr einen sorgenfreien Urlaub<\/strong>:<\/p>\n\n\n\n<p>\u2022 <strong>Freier Zugang<\/strong> zu allen Aktivit\u00e4ten: Schwimmb\u00e4der, Animation, Angeln und Kinderclub. Das Tragen des Armbands ist unerl\u00e4sslich, um das gesamte Angebot des Campingplatzes zu genie\u00dfen.<br>\u2022 <strong>Ein sicherer Campingplatz<\/strong>: Es hilft uns sicherzustellen, dass nur unsere G\u00e4ste das Gel\u00e4nde nutzen, und erm\u00f6glicht es uns, Erwachsene von Minderj\u00e4hrigen zu unterscheiden.<br>\u2022 <strong>Exklusive Rabatte<\/strong> bei unseren Partnern gegen Vorlage Ihres Armbands: Le Grand D\u00e9fi, Ch\u00e2teau des Aventuriers, La Route du Sel und das Aquarium de Vend\u00e9e.<\/p>\n\n\n\n<p id=\"und-wie-funktioniert-es-bei-kindern\"><strong><strong>UNSER RAT?<\/strong><\/strong> Der Campingplatz ist mit <strong>Kartenleseger\u00e4ten<\/strong> f\u00fcr alle Dienstleistungen ausgestattet und akzeptiert kein Bargeld mehr, au\u00dfer f\u00fcr die Bezahlung des Aufenthalts. Bringen Sie jedoch ein paar M\u00fcnzen mit, wenn Sie Flipper, Billard oder Arcade-Spiele spielen m\u00f6chten, da diese noch mit M\u00fcnzautomaten ausgestattet sind.<\/p>\n\n\n\n<p>Z\u00d6GERN SIE NICHT, DIE REZEPTION ZU KONTAKTIEREN, WENN SIE FRAGEN HABEN.<\/p>\n\n\n\n<ul class=\"pictos col-2 has-ocre-color has-text-color\"><li><i class=\"fal fa-watch-fitness\"><\/i> Sie m\u00fcssen kein Bargeld und keine Brieftasche mit sich f\u00fchren<\/li><li><i class=\"far fa-stopwatch\"><\/i> Schneller Durchlauf an den Kassen, dadurch weniger Warteschlangen<\/li><li><i class=\"fas fa-mobile-alt\"><\/i> Jederzeit \u00fcber Ihr Smartphone oder Tablet aufladbar<\/li><li><i class=\"fal fa-hand-holding-usd\"><\/i> Einfaches Zur\u00fcckfordern des Guthabens am Ende des Aufenthalts<\/li><\/ul>\n<\/div>\n\n\n\n<div class=\"wp-block-column\">\n<figure class=\"wp-block-gallery has-nested-images columns-default is-cropped\">\n<figure class=\"wp-block-image size-full\"><img loading=\"lazy\" width=\"1491\" height=\"994\" src=\"https:\/\/www.camping-la-garangeoire.com\/wp-content\/uploads\/2023\/11\/camping-garangeoire_gsmart.webp\" alt=\"\" class=\"wp-image-7798\" srcset=\"https:\/\/www.camping-la-garangeoire.com\/wp-content\/uploads\/2023\/11\/camping-garangeoire_gsmart.webp 1491w, https:\/\/www.camping-la-garangeoire.com\/wp-content\/uploads\/2023\/11\/camping-garangeoire_gsmart-300x200.webp 300w, https:\/\/www.camping-la-garangeoire.com\/wp-content\/uploads\/2023\/11\/camping-garangeoire_gsmart-1024x683.webp 1024w, https:\/\/www.camping-la-garangeoire.com\/wp-content\/uploads\/2023\/11\/camping-garangeoire_gsmart-768x512.webp 768w\" sizes=\"(max-width: 1491px) 100vw, 1491px\" \/><\/figure>\n\n\n\n<figure class=\"wp-block-image size-full\"><img loading=\"lazy\" width=\"1491\" height=\"994\" src=\"https:\/\/www.camping-la-garangeoire.com\/wp-content\/uploads\/2023\/11\/camping-garangeoire_cashless.webp\" alt=\"\" class=\"wp-image-7802\" srcset=\"https:\/\/www.camping-la-garangeoire.com\/wp-content\/uploads\/2023\/11\/camping-garangeoire_cashless.webp 1491w, https:\/\/www.camping-la-garangeoire.com\/wp-content\/uploads\/2023\/11\/camping-garangeoire_cashless-300x200.webp 300w, https:\/\/www.camping-la-garangeoire.com\/wp-content\/uploads\/2023\/11\/camping-garangeoire_cashless-1024x683.webp 1024w, https:\/\/www.camping-la-garangeoire.com\/wp-content\/uploads\/2023\/11\/camping-garangeoire_cashless-768x512.webp 768w\" sizes=\"(max-width: 1491px) 100vw, 1491px\" \/><\/figure>\n<\/figure>\n\n\n\n<h4 id=\"die-neue-zahlungsmethode-die-ihren-aufenthalt-einfacher-macht\"><strong>DIE NEUE ZAHLUNGSMETHODE, DIE IHREN AUFENTHALT EINFACHER MACHT!<\/strong><\/h4>\n\n\n\n<div class=\"wp-container-6a03e858a091f wp-block-buttons\"><\/div>\n<\/div>\n<\/div>\n","protected":false},"excerpt":{"rendered":"<p>Das&nbsp;G-Smart Cashless-Armband&nbsp;ist eine v\u00f6llig bargeldlose Zahlungsmethode, die Ihren Aufenthalt vereinfachen wird! Das Armband ist gleichzeitig ein Identit\u00e4tsarmband, das Ihnen das Leben erleichtert, indem es Ihnen erm\u00f6glicht, alle Ihre Eink\u00e4ufe zu bezahlen, ohne Ihre Brieftasche bei sich tragen zu m\u00fcssen. Genie\u00dfen Sie die Freiheit! Bei Ihrer Ankunft h\u00e4ndigen Ihnen unsere Rezeptionisten das Armband aus, das Sie [&hellip;]<\/p>\n","protected":false},"author":2,"featured_media":0,"parent":0,"menu_order":0,"comment_status":"closed","ping_status":"closed","template":"","meta":[],"acf":[],"_links":{"self":[{"href":"https:\/\/www.camping-la-garangeoire.com\/de\/wp-json\/wp\/v2\/pages\/6269"}],"collection":[{"href":"https:\/\/www.camping-la-garangeoire.com\/de\/wp-json\/wp\/v2\/pages"}],"about":[{"href":"https:\/\/www.camping-la-garangeoire.com\/de\/wp-json\/wp\/v2\/types\/page"}],"author":[{"embeddable":true,"href":"https:\/\/www.camping-la-garangeoire.com\/de\/wp-json\/wp\/v2\/users\/2"}],"replies":[{"embeddable":true,"href":"https:\/\/www.camping-la-garangeoire.com\/de\/wp-json\/wp\/v2\/comments?post=6269"}],"version-history":[{"count":6,"href":"https:\/\/www.camping-la-garangeoire.com\/de\/wp-json\/wp\/v2\/pages\/6269\/revisions"}],"predecessor-version":[{"id":13982,"href":"https:\/\/www.camping-la-garangeoire.com\/de\/wp-json\/wp\/v2\/pages\/6269\/revisions\/13982"}],"wp:attachment":[{"href":"https:\/\/www.camping-la-garangeoire.com\/de\/wp-json\/wp\/v2\/media?parent=6269"}],"curies":[{"name":"wp","href":"https:\/\/api.w.org\/{rel}","templated":true}]}}