{"id":5192,"date":"2023-06-13T12:02:03","date_gmt":"2023-06-13T10:02:03","guid":{"rendered":"https:\/\/www.camping-la-garangeoire.com\/erfahrungsberichte-ehemaliger-saisonarbeiter\/"},"modified":"2023-08-10T11:29:29","modified_gmt":"2023-08-10T09:29:29","slug":"erfahrungsberichte-ehemaliger-saisonarbeiter","status":"publish","type":"page","link":"https:\/\/www.camping-la-garangeoire.com\/de\/erfahrungsberichte-ehemaliger-saisonarbeiter\/","title":{"rendered":"Erfahrungsberichte ehemaliger Saisonarbeiter"},"content":{"rendered":"\n<div class=\"wp-block-cover is-light\"><span aria-hidden=\"true\" class=\"wp-block-cover__gradient-background has-background-dim\"><\/span><img loading=\"lazy\" width=\"2048\" height=\"875\" class=\"wp-block-cover__image-background wp-image-1829\" alt=\"\" src=\"https:\/\/www.camping-la-garangeoire.com\/wp-content\/uploads\/2023\/03\/gar_castel_la_garangeoire_231039_156.webp\" data-object-fit=\"cover\" srcset=\"https:\/\/www.camping-la-garangeoire.com\/wp-content\/uploads\/2023\/03\/gar_castel_la_garangeoire_231039_156.webp 2048w, https:\/\/www.camping-la-garangeoire.com\/wp-content\/uploads\/2023\/03\/gar_castel_la_garangeoire_231039_156-300x128.webp 300w, https:\/\/www.camping-la-garangeoire.com\/wp-content\/uploads\/2023\/03\/gar_castel_la_garangeoire_231039_156-1024x438.webp 1024w, https:\/\/www.camping-la-garangeoire.com\/wp-content\/uploads\/2023\/03\/gar_castel_la_garangeoire_231039_156-768x328.webp 768w, https:\/\/www.camping-la-garangeoire.com\/wp-content\/uploads\/2023\/03\/gar_castel_la_garangeoire_231039_156-1536x656.webp 1536w\" sizes=\"(max-width: 2048px) 100vw, 2048px\" \/><div class=\"wp-block-cover__inner-container\">\n<h1 id=\"temoignages-anciens-saisonniers\">Erfahrungsberichte ehemaliger Saisonarbeiter<\/h1>\n<\/div><\/div>\n\n<div class=\"wp-container-69ed4ed49a555 wp-block-group temoignages\">\n<blockquote class=\"wp-block-quote\"><p>&#8220;<em>Gute Schule, gute Atmosph\u00e4re, nettes Arbeitsumfeld! Ich mochte es, die Kunden von einem Jahr zum anderen wiederzusehen.<\/em>&#8220;<\/p><cite><strong>Fran\u00e7ois-Cl\u00e9ment<\/strong><br\/>28 Jahre &#8211; heute Masseurin-Physiotherapeutin<br\/><strong>Saisons 2012 bis 2016 als Chef de Rang, Kellner, Barkeeper<\/strong><\/cite><\/blockquote>\n\n\n\n<blockquote class=\"wp-block-quote\"><p>&#8220;Meine Erfahrung hat mir Vertrauen gegeben, viele Erfahrungen im Bereich der \u00dcberwachung, aber auch andere (Bar und Animation), Reifegewinn, Autonomie und ein besseres Niveau der englischen Sprache.\n\nPluspunkte: Eine echte Unterst\u00fctzung durch die Chefs, das Sammeln von Erfahrungen, die Unterkunft, der Zusammenhalt im Team Meine beste Erinnerung: die n\u00e4chtlichen Schwimmb\u00e4der!&#8221;<\/p><cite><strong><strong>Quentin<\/strong><\/strong><br\/>21 Jahre &#8211; jetzt im Masterstudium MEEF EPS<br\/><strong>Saisons 2019 und 2021 als Badeaufsicht<\/strong><\/cite><\/blockquote>\n\n\n\n<blockquote class=\"wp-block-quote\"><p>&#8220;Diese Saison hat mir bessere Englischkenntnisse, Beziehungsf\u00e4higkeiten und Freunde gebracht.\n\nPluspunkte: Eine gute Atmosph\u00e4re, ein toller Rahmen. Vielen Dank an Anne und Eric f\u00fcr ihre Freundlichkeit! Beste Erinnerung: die Flo\u00dffahrten auf dem See .&#8221;<\/p><cite><strong><strong><strong>Oc\u00e9ane<\/strong><\/strong><\/strong><br\/>25 Jahre &#8211; heute Kauffrau<br\/><strong>Staffeln 2015, 2016, 2017 und 2019 als Moderatorin<\/strong><\/cite><\/blockquote>\n\n\n\n<blockquote class=\"wp-block-quote\"><p>&#8220;Diese Saison hat mir Kompetenzen im Umgang mit Kunden vermittelt, mein Selbstvertrauen gest\u00e4rkt und ich behalte sie in sehr guter Erinnerung, dank eines super Animationsteams, das immer gut gelaunt war und sehr gut zuh\u00f6ren konnte. Meine beste Erinnerung: die Familienolympiade und die n\u00e4chtlichen Schwimmb\u00e4der!&#8221;<\/p><cite><strong><strong><strong><strong>Pauline<\/strong><\/strong><\/strong><\/strong><br\/>21 Jahre &#8211; studiert jetzt Master Kommunikation und Sportevents<br\/><strong>Jahreszeiten 2021 als Moderatorin<\/strong><\/cite><\/blockquote>\n\n\n\n<blockquote class=\"wp-block-quote\"><p>&#8220;Es ist ein wunderbarer Campingplatz mit einem sehr guten Team, ein sehr guter Job, ob f\u00fcr einen oder mehrere Sommer. Meine Erfahrung hat mir den Sinn f\u00fcr Teamarbeit und menschliche Begegnungen gebracht.&#8221;<\/p><cite><strong><strong><strong><strong><strong>Micka\u00ebl<\/strong><\/strong><\/strong><\/strong><\/strong><br\/>37 Jahre &#8211; heute Handwerker<br\/><strong>Saisons 2017 als Techniker<\/strong><\/cite><\/blockquote>\n\n\n\n<blockquote class=\"wp-block-quote\"><p>&#8220;Die Besitzer sind leidenschaftliche Menschen und Sie werden dort viele nette Leute kennenlernen! Meine sch\u00f6nste Erinnerung: Die Fu\u00dfballturniere am Donnerstag waren eine tolle Sache, das Feedback der Eltern hat wirklich Freude bereitet. Die T\u00e4nze w\u00e4hrend des Nachtschwimmens! Anekdote: Die Chefs hatten mich vor den G\u00e4sten als sehr guten Animateur vorgestellt, was mich f\u00fcr den Rest der Saison wirklich befl\u00fcgelt hat!&#8221;<\/p><cite><strong><strong><strong><strong><strong><strong>Thomas<\/strong><\/strong><\/strong><\/strong><\/strong><\/strong><br\/>21 Jahre &#8211; heute Produktions- und Animationsmanagerin<br\/><strong>Saisons 2019 und 2021 als Fu\u00dfballtrainer \/ Allround-Animator<\/strong><\/cite><\/blockquote>\n\n\n\n<blockquote class=\"wp-block-quote\"><p>&#8220;Eine hervorragende Referenz f\u00fcr den Lebenslauf und eine Berufserfahrung, die sp\u00e4ter die T\u00fcr zu vielen M\u00f6glichkeiten \u00f6ffnete.&#8221;<\/p><cite><strong><strong><strong><strong><strong><strong><strong>Jake<\/strong><\/strong><\/strong><\/strong><\/strong><\/strong><\/strong><br\/>23 Jahre &#8211; heute im Verkauf t\u00e4tig<br\/><strong>Saisons 2017 als Rezeptionistin<\/strong><\/cite><\/blockquote>\n\n\n\n<blockquote class=\"wp-block-quote\"><p>&#8220;Gute Erfahrung, da ich ein Team leiten und f\u00fcr ausl\u00e4ndische Kunden arbeiten musste.&#8221;<\/p><cite><strong><strong><strong><strong><strong><strong><strong><strong>Timoth\u00e9e<\/strong><\/strong><\/strong><\/strong><\/strong><\/strong><\/strong><\/strong><br\/>39 Jahre &#8211; heute Konditorei-Sekund\u00e4rin<br\/><strong>Saisons 2017 und 2019 als K\u00fcchenhilfe und K\u00fcchenchef<\/strong><\/cite><\/blockquote>\n\n\n\n<blockquote class=\"wp-block-quote\"><p>&#8220;Eine gute Atmosph\u00e4re, gut betreute Arbeit, man f\u00fchlt sich dort wohl.&#8221;<\/p><cite><strong><strong><strong><strong><strong><strong><strong><strong><strong>Aline<\/strong><\/strong><\/strong><\/strong><\/strong><\/strong><\/strong><\/strong><\/strong><br\/>26 Jahre &#8211; heute Rezeptionistin Campingplatz<br\/><strong>Saisons 2016, 2017 und 2019 als Verk\u00e4uferin im Lebensmittelladen und Rezeptionistin<\/strong><\/cite><\/blockquote>\n\n\n\n<blockquote class=\"wp-block-quote\"><p>&#8220;Pluspunkte: Gutes Einvernehmen zwischen den Saisonarbeitern, sch\u00f6ne Arbeitsumgebung, nettes und gastfreundliches Team, Sprachpraxis, sch\u00f6ne Freundschaften, Teamarbeit Meine beste Erinnerung: die Begegnung mit einem Kunden amerikanischer Herkunft! sehr nett und immer gut gelaunt. Er kam immer vorbei, um der Rezeption einen Kuckuck zu machen&#8221;.<\/p><cite><strong><strong><strong><strong><strong><strong><strong><strong><strong><strong>Jane<\/strong><\/strong><\/strong><\/strong><\/strong><\/strong><\/strong><\/strong><\/strong><\/strong><br\/>24 Jahre &#8211; heute Franz\u00f6sischlehrerin in London<br\/><strong>Saisons 2019 und 2021 als Rezeptionistin<\/strong><\/cite><\/blockquote>\n\n\n\n<blockquote class=\"wp-block-quote\"><p>&#8220;Ich habe dank der \u00fcberwiegend englischsprachigen Kundschaft Englisch gelernt und ein Niveau erreicht, das ich mir von der Schule nie h\u00e4tte erhoffen k\u00f6nnen. Auch wenn mein derzeitiger Job nichts mit dem Gastgewerbe zu tun hat, sind es die Einstellungen, Verantwortlichkeiten, zwischenmenschlichen F\u00e4higkeiten und menschlichen Qualit\u00e4ten, die ich w\u00e4hrend meiner Saisonen erworben habe, die meine heutige Arbeitsqualit\u00e4t ausmachen.\n\nPluspunkte: M\u00f6glichkeit, vor Erreichen der Vollj\u00e4hrigkeit einen Saisonjob zu bekommen, Vielfalt der angebotenen Stellen, gute Betreuung und Ausbildung, M\u00f6glichkeit, von einem Jahr zum anderen mehr Verantwortung und Anerkennung zu erhalten.&#8221;<\/p><cite><strong>Juliane<\/strong><br\/>26 Jahre &#8211; heute Manager f\u00fcr Immobiliengutachten<br\/><strong>Saisons 2012 bis 2019 als Eisverk\u00e4uferin, Putzfrau, Barkeeperin, Rezeptionistin<\/strong><\/cite><\/blockquote>\n\n\n\n<blockquote class=\"wp-block-quote\"><p>&#8220;Es ist eine sehr lehrreiche Erfahrung, wenn man ins Berufsleben einsteigt, man lernt schnell und das alles in einer guten Teamdynamik. Ich behalte sehr gute Erinnerungen im Kopf!&#8221;<\/p><cite><strong><strong><strong><strong><strong><strong><strong><strong><strong><strong>Anne-Sophie<\/strong><\/strong><\/strong><\/strong><\/strong><\/strong><\/strong><\/strong><\/strong><\/strong><br\/>27 Jahre &#8211; heute Kaufm\u00e4nnische F\u00fchrungskraft f\u00fcr eine Feriengruppe<br\/><strong>Saisons 2013, 2014 und 2015 als Rezeptionistin, Barkeeperin und Kellnerin<\/strong><\/cite><\/blockquote>\n\n\n\n<blockquote class=\"wp-block-quote\"><p>&#8220;Diese Saison hat mir Reife, Erfahrung in einem famili\u00e4ren Umfeld und Strenge gebracht. Beste Erinnerung: all die Begegnungen, die ich dort machen konnte!&#8221;<\/p><cite><strong><strong><strong><strong><strong><strong><strong><strong><strong><strong><strong>Elise<\/strong><\/strong><\/strong><\/strong><\/strong><\/strong><\/strong><\/strong><\/strong><\/strong><\/strong><br\/>22 Jahre &#8211; studiert heute Master 2 Haftpflicht und Versicherungen<br\/><strong>Saisons 2017, 2018 und 2019 als Barkeeperin<\/strong><\/cite><\/blockquote>\n\n\n\n<blockquote class=\"wp-block-quote\"><p>&#8220;Plus: Gute Arbeitsbedingungen (Arbeitszeiten, Gehalt) gute Atmosph\u00e4re unter den Kollegen. Beste Erinnerung: Es hat mir sehr viel Spa\u00df gemacht, den Urlaubern Franz\u00f6sischunterricht zu erteilen. Die \u00dcberquerung des Sees war ebenfalls ein Highlight!&#8221;<\/p><cite><strong><strong><strong><strong><strong><strong><strong><strong><strong><strong><strong><strong>Thibault<\/strong><\/strong><\/strong><\/strong><\/strong><\/strong><\/strong><\/strong><\/strong><\/strong><\/strong><\/strong><br\/>30 Jahre &#8211; jetzt Masterstudent Sekundarschulunterricht<br\/><strong>Saisons 2015 als Animationsmanagerin<\/strong><\/cite><\/blockquote>\n\n\n\n<blockquote class=\"wp-block-quote\"><p>&#8220;Pluspunkte: Eine sehr angenehme Arbeitsumgebung, mein erster Job\/Gehalt, tolle Begegnungen, sehr menschliche Teams.&#8221;<\/p><cite><strong><strong><strong><strong><strong><strong><strong><strong><strong><strong><strong><strong><strong>Florian<\/strong><\/strong><\/strong><\/strong><\/strong><\/strong><\/strong><\/strong><\/strong><\/strong><\/strong><\/strong><\/strong><br\/>30 Jahre &#8211; heute Beauftragter f\u00fcr Personalbeschaffung<br\/><strong>Saisons 2010 bis 2015 als Badeaufsicht<\/strong><\/cite><\/blockquote>\n\n\n\n<blockquote class=\"wp-block-quote\"><p>&#8220;La Garangeoire bietet ein angenehmes Arbeitsumfeld, bereichernde Stellen mit einem guten Teamgeist!&#8221;<\/p><cite><strong><strong><strong><strong><strong><strong><strong><strong><strong><strong><strong><strong><strong><strong>Pauline<\/strong><\/strong><\/strong><\/strong><\/strong><\/strong><\/strong><\/strong><\/strong><\/strong><\/strong><\/strong><\/strong><\/strong><br\/>23 Jahre &#8211; heute Student Master 2 Transport Engineering<br\/><strong>Saisons 2018 und 2019 als Lagunenverk\u00e4uferin und Barkeeperin<\/strong><\/cite><\/blockquote>\n\n\n\n<blockquote class=\"wp-block-quote\"><p>&#8220;Diese Erfahrungen haben mir eine echte Gewandtheit im Englischen gebracht.\n\nPluspunkte: Die Umgebung, die Dynamik der Betreuung, ein echtes Vertrauen, das Anne und Eric entgegengebracht haben &#8220;.<\/p><cite><strong>Lucie<\/strong><br\/>33 Jahre &#8211; heute Beauftragte f\u00fcr digitale Entwicklung<br\/><strong>Saison 2006 bis 2010 als Animatorin 1 Jahr, dann Leiterin Animation 3 Saisons<\/strong><\/cite><\/blockquote>\n\n\n\n<blockquote class=\"wp-block-quote\"><p>&#8220;Neue F\u00e4higkeiten, Austausch, Vertrauen. Voller Reichtum, Begegnungen und Freundschaften&#8221;.<\/p><cite><strong><strong>Gemma<\/strong><\/strong><br\/>30 Jahre &#8211; heute Englischlehrerin und Sportp\u00e4dagogin<br\/><strong>Saison 2018 als Leiterin eines Lebensmittelgesch\u00e4fts<\/strong><\/cite><\/blockquote>\n\n\n\n<blockquote class=\"wp-block-quote\"><p>&#8220;Die Motivation, erfolgreich zu sein, und die Freude an der Teamarbeit.\n\nDie Organisation, das Arbeitsumfeld.\n\nBeste Erinnerung: der Dreh des Videos am Ende der Saison&#8221;!<\/p><cite><strong><strong><strong>Juliette<\/strong><\/strong><\/strong><br\/>27 Jahre &#8211; jetzt Lehrerin<br\/><strong>Saison 2016 und 2017 als Haush\u00e4lterin<\/strong><\/cite><\/blockquote>\n\n\n\n<blockquote class=\"wp-block-quote\"><p>&#8220;Die Erfahrung bei La Garangeoire war mein sch\u00f6nster Saisonjob: Ich habe nicht nur beruflich und menschlich viel gelernt, sondern bin auch sehr gewachsen!\n\nEs ist mehr als nur ein Saisonjob: Es bedeutet, in einer au\u00dfergew\u00f6hnlichen Umgebung mit einem sehr guten Team zu arbeiten, Kompetenzen und Autonomie zu gewinnen, sich selbst zu \u00fcbertreffen und starke Freundschaften mit Kollegen zu kn\u00fcpfen!\n\nBeste Erinnerung: Lernen, den Kleinwagen zu fahren und die niederl\u00e4ndische Hymne f\u00fcr das Finale der Fu\u00dfballweltmeisterschaft 2010 zu lernen!&#8221;<\/p><cite><strong><strong><strong><strong>Charlotte<\/strong><\/strong><\/strong><\/strong><br\/>31 Jahre &#8211; heute Expertin f\u00fcr Klimawandel und Finanzstabilit\u00e4t<br\/><strong>Saison 2009 als Rezeptionistin<\/strong><\/cite><\/blockquote>\n\n\n\n<blockquote class=\"wp-block-quote\"><p>&#8220;Die Pluspunkte eines Jobs bei La Garangeoire: Verbesserung meiner Englischpraxis, gute Atmosph\u00e4re, wohlwollendes Management, starkes Engagement f\u00fcr die Qualit\u00e4t des Kundenservice.&#8221;<\/p><cite><strong><strong><strong><strong>Emeline<\/strong><\/strong><\/strong><\/strong><br\/>23 Jahre &#8211; heute Projektmanagerin f\u00fcr Qualit\u00e4t, Sicherheit und Umwelt<br\/><strong>Saisons 2014 bis 2018 als Eisverk\u00e4uferin, Angestellte im Lebensmittelgesch\u00e4ft, Putzfrau<\/strong><\/cite><\/blockquote>\n\n\n\n<blockquote class=\"wp-block-quote\"><p>&#8220;Ich empfehle La Garangeoire f\u00fcr: die Verbesserung meiner Englischkenntnisse, gute menschliche Erfahrungen mit anderen Saisonarbeitern. Top-Management!\n\nBeste Erinnerung: sich nach einem Arbeitstag mit den Kollegen zu treffen und alle zusammen eine gute Zeit zu verbringen.&#8221;<\/p><cite><strong><strong><strong><strong><strong>Leo<\/strong><\/strong><\/strong><\/strong><\/strong><br\/>24 Jahre &#8211; heute Au\u00dfendienstmitarbeiter<br\/><strong>Saison 2017 als Chef de Rang im Saal<\/strong><\/cite><\/blockquote>\n\n\n\n<blockquote class=\"wp-block-quote\"><p>&#8220;Ein sehr guter Rahmen, um sich zu entfalten! Beste Erinnerung: lernen, das Weltauto 2010 zu fahren!&#8221;<\/p><cite><strong><strong><strong><strong><strong><strong>Arthur<\/strong><\/strong><\/strong><\/strong><\/strong><\/strong><br\/>23 Jahre &#8211; heute Koch und Konditor<br\/><strong>Saison 2019 als Sekundant und Saison 2021 als K\u00fcchenchef<\/strong><\/cite><\/blockquote>\n\n\n\n<blockquote class=\"wp-block-quote\"><p>&#8220;Gute Atmosph\u00e4re, Respekt unter den Mitarbeitern und Wohlwollen!&#8221;<\/p><cite><strong><strong><strong><strong><strong><strong><strong>Cl\u00e9mence<\/strong><\/strong><\/strong><\/strong><\/strong><\/strong><\/strong><br\/>23 Jahre &#8211; heute Masterstudentin f\u00fcr Tourismus mit Schwerpunkt nachhaltige Entwicklung<br\/><strong>Saisons 2017 und 2018 als Animateurin Reitzentrum<\/strong><\/cite><\/blockquote>\n<\/div>\n","protected":false},"excerpt":{"rendered":"<p>&#8220;Gute Schule, gute Atmosph\u00e4re, nettes Arbeitsumfeld! Ich mochte es, die Kunden von einem Jahr zum anderen wiederzusehen.&#8220; Fran\u00e7ois-Cl\u00e9ment28 Jahre &#8211; heute Masseurin-PhysiotherapeutinSaisons 2012 bis 2016 als Chef de Rang, Kellner, Barkeeper &#8220;Meine Erfahrung hat mir Vertrauen gegeben, viele Erfahrungen im Bereich der \u00dcberwachung, aber auch andere (Bar und Animation), Reifegewinn, Autonomie und ein besseres Niveau [&hellip;]<\/p>\n","protected":false},"author":1,"featured_media":0,"parent":0,"menu_order":0,"comment_status":"closed","ping_status":"closed","template":"","meta":[],"acf":[],"_links":{"self":[{"href":"https:\/\/www.camping-la-garangeoire.com\/de\/wp-json\/wp\/v2\/pages\/5192"}],"collection":[{"href":"https:\/\/www.camping-la-garangeoire.com\/de\/wp-json\/wp\/v2\/pages"}],"about":[{"href":"https:\/\/www.camping-la-garangeoire.com\/de\/wp-json\/wp\/v2\/types\/page"}],"author":[{"embeddable":true,"href":"https:\/\/www.camping-la-garangeoire.com\/de\/wp-json\/wp\/v2\/users\/1"}],"replies":[{"embeddable":true,"href":"https:\/\/www.camping-la-garangeoire.com\/de\/wp-json\/wp\/v2\/comments?post=5192"}],"version-history":[{"count":4,"href":"https:\/\/www.camping-la-garangeoire.com\/de\/wp-json\/wp\/v2\/pages\/5192\/revisions"}],"predecessor-version":[{"id":6472,"href":"https:\/\/www.camping-la-garangeoire.com\/de\/wp-json\/wp\/v2\/pages\/5192\/revisions\/6472"}],"wp:attachment":[{"href":"https:\/\/www.camping-la-garangeoire.com\/de\/wp-json\/wp\/v2\/media?parent=5192"}],"curies":[{"name":"wp","href":"https:\/\/api.w.org\/{rel}","templated":true}]}}