{"id":5190,"date":"2023-06-13T11:58:39","date_gmt":"2023-06-13T09:58:39","guid":{"rendered":"https:\/\/www.camping-la-garangeoire.com\/unsere-dienste\/"},"modified":"2025-09-24T15:36:16","modified_gmt":"2025-09-24T13:36:16","slug":"unsere-dienste","status":"publish","type":"page","link":"https:\/\/www.camping-la-garangeoire.com\/de\/unsere-dienste\/","title":{"rendered":"Minimarkt \u2013 Waschr\u00e4ume \u2013 Services"},"content":{"rendered":"\n<div class=\"wp-block-cover is-light\"><span aria-hidden=\"true\" class=\"wp-block-cover__gradient-background has-background-dim\"><\/span><img loading=\"lazy\" width=\"1708\" height=\"2560\" class=\"wp-block-cover__image-background wp-image-6847\" alt=\"\" src=\"https:\/\/www.camping-la-garangeoire.com\/wp-content\/uploads\/2023\/09\/LaGarangeoire\u00a9ClemoCreative_69-scaled.jpg\" style=\"object-position:52% 41%\" data-object-fit=\"cover\" data-object-position=\"52% 41%\" srcset=\"https:\/\/www.camping-la-garangeoire.com\/wp-content\/uploads\/2023\/09\/LaGarangeoire\u00a9ClemoCreative_69-scaled.jpg 1708w, https:\/\/www.camping-la-garangeoire.com\/wp-content\/uploads\/2023\/09\/LaGarangeoire\u00a9ClemoCreative_69-200x300.jpg 200w, https:\/\/www.camping-la-garangeoire.com\/wp-content\/uploads\/2023\/09\/LaGarangeoire\u00a9ClemoCreative_69-683x1024.jpg 683w, https:\/\/www.camping-la-garangeoire.com\/wp-content\/uploads\/2023\/09\/LaGarangeoire\u00a9ClemoCreative_69-768x1151.jpg 768w, https:\/\/www.camping-la-garangeoire.com\/wp-content\/uploads\/2023\/09\/LaGarangeoire\u00a9ClemoCreative_69-1025x1536.jpg 1025w, https:\/\/www.camping-la-garangeoire.com\/wp-content\/uploads\/2023\/09\/LaGarangeoire\u00a9ClemoCreative_69-1366x2048.jpg 1366w\" sizes=\"(max-width: 1708px) 100vw, 1708px\" \/><div class=\"wp-block-cover__inner-container\">\n<h1 id=\"minimarkt-waschraume-services\">Minimarkt \u2013 Waschr\u00e4ume \u2013 Services<\/h1>\n<\/div><\/div>\n\n\n\n<div class=\"wp-container-69e752b8c2195 wp-block-group G-05\"><div class=\"wp-block-group__inner-container\">\n<div class=\"wp-block-columns\">\n<div class=\"wp-block-column\">\n<h2 class=\"h3 has-rouge-color has-text-color\" id=\"tous-nos-services-sont-ouverts-du-16-mai-au-10-septembre\">Alle unsere Serviceleistungen ab dem 5. Mai ge\u00f6ffnet<\/h2>\n\n\n\n<div class=\"wp-block-columns\">\n<div class=\"wp-block-column\">\n<figure class=\"wp-block-image size-full\"><img loading=\"lazy\" width=\"1313\" height=\"876\" src=\"https:\/\/www.camping-la-garangeoire.com\/wp-content\/uploads\/2023\/11\/mini-market.webp\" alt=\"\" class=\"wp-image-8147\" srcset=\"https:\/\/www.camping-la-garangeoire.com\/wp-content\/uploads\/2023\/11\/mini-market.webp 1313w, https:\/\/www.camping-la-garangeoire.com\/wp-content\/uploads\/2023\/11\/mini-market-300x200.webp 300w, https:\/\/www.camping-la-garangeoire.com\/wp-content\/uploads\/2023\/11\/mini-market-1024x683.webp 1024w, https:\/\/www.camping-la-garangeoire.com\/wp-content\/uploads\/2023\/11\/mini-market-768x512.webp 768w\" sizes=\"(max-width: 1313px) 100vw, 1313px\" \/><\/figure>\n<\/div>\n\n\n\n<div class=\"wp-block-column\">\n<p class=\"h6 has-ocre-color has-text-color\"><i class=\"fas fa-stars\"><\/i>  Dienstleistungen, um Sie zu verw\u00f6hnen<\/p>\n\n\n\n<p>Um Ihnen einen unbeschwerten Urlaub auf dem Castel Campingplatz La Garangeoire zu erm\u00f6glichen, bieten wir zahlreiche Serviceleistungen an. Diese sind vom 5. Mai ge\u00f6ffnet.<\/p>\n\n\n\n<p>Sie erhalten unter dieser Rubrik alle praktischen Informationen zu unserem Serviceangebot.<\/p>\n<\/div>\n<\/div>\n<\/div>\n\n\n\n<div class=\"wp-block-column\">\n<figure class=\"wp-block-image size-large\"><img loading=\"lazy\" width=\"712\" height=\"1024\" src=\"https:\/\/www.camping-la-garangeoire.com\/wp-content\/uploads\/2023\/03\/gar_castel_la_garangeoire_231039_122-712x1024.webp\" alt=\"\" class=\"wp-image-1841\" srcset=\"https:\/\/www.camping-la-garangeoire.com\/wp-content\/uploads\/2023\/03\/gar_castel_la_garangeoire_231039_122-712x1024.webp 712w, https:\/\/www.camping-la-garangeoire.com\/wp-content\/uploads\/2023\/03\/gar_castel_la_garangeoire_231039_122-209x300.webp 209w, https:\/\/www.camping-la-garangeoire.com\/wp-content\/uploads\/2023\/03\/gar_castel_la_garangeoire_231039_122-768x1104.webp 768w, https:\/\/www.camping-la-garangeoire.com\/wp-content\/uploads\/2023\/03\/gar_castel_la_garangeoire_231039_122-1068x1536.webp 1068w, https:\/\/www.camping-la-garangeoire.com\/wp-content\/uploads\/2023\/03\/gar_castel_la_garangeoire_231039_122.webp 1391w\" sizes=\"(max-width: 712px) 100vw, 712px\" \/><\/figure>\n<\/div>\n<\/div>\n<\/div><\/div>\n\n\n\n<div class=\"wp-block-columns G-15\">\n<div class=\"wp-block-column\">\n<h2 id=\"superette\">Supermarkt<\/h2>\n\n\n\n<p>Der kleine Supermarkt Vival ist t\u00e4glich ab dem 5. Mai bis zur Schlie\u00dfung des Campingplatzes ge\u00f6ffnet und h\u00e4lt f\u00fcr Sie eine gro\u00dfe Auswahl an Produkten bereit :<\/p>\n\n\n\n<ul><li>Brot und Viennoiserie (auf Bestellung in der Nebensaison)<\/li><li>Lebensmittel<\/li><li>Alkoholfreie Getr\u00e4nke, Biere und Weine<\/li><li>Milchprodukte<\/li><li>Drogerie- und Hygieneprodukte<\/li><li>Spiele und Spielzeuge<\/li><li>Lokale Erzeugnisse<\/li><li>Souvenirs<\/li><li>Teile f\u00fcr Waschmaschinen und Trockner<\/li><\/ul>\n\n\n\n<p>In Mittel- und Hochsaison:<\/p>\n\n\n\n<ul><li>Obst und Gem\u00fcse<\/li><li>Fleisch und Grillprodukte<\/li><li>Unverpackte Bio-Lebensmitteln<\/li><\/ul>\n\n\n\n<p>Im Juli und August ist der Supermarkt von 8 bis 13 Uhr und von 16 bis 20 Uhr ge\u00f6ffnet.<\/p>\n<\/div>\n\n\n\n<div class=\"wp-block-column\">\n<figure class=\"wp-block-gallery has-nested-images columns-default is-cropped\">\n<figure class=\"wp-block-image size-large\"><img loading=\"lazy\" width=\"1024\" height=\"768\" src=\"https:\/\/www.camping-la-garangeoire.com\/wp-content\/uploads\/2023\/09\/GARANGEOIRE-mini-market-Camping-Garangeoire-jaunay-vendee-1024x768.jpg\" alt=\"\" class=\"wp-image-6855\" srcset=\"https:\/\/www.camping-la-garangeoire.com\/wp-content\/uploads\/2023\/09\/GARANGEOIRE-mini-market-Camping-Garangeoire-jaunay-vendee-1024x768.jpg 1024w, https:\/\/www.camping-la-garangeoire.com\/wp-content\/uploads\/2023\/09\/GARANGEOIRE-mini-market-Camping-Garangeoire-jaunay-vendee-300x225.jpg 300w, https:\/\/www.camping-la-garangeoire.com\/wp-content\/uploads\/2023\/09\/GARANGEOIRE-mini-market-Camping-Garangeoire-jaunay-vendee-768x576.jpg 768w, https:\/\/www.camping-la-garangeoire.com\/wp-content\/uploads\/2023\/09\/GARANGEOIRE-mini-market-Camping-Garangeoire-jaunay-vendee-1536x1152.jpg 1536w, https:\/\/www.camping-la-garangeoire.com\/wp-content\/uploads\/2023\/09\/GARANGEOIRE-mini-market-Camping-Garangeoire-jaunay-vendee-2048x1536.jpg 2048w\" sizes=\"(max-width: 1024px) 100vw, 1024px\" \/><\/figure>\n\n\n\n<figure class=\"wp-block-image size-large\"><img loading=\"lazy\" width=\"1024\" height=\"768\" src=\"https:\/\/www.camping-la-garangeoire.com\/wp-content\/uploads\/2023\/09\/Mini-market-epicerie-2021-12-1024x768.jpg\" alt=\"\" class=\"wp-image-6859\" srcset=\"https:\/\/www.camping-la-garangeoire.com\/wp-content\/uploads\/2023\/09\/Mini-market-epicerie-2021-12-1024x768.jpg 1024w, https:\/\/www.camping-la-garangeoire.com\/wp-content\/uploads\/2023\/09\/Mini-market-epicerie-2021-12-300x225.jpg 300w, https:\/\/www.camping-la-garangeoire.com\/wp-content\/uploads\/2023\/09\/Mini-market-epicerie-2021-12-768x576.jpg 768w, https:\/\/www.camping-la-garangeoire.com\/wp-content\/uploads\/2023\/09\/Mini-market-epicerie-2021-12-1536x1152.jpg 1536w, https:\/\/www.camping-la-garangeoire.com\/wp-content\/uploads\/2023\/09\/Mini-market-epicerie-2021-12.jpg 1920w\" sizes=\"(max-width: 1024px) 100vw, 1024px\" \/><\/figure>\n<\/figure>\n\n\n\n<p class=\"h5 has-ocre-color has-text-color\">\u00d6kologischer Ansatz<\/p>\n\n\n\n<p class=\"h4 has-ocre-color has-text-color\">Le &#8220;March\u00e9 des Castels&#8221;<\/p>\n\n\n\n<p>La Garangeoire verpflichtet sich, kurze Lieferketten zu f\u00f6rdern und lokale Produkte zu bevorzugen, indem Produkte mit dem Label &#8220;le March\u00e9 des Castels&#8221; im Lebensmittelgesch\u00e4ft des Campingplatzes verkauft werden.<\/p>\n<\/div>\n<\/div>\n\n\n\n<div class=\"wp-block-columns G-25\">\n<div class=\"wp-block-column\">\n<h3 class=\"h6 has-vert-color has-text-color\" id=\"fa-icon-icon-fas-fa-charging-station-borne-de-recharge-pour-vehicule-electrique\"><i class=\"fas fa-charging-station\"><\/i>  Ladestation f\u00fcr Elektrofahrzeuge<\/h3>\n\n\n\n<p>Gegen\u00fcber der Rezeption des Campingplatzes La Garangeoire stehen<strong>&nbsp;Ladestationen zur Verf\u00fcgung, an denen 6 Elektrofahrzeuge gleichzeitig aufgeladen werden k\u00f6nnen<\/strong>&nbsp;(10 \u20ac pro Ladung*).<\/p>\n\n\n\n<p>*preise von 2025<\/p>\n<\/div>\n\n\n\n<div class=\"wp-block-column\">\n<h3 class=\"h6 has-vert-color has-text-color\" id=\"fa-icon-icon-fas-fa-car-location-de-voiture\"><i class=\"fas fa-car\"><\/i>  Autovermietung<\/h3>\n\n\n\n<p>Sie sind auf der Suche nach einem Mietwagen f\u00fcr Ihren Urlaub ?<\/p>\n\n\n\n<div class=\"wp-block-group lire-plus-mobile\"><div class=\"wp-block-group__inner-container\">\n<p class=\"has-vert-color has-text-color\">Lesen Sie mehr<\/p>\n\n\n\n<div class=\"wp-container-69e752b8c263d wp-block-group\"><div class=\"wp-block-group__inner-container\">\n<p>Wir helfen Ihnen dabei, das Richtige zu finden! Die Autovermietungsagentur Europcar ist Partner des&nbsp;<strong>Castel Campingplatzes La Garangeoire<\/strong>&nbsp;und bietet eine gro\u00dfe Auwahl an Mietwagen an.<\/p>\n\n\n\n<p>Ihr Wagen wird startbereit direkt zum Campingplatz geliefert und dort auch wieder abgeholt. Au\u00dferdem erhalten alle Campingg\u00e4ste von La Garangeoire eine Erm\u00e4\u00dfigung von 15 bis 20%.<\/p>\n\n\n\n<p>F\u00fcr weitere Informationen wenden Sie sich bitte an die Rezeption.<br>Viel Spa\u00df auf Ihren Besichtigungstouren!<\/p>\n<\/div><\/div>\n<\/div><\/div>\n<\/div>\n<\/div>\n\n\n\n<div class=\"wp-block-columns G-00\">\n<div class=\"wp-block-column\">\n<h3 class=\"h6\" id=\"fa-icon-icon-fas-fa-cart-shopping-location-de-chariots\"><i class=\"fas fa-cart-shopping\"><\/i>  Vermietung von Handwagen<\/h3>\n\n\n\n<p>Wir bieten ebenfalls die Vermietung von Handwagen an (5\u20ac\/Tag). Sehr praktisch f\u00fcr den Transport Ihrer Eink\u00e4ufe aus dem Supermarkt, Ihrer Handt\u00fccher oder auch Ihrer \u00fcberm\u00fcdeten Kinder nach mehreren Badestunden am Pool!<\/p>\n\n\n\n<h3 class=\"h6\" id=\"fa-icon-icon-fas-fa-envelope-poste\"><i class=\"fas fa-envelope\"><\/i>  Post<\/h3>\n\n\n\n<p>Briefmarken k\u00f6nnen an der Rezeption gekauft werden.<\/p>\n\n\n\n<p>Sie finden dort ebenfalls einen Briefkasten.<\/p>\n\n\n\n<div class=\"wp-block-group lire-plus-mobile\"><div class=\"wp-block-group__inner-container\">\n<p class=\"has-rouge-color has-text-color\">Lesen Sie mehr<\/p>\n\n\n\n<div class=\"wp-container-69e752b8c296c wp-block-group\"><div class=\"wp-block-group__inner-container\">\n<p>Falls Sie Ihre Heimatpost nachsenden lassen m\u00f6chten oder ein P\u00e4ckchen oder Dokumente erwarten, bitten wir Sie unbedingt Ihren Namen und Vornamen, sowie die Adresse Castel Camping La Garangeoire \u2013 85150 Saint-Julien des Landes \u2013 Frankreich anzugeben.<\/p>\n\n\n\n<p>Ihre Post nehmen Sie bitte an der Rezeption entgegen.<\/p>\n<\/div><\/div>\n<\/div><\/div>\n<\/div>\n\n\n\n<div class=\"wp-block-column\">\n<figure class=\"wp-block-image alignfull size-large\"><img loading=\"lazy\" width=\"1024\" height=\"683\" src=\"https:\/\/www.camping-la-garangeoire.com\/wp-content\/uploads\/2023\/11\/accueil_garangeoire-1024x683.webp\" alt=\"\" class=\"wp-image-8164\" srcset=\"https:\/\/www.camping-la-garangeoire.com\/wp-content\/uploads\/2023\/11\/accueil_garangeoire-1024x683.webp 1024w, https:\/\/www.camping-la-garangeoire.com\/wp-content\/uploads\/2023\/11\/accueil_garangeoire-300x200.webp 300w, https:\/\/www.camping-la-garangeoire.com\/wp-content\/uploads\/2023\/11\/accueil_garangeoire-768x512.webp 768w, https:\/\/www.camping-la-garangeoire.com\/wp-content\/uploads\/2023\/11\/accueil_garangeoire.webp 1313w\" sizes=\"(max-width: 1024px) 100vw, 1024px\" \/><\/figure>\n<\/div>\n<\/div>\n\n\n\n<div class=\"wp-block-cover\"><span aria-hidden=\"true\" class=\"has-background-dim-70 wp-block-cover__gradient-background has-background-dim\"><\/span><img loading=\"lazy\" width=\"2048\" height=\"886\" class=\"wp-block-cover__image-background wp-image-2236\" alt=\"\" src=\"https:\/\/www.camping-la-garangeoire.com\/wp-content\/uploads\/2023\/03\/gar_castel_la_garangeoire_231039_107-.webp\" data-object-fit=\"cover\" srcset=\"https:\/\/www.camping-la-garangeoire.com\/wp-content\/uploads\/2023\/03\/gar_castel_la_garangeoire_231039_107-.webp 2048w, https:\/\/www.camping-la-garangeoire.com\/wp-content\/uploads\/2023\/03\/gar_castel_la_garangeoire_231039_107--300x130.webp 300w, https:\/\/www.camping-la-garangeoire.com\/wp-content\/uploads\/2023\/03\/gar_castel_la_garangeoire_231039_107--1024x443.webp 1024w, https:\/\/www.camping-la-garangeoire.com\/wp-content\/uploads\/2023\/03\/gar_castel_la_garangeoire_231039_107--768x332.webp 768w, https:\/\/www.camping-la-garangeoire.com\/wp-content\/uploads\/2023\/03\/gar_castel_la_garangeoire_231039_107--1536x665.webp 1536w\" sizes=\"(max-width: 2048px) 100vw, 2048px\" \/><div class=\"wp-block-cover__inner-container\">\n<h3 class=\"h6 has-ocre-color has-text-color\" id=\"fa-icon-icon-fas-fa-envelope-poste\"><i class=\"fas fa-books\"><\/i>  Bibliothek<\/h3>\n\n\n\n<p>Eine Bibliothek steht Ihnen neben der Rezeption zur Verf\u00fcgung.<br>Einige B\u00fccher k\u00f6nnen kostenlos ausgeliehen und ausgetauscht werden.<\/p>\n<\/div><\/div>\n\n\n\n<div class=\"wp-block-columns G-00\">\n<div class=\"wp-block-column\">\n<h3 class=\"h5\" id=\"television\">Fernseher<\/h3>\n\n\n\n<p>Wir verf\u00fcgen im Fernsehraum (neben der Rezeption) und in der Bar \u00fcber TV-Ger\u00e4te mit gro\u00dfem Bildschirm. Zahlreiche franz\u00f6sische und ausl\u00e4ndische Sender stehen zur Auswahl.<br>Sportfans brauchen sich nicht zu sorgen: alle wichtigen Sportevents werden in La Garangeoire auf Gro\u00dfbildschirmen \u00fcbertragen!<\/p>\n\n\n\n<p class=\"h4\"><strong>Angebotene Unterk\u00fcnfte mit individuellem Fernseher :<\/strong><\/p>\n\n\n\n<div class=\"wp-block-group lire-plus-mobile\"><div class=\"wp-block-group__inner-container\">\n<p class=\"has-rouge-color has-text-color\">Lesen Sie mehr<\/p>\n\n\n\n<div class=\"wp-container-69e752b8c2cec wp-block-group\"><div class=\"wp-block-group__inner-container\">\n<p><strong><strong>Unterk\u00fcnfte mit Fernseher :<\/strong><\/strong><\/p>\n\n\n\n<ul><li><a href=\"\/?p=\/locations\/chalet-country-lodge-4-pers\/\" data-type=\"URL\" data-id=\"\/?p=\/locations\/chalet-country-lodge-4-pers\/\">Chalet Country lodge 4 Pers<\/a><\/li><li><a href=\"https:\/\/www.camping-la-garangeoire.com\/locations\/chalet-country-lodge-5-pers\/\" data-type=\"URL\" data-id=\"\/locations\/chalet-country-lodge-5-pers\/\">Chalet Country lodge 5 Pers<\/a><\/li><li><a rel=\"noreferrer noopener\" href=\"https:\/\/www.camping-la-garangeoire.com\/de\/locations\/mobil-home-life-special-handicap\/\" data-type=\"locations\" target=\"_blank\">Mobilheim Life speziell f\u00fcr Behinderte<\/a><\/li><\/ul>\n<\/div><\/div>\n<\/div><\/div>\n<\/div>\n\n\n\n<div class=\"wp-block-column\">\n<h3 class=\"h5\" id=\"laveries\">Waschr\u00e4ume<\/h3>\n\n\n\n<p class=\"h4\">Alle unsere Sanit\u00e4rblocks sind mit folgenden Vorrichtungen und Ger\u00e4ten ausgestattet:<\/p>\n\n\n\n<div class=\"wp-block-group lire-plus-mobile\"><div class=\"wp-block-group__inner-container\">\n<p class=\"has-rouge-color has-text-color\">Lesen Sie mehr<\/p>\n\n\n\n<div class=\"wp-container-69e752b8c2fc9 wp-block-group\"><div class=\"wp-block-group__inner-container\">\n<ul><li>Waschmaschinen<\/li><li>W\u00e4schetrockner<\/li><li>Becken f\u00fcr Handw\u00e4sche, mit Warmwasser<\/li><li>B\u00fcgeltische<\/li><\/ul>\n\n\n\n<p>B\u00fcgeleisen k\u00f6nnen an der Rezeption ausgeliehen werden. Teile f\u00fcr Waschmaschinen und Trockner im Supermarkt erh\u00e4ltlich.<\/p>\n<\/div><\/div>\n<\/div><\/div>\n<\/div>\n<\/div>\n\n\n\n<div class=\"wp-container-69e752b8c3583 wp-block-group G-25\"><div class=\"wp-block-group__inner-container\">\n<div class=\"wp-block-columns are-vertically-aligned-center\">\n<div class=\"wp-block-column is-vertically-aligned-center\" style=\"flex-basis:48%\">\n<h3 id=\"navette-pour-la-plage\">Strandbus zum Strand<\/h3>\n\n\n\n<p>Wir erleichtern Ihnen die Aufgabe!<\/p>\n\n\n\n<p>Der Campingplatz La Garangeoire setzt im Juli und August einen Shuttlebus ein, der Ihnen einen Aufenthalt am Strand erm\u00f6glicht, ohne dabei lange nach einem Parkplatz suchen oder Ihr Wohnmobil fortbewegen zu m\u00fcssen.<\/p>\n\n\n\n<div class=\"wp-block-group lire-plus-mobile\"><div class=\"wp-block-group__inner-container\">\n<p class=\"has-rouge-color has-text-color\">Lesen Sie mehr<\/p>\n\n\n\n<div class=\"wp-container-69e752b8c32e4 wp-block-group\"><div class=\"wp-block-group__inner-container\">\n<p>Einmal pro Woche verkehrt der Pendelbus zwischen dem Campingplatz und Br\u00e9tignolles-<\/p>\n\n\n\n<p>Einmal pro Woche verkehrt der Bus zwischen dem Campingplatz und Br\u00e9tignolles-sur-Mer (Ortszentrum und Strand Marais Girard).<\/p>\n\n\n\n<p>Weitere Informationen erhalten Sie an der Rezeption.<\/p>\n<\/div><\/div>\n<\/div><\/div>\n<\/div>\n\n\n\n<div class=\"wp-block-column is-vertically-aligned-center\">\n<div class=\"wp-block-image fancybox\"><figure class=\"aligncenter size-full\"><a href=\"https:\/\/www.camping-la-garangeoire.com\/wp-content\/uploads\/2023\/03\/Navette-plage-1.webp\"><img loading=\"lazy\" width=\"486\" height=\"177\" src=\"https:\/\/www.camping-la-garangeoire.com\/wp-content\/uploads\/2023\/03\/Navette-plage-1.webp\" alt=\"\" class=\"wp-image-2253\" srcset=\"https:\/\/www.camping-la-garangeoire.com\/wp-content\/uploads\/2023\/03\/Navette-plage-1.webp 486w, https:\/\/www.camping-la-garangeoire.com\/wp-content\/uploads\/2023\/03\/Navette-plage-1-300x109.webp 300w\" sizes=\"(max-width: 486px) 100vw, 486px\" \/><\/a><\/figure><\/div>\n<\/div>\n<\/div>\n<\/div><\/div>\n","protected":false},"excerpt":{"rendered":"<p>Alle unsere Serviceleistungen ab dem 5. Mai ge\u00f6ffnet Dienstleistungen, um Sie zu verw\u00f6hnen Um Ihnen einen unbeschwerten Urlaub auf dem Castel Campingplatz La Garangeoire zu erm\u00f6glichen, bieten wir zahlreiche Serviceleistungen an. Diese sind vom 5. Mai ge\u00f6ffnet. Sie erhalten unter dieser Rubrik alle praktischen Informationen zu unserem Serviceangebot. Supermarkt Der kleine Supermarkt Vival ist t\u00e4glich [&hellip;]<\/p>\n","protected":false},"author":1,"featured_media":0,"parent":0,"menu_order":0,"comment_status":"closed","ping_status":"closed","template":"","meta":[],"acf":[],"_links":{"self":[{"href":"https:\/\/www.camping-la-garangeoire.com\/de\/wp-json\/wp\/v2\/pages\/5190"}],"collection":[{"href":"https:\/\/www.camping-la-garangeoire.com\/de\/wp-json\/wp\/v2\/pages"}],"about":[{"href":"https:\/\/www.camping-la-garangeoire.com\/de\/wp-json\/wp\/v2\/types\/page"}],"author":[{"embeddable":true,"href":"https:\/\/www.camping-la-garangeoire.com\/de\/wp-json\/wp\/v2\/users\/1"}],"replies":[{"embeddable":true,"href":"https:\/\/www.camping-la-garangeoire.com\/de\/wp-json\/wp\/v2\/comments?post=5190"}],"version-history":[{"count":6,"href":"https:\/\/www.camping-la-garangeoire.com\/de\/wp-json\/wp\/v2\/pages\/5190\/revisions"}],"predecessor-version":[{"id":12966,"href":"https:\/\/www.camping-la-garangeoire.com\/de\/wp-json\/wp\/v2\/pages\/5190\/revisions\/12966"}],"wp:attachment":[{"href":"https:\/\/www.camping-la-garangeoire.com\/de\/wp-json\/wp\/v2\/media?parent=5190"}],"curies":[{"name":"wp","href":"https:\/\/api.w.org\/{rel}","templated":true}]}}