{"id":5186,"date":"2023-06-13T11:56:03","date_gmt":"2023-06-13T09:56:03","guid":{"rendered":"https:\/\/www.camping-la-garangeoire.com\/spa-wellness\/"},"modified":"2025-12-11T11:18:48","modified_gmt":"2025-12-11T10:18:48","slug":"sauna-wellness","status":"publish","type":"page","link":"https:\/\/www.camping-la-garangeoire.com\/de\/sauna-wellness\/","title":{"rendered":"Wellness und Sauna"},"content":{"rendered":"\n<div class=\"wp-block-cover\"><span aria-hidden=\"true\" class=\"wp-block-cover__gradient-background has-background-dim\"><\/span><img loading=\"lazy\" width=\"800\" height=\"600\" class=\"wp-block-cover__image-background wp-image-10949\" alt=\"\" src=\"https:\/\/www.camping-la-garangeoire.com\/wp-content\/uploads\/2024\/09\/IMG_3698.jpg\" data-object-fit=\"cover\" srcset=\"https:\/\/www.camping-la-garangeoire.com\/wp-content\/uploads\/2024\/09\/IMG_3698.jpg 800w, https:\/\/www.camping-la-garangeoire.com\/wp-content\/uploads\/2024\/09\/IMG_3698-300x225.jpg 300w, https:\/\/www.camping-la-garangeoire.com\/wp-content\/uploads\/2024\/09\/IMG_3698-768x576.jpg 768w\" sizes=\"(max-width: 800px) 100vw, 800px\" \/><div class=\"wp-block-cover__inner-container\">\n<h1 id=\"spa-et-bien-etre\">Wellness &amp; Sauna<\/h1>\n<\/div><\/div>\n\n\n\n<div class=\"wp-block-columns are-vertically-aligned-center G-00\">\n<div class=\"wp-block-column is-vertically-aligned-center\">\n<h2 class=\"h4 has-ocre-color has-text-color\" id=\"offrez-vous-un-week-end-spa-ou-un-sejour-spa-en-vendee\">G\u00f6nnen Sie sich ein Sauna-Wochenende oder einen Sauna-Urlaub in der Vend\u00e9e!<\/h2>\n\n\n\n<p>Nicht nur, weil es in Mode gekommen ist,<br>oder weil es von einem 5-Sterne-Komplex nicht anders erwartet wird,<br>sondern vor allem\u2026 weil Sie uns darum gebeten haben!<br><\/p>\n\n\n\n<p>Entdecke unseren Wellnessbereich mit einer Sauna und lass dich von einer erfahrenen, selbst\u00e4ndigen Kosmetikerin verw\u00f6hnen, die Sch\u00f6nheitsbehandlungen und Massagen anbietet. Verl\u00e4ngere diesen Moment der Entspannung mit Yoga, Pilates, Reflexzonenmassage und Sophrologie inmitten der Natur.<\/p>\n\n\n\n<div class=\"wp-container-69fb9f01ccb09 wp-block-buttons\">\n<div class=\"wp-block-button btn_resa\"><a class=\"wp-block-button__link\">Buchen  <i class=\"fal fa-search\"><\/i><\/a><\/div>\n<\/div>\n<\/div>\n\n\n\n<div class=\"wp-block-column is-vertically-aligned-center\">\n<div class=\"wp-block-image\"><figure class=\"aligncenter size-full\"><img loading=\"lazy\" width=\"210\" height=\"90\" src=\"https:\/\/www.camping-la-garangeoire.com\/wp-content\/uploads\/2023\/03\/header-castel.png\" alt=\"\" class=\"wp-image-589\"\/><\/figure><\/div>\n\n\n\n<p class=\"has-text-align-center has-rouge-color has-text-color\"><strong><strong><strong>Entspannen Sie sich!<\/strong><\/strong><\/strong><\/p>\n\n\n\n<p class=\"has-text-align-center\"><em>Lassen Sie sich verw\u00f6hnen!<\/em><\/p>\n\n\n\n<p class=\"has-text-align-center\">&nbsp;G\u00f6nnen Sie sich eine Auszeit!<\/p>\n<\/div>\n<\/div>\n\n\n\n<figure class=\"wp-block-image alignfull size-large\"><img loading=\"lazy\" width=\"1024\" height=\"350\" src=\"https:\/\/www.camping-la-garangeoire.com\/wp-content\/uploads\/2023\/04\/garangeoire.1-29-1024x350.webp\" alt=\"\" class=\"wp-image-2401\" srcset=\"https:\/\/www.camping-la-garangeoire.com\/wp-content\/uploads\/2023\/04\/garangeoire.1-29-1024x350.webp 1024w, https:\/\/www.camping-la-garangeoire.com\/wp-content\/uploads\/2023\/04\/garangeoire.1-29-300x103.webp 300w, https:\/\/www.camping-la-garangeoire.com\/wp-content\/uploads\/2023\/04\/garangeoire.1-29-768x263.webp 768w, https:\/\/www.camping-la-garangeoire.com\/wp-content\/uploads\/2023\/04\/garangeoire.1-29-1536x525.webp 1536w, https:\/\/www.camping-la-garangeoire.com\/wp-content\/uploads\/2023\/04\/garangeoire.1-29.webp 2048w\" sizes=\"(max-width: 1024px) 100vw, 1024px\" \/><\/figure>\n\n\n\n<div class=\"wp-container-69fb9f01cd248 wp-block-group G-05\"><div class=\"wp-block-group__inner-container\">\n<div class=\"wp-block-columns\">\n<div class=\"wp-block-column\">\n<h2 class=\"h3 has-rouge-color has-text-color\" id=\"spa-sauna-et-salle-de-massage\">Sauna und Massageraum<\/h2>\n\n\n\n<div class=\"wp-block-columns\">\n<div class=\"wp-block-column\">\n<p>Ab Mai steht Ihnen der Chalet \u201eLibellule\u201c f\u00fcr Entspannung und Wellness zur Verf\u00fcgung.<\/p>\n\n\n\n<p>Genie\u00dfen Sie bei sanfter Musik entspannende Momente in der Sauna. Auch die Ruhe im Teesalon hilft, neue Energien zu tanken\u2026<\/p>\n\n\n\n<p>Verl\u00e4ngern Sie nach vorheriger Reservierung die Entspannungspause in der Behandlungskabine.<\/p>\n<\/div>\n<\/div>\n<\/div>\n\n\n\n<div class=\"wp-block-column\">\n<figure class=\"wp-block-image size-large\"><img loading=\"lazy\" width=\"683\" height=\"1024\" src=\"https:\/\/www.camping-la-garangeoire.com\/wp-content\/uploads\/2024\/10\/IMG_3711-min-683x1024.jpg\" alt=\"\" class=\"wp-image-11130\" srcset=\"https:\/\/www.camping-la-garangeoire.com\/wp-content\/uploads\/2024\/10\/IMG_3711-min-683x1024.jpg 683w, https:\/\/www.camping-la-garangeoire.com\/wp-content\/uploads\/2024\/10\/IMG_3711-min-200x300.jpg 200w, https:\/\/www.camping-la-garangeoire.com\/wp-content\/uploads\/2024\/10\/IMG_3711-min-768x1152.jpg 768w, https:\/\/www.camping-la-garangeoire.com\/wp-content\/uploads\/2024\/10\/IMG_3711-min-1024x1536.jpg 1024w, https:\/\/www.camping-la-garangeoire.com\/wp-content\/uploads\/2024\/10\/IMG_3711-min-1365x2048.jpg 1365w, https:\/\/www.camping-la-garangeoire.com\/wp-content\/uploads\/2024\/10\/IMG_3711-min-scaled.jpg 1707w\" sizes=\"(max-width: 683px) 100vw, 683px\" \/><\/figure>\n<\/div>\n<\/div>\n\n\n\n<div class=\"wp-block-columns\">\n<div class=\"wp-block-column\">\n<ul class=\"pictos col-2 has-rouge-color has-text-color\"><li><i class=\"fas fa-spa\"><\/i>  Yoga<\/li><li><i class=\"fal fa-temperature-sun\"><\/i>  Sauna &amp; Entspannung<\/li><li><i class=\"fal fa-blanket\"><\/i>  Entspannung &amp; Massage<\/li><li><i class=\"fal fa-spa\"><\/i>  Pflege &amp; Wellness<\/li><\/ul>\n<\/div>\n\n\n\n<div class=\"wp-block-column\">\n<div class=\"wp-container-69fb9f01ccfbd wp-block-group encart\"><div class=\"wp-block-group__inner-container\">\n<h3 class=\"h5\" id=\"soins-esthetiques\">Wellnessmassagen &amp; Sch\u00f6nheitsbehandlungen<\/h3>\n\n\n\n<p class=\"h4 has-rouge-color has-text-color\">Freiberufliche Kosmetikerin und bietet mit Reservierung Sch\u00f6nheitsbehandlungen und Massagen* an:<\/p>\n\n\n\n<p>G\u00f6nnen Sie sich einen Moment der Entspannung mit <strong>Amandine Fourcade, der Magierin der Massagen<\/strong>.<br>Mit \u00fcber 20 Jahren Erfahrung in aller Welt (Indien, Thailand, Indonesien, Kambodscha, Sri Lanka, Schweiz, Frankreich und Spanien) bietet Amandine <strong>ma\u00dfgeschneiderte Massagen<\/strong>, individuell auf Ihre Bed\u00fcrfnisse abgestimmt, f\u00fcr wahre Tiefenentspannung.<\/p>\n\n\n\n<p>Jede Sitzung beginnt mit einer <strong>f\u00fcnfmin\u00fctigen Klangentspannung<\/strong> mit tibetischen Klangschalen. Die Massagen dauern <strong>50 oder 80 Minuten<\/strong> und sind vollst\u00e4ndig personalisiert.<\/p>\n\n\n\n<p>Sie k\u00f6nnen au\u00dferdem <strong>Sch\u00f6nheitsbehandlungen<\/strong> genie\u00dfen: K\u00f6rper- und Gesichtsbehandlungen, Haarentfernung.<\/p>\n\n\n\n<p>Die Behandlungen finden im <strong>Chalet Libellule<\/strong> statt, Termine werden an der Rezeption von La Garangeoire vereinbart.<\/p>\n\n\n\n<p><em>* nicht-therapeutische Massagen<\/em><\/p>\n<\/div><\/div>\n<\/div>\n<\/div>\n<\/div><\/div>\n\n\n\n<div class=\"wp-container-69fb9f01cd58c wp-block-group has-fond-background-color has-background\"><div class=\"wp-block-group__inner-container\">\n<div class=\"wp-block-columns\">\n<div class=\"wp-block-column\">\n<figure class=\"wp-block-image size-full\"><img loading=\"lazy\" width=\"1273\" height=\"849\" src=\"https:\/\/www.camping-la-garangeoire.com\/wp-content\/uploads\/2023\/11\/yoga.webp\" alt=\"\" class=\"wp-image-8524\" srcset=\"https:\/\/www.camping-la-garangeoire.com\/wp-content\/uploads\/2023\/11\/yoga.webp 1273w, https:\/\/www.camping-la-garangeoire.com\/wp-content\/uploads\/2023\/11\/yoga-300x200.webp 300w, https:\/\/www.camping-la-garangeoire.com\/wp-content\/uploads\/2023\/11\/yoga-1024x683.webp 1024w, https:\/\/www.camping-la-garangeoire.com\/wp-content\/uploads\/2023\/11\/yoga-768x512.webp 768w\" sizes=\"(max-width: 1273px) 100vw, 1273px\" \/><\/figure>\n<\/div>\n\n\n\n<div class=\"wp-block-column\">\n<p class=\"h3 has-ocre-color has-text-color\"><i class=\"fas fa-spa\"><\/i>  Yoga<\/p>\n\n\n\n<p>Yogakurse werden mehrmals pro Woche auf dem Campingplatz von Val\u00e9rie angeboten. Sie wurde vom Kulturzentrum Vijnana Kala Vedi in Kerala\/S\u00fcdindien ausgebildet und diplomiert.<\/p>\n\n\n\n<p>Die Kurse dauern 1h30 und beinhalten: Aufw\u00e4rm\u00fcbungen, Asanas (ruhende K\u00f6rperstellungen), Pranayama (Atem\u00fcbungen) und Meditation.<\/p>\n\n\n\n<p>Preis: 11 \u20ac \/ Person, wenn eine Sitzung f\u00fcr 1 bis 3 Personen organisiert wird, 9 \u20ac \/ Person ab 4 Teilnehmern.<\/p>\n<\/div>\n<\/div>\n<\/div><\/div>\n\n\n\n<div class=\"wp-block-columns G-15\">\n<div class=\"wp-block-column\">\n<h2 class=\"h3 has-rouge-color has-text-color\" id=\"fitness\">Fitness<\/h2>\n\n\n\n<p>Bringen Sie sich in Form und bleiben fit mit unseren 5 Outdoor Fitnessger\u00e4ten:<\/p>\n\n\n\n<ul><li>Body Ruderger\u00e4t,<\/li><li>Body Fahrstuhl (auch f\u00fcr Personen mit eingeschr\u00e4nkter Mobilit\u00e4t),<\/li><li>Body Tripod,<\/li><li>Body Symbiosis,<\/li><li>Body Cross-Country Ski.<\/li><\/ul>\n\n\n\n<p>Auf diesen Ger\u00e4ten wird Sport zum Spa\u00df. Sie sind zum gr\u00f6\u00dften Teil von mehreren Personen gleichzeitig nutzbar.<\/p>\n\n\n\n<p>Die Benutzung ist ab 14 Jahren zugelassen.<\/p>\n<\/div>\n\n\n\n<div class=\"wp-block-column\">\n<figure class=\"wp-block-gallery has-nested-images columns-default is-cropped\">\n<figure class=\"wp-block-image size-large\"><img loading=\"lazy\" width=\"1024\" height=\"683\" src=\"https:\/\/www.camping-la-garangeoire.com\/wp-content\/uploads\/2023\/11\/garangeoire-fitness-1024x683.webp\" alt=\"\" class=\"wp-image-8528\" srcset=\"https:\/\/www.camping-la-garangeoire.com\/wp-content\/uploads\/2023\/11\/garangeoire-fitness-1024x683.webp 1024w, https:\/\/www.camping-la-garangeoire.com\/wp-content\/uploads\/2023\/11\/garangeoire-fitness-300x200.webp 300w, https:\/\/www.camping-la-garangeoire.com\/wp-content\/uploads\/2023\/11\/garangeoire-fitness-768x512.webp 768w, https:\/\/www.camping-la-garangeoire.com\/wp-content\/uploads\/2023\/11\/garangeoire-fitness.webp 1313w\" sizes=\"(max-width: 1024px) 100vw, 1024px\" \/><\/figure>\n\n\n\n<figure class=\"wp-block-image size-large\"><img loading=\"lazy\" width=\"1024\" height=\"683\" src=\"https:\/\/www.camping-la-garangeoire.com\/wp-content\/uploads\/2023\/11\/garangeoire_boomer-1024x683.webp\" alt=\"\" class=\"wp-image-8532\" srcset=\"https:\/\/www.camping-la-garangeoire.com\/wp-content\/uploads\/2023\/11\/garangeoire_boomer-1024x683.webp 1024w, https:\/\/www.camping-la-garangeoire.com\/wp-content\/uploads\/2023\/11\/garangeoire_boomer-300x200.webp 300w, https:\/\/www.camping-la-garangeoire.com\/wp-content\/uploads\/2023\/11\/garangeoire_boomer-768x512.webp 768w, https:\/\/www.camping-la-garangeoire.com\/wp-content\/uploads\/2023\/11\/garangeoire_boomer.webp 1313w\" sizes=\"(max-width: 1024px) 100vw, 1024px\" \/><\/figure>\n<\/figure>\n\n\n\n<div class=\"wp-container-69fb9f01cd922 wp-block-buttons\">\n<div class=\"wp-block-button\"><a class=\"wp-block-button__link\" href=\"https:\/\/www.camping-la-garangeoire.com\/de\/fotogalerie\/\">Entdecken Sie die Dienste in Bildern<\/a><\/div>\n<\/div>\n<\/div>\n<\/div>\n","protected":false},"excerpt":{"rendered":"<p>G\u00f6nnen Sie sich ein Sauna-Wochenende oder einen Sauna-Urlaub in der Vend\u00e9e! Nicht nur, weil es in Mode gekommen ist,oder weil es von einem 5-Sterne-Komplex nicht anders erwartet wird,sondern vor allem\u2026 weil Sie uns darum gebeten haben! Entdecke unseren Wellnessbereich mit einer Sauna und lass dich von einer erfahrenen, selbst\u00e4ndigen Kosmetikerin verw\u00f6hnen, die Sch\u00f6nheitsbehandlungen und Massagen [&hellip;]<\/p>\n","protected":false},"author":1,"featured_media":0,"parent":0,"menu_order":0,"comment_status":"closed","ping_status":"closed","template":"","meta":[],"acf":[],"_links":{"self":[{"href":"https:\/\/www.camping-la-garangeoire.com\/de\/wp-json\/wp\/v2\/pages\/5186"}],"collection":[{"href":"https:\/\/www.camping-la-garangeoire.com\/de\/wp-json\/wp\/v2\/pages"}],"about":[{"href":"https:\/\/www.camping-la-garangeoire.com\/de\/wp-json\/wp\/v2\/types\/page"}],"author":[{"embeddable":true,"href":"https:\/\/www.camping-la-garangeoire.com\/de\/wp-json\/wp\/v2\/users\/1"}],"replies":[{"embeddable":true,"href":"https:\/\/www.camping-la-garangeoire.com\/de\/wp-json\/wp\/v2\/comments?post=5186"}],"version-history":[{"count":6,"href":"https:\/\/www.camping-la-garangeoire.com\/de\/wp-json\/wp\/v2\/pages\/5186\/revisions"}],"predecessor-version":[{"id":13718,"href":"https:\/\/www.camping-la-garangeoire.com\/de\/wp-json\/wp\/v2\/pages\/5186\/revisions\/13718"}],"wp:attachment":[{"href":"https:\/\/www.camping-la-garangeoire.com\/de\/wp-json\/wp\/v2\/media?parent=5186"}],"curies":[{"name":"wp","href":"https:\/\/api.w.org\/{rel}","templated":true}]}}