{"id":5184,"date":"2023-06-13T11:51:41","date_gmt":"2023-06-13T09:51:41","guid":{"rendered":"https:\/\/www.camping-la-garangeoire.com\/dienstleistungen-in-der-nahe\/"},"modified":"2023-08-24T16:23:41","modified_gmt":"2023-08-24T14:23:41","slug":"dienstleistungen-in-der-nahe","status":"publish","type":"page","link":"https:\/\/www.camping-la-garangeoire.com\/de\/dienstleistungen-in-der-nahe\/","title":{"rendered":"Dienstleistungen in der N\u00e4he"},"content":{"rendered":"\n<div class=\"wp-block-cover\"><span aria-hidden=\"true\" class=\"has-background-dim-80 wp-block-cover__gradient-background has-background-dim\"><\/span><img loading=\"lazy\" width=\"2048\" height=\"761\" class=\"wp-block-cover__image-background wp-image-2265\" alt=\"\" src=\"https:\/\/www.camping-la-garangeoire.com\/wp-content\/uploads\/2023\/03\/roman-kraft-_oH66az_yug-unsplash.webp\" data-object-fit=\"cover\" srcset=\"https:\/\/www.camping-la-garangeoire.com\/wp-content\/uploads\/2023\/03\/roman-kraft-_oH66az_yug-unsplash.webp 2048w, https:\/\/www.camping-la-garangeoire.com\/wp-content\/uploads\/2023\/03\/roman-kraft-_oH66az_yug-unsplash-300x111.webp 300w, https:\/\/www.camping-la-garangeoire.com\/wp-content\/uploads\/2023\/03\/roman-kraft-_oH66az_yug-unsplash-1024x381.webp 1024w, https:\/\/www.camping-la-garangeoire.com\/wp-content\/uploads\/2023\/03\/roman-kraft-_oH66az_yug-unsplash-768x285.webp 768w, https:\/\/www.camping-la-garangeoire.com\/wp-content\/uploads\/2023\/03\/roman-kraft-_oH66az_yug-unsplash-1536x571.webp 1536w\" sizes=\"(max-width: 2048px) 100vw, 2048px\" \/><div class=\"wp-block-cover__inner-container\">\n<h1 id=\"services-a-proximite\">Serviceleistungen in der N\u00e4he<\/h1>\n<\/div><\/div>\n\n\n\n<div class=\"wp-container-69f26e4ac9c56 wp-block-group alignfull G-20\"><div class=\"wp-block-group__inner-container\">\n<div class=\"wp-block-columns\">\n<div class=\"wp-block-column\" style=\"flex-basis:72%\">\n<div class=\"wp-block-columns\">\n<div class=\"wp-block-column\">\n<figure class=\"wp-block-image size-full\"><img loading=\"lazy\" width=\"1024\" height=\"684\" src=\"https:\/\/www.camping-la-garangeoire.com\/wp-content\/uploads\/2023\/03\/yeh-xintong-go3DT3PpIw4-unsplash.webp\" alt=\"\" class=\"wp-image-2268\" srcset=\"https:\/\/www.camping-la-garangeoire.com\/wp-content\/uploads\/2023\/03\/yeh-xintong-go3DT3PpIw4-unsplash.webp 1024w, https:\/\/www.camping-la-garangeoire.com\/wp-content\/uploads\/2023\/03\/yeh-xintong-go3DT3PpIw4-unsplash-300x200.webp 300w, https:\/\/www.camping-la-garangeoire.com\/wp-content\/uploads\/2023\/03\/yeh-xintong-go3DT3PpIw4-unsplash-768x513.webp 768w\" sizes=\"(max-width: 1024px) 100vw, 1024px\" \/><\/figure>\n<\/div>\n\n\n\n<div class=\"wp-block-column\">\n<h2 id=\"a-saint-julien-des-landes-2-5-kilometres\">In Saint-Julien des Landes, 2,5 Kilometer :<\/h2>\n\n\n\n<ul><li><a rel=\"noreferrer noopener\" href=\"https:\/\/www.facebook.com\/boulangeriegendre\/\" target=\"_blank\">B\u00e4ckerei \/Konditorei<\/a><\/li><li><a rel=\"noreferrer noopener\" href=\"https:\/\/www.facebook.com\/profile.php?id=100057112871557&amp;sk=about\" target=\"_blank\">Restaurant Rest&#8217;Olandes<\/a><\/li><li>Bar\/Tabakladen<\/li><li>Lebensmittelgesch\u00e4ft\/Zeitungen<\/li><li>Apotheke<\/li><li>Arzt<\/li><li>Krankenpfleger<\/li><li>Friseur<\/li><li><a rel=\"noreferrer noopener\" href=\"https:\/\/hecorcebijoux.wixsite.com\/bijoux?fbclid=IwAR1pfqjNzmvNaROnhZmY2hGxOa5nP6Vh5JnS48hzafP7x-A3fz9RpZCsSu8\" target=\"_blank\">Schmuckgesch\u00e4ft<\/a><\/li><li>Autowerkstatt<\/li><\/ul>\n<\/div>\n<\/div>\n<\/div>\n\n\n\n<div class=\"wp-block-column\">\n<figure class=\"wp-block-image size-large\"><img loading=\"lazy\" width=\"768\" height=\"1024\" src=\"https:\/\/www.camping-la-garangeoire.com\/wp-content\/uploads\/2023\/03\/graphic-node-N-AC7tTcD-c-unsplash-768x1024.webp\" alt=\"\" class=\"wp-image-2271\" srcset=\"https:\/\/www.camping-la-garangeoire.com\/wp-content\/uploads\/2023\/03\/graphic-node-N-AC7tTcD-c-unsplash-768x1024.webp 768w, https:\/\/www.camping-la-garangeoire.com\/wp-content\/uploads\/2023\/03\/graphic-node-N-AC7tTcD-c-unsplash-225x300.webp 225w, https:\/\/www.camping-la-garangeoire.com\/wp-content\/uploads\/2023\/03\/graphic-node-N-AC7tTcD-c-unsplash.webp 1024w\" sizes=\"(max-width: 768px) 100vw, 768px\" \/><\/figure>\n<\/div>\n<\/div>\n<\/div><\/div>\n\n\n\n<div class=\"wp-container-69f26e4ac9ffe wp-block-group\"><div class=\"wp-block-group__inner-container\">\n<h2 class=\"h6 has-vert-color has-text-color\" id=\"a-la-mothe-achard-8-kilometres\">In La Mothe-Achard, 8 Kilometer :<\/h2>\n\n\n\n<ul class=\"pictos col-7 liste-mob has-vert-color has-text-color\"><li><i class=\"fal fa-shop\"><\/i> <a href=\"https:\/\/www.magasins-u.com\/superu-lamotheachard\">2 Superm\u00e4rkte<\/a><\/li><li><i class=\"fal fa-basket-shopping\"><\/i>  Markt<\/li><li><i class=\"fal fa-flower-daffodil\"><\/i>  Blumenladen<\/li><li><i class=\"fal fa-fish\"><\/i>  Fischladen<\/li><li><i class=\"fal fa-hand-holding-medical\"><\/i>  Apotheke<\/li><li><i class=\"fal fa-dog\"><\/i>  Tierarzt<\/li><li><i class=\"fal fa-briefcase-medical\"><\/i>  Krankengymnastik und Osteopathie<\/li><li><i class=\"fal fa-house-medical\"><\/i>  \u00c4rztehaus<\/li><li><i class=\"fal fa-dumbbell\"><\/i> <a href=\"https:\/\/www.la-box-crossfit-lma.fr\/\">Die LMA Crossfit Box<\/a><\/li><li><i class=\"fal fa-envelope\"><\/i>  Postamt<\/li><li><i class=\"fal fa-money-bill\"><\/i>  Banken und Geldautomaten<\/li><li><i class=\"fal fa-map-location-dot\"><\/i> <a href=\"http:\/\/www.achards-tourisme.com\/\">Fremdenverkehrsamt<\/a><\/li><li><i class=\"fal fa-water-ladder\"><\/i> <a href=\"http:\/\/www.achards-tourisme.com\/loisirs\/centre-aquatique-du-pays-des-achards\/#photos_menu\">Schwimmbad<\/a> <a href=\"http:\/\/www.achards-tourisme.com\/loisirs\/centre-aquatique-du-pays-des-achards\/#photos_menu\">mit Rutsche<\/a>n<\/li><li><i class=\"fal fa-coffee\"><\/i>  Caf\u00e9s, Restaurants<\/li><li><i class=\"fal fa-baguette\"><\/i>  B\u00e4ckereien<\/li><li><i class=\"fal fa-steak\"><\/i>  Fleischerei<\/li><li><i class=\"fal fa-scissors\"><\/i>  Friseure<\/li><li><i class=\"fal fa-lips\"><\/i>  Sch\u00f6nheitssalons<\/li><li><i class=\"fal fa-train\"><\/i>  SNCF-Bahnhof<\/li><\/ul>\n<\/div><\/div>\n","protected":false},"excerpt":{"rendered":"<p>In Saint-Julien des Landes, 2,5 Kilometer : B\u00e4ckerei \/Konditorei Restaurant Rest&#8217;Olandes Bar\/Tabakladen Lebensmittelgesch\u00e4ft\/Zeitungen Apotheke Arzt Krankenpfleger Friseur Schmuckgesch\u00e4ft Autowerkstatt In La Mothe-Achard, 8 Kilometer : 2 Superm\u00e4rkte Markt Blumenladen Fischladen Apotheke Tierarzt Krankengymnastik und Osteopathie \u00c4rztehaus Die LMA Crossfit Box Postamt Banken und Geldautomaten Fremdenverkehrsamt Schwimmbad mit Rutschen Caf\u00e9s, Restaurants B\u00e4ckereien Fleischerei Friseure Sch\u00f6nheitssalons SNCF-Bahnhof<\/p>\n","protected":false},"author":1,"featured_media":0,"parent":0,"menu_order":0,"comment_status":"closed","ping_status":"closed","template":"","meta":[],"acf":[],"_links":{"self":[{"href":"https:\/\/www.camping-la-garangeoire.com\/de\/wp-json\/wp\/v2\/pages\/5184"}],"collection":[{"href":"https:\/\/www.camping-la-garangeoire.com\/de\/wp-json\/wp\/v2\/pages"}],"about":[{"href":"https:\/\/www.camping-la-garangeoire.com\/de\/wp-json\/wp\/v2\/types\/page"}],"author":[{"embeddable":true,"href":"https:\/\/www.camping-la-garangeoire.com\/de\/wp-json\/wp\/v2\/users\/1"}],"replies":[{"embeddable":true,"href":"https:\/\/www.camping-la-garangeoire.com\/de\/wp-json\/wp\/v2\/comments?post=5184"}],"version-history":[{"count":5,"href":"https:\/\/www.camping-la-garangeoire.com\/de\/wp-json\/wp\/v2\/pages\/5184\/revisions"}],"predecessor-version":[{"id":6582,"href":"https:\/\/www.camping-la-garangeoire.com\/de\/wp-json\/wp\/v2\/pages\/5184\/revisions\/6582"}],"wp:attachment":[{"href":"https:\/\/www.camping-la-garangeoire.com\/de\/wp-json\/wp\/v2\/media?parent=5184"}],"curies":[{"name":"wp","href":"https:\/\/api.w.org\/{rel}","templated":true}]}}