{"id":5182,"date":"2023-06-13T11:49:27","date_gmt":"2023-06-13T09:49:27","guid":{"rendered":"https:\/\/www.camping-la-garangeoire.com\/rekrutierung\/"},"modified":"2026-02-18T09:36:18","modified_gmt":"2026-02-18T08:36:18","slug":"rekrutierung","status":"publish","type":"page","link":"https:\/\/www.camping-la-garangeoire.com\/de\/rekrutierung\/","title":{"rendered":"Rekrutierung"},"content":{"rendered":"\n<div class=\"wp-block-cover is-light\"><span aria-hidden=\"true\" class=\"wp-block-cover__gradient-background has-background-dim\"><\/span><img loading=\"lazy\" width=\"2048\" height=\"969\" class=\"wp-block-cover__image-background wp-image-1820\" alt=\"\" src=\"https:\/\/www.camping-la-garangeoire.com\/wp-content\/uploads\/2023\/03\/gar_castel_la_garangeoire_231039_023.webp\" data-object-fit=\"cover\" srcset=\"https:\/\/www.camping-la-garangeoire.com\/wp-content\/uploads\/2023\/03\/gar_castel_la_garangeoire_231039_023.webp 2048w, https:\/\/www.camping-la-garangeoire.com\/wp-content\/uploads\/2023\/03\/gar_castel_la_garangeoire_231039_023-300x142.webp 300w, https:\/\/www.camping-la-garangeoire.com\/wp-content\/uploads\/2023\/03\/gar_castel_la_garangeoire_231039_023-1024x485.webp 1024w, https:\/\/www.camping-la-garangeoire.com\/wp-content\/uploads\/2023\/03\/gar_castel_la_garangeoire_231039_023-768x363.webp 768w, https:\/\/www.camping-la-garangeoire.com\/wp-content\/uploads\/2023\/03\/gar_castel_la_garangeoire_231039_023-1536x727.webp 1536w\" sizes=\"(max-width: 2048px) 100vw, 2048px\" \/><div class=\"wp-block-cover__inner-container\">\n<h1 id=\"recrutement\">Rekrutierung  <\/h1>\n\n\n\n<p>Sind Sie auf der Suche nach einer sinnvollen Arbeit? M\u00f6chten Sie sich einem Unternehmen anschlie\u00dfen, dessen Werte mit Ihren eigenen \u00fcbereinstimmen?<\/p>\n<\/div><\/div>\n\n\n\n<div class=\"wp-block-columns G-15\">\n<div class=\"wp-block-column\">\n<h2 class=\"h4 has-rouge-color has-text-color\" id=\"le-castel-camping-la-garangeoire-recrute-pour-la-saison-2023\">Der Castel Camping La Garangeoire stellt f\u00fcr die Saison 2026 ein!<\/h2>\n\n\n\n<p>Rund um ein elegantes Directoire-Haus im Hinterland der Vend\u00e9e, nur 13 Kilometer von den Str\u00e4nden (Br\u00e9tignolles-sur-Mer) entfernt, bietet der 5-Sterne-Castel Camping La Garangeoire seinen Urlaubern das gewisse <strong>Extra<\/strong>, das den Unterschied ausmacht.<\/p>\n\n\n\n<div class=\"wp-block-group lire-plus-mobile\"><div class=\"wp-block-group__inner-container\">\n<p class=\"has-rouge-color has-text-color\">Lesen Sie mehr<\/p>\n\n\n\n<div class=\"wp-container-69f5d2eee5b7c wp-block-group\"><div class=\"wp-block-group__inner-container\">\n<p>Es werden etwa 80 Stellen angeboten.  <strong>Warum also nicht auch Sie?<\/strong><\/p>\n\n\n\n<p>Wir stellen saisonale befristete Arbeitsvertr\u00e4ge f\u00fcr mindestens 4 aufeinanderfolgende Wochen und je nach Position bis zu 6 Monate ein. Viele offene Stellen decken den Zeitraum vom 22. Mai bis zum 14. September ab.  <strong>Z\u00f6gern Sie nicht, sich unabh\u00e4ngig von Ihrem Hintergrund zu bewerben!<\/strong><\/p>\n\n\n\n<p><strong>Es wird empfohlen, uns ab Februar einen Lebenslauf mit Foto und ein Bewerbungsschreiben zu schicken und nicht zu z\u00f6gern, uns erneut zu kontaktieren, um zu erfahren, wie es mit einer Bewerbung weitergeht.<\/strong><\/p>\n<\/div><\/div>\n<\/div><\/div>\n<\/div>\n\n\n\n<div class=\"wp-block-column\">\n<figure class=\"wp-block-gallery has-nested-images columns-default is-cropped\">\n<figure class=\"wp-block-image size-large\"><img loading=\"lazy\" width=\"1024\" height=\"521\" src=\"https:\/\/www.camping-la-garangeoire.com\/wp-content\/uploads\/2023\/03\/gar_castel_la_garangeoire_231039_139-1024x521.webp\" alt=\"\" class=\"wp-image-1826\" srcset=\"https:\/\/www.camping-la-garangeoire.com\/wp-content\/uploads\/2023\/03\/gar_castel_la_garangeoire_231039_139-1024x521.webp 1024w, https:\/\/www.camping-la-garangeoire.com\/wp-content\/uploads\/2023\/03\/gar_castel_la_garangeoire_231039_139-300x153.webp 300w, https:\/\/www.camping-la-garangeoire.com\/wp-content\/uploads\/2023\/03\/gar_castel_la_garangeoire_231039_139-768x391.webp 768w, https:\/\/www.camping-la-garangeoire.com\/wp-content\/uploads\/2023\/03\/gar_castel_la_garangeoire_231039_139-1536x782.webp 1536w, https:\/\/www.camping-la-garangeoire.com\/wp-content\/uploads\/2023\/03\/gar_castel_la_garangeoire_231039_139.webp 2000w\" sizes=\"(max-width: 1024px) 100vw, 1024px\" \/><\/figure>\n\n\n\n<figure class=\"wp-block-image size-large\"><img loading=\"lazy\" width=\"1024\" height=\"683\" src=\"https:\/\/www.camping-la-garangeoire.com\/wp-content\/uploads\/2024\/10\/20190209150358_IMG_0995-1024x683.jpg\" alt=\"\" class=\"wp-image-11069\" srcset=\"https:\/\/www.camping-la-garangeoire.com\/wp-content\/uploads\/2024\/10\/20190209150358_IMG_0995-1024x683.jpg 1024w, https:\/\/www.camping-la-garangeoire.com\/wp-content\/uploads\/2024\/10\/20190209150358_IMG_0995-300x200.jpg 300w, https:\/\/www.camping-la-garangeoire.com\/wp-content\/uploads\/2024\/10\/20190209150358_IMG_0995-768x512.jpg 768w, https:\/\/www.camping-la-garangeoire.com\/wp-content\/uploads\/2024\/10\/20190209150358_IMG_0995-1536x1024.jpg 1536w, https:\/\/www.camping-la-garangeoire.com\/wp-content\/uploads\/2024\/10\/20190209150358_IMG_0995.jpg 1920w\" sizes=\"(max-width: 1024px) 100vw, 1024px\" \/><\/figure>\n<\/figure>\n\n\n\n<ul class=\"pictos col-2 has-ocre-color has-text-color\"><li><i class=\"fal fa-briefcase\"><\/i>  Saisonaler befristeter Arbeitsvertrag<\/li><li><i class=\"fal fa-clock\"><\/i>  Bis zu 8 Monate<\/li><li><i class=\"fal fa-calendar\"><\/i>  Von Mai bis September<\/li><li><i class=\"fal fa-stars\"><\/i>  5-Sterne-Campingplatz<\/li><\/ul>\n<\/div>\n<\/div>\n\n\n\n<div class=\"wp-container-69f5d2eee655a wp-block-group alignfull G-20\"><div class=\"wp-block-group__inner-container\">\n<figure class=\"wp-block-image size-full\"><img loading=\"lazy\" width=\"2048\" height=\"875\" src=\"https:\/\/www.camping-la-garangeoire.com\/wp-content\/uploads\/2023\/03\/gar_castel_la_garangeoire_231039_156.webp\" alt=\"\" class=\"wp-image-1829\" srcset=\"https:\/\/www.camping-la-garangeoire.com\/wp-content\/uploads\/2023\/03\/gar_castel_la_garangeoire_231039_156.webp 2048w, https:\/\/www.camping-la-garangeoire.com\/wp-content\/uploads\/2023\/03\/gar_castel_la_garangeoire_231039_156-300x128.webp 300w, https:\/\/www.camping-la-garangeoire.com\/wp-content\/uploads\/2023\/03\/gar_castel_la_garangeoire_231039_156-1024x438.webp 1024w, https:\/\/www.camping-la-garangeoire.com\/wp-content\/uploads\/2023\/03\/gar_castel_la_garangeoire_231039_156-768x328.webp 768w, https:\/\/www.camping-la-garangeoire.com\/wp-content\/uploads\/2023\/03\/gar_castel_la_garangeoire_231039_156-1536x656.webp 1536w\" sizes=\"(max-width: 2048px) 100vw, 2048px\" \/><\/figure>\n\n\n\n<div class=\"wp-block-columns\">\n<div class=\"wp-block-column\" style=\"flex-basis:72%\">\n<div class=\"wp-block-columns\">\n<div class=\"wp-block-column\">\n<figure class=\"wp-block-image size-large\"><img loading=\"lazy\" width=\"1024\" height=\"683\" src=\"https:\/\/www.camping-la-garangeoire.com\/wp-content\/uploads\/2024\/10\/20190213163159_IMG_1052-1024x683.jpg\" alt=\"\" class=\"wp-image-11077\" srcset=\"https:\/\/www.camping-la-garangeoire.com\/wp-content\/uploads\/2024\/10\/20190213163159_IMG_1052-1024x683.jpg 1024w, https:\/\/www.camping-la-garangeoire.com\/wp-content\/uploads\/2024\/10\/20190213163159_IMG_1052-300x200.jpg 300w, https:\/\/www.camping-la-garangeoire.com\/wp-content\/uploads\/2024\/10\/20190213163159_IMG_1052-768x512.jpg 768w, https:\/\/www.camping-la-garangeoire.com\/wp-content\/uploads\/2024\/10\/20190213163159_IMG_1052-1536x1024.jpg 1536w, https:\/\/www.camping-la-garangeoire.com\/wp-content\/uploads\/2024\/10\/20190213163159_IMG_1052.jpg 1920w\" sizes=\"(max-width: 1024px) 100vw, 1024px\" \/><\/figure>\n<\/div>\n\n\n\n<div class=\"wp-block-column\">\n<h2 class=\"h3 has-vert-color has-text-color\" id=\"pourquoi-rejoindre-l-equipe-de-la-garangeoire\">Warum sollten Sie sich dem Team von La Garangeoire anschlie\u00dfen?<\/h2>\n\n\n\n<ul><li>Genie\u00dfen Sie ein <strong>einzigartiges Arbeitsumfeld<\/strong> in einem <strong>200 Hektar<\/strong> gro\u00dfen Anwesen<\/li><li>Teilen Sie gemeinsame Werte wie Authentizit\u00e4t, Umweltschutz, Bewahrung des Kulturerbes, Gastfreundschaft<\/li><li>Werden Sie Teil eines sich st\u00e4ndig weiterentwickelnden <strong>Familienunternehmens<\/strong> und eines dynamischen Teams von 22 festangestellten Mitarbeitern.<\/li><li>Arbeiten Sie in einer <strong>internationalen Atmosph\u00e4re <\/strong>und <strong>perfektionieren Sie Ihr Englisch<\/strong><\/li><li>Profitieren Sie von einer Betriebskrankenkasse, der Begleitung durch einen Tutor, Schulungen, einem festen Ruhetag etc.<\/li><li>Holen Sie sich die Stelle, die zu Ihnen passt: <strong>ein einfacher Sommerjob oder eine verantwortungsvolle Position<\/strong>.<\/li><\/ul>\n\n\n\n<p>Hier <strong>finden Sie<\/strong><a href=\"https:\/\/www.camping-la-garangeoire.com\/wp-content\/uploads\/2023\/03\/Pourquoi-rejoindre-notre-equipe-2023.pdf\" target=\"_blank\" rel=\"noreferrer noopener\"><strong>alle unsere Argumente<\/strong>, die Sie <strong>davon \u00fcberzeugen sollen, sich unserem Team anzuschlie\u00dfen<\/strong><\/a><strong>.<\/strong><\/p>\n\n\n\n<p class=\"h4\" id=\"car-ils-en-parlent-mieux-que-nous-decouvrez-les-temoignages-de-nos-anciens-saisonniers-qui-partagent-leur-experience\">Denn sie sprechen besser dar\u00fcber als wir. <a href=\"https:\/\/www.camping-la-garangeoire.com\/de\/erfahrungsberichte-ehemaliger-saisonarbeiter\/\" data-type=\"page\" data-id=\"1835\">Entdecken Sie die Erfahrungsberichte unserer ehemaligen Saisonarbeiter, die ihre Erfahrungen teilen<\/a>!<\/p>\n\n\n\n<div class=\"wp-container-69f5d2eee5fce wp-block-buttons\">\n<div class=\"wp-block-button fancybox\"><a class=\"wp-block-button__link\" href=\"https:\/\/youtu.be\/9YCRfx_jKGQ?list=PLeVSZVdj7QW--GuEyRAOgJ5YfdiTb_OVF\"><i class=\"fal fa-play\"><\/i>  Entdecken Sie den Campingplatz auf Video<\/a><\/div>\n<\/div>\n<\/div>\n<\/div>\n<\/div>\n\n\n\n<div class=\"wp-block-column\">\n<figure class=\"wp-block-image size-large\"><img loading=\"lazy\" width=\"683\" height=\"1024\" src=\"https:\/\/www.camping-la-garangeoire.com\/wp-content\/uploads\/2024\/10\/IMG_3171-min-683x1024.jpg\" alt=\"\" class=\"wp-image-11073\" srcset=\"https:\/\/www.camping-la-garangeoire.com\/wp-content\/uploads\/2024\/10\/IMG_3171-min-683x1024.jpg 683w, https:\/\/www.camping-la-garangeoire.com\/wp-content\/uploads\/2024\/10\/IMG_3171-min-200x300.jpg 200w, https:\/\/www.camping-la-garangeoire.com\/wp-content\/uploads\/2024\/10\/IMG_3171-min-768x1152.jpg 768w, https:\/\/www.camping-la-garangeoire.com\/wp-content\/uploads\/2024\/10\/IMG_3171-min-1024x1536.jpg 1024w, https:\/\/www.camping-la-garangeoire.com\/wp-content\/uploads\/2024\/10\/IMG_3171-min-1365x2048.jpg 1365w, https:\/\/www.camping-la-garangeoire.com\/wp-content\/uploads\/2024\/10\/IMG_3171-min-scaled.jpg 1707w\" sizes=\"(max-width: 683px) 100vw, 683px\" \/><\/figure>\n<\/div>\n<\/div>\n\n\n\n<p>Bei uns bedeutet Urlaub Abwechslung und neue Begegnungen. <strong>Weit entfernt von standardisierten Campingketten<\/strong> erm\u00f6glicht unsere Einrichtung Urlaubern, eine Pause vom Alltag zu machen und emotional aufgeladene Erinnerungen zu tanken.<\/p>\n\n\n\n<div class=\"wp-block-group lire-plus-mobile\"><div class=\"wp-block-group__inner-container\">\n<p class=\"has-vert-color has-text-color\">Lesen Sie mehr<\/p>\n\n\n\n<div class=\"wp-container-69f5d2eee6300 wp-block-group\"><div class=\"wp-block-group__inner-container\">\n<p>F\u00fcr Naturliebhaber bieten wir zahlreiche Aktivit\u00e4ten vor Ort an: Angeln in den 4 fischreichen Teichen des Anwesens, Wanderungen, Reit- und Fahrradtouren, Kanufahren auf dem gro\u00dfen Teich&#8230;<\/p>\n\n\n\n<p>Die Vielfalt an hochwertigen Dienstleistungen ist unsere St\u00e4rke, ebenso wie die direkte Verwaltung aller Dienstleistungen, die von Mai bis September ge\u00f6ffnet sind: <strong>Bar, Restaurant, Supermarkt, Take-away-Service, Fahrradverleih, Fu\u00dfballschule, Reitstall<\/strong> (ganzj\u00e4hrig ge\u00f6ffnet).<\/p>\n\n\n\n<p>Animationsseite? Sehr viele Animationen und abwechslungsreiche Aktivit\u00e4ten erfreuen Gro\u00df und Klein: <strong>Bogenschie\u00dfen, Kinderclub, Pedal-Gokart, Minigolf, Tennis, Yoga, Crossfit etc.<\/strong><\/p>\n\n\n\n<p><strong>Ein erstklassiger Campingplatz mit einer un\u00fcbertroffenen Kundenzufriedenheit.<\/strong><\/p>\n<\/div><\/div>\n<\/div><\/div>\n<\/div><\/div>\n\n\n\n<div class=\"wp-block-columns G-00\">\n<div class=\"wp-block-column\">\n<h2 class=\"h3\" id=\"liste-des-postes-saisonniers-a-pourvoir-chaque-annee\">Liste der j\u00e4hrlich zu besetzenden Saisonstellen<\/h2>\n\n\n\n<p><strong>Stellen mit Diplom oder Qualifikation:<\/strong><\/p>\n\n\n\n<p>K\u00fcchenchef &#8211; Chef de partie &#8211; Commis de cuisine &#8211; Pizzaiolo &#8211; Zweisprachiger Fu\u00dfballtrainer &#8211; Sportanimateur &#8211; Fischereianimateur\/Naturanimateur &#8211; Bademeister mit flie\u00dfendem Englisch &#8211; Zweisprachiger Reitlehrer &#8211; Schwimmbadtechniker &#8211; Fahrradreparateur\/-verleiher (zweisprachig) &#8211; G\u00e4rtner &#8211; Mehrzweckwartungsarbeiter &#8211; HR-Assistent &#8211; Buchhaltungsassistent &#8211; Pflege von Gr\u00fcnfl\u00e4chen und kleine Reparaturen<\/p>\n<\/div>\n\n\n\n<div class=\"wp-block-column\">\n<p><strong>Stellen, f\u00fcr die flie\u00dfendes Englisch zwingend erforderlich ist:<\/strong><\/p>\n\n\n\n<p>Rezeptionist\/in &#8211; Verkauf von Speisen zum Mitnehmen &#8211; Animationskoordinator\/in &#8211; Kinderanimateur\/in &#8211; Nachtw\u00e4chter\/in &#8211; Assistant Manager\/Barmanager\/in &#8211; Barkeeper\/in &#8211; Restaurantkellner\/in &#8211; Leiter\/in eines Mini-Marktes &#8211; Mitarbeiter\/in eines Mini-Marktes &#8211; Eisverk\u00e4ufer\/in<\/p>\n\n\n\n<p><strong>Stellen, bei denen vorherige Erfahrung erw\u00fcnscht, aber nicht erforderlich ist:<\/strong><\/p>\n\n\n\n<p>Au\u00dfenpflege &#8211; Reinigung von Geb\u00e4uden, Chalets und Mobilheimen &#8211; Zimmerm\u00e4dchen &#8211; Assistentin der Haush\u00e4lterin\/des Hausm\u00e4dchens &#8211; Tellerw\u00e4scher &#8211; Zubereitung von Speisen zum Mitnehmen<\/p>\n<\/div>\n<\/div>\n\n\n\n<div class=\"wp-container-69f5d2eee6c70 wp-block-group G-10 a has-fond-background-color has-background\"><div class=\"wp-block-group__inner-container\">\n<div class=\"wp-block-columns\">\n<div class=\"wp-block-column encart has-blanc-background-color has-background\">\n<h2 class=\"h6 has-ocre-color has-text-color\" id=\"fa-icon-icon-fas-fa-child-postes-saisonniers-ouverts-aux-mineurs\"><i class=\"fas fa-child\"><\/i>  Saisonale Stellen, die f\u00fcr Minderj\u00e4hrige ge\u00f6ffnet sind<\/h2>\n\n\n\n<p><strong>Die Stellen als Commis de Cuisine (K\u00fcchenhilfe) und Prepper of Take-away (Zubereitung von Speisen zum Mitnehmen)<\/strong> stehen minderj\u00e4hrigen Sch\u00fclern des Bac Pro Cuisine offen: Stelle mit 35 Stunden\/Woche, von Dienstag bis einschlie\u00dflich Samstag.<\/p>\n\n\n\n<p><strong>Minderj\u00e4hrigen werden auch Stellen zur Reinigung von Geb\u00e4uden, Chalets und Mobilheimen<\/strong> <strong>oder zur Pflege der Au\u00dfenanlagen<\/strong> angeboten, entweder in Teilzeit (Mittwoch oder Freitag und Samstag) oder in Vollzeit (35 Stunden\/Woche, von Dienstag bis einschlie\u00dflich Samstag).<\/p>\n<\/div>\n\n\n\n<div class=\"wp-block-column\">\n<p class=\"h2 has-vert-color has-text-color\" id=\"une-entreprise-en-perpetuelle-evolution\">Ein Unternehmen, das sich st\u00e4ndig weiterentwickelt!<\/p>\n<\/div>\n<\/div>\n\n\n\n<div class=\"wp-block-columns\">\n<div class=\"wp-block-column\">\n<figure class=\"wp-block-gallery has-nested-images columns-4 is-cropped\">\n<figure class=\"wp-block-image size-large\"><img loading=\"lazy\" width=\"683\" height=\"1024\" src=\"https:\/\/www.camping-la-garangeoire.com\/wp-content\/uploads\/2024\/10\/LaGarangeoire\u252c\u00aeClemoCreative_952-683x1024.jpg\" alt=\"\" class=\"wp-image-11085\" srcset=\"https:\/\/www.camping-la-garangeoire.com\/wp-content\/uploads\/2024\/10\/LaGarangeoire\u252c\u00aeClemoCreative_952-683x1024.jpg 683w, https:\/\/www.camping-la-garangeoire.com\/wp-content\/uploads\/2024\/10\/LaGarangeoire\u252c\u00aeClemoCreative_952-200x300.jpg 200w, https:\/\/www.camping-la-garangeoire.com\/wp-content\/uploads\/2024\/10\/LaGarangeoire\u252c\u00aeClemoCreative_952-768x1151.jpg 768w, https:\/\/www.camping-la-garangeoire.com\/wp-content\/uploads\/2024\/10\/LaGarangeoire\u252c\u00aeClemoCreative_952-1025x1536.jpg 1025w, https:\/\/www.camping-la-garangeoire.com\/wp-content\/uploads\/2024\/10\/LaGarangeoire\u252c\u00aeClemoCreative_952-1366x2048.jpg 1366w, https:\/\/www.camping-la-garangeoire.com\/wp-content\/uploads\/2024\/10\/LaGarangeoire\u252c\u00aeClemoCreative_952-scaled.jpg 1708w\" sizes=\"(max-width: 683px) 100vw, 683px\" \/><\/figure>\n\n\n\n<figure class=\"wp-block-image size-large\"><img loading=\"lazy\" width=\"683\" height=\"1024\" src=\"https:\/\/www.camping-la-garangeoire.com\/wp-content\/uploads\/2026\/01\/LaGarangeoire\u00a9ClemoCreative_776-683x1024.jpg\" alt=\"\" class=\"wp-image-13925\" srcset=\"https:\/\/www.camping-la-garangeoire.com\/wp-content\/uploads\/2026\/01\/LaGarangeoire\u00a9ClemoCreative_776-683x1024.jpg 683w, https:\/\/www.camping-la-garangeoire.com\/wp-content\/uploads\/2026\/01\/LaGarangeoire\u00a9ClemoCreative_776-200x300.jpg 200w, https:\/\/www.camping-la-garangeoire.com\/wp-content\/uploads\/2026\/01\/LaGarangeoire\u00a9ClemoCreative_776-768x1151.jpg 768w, https:\/\/www.camping-la-garangeoire.com\/wp-content\/uploads\/2026\/01\/LaGarangeoire\u00a9ClemoCreative_776.jpg 1024w\" sizes=\"(max-width: 683px) 100vw, 683px\" \/><\/figure>\n\n\n\n<figure class=\"wp-block-image size-large\"><img loading=\"lazy\" width=\"683\" height=\"1024\" src=\"https:\/\/www.camping-la-garangeoire.com\/wp-content\/uploads\/2024\/10\/LaGarangeoire\u252c\u00aeClemoCreative_1009-683x1024.jpg\" alt=\"\" class=\"wp-image-11102\" srcset=\"https:\/\/www.camping-la-garangeoire.com\/wp-content\/uploads\/2024\/10\/LaGarangeoire\u252c\u00aeClemoCreative_1009-683x1024.jpg 683w, https:\/\/www.camping-la-garangeoire.com\/wp-content\/uploads\/2024\/10\/LaGarangeoire\u252c\u00aeClemoCreative_1009-200x300.jpg 200w, https:\/\/www.camping-la-garangeoire.com\/wp-content\/uploads\/2024\/10\/LaGarangeoire\u252c\u00aeClemoCreative_1009-768x1151.jpg 768w, https:\/\/www.camping-la-garangeoire.com\/wp-content\/uploads\/2024\/10\/LaGarangeoire\u252c\u00aeClemoCreative_1009-1025x1536.jpg 1025w, https:\/\/www.camping-la-garangeoire.com\/wp-content\/uploads\/2024\/10\/LaGarangeoire\u252c\u00aeClemoCreative_1009-1366x2048.jpg 1366w, https:\/\/www.camping-la-garangeoire.com\/wp-content\/uploads\/2024\/10\/LaGarangeoire\u252c\u00aeClemoCreative_1009-scaled.jpg 1708w\" sizes=\"(max-width: 683px) 100vw, 683px\" \/><\/figure>\n\n\n\n<figure class=\"wp-block-image size-large\"><img loading=\"lazy\" width=\"819\" height=\"1024\" src=\"https:\/\/www.camping-la-garangeoire.com\/wp-content\/uploads\/2024\/10\/2-min-819x1024.png\" alt=\"\" class=\"wp-image-11106\" srcset=\"https:\/\/www.camping-la-garangeoire.com\/wp-content\/uploads\/2024\/10\/2-min-819x1024.png 819w, https:\/\/www.camping-la-garangeoire.com\/wp-content\/uploads\/2024\/10\/2-min-240x300.png 240w, https:\/\/www.camping-la-garangeoire.com\/wp-content\/uploads\/2024\/10\/2-min-768x960.png 768w, https:\/\/www.camping-la-garangeoire.com\/wp-content\/uploads\/2024\/10\/2-min.png 1200w\" sizes=\"(max-width: 819px) 100vw, 819px\" \/><\/figure>\n<\/figure>\n\n\n\n<div class=\"wp-container-69f5d2eee69c9 wp-block-group encart\"><div class=\"wp-block-group__inner-container\">\n<p class=\"h5 has-ocre-color has-text-color\">CDD oder Praktikum<\/p>\n\n\n\n<p class=\"h4 has-ocre-color has-text-color\">Praktikumsangebote Fr\u00fchjahr\/Sommer 2026<\/p>\n\n\n\n<p>Wir beteiligen uns gerne an der Ausbildung motivierter Praktikanten in allen Bereichen, die unsere Schule abdeckt.<\/p>\n\n\n\n<p>Alle Bewerbungen f\u00fcr ein Praktikum k\u00f6nnen an <a href=\"mailto:rh@garangeoire.com\">rh@garangeoire.com<\/a> gerichtet werden.<\/p>\n<\/div><\/div>\n\n\n\n<p>Sie m\u00f6chten in ein Unternehmen einsteigen, das sich st\u00e4ndig weiterentwickelt und die Qualit\u00e4t des Arbeitslebens f\u00fcr einen besseren Kundenservice in den Vordergrund stellt? Dann senden Sie bitte Ihren Lebenslauf und Ihr Bewerbungsschreiben an :<\/p>\n\n\n\n<p><strong>Castel Camping La Garangeoire Service Recrutement La Garangeoire 85150 Saint-Julien des Landes oder per E-Mail an  <a href=\"mailto:rh@garangeoire.com\">[rh@garangeoire .com]<\/a><\/strong><\/p>\n<\/div>\n\n\n\n<div class=\"wp-block-column\">\n<ul class=\"pictos col-1 has-vert-color has-text-color\"><li><i class=\"fal fa-graduation-cap\"><\/i>  Praktikumsangebote<\/li><li><i class=\"fal fa-sun\"><\/i>  Saisonvertr\u00e4ge<\/li><li><i class=\"fal fa-mailbox\"><\/i>  Spontane Bewerbungen<\/li><\/ul>\n<\/div>\n<\/div>\n<\/div><\/div>\n","protected":false},"excerpt":{"rendered":"<p>Der Castel Camping La Garangeoire stellt f\u00fcr die Saison 2026 ein! Rund um ein elegantes Directoire-Haus im Hinterland der Vend\u00e9e, nur 13 Kilometer von den Str\u00e4nden (Br\u00e9tignolles-sur-Mer) entfernt, bietet der 5-Sterne-Castel Camping La Garangeoire seinen Urlaubern das gewisse Extra, das den Unterschied ausmacht. Saisonaler befristeter Arbeitsvertrag Bis zu 8 Monate Von Mai bis September 5-Sterne-Campingplatz [&hellip;]<\/p>\n","protected":false},"author":1,"featured_media":0,"parent":0,"menu_order":0,"comment_status":"closed","ping_status":"closed","template":"","meta":[],"acf":[],"_links":{"self":[{"href":"https:\/\/www.camping-la-garangeoire.com\/de\/wp-json\/wp\/v2\/pages\/5182"}],"collection":[{"href":"https:\/\/www.camping-la-garangeoire.com\/de\/wp-json\/wp\/v2\/pages"}],"about":[{"href":"https:\/\/www.camping-la-garangeoire.com\/de\/wp-json\/wp\/v2\/types\/page"}],"author":[{"embeddable":true,"href":"https:\/\/www.camping-la-garangeoire.com\/de\/wp-json\/wp\/v2\/users\/1"}],"replies":[{"embeddable":true,"href":"https:\/\/www.camping-la-garangeoire.com\/de\/wp-json\/wp\/v2\/comments?post=5182"}],"version-history":[{"count":6,"href":"https:\/\/www.camping-la-garangeoire.com\/de\/wp-json\/wp\/v2\/pages\/5182\/revisions"}],"predecessor-version":[{"id":13963,"href":"https:\/\/www.camping-la-garangeoire.com\/de\/wp-json\/wp\/v2\/pages\/5182\/revisions\/13963"}],"wp:attachment":[{"href":"https:\/\/www.camping-la-garangeoire.com\/de\/wp-json\/wp\/v2\/media?parent=5182"}],"curies":[{"name":"wp","href":"https:\/\/api.w.org\/{rel}","templated":true}]}}