{"id":5178,"date":"2023-06-13T11:45:56","date_gmt":"2023-06-13T09:45:56","guid":{"rendered":"https:\/\/www.camping-la-garangeoire.com\/in-den-urlaub-mit-seinem-hund-vendee-gehen\/"},"modified":"2026-03-09T10:08:58","modified_gmt":"2026-03-09T09:08:58","slug":"in-den-urlaub-mit-seinem-hund-vendee-gehen","status":"publish","type":"page","link":"https:\/\/www.camping-la-garangeoire.com\/de\/in-den-urlaub-mit-seinem-hund-vendee-gehen\/","title":{"rendered":"Mit ihrem hund reisen nach camping La Garangeoire"},"content":{"rendered":"\n<div class=\"wp-block-cover is-light\"><span aria-hidden=\"true\" class=\"wp-block-cover__gradient-background has-background-dim\"><\/span><img loading=\"lazy\" width=\"2048\" height=\"1112\" class=\"wp-block-cover__image-background wp-image-1689\" alt=\"\" src=\"https:\/\/www.camping-la-garangeoire.com\/wp-content\/uploads\/2023\/03\/garangeoire-6.webp\" data-object-fit=\"cover\" srcset=\"https:\/\/www.camping-la-garangeoire.com\/wp-content\/uploads\/2023\/03\/garangeoire-6.webp 2048w, https:\/\/www.camping-la-garangeoire.com\/wp-content\/uploads\/2023\/03\/garangeoire-6-300x163.webp 300w, https:\/\/www.camping-la-garangeoire.com\/wp-content\/uploads\/2023\/03\/garangeoire-6-1024x556.webp 1024w, https:\/\/www.camping-la-garangeoire.com\/wp-content\/uploads\/2023\/03\/garangeoire-6-768x417.webp 768w, https:\/\/www.camping-la-garangeoire.com\/wp-content\/uploads\/2023\/03\/garangeoire-6-1536x834.webp 1536w\" sizes=\"(max-width: 2048px) 100vw, 2048px\" \/><div class=\"wp-block-cover__inner-container\">\n<h1 id=\"partir-en-vacances-avec-son-chien-a-la-garangeoire\">Mit ihrem hund reisen nach camping La Garangeoire<\/h1>\n<\/div><\/div>\n\n\n\n<div class=\"wp-block-columns are-vertically-aligned-center G-00\">\n<div class=\"wp-block-column is-vertically-aligned-center\">\n<h2 class=\"has-text-align-center h4\" id=\"partir-en-vacances-avec-son-chien-c-est\">Mit Hund im Urlaub hei\u00dft bei uns:<\/h2>\n\n\n\n<ul class=\"has-fond-ocre-background-color has-background\"><li><strong>200 Hektar Natur <\/strong>f\u00fcr Spazierg\u00e4nge an der frischen Luft<\/li><li>Die M\u00f6glichkeit, Ihren Hund in die<strong> Gemeinschaftsbereiche <\/strong>und in (fast) alle Unterk\u00fcnfte mitzunehmen<\/li><li><strong>Schattige Stellpl\u00e4tze <\/strong>f\u00fcr den Komfort Ihres Haustiers<\/li><li><strong>Kleine Aufmerksamkeiten, die den Unterschied machen: <\/strong>Willkommenspaket, Erfrischung bei der Ankunft, Leckerlis \u2013 und nat\u00fcrlich Streicheleinheiten!<\/li><li><strong>Eine Hundedusche <\/strong>zu Ihrer Verf\u00fcgung<\/li><li>Betreute Aktivit\u00e4ten mit einem Trainer, wie gemeinsame<strong> Hundewanderungen<\/strong><\/li><li><strong>Ein Team, das Termine mit Hundedienstleistern <\/strong>(Tier\u00e4rzte, Hundepensionen, Hundefriseure usw.) f\u00fcr Sie vereinbart<\/li><li><strong>Eine ideale Lage, um die Vend\u00e9e und ihre Str\u00e4nde zu entdecken <\/strong>(mit den wertvollen Tipps unseres Rezeptionsteams)<\/li><\/ul>\n<\/div>\n\n\n\n<div class=\"wp-block-column is-vertically-aligned-center\">\n<p class=\"h3 has-ocre-color has-text-color\">Mit uns ist es m\u00f6glich, Haustiere und Urlaub zu kombinieren!<\/p>\n\n\n\n<p>Wir verpflichten uns, Ihren vierbeinigen Freund bestens willkommen zu hei\u00dfen. Wir haben daf\u00fcr sogar \u201e4 Schnauzen\u201c auf der Plattform<strong> <a rel=\"noreferrer noopener\" href=\"https:\/\/emmenetonchien.com\/\" target=\"_blank\">Emm\u00e8neTonChien.com<\/a> <\/strong>erreicht.&nbsp;Au\u00dferdem sind wir ein DogFriendly Member, mit der Dogs in Hospitality Zertifizierung! <strong><strong>Wie setzen wir uns f\u00fcr das Wohlbefinden Ihres Tieres ein? Entdecken Sie hier unser umfangreiches Leistungsangebot.<\/strong><\/strong><\/p>\n\n\n\n<figure class=\"wp-block-gallery has-nested-images columns-default is-cropped\">\n<figure class=\"wp-block-image size-full\"><img loading=\"lazy\" width=\"300\" height=\"205\" src=\"https:\/\/www.camping-la-garangeoire.com\/wp-content\/uploads\/2023\/12\/LOGO-emmenetonchien-300x205-1.jpg\" alt=\"\" class=\"wp-image-8636\"\/><\/figure>\n\n\n\n<figure class=\"wp-block-image size-full\"><img loading=\"lazy\" width=\"300\" height=\"205\" src=\"https:\/\/www.camping-la-garangeoire.com\/wp-content\/uploads\/2023\/12\/LOGO-Dogs-in-hospitality.webp\" alt=\"\" class=\"wp-image-8658\"\/><\/figure>\n<\/figure>\n\n\n\n<p>So l\u00e4sst sich ein gelungener Urlaub f\u00fcr Sie und Ihr Tier gestalten \u2026<\/p>\n<\/div>\n<\/div>\n\n\n\n<div class=\"wp-container-69f47670be745 wp-block-group alignfull G-20\"><div class=\"wp-block-group__inner-container\">\n<figure class=\"wp-block-image size-full\"><img loading=\"lazy\" width=\"2048\" height=\"1188\" src=\"https:\/\/www.camping-la-garangeoire.com\/wp-content\/uploads\/2023\/03\/garangeoire.1-71.webp\" alt=\"\" class=\"wp-image-1718\" srcset=\"https:\/\/www.camping-la-garangeoire.com\/wp-content\/uploads\/2023\/03\/garangeoire.1-71.webp 2048w, https:\/\/www.camping-la-garangeoire.com\/wp-content\/uploads\/2023\/03\/garangeoire.1-71-300x174.webp 300w, https:\/\/www.camping-la-garangeoire.com\/wp-content\/uploads\/2023\/03\/garangeoire.1-71-1024x594.webp 1024w, https:\/\/www.camping-la-garangeoire.com\/wp-content\/uploads\/2023\/03\/garangeoire.1-71-768x446.webp 768w, https:\/\/www.camping-la-garangeoire.com\/wp-content\/uploads\/2023\/03\/garangeoire.1-71-1536x891.webp 1536w\" sizes=\"(max-width: 2048px) 100vw, 2048px\" \/><\/figure>\n\n\n\n<div class=\"wp-block-columns\">\n<div class=\"wp-block-column\" style=\"flex-basis:72%\">\n<div class=\"wp-block-columns\">\n<div class=\"wp-block-column\">\n<figure class=\"wp-block-image size-full\"><img loading=\"lazy\" width=\"1024\" height=\"768\" src=\"https:\/\/www.camping-la-garangeoire.com\/wp-content\/uploads\/2023\/03\/garangeoire.1-70.webp\" alt=\"\" class=\"wp-image-1712\" srcset=\"https:\/\/www.camping-la-garangeoire.com\/wp-content\/uploads\/2023\/03\/garangeoire.1-70.webp 1024w, https:\/\/www.camping-la-garangeoire.com\/wp-content\/uploads\/2023\/03\/garangeoire.1-70-300x225.webp 300w, https:\/\/www.camping-la-garangeoire.com\/wp-content\/uploads\/2023\/03\/garangeoire.1-70-768x576.webp 768w\" sizes=\"(max-width: 1024px) 100vw, 1024px\" \/><\/figure>\n<\/div>\n\n\n\n<div class=\"wp-block-column\">\n<h2 class=\"h4 has-ocre-color has-text-color\" id=\"les-astuces-pour-un-sejour-a-la-garangeoire-avec-votre-animal-de-compagnie-fa-icon-icon-fas-fa-suitcase-avant-de-partir\"><strong>Tipps zum Aufenthalt mit Haustier auf La Garangeoire:<\/strong><\/h2>\n\n\n\n<h3 class=\"h6 has-vert-color has-text-color\" id=\"les-astuces-pour-un-sejour-a-la-garangeoire-avec-votre-animal-de-compagnie-fa-icon-icon-fas-fa-suitcase-avant-de-partir\"><i class=\"fas fa-suitcase\"><\/i>  Vor der Anreise :<\/h3>\n\n\n\n<p>Vergessen Sie nicht, Ihr Tier bei der Buchung anzumelden. Merken Sie sich, dass\u00a0<a href=\"https:\/\/www.camping-la-garangeoire.com\/de\/mietwohnungen-praktische-informationen\/\">Tiere in fast allen Unterk\u00fcnften erlaubt sind<\/a>\u00a0und Sie in Gemeinschaftsr\u00e4ume wie Restaurant und Bar begleiten k\u00f6nnen.<\/p>\n\n\n\n<p>Au\u00dferhalb der Monate Juli und August ist es m\u00f6glich, mehr als zwei Hunde aufzunehmen, sofern es sich um kleine Hunde handelt. Bitte kontaktieren Sie uns im Voraus.<\/p>\n\n\n\n<p>Bevorzugen Sie beim Campen einen bestimmten Stellplatz, z.B.\u00a0<strong>im Schatten<\/strong>\u00a0um einen Hitzschlag vorzubeugen? Nennen Sie uns einfach beim Buchen Ihre W\u00fcnsche. Bringen Sie das gewohnte Zubeh\u00f6r Ihres Tieres mit: Leine, Futternapf, Spielsachen, damit es sich &#8220;wie zu Hause&#8221; f\u00fchlt.<\/p>\n\n\n\n<h3 class=\"h6 has-vert-color has-text-color\" id=\"pendant-le-sejour\"><i class=\"fas fa-sun\"><\/i>  W\u00e4hrend Ihres Aufenthalts :<\/h3>\n\n\n\n<p>Bitte melden Sie sich gleich nach Ihrer Ankunft beim Empfang und legen Sie alle erforderlichen Dokumente zur Tieridentifizierung vor. Hunde und<br>Katzen m\u00fcssen geimpft und t\u00e4towiert sein und an der Leine gef\u00fchrt werden.<br>Die Tollwutimpfbescheinigung muss vor jedem Einchecken erbracht werden.<br>Beim Einchecken bekommen Sie gern f\u00fcr Ihren Vierbeiner eine k\u00fchle Erfrischung nach der wom\u00f6glich langen Fahrt.<br>Sie bekommen dann auch ein Willkommenspaket mit Tiersnacks und kleinen \u00dcberraschungen.<strong>&nbsp;Der Urlaub kann sorgenfrei beginnen!<\/strong><\/p>\n\n\n\n<div class=\"wp-container-69f47670be477 wp-block-buttons\"><\/div>\n<\/div>\n<\/div>\n<\/div>\n\n\n\n<div class=\"wp-block-column\">\n<figure class=\"wp-block-image size-large\"><img loading=\"lazy\" width=\"768\" height=\"1024\" src=\"https:\/\/www.camping-la-garangeoire.com\/wp-content\/uploads\/2023\/03\/garangeoire.1-72-768x1024.webp\" alt=\"\" class=\"wp-image-1715\" srcset=\"https:\/\/www.camping-la-garangeoire.com\/wp-content\/uploads\/2023\/03\/garangeoire.1-72-768x1024.webp 768w, https:\/\/www.camping-la-garangeoire.com\/wp-content\/uploads\/2023\/03\/garangeoire.1-72-225x300.webp 225w, https:\/\/www.camping-la-garangeoire.com\/wp-content\/uploads\/2023\/03\/garangeoire.1-72.webp 1024w\" sizes=\"(max-width: 768px) 100vw, 768px\" \/><\/figure>\n<\/div>\n<\/div>\n<\/div><\/div>\n\n\n\n<div class=\"wp-container-69f47670beb2c wp-block-group G-25\"><div class=\"wp-block-group__inner-container\">\n<h2 class=\"h3 has-ocre-color has-text-color\" id=\"pendant-le-sejour\">Gut zu wissen:<\/h2>\n\n\n\n<h3 class=\"h4\" id=\"les-plages-accessibles\"><strong>Zug\u00e4ngliche Str\u00e4nde<\/strong><\/h3>\n\n\n\n<p>Tiere k\u00f6nnen mit zum Strand genommen werden. An den folgenden Str\u00e4nden sind Hunde erlaubt, solange sie an der Leine gef\u00fchrt werden. Nur das Baden ist verboten.<\/p>\n\n\n\n<div class=\"wp-block-columns\">\n<div class=\"wp-block-column\">\n<p class=\"h6 has-ocre-color has-text-color\"><i class=\"fas fa-sun\"><\/i>  BR\u00c9TIGNOLLES-SUR-MER<\/p>\n\n\n\n<p><strong><strong>Der Strand Le Petit Pont<\/strong>, <\/strong>liegt zwischen Br\u00e9tignolles und Saint-Gilles-Croix-de-Vie. Ein ganz wilder Strand, dessen Gr\u00f6\u00dfe es auch im Hochsommer leicht macht, einen Platz zu finden.<strong><br><strong>Die Buchten von La Sauzaie<\/strong>. Nur bei Ebbe zug\u00e4nglich.<\/strong><\/p>\n\n\n\n<p class=\"h6 has-ocre-color has-text-color\"><i class=\"fas fa-sun\"><\/i>  BREM SUR MER<\/p>\n\n\n\n<p><strong>Der Strand Les Granges<\/strong>&nbsp;1 km s\u00fcdlich von Brem sur Mer gelegen, s\u00fcdlich des Strandes DUNES 2. Unbewachter Bereich.<\/p>\n<\/div>\n\n\n\n<div class=\"wp-block-column\">\n<p class=\"h6 has-ocre-color has-text-color\"><i class=\"fas fa-sun\"><\/i>  OLONNE SUR MER<\/p>\n\n\n\n<p><strong>Der Strand von Sauveterre.<\/strong>  &nbsp;Un\u00fcberwachter Strand.<\/p>\n\n\n\n<p class=\"h6 has-ocre-color has-text-color\"><i class=\"fas fa-sun\"><\/i>  ST-HILAIRE-DE-RIEZ<\/p>\n\n\n\n<p>10 Km feiner Sandstrand und 3 Km Felsk\u00fcste erwarten Sie in Saint-Hilaire-de-Riez. Hunde sind au\u00dferhalb der \u00fcberwachten Badestellen erlaubt, sofern sie angeleint sind.<br>Zwischen Juni und September d\u00fcrfen Hunde nur bis 9 Uhr morgens und ab 19 Uhr abends am Strand sein. In den anderen Monaten sind sie ganzt\u00e4gig willkommen.<\/p>\n<\/div>\n<\/div>\n<\/div><\/div>\n\n\n\n<div class=\"wp-block-columns G-15\">\n<div class=\"wp-block-column\">\n<h3 id=\"les-loisirs\">Freiluft-Spa\u00df<\/h3>\n\n\n\n<p>Unser Campinggel\u00e4nde bietet zur gro\u00dfen Freude aller Tiere 200 ha unber\u00fchrter Natur mit 4 Privatteichen und vielen markierten Wanderwegen. Perfekt f\u00fcr den&nbsp;<strong>Hundespaziergang<\/strong>.<\/p>\n\n\n\n<p>Bei hei\u00dfem Wetter nehmen Sie am besten die Pfade durch den Wald und neben dem Teich, wo es k\u00fchler ist.<\/p>\n\n\n\n<div class=\"wp-block-group lire-plus-pc\"><div class=\"wp-block-group__inner-container\">\n<p class=\"has-rouge-color has-text-color\">Lesen Sie mehr<\/p>\n\n\n\n<div class=\"wp-container-69f47670beea8 wp-block-group\"><div class=\"wp-block-group__inner-container\">\n<p><em><u><em>Tipps zu einem gelungenen Hundespaziergang :<\/em><\/u><\/em><\/p>\n\n\n\n<p><em>Bringen Sie Wasser, Leine, Halsband, Snacks und Spielsachen, Kotbeutel und bequeme Kleidung mit.<\/em><\/p>\n\n\n\n<p>W\u00e4hrend der Saison werden gemeinsame Hundespazierg\u00e4nge und Aktivit\u00e4ten f\u00fcr Ihre Tiere und Sie selbst von einem Hunde-Animateur.<\/p>\n\n\n\n<p>Unsere Mitarbeiter beraten sie gern \u00fcber m\u00f6gliche Wanderrouten auf und um den Campingplatz, insbesondere am&nbsp;<strong>Jaunay-See<\/strong>. Wenden Sie sich ruhig an unser Empfangsteam.<\/p>\n<\/div><\/div>\n<\/div><\/div>\n\n\n\n<h3 class=\"h5\" id=\"le-plus\"><strong>Ein kleines Extra !&nbsp;<\/strong><\/h3>\n\n\n\n<p>Wenn Sie Ihren Hund nach dem Spaziergang sauber machen wollen, steht eine&nbsp;<strong>Hundedusche<\/strong>&nbsp; in einem der 4 Sanit\u00e4rgeb\u00e4ude zur Verf\u00fcgung. Der Campingplatz hat auch einen <strong>Hundepark<\/strong> (geschlossener Bereich mit Hundebar und Spielen).<\/p>\n<\/div>\n\n\n\n<div class=\"wp-block-column\">\n<figure class=\"wp-block-gallery has-nested-images columns-default is-cropped\">\n<figure class=\"wp-block-image size-full\"><img loading=\"lazy\" width=\"1024\" height=\"513\" src=\"https:\/\/www.camping-la-garangeoire.com\/wp-content\/uploads\/2023\/03\/garangeoire.1-69.webp\" alt=\"\" class=\"wp-image-1724\" srcset=\"https:\/\/www.camping-la-garangeoire.com\/wp-content\/uploads\/2023\/03\/garangeoire.1-69.webp 1024w, https:\/\/www.camping-la-garangeoire.com\/wp-content\/uploads\/2023\/03\/garangeoire.1-69-300x150.webp 300w, https:\/\/www.camping-la-garangeoire.com\/wp-content\/uploads\/2023\/03\/garangeoire.1-69-768x385.webp 768w\" sizes=\"(max-width: 1024px) 100vw, 1024px\" \/><\/figure>\n\n\n\n<figure class=\"wp-block-image size-full\"><img loading=\"lazy\" width=\"900\" height=\"600\" src=\"https:\/\/www.camping-la-garangeoire.com\/wp-content\/uploads\/2024\/03\/Cani-parc.jpg\" alt=\"\" class=\"wp-image-10228\" srcset=\"https:\/\/www.camping-la-garangeoire.com\/wp-content\/uploads\/2024\/03\/Cani-parc.jpg 900w, https:\/\/www.camping-la-garangeoire.com\/wp-content\/uploads\/2024\/03\/Cani-parc-300x200.jpg 300w, https:\/\/www.camping-la-garangeoire.com\/wp-content\/uploads\/2024\/03\/Cani-parc-768x512.jpg 768w\" sizes=\"(max-width: 900px) 100vw, 900px\" \/><\/figure>\n<\/figure>\n<\/div>\n<\/div>\n\n\n\n<div class=\"wp-container-69f47670bf69c wp-block-group G-10 a has-fond-background-color has-background\"><div class=\"wp-block-group__inner-container\">\n<div class=\"wp-block-columns\">\n<div class=\"wp-block-column encart has-fond-background-color has-background\">\n<h3 class=\"h6\" id=\"fa-icon-icon-fas-fa-heart-pension-a-la-journee-pour-animaux-de-compagnie\"><i class=\"fas fa-heart\"><\/i>  Tagespension im Tierhotel<\/h3>\n\n\n\n<p>M\u00f6chten Sie einen Besuch im Themenpark&nbsp;<a rel=\"noreferrer noopener\" href=\"https:\/\/www.puydufou.com\/france\/fr\" target=\"_blank\">Puy du fou\u00a9<\/a> oder einen Tag zum Surfen einplanen? In diesen Pensionen sorgen qualifizierte Mitarbeiter auch tageweise f\u00fcr eine liebevolle, artgerechte Betreuung Ihres Tieres.<\/p>\n\n\n\n<p>\u25ee <a href=\"https:\/\/pensionnementcoex.fr\/\"><strong>PENSIONNEMENT COEX<\/strong><\/a> Katze- u. Hundepension in Co\u00ebx ;&nbsp;<em>8 Fahrminuten entfernt.<\/em><\/p>\n\n\n\n<p>\u25ee <a rel=\"noreferrer noopener\" href=\"https:\/\/www.hotel4pattes.fr\/\" target=\"_blank\"><strong>HOTEL 4 PATTES<\/strong><\/a> Hundepension in Br\u00e9tignolles-sur-Mer ;&nbsp;<em>15 Fahrminuten entfernt.<\/em><\/p>\n<\/div>\n\n\n\n<div class=\"wp-block-column\">\n<h3 class=\"has-vert-color has-text-color\" id=\"les-veterinaires-a-proximite\">Tier\u00e4rzte in der N\u00e4he<\/h3>\n\n\n\n<p>Brauchen Sie tier\u00e4rztliche Beratung oder Behandlung?<\/p>\n\n\n\n<p><strong>Unsere Mitarbeiter vereinbaren gern f\u00fcr Sie einen Termin mit dem Tierarzt Ihrer Wahl. Wenden Sie sich ruhig an sie!<\/strong><\/p>\n<\/div>\n<\/div>\n\n\n\n<div class=\"wp-block-columns\">\n<div class=\"wp-block-column\">\n<figure class=\"wp-block-gallery has-nested-images columns-4 is-cropped\">\n<figure class=\"wp-block-image size-large\"><img loading=\"lazy\" width=\"640\" height=\"427\" src=\"https:\/\/www.camping-la-garangeoire.com\/wp-content\/uploads\/2023\/03\/angel-luciano-LATYeZyw88c-unsplash.jpg\" alt=\"\" class=\"wp-image-1743\" srcset=\"https:\/\/www.camping-la-garangeoire.com\/wp-content\/uploads\/2023\/03\/angel-luciano-LATYeZyw88c-unsplash.jpg 640w, https:\/\/www.camping-la-garangeoire.com\/wp-content\/uploads\/2023\/03\/angel-luciano-LATYeZyw88c-unsplash-300x200.jpg 300w\" sizes=\"(max-width: 640px) 100vw, 640px\" \/><\/figure>\n\n\n\n<figure class=\"wp-block-image size-large\"><img loading=\"lazy\" width=\"640\" height=\"427\" src=\"https:\/\/www.camping-la-garangeoire.com\/wp-content\/uploads\/2023\/03\/pauline-loroy-U3aF7hgUSrk-unsplash.jpg\" alt=\"\" class=\"wp-image-1738\" srcset=\"https:\/\/www.camping-la-garangeoire.com\/wp-content\/uploads\/2023\/03\/pauline-loroy-U3aF7hgUSrk-unsplash.jpg 640w, https:\/\/www.camping-la-garangeoire.com\/wp-content\/uploads\/2023\/03\/pauline-loroy-U3aF7hgUSrk-unsplash-300x200.jpg 300w\" sizes=\"(max-width: 640px) 100vw, 640px\" \/><\/figure>\n\n\n\n<figure class=\"wp-block-image size-large\"><img loading=\"lazy\" width=\"640\" height=\"427\" src=\"https:\/\/www.camping-la-garangeoire.com\/wp-content\/uploads\/2023\/03\/karsten-winegeart-uy5l-VJ8dRM-unsplash.jpg\" alt=\"\" class=\"wp-image-1740\" srcset=\"https:\/\/www.camping-la-garangeoire.com\/wp-content\/uploads\/2023\/03\/karsten-winegeart-uy5l-VJ8dRM-unsplash.jpg 640w, https:\/\/www.camping-la-garangeoire.com\/wp-content\/uploads\/2023\/03\/karsten-winegeart-uy5l-VJ8dRM-unsplash-300x200.jpg 300w\" sizes=\"(max-width: 640px) 100vw, 640px\" \/><\/figure>\n\n\n\n<figure class=\"wp-block-image size-large\"><img loading=\"lazy\" width=\"768\" height=\"1024\" src=\"https:\/\/www.camping-la-garangeoire.com\/wp-content\/uploads\/2023\/03\/garangeoire.1-67-768x1024.webp\" alt=\"\" class=\"wp-image-1747\" srcset=\"https:\/\/www.camping-la-garangeoire.com\/wp-content\/uploads\/2023\/03\/garangeoire.1-67-768x1024.webp 768w, https:\/\/www.camping-la-garangeoire.com\/wp-content\/uploads\/2023\/03\/garangeoire.1-67-225x300.webp 225w, https:\/\/www.camping-la-garangeoire.com\/wp-content\/uploads\/2023\/03\/garangeoire.1-67.webp 1024w\" sizes=\"(max-width: 768px) 100vw, 768px\" \/><\/figure>\n<\/figure>\n\n\n\n<div class=\"wp-container-69f47670bf40d wp-block-group encart\"><div class=\"wp-block-group__inner-container\">\n<h3 class=\"h5 has-ocre-color has-text-color\" id=\"autres\"><strong>Weitere Info\u2026<\/strong><\/h3>\n\n\n\n<p class=\"h4 has-ocre-color has-text-color\">Verantwortungsbewusste Tierhaltung gilt f\u00fcr alle!&nbsp;<\/p>\n\n\n\n<p>Bitte sorgen Sie w\u00e4hrend Ihres Aufenthalts f\u00fcr gutnachbarschaftliche Beziehungen und einen wohnlichen und sauberen Zustand von Innen- und Aussenr\u00e4umen.<\/p>\n\n\n\n<p>Falls Ihr Haustier gern Stoff anfrisst oder auch daran kratzt, stellen wir Ihnen auf Anfrage daf\u00fcr vorgesehene Laken und T\u00fccher zur Verf\u00fcgung.<\/p>\n<\/div><\/div>\n<\/div>\n\n\n\n<div class=\"wp-block-column\">\n<ul class=\"pictos col-1\"><li><i class=\"fal fa-house-chimney-medical\"><\/i>  Tierarztklinik <a rel=\"noreferrer noopener\" href=\"https:\/\/vetavi.business.site\/\" target=\"_blank\"><strong>VETAVI<\/strong><\/a> in Co\u00ebx ;<em>&nbsp;9 Fahrminuten entfernt<\/em>.<\/li><li><i class=\"fal fa-house-chimney-medical\"><\/i> Tierarztklinik <strong><a href=\"https:\/\/cabinet-vet-achards.edan.io\/\">Praxis VET&#8217;ACHARDS<\/a><\/strong> in La Mothe Achard ;&nbsp;<em>12 Fahrminuten entfernt.<\/em><\/li><\/ul>\n<\/div>\n<\/div>\n<\/div><\/div>\n\n\n\n<h2 class=\"has-text-align-center h4\" id=\"toute-l-equipe-vous-souhaite-un-tres-bon-sejour-avec-vos-proches-et-animaux\">Das gesamte Team w\u00fcnscht Ihnen einen sch\u00f6nen Aufenthalt mit Familie und Haustier !<\/h2>\n","protected":false},"excerpt":{"rendered":"<p>Mit Hund im Urlaub hei\u00dft bei uns: 200 Hektar Natur f\u00fcr Spazierg\u00e4nge an der frischen Luft Die M\u00f6glichkeit, Ihren Hund in die Gemeinschaftsbereiche und in (fast) alle Unterk\u00fcnfte mitzunehmen Schattige Stellpl\u00e4tze f\u00fcr den Komfort Ihres Haustiers Kleine Aufmerksamkeiten, die den Unterschied machen: Willkommenspaket, Erfrischung bei der Ankunft, Leckerlis \u2013 und nat\u00fcrlich Streicheleinheiten! Eine Hundedusche zu [&hellip;]<\/p>\n","protected":false},"author":1,"featured_media":0,"parent":0,"menu_order":0,"comment_status":"closed","ping_status":"closed","template":"","meta":[],"acf":[],"_links":{"self":[{"href":"https:\/\/www.camping-la-garangeoire.com\/de\/wp-json\/wp\/v2\/pages\/5178"}],"collection":[{"href":"https:\/\/www.camping-la-garangeoire.com\/de\/wp-json\/wp\/v2\/pages"}],"about":[{"href":"https:\/\/www.camping-la-garangeoire.com\/de\/wp-json\/wp\/v2\/types\/page"}],"author":[{"embeddable":true,"href":"https:\/\/www.camping-la-garangeoire.com\/de\/wp-json\/wp\/v2\/users\/1"}],"replies":[{"embeddable":true,"href":"https:\/\/www.camping-la-garangeoire.com\/de\/wp-json\/wp\/v2\/comments?post=5178"}],"version-history":[{"count":6,"href":"https:\/\/www.camping-la-garangeoire.com\/de\/wp-json\/wp\/v2\/pages\/5178\/revisions"}],"predecessor-version":[{"id":14044,"href":"https:\/\/www.camping-la-garangeoire.com\/de\/wp-json\/wp\/v2\/pages\/5178\/revisions\/14044"}],"wp:attachment":[{"href":"https:\/\/www.camping-la-garangeoire.com\/de\/wp-json\/wp\/v2\/media?parent=5178"}],"curies":[{"name":"wp","href":"https:\/\/api.w.org\/{rel}","templated":true}]}}