{"id":5174,"date":"2023-06-13T11:44:01","date_gmt":"2023-06-13T09:44:01","guid":{"rendered":"https:\/\/www.camping-la-garangeoire.com\/wasserpark\/"},"modified":"2025-05-26T10:04:46","modified_gmt":"2025-05-26T08:04:46","slug":"wasserpark","status":"publish","type":"page","link":"https:\/\/www.camping-la-garangeoire.com\/de\/wasserpark\/","title":{"rendered":"Wasserpark"},"content":{"rendered":"\n<div class=\"wp-block-cover is-light\"><span aria-hidden=\"true\" class=\"wp-block-cover__gradient-background has-background-dim\"><\/span><img loading=\"lazy\" width=\"1500\" height=\"1125\" class=\"wp-block-cover__image-background wp-image-6793\" alt=\"\" src=\"https:\/\/www.camping-la-garangeoire.com\/wp-content\/uploads\/2023\/09\/From-the-vine-travel-2022-retouche.jpg\" style=\"object-position:47% 29%\" data-object-fit=\"cover\" data-object-position=\"47% 29%\" srcset=\"https:\/\/www.camping-la-garangeoire.com\/wp-content\/uploads\/2023\/09\/From-the-vine-travel-2022-retouche.jpg 1500w, https:\/\/www.camping-la-garangeoire.com\/wp-content\/uploads\/2023\/09\/From-the-vine-travel-2022-retouche-300x225.jpg 300w, https:\/\/www.camping-la-garangeoire.com\/wp-content\/uploads\/2023\/09\/From-the-vine-travel-2022-retouche-1024x768.jpg 1024w, https:\/\/www.camping-la-garangeoire.com\/wp-content\/uploads\/2023\/09\/From-the-vine-travel-2022-retouche-768x576.jpg 768w\" sizes=\"(max-width: 1500px) 100vw, 1500px\" \/><div class=\"wp-block-cover__inner-container\">\n<h1 id=\"wasserpark\">Wasserpark<\/h1>\n<\/div><\/div>\n\n\n\n<div class=\"wp-block-columns G-15 a\">\n<div class=\"wp-block-column\">\n<h2 class=\"h3\" id=\"parc-aquatique-chauffe-toute-la-saison\">Beheizter Wasserpark&nbsp;die <mark style=\"background-color:rgba(0, 0, 0, 0)\" class=\"has-inline-color has-rouge-clair-color\">ganze Saison \u00fcber<\/mark><\/h2>\n\n\n\n<p>Unser angenehm nat\u00fcrlich gestalteter Wasserpark befindet sich in N\u00e4he der Bar.&nbsp;<\/p>\n\n\n\n<p>Er ist t\u00e4glich von 9.00 bis 20.00 Uhr in der Hauptsaison und von 10.00 bis 19.00 Uhr in der Nebensaison zug\u00e4nglich.<\/p>\n\n\n\n<div class=\"wp-container-69ff125c4b51d wp-block-buttons\">\n<div class=\"wp-block-button btn_resa\"><a class=\"wp-block-button__link\">Buchen Sie Ihren Aufenthalt <i class=\"fal fa-search\"><\/i><\/a><\/div>\n<\/div>\n<\/div>\n\n\n\n<div class=\"wp-block-column\">\n<figure class=\"wp-block-gallery has-nested-images columns-default is-cropped\">\n<figure class=\"wp-block-image size-full\"><img loading=\"lazy\" width=\"2560\" height=\"1708\" src=\"https:\/\/www.camping-la-garangeoire.com\/wp-content\/uploads\/2023\/09\/vaovert-2021-8retouche-scaled.jpg\" alt=\"\" class=\"wp-image-6805\" srcset=\"https:\/\/www.camping-la-garangeoire.com\/wp-content\/uploads\/2023\/09\/vaovert-2021-8retouche-scaled.jpg 2560w, https:\/\/www.camping-la-garangeoire.com\/wp-content\/uploads\/2023\/09\/vaovert-2021-8retouche-300x200.jpg 300w, https:\/\/www.camping-la-garangeoire.com\/wp-content\/uploads\/2023\/09\/vaovert-2021-8retouche-1024x683.jpg 1024w, https:\/\/www.camping-la-garangeoire.com\/wp-content\/uploads\/2023\/09\/vaovert-2021-8retouche-768x512.jpg 768w, https:\/\/www.camping-la-garangeoire.com\/wp-content\/uploads\/2023\/09\/vaovert-2021-8retouche-1536x1025.jpg 1536w, https:\/\/www.camping-la-garangeoire.com\/wp-content\/uploads\/2023\/09\/vaovert-2021-8retouche-2048x1366.jpg 2048w\" sizes=\"(max-width: 2560px) 100vw, 2560px\" \/><\/figure>\n\n\n\n<figure class=\"wp-block-image size-full\"><img loading=\"lazy\" width=\"1200\" height=\"800\" src=\"https:\/\/www.camping-la-garangeoire.com\/wp-content\/uploads\/2023\/04\/toboggans-aquatiques.jpg\" alt=\"\" class=\"wp-image-2731\" srcset=\"https:\/\/www.camping-la-garangeoire.com\/wp-content\/uploads\/2023\/04\/toboggans-aquatiques.jpg 1200w, https:\/\/www.camping-la-garangeoire.com\/wp-content\/uploads\/2023\/04\/toboggans-aquatiques-300x200.jpg 300w, https:\/\/www.camping-la-garangeoire.com\/wp-content\/uploads\/2023\/04\/toboggans-aquatiques-1024x683.jpg 1024w, https:\/\/www.camping-la-garangeoire.com\/wp-content\/uploads\/2023\/04\/toboggans-aquatiques-768x512.jpg 768w\" sizes=\"(max-width: 1200px) 100vw, 1200px\" \/><\/figure>\n<\/figure>\n<\/div>\n<\/div>\n\n\n\n<figure class=\"wp-block-image alignfull size-full\"><img loading=\"lazy\" width=\"1920\" height=\"1080\" src=\"https:\/\/www.camping-la-garangeoire.com\/wp-content\/uploads\/2023\/09\/Victor-Stage-2021-11-1-edited.jpg\" alt=\"\" class=\"wp-image-6817\" srcset=\"https:\/\/www.camping-la-garangeoire.com\/wp-content\/uploads\/2023\/09\/Victor-Stage-2021-11-1-edited.jpg 1920w, https:\/\/www.camping-la-garangeoire.com\/wp-content\/uploads\/2023\/09\/Victor-Stage-2021-11-1-edited-300x169.jpg 300w, https:\/\/www.camping-la-garangeoire.com\/wp-content\/uploads\/2023\/09\/Victor-Stage-2021-11-1-edited-1024x576.jpg 1024w, https:\/\/www.camping-la-garangeoire.com\/wp-content\/uploads\/2023\/09\/Victor-Stage-2021-11-1-edited-768x432.jpg 768w, https:\/\/www.camping-la-garangeoire.com\/wp-content\/uploads\/2023\/09\/Victor-Stage-2021-11-1-edited-1536x864.jpg 1536w\" sizes=\"(max-width: 1920px) 100vw, 1920px\" \/><\/figure>\n\n\n\n<div class=\"wp-container-69ff125c4beca wp-block-group G-05\"><div class=\"wp-block-group__inner-container\">\n<div class=\"wp-block-columns\">\n<div class=\"wp-block-column\">\n<h2 class=\"has-ocre-color has-text-color\" id=\"bassins-exterieurs-chauffes-et-toboggans\">Beheizte Au\u00dfenpools und Rutschen<\/h2>\n\n\n\n<div class=\"wp-block-columns\">\n<div class=\"wp-block-column\">\n<figure class=\"wp-block-image size-full\"><img loading=\"lazy\" width=\"445\" height=\"192\" src=\"https:\/\/www.camping-la-garangeoire.com\/wp-content\/uploads\/2023\/11\/camping-garangeoire-pataugeoire-1.webp\" alt=\"\" class=\"wp-image-7819\" srcset=\"https:\/\/www.camping-la-garangeoire.com\/wp-content\/uploads\/2023\/11\/camping-garangeoire-pataugeoire-1.webp 445w, https:\/\/www.camping-la-garangeoire.com\/wp-content\/uploads\/2023\/11\/camping-garangeoire-pataugeoire-1-300x129.webp 300w\" sizes=\"(max-width: 445px) 100vw, 445px\" \/><\/figure>\n<\/div>\n\n\n\n<div class=\"wp-block-column\">\n<p><strong>Gro\u00dfes beheiztes Au\u00dfenbecken<\/strong>: 1,10 m bis 1,60 m Tiefe<\/p>\n\n\n\n<p><strong><strong>Planschbecken f\u00fcr Kinder<\/strong>, <\/strong>90 m\u00b2 Fl\u00e4che, Wassertiefe 40 cm, mit Wasserfall und Minirutsche<\/p>\n\n\n\n<p><strong>3 Rutschen mit <strong>mit separatem Empfangsbecken<\/strong><\/strong>. Zugang von 10 bis 19 Uhr.<br>Die Wassertemperatur betr\u00e4gt konstant 26\u00b0C.<\/p>\n<\/div>\n<\/div>\n<\/div>\n\n\n\n<div class=\"wp-block-column\">\n<figure class=\"wp-block-image size-full\"><img loading=\"lazy\" width=\"1920\" height=\"2560\" src=\"https:\/\/www.camping-la-garangeoire.com\/wp-content\/uploads\/2023\/09\/IMG_0566-scaled.jpg\" alt=\"\" class=\"wp-image-6829\" srcset=\"https:\/\/www.camping-la-garangeoire.com\/wp-content\/uploads\/2023\/09\/IMG_0566-scaled.jpg 1920w, https:\/\/www.camping-la-garangeoire.com\/wp-content\/uploads\/2023\/09\/IMG_0566-225x300.jpg 225w, https:\/\/www.camping-la-garangeoire.com\/wp-content\/uploads\/2023\/09\/IMG_0566-768x1024.jpg 768w, https:\/\/www.camping-la-garangeoire.com\/wp-content\/uploads\/2023\/09\/IMG_0566-1152x1536.jpg 1152w, https:\/\/www.camping-la-garangeoire.com\/wp-content\/uploads\/2023\/09\/IMG_0566-1536x2048.jpg 1536w\" sizes=\"(max-width: 1920px) 100vw, 1920px\" \/><\/figure>\n<\/div>\n<\/div>\n\n\n\n<div class=\"wp-block-columns are-vertically-aligned-center\">\n<div class=\"wp-block-column is-vertically-aligned-center\">\n<h2 class=\"h3 has-ocre-color has-text-color\" id=\"pataugeoire-bebes\">Babyplanschbecken<\/h2>\n\n\n\n<p>Dieses Planschbecken mit einer Wassertiefe von 20 cm steht den ganz Kleinen bis 3 Jahren zur Verf\u00fcgung. Sie k\u00f6nnen sich hier in Sicherheit und abseits der gr\u00f6\u00dferen Kinder am\u00fcsieren.<\/p>\n\n\n\n<p>F\u00fcr noch mehr Spa\u00df sorgen eine Rutsche und mehrere Wasserspiele<\/p>\n\n\n\n<div class=\"wp-container-69ff125c4b98c wp-block-buttons\">\n<div class=\"wp-block-button\"><a class=\"wp-block-button__link\" href=\"https:\/\/www.camping-la-garangeoire.com\/de\/fotogalerie\/?galerie=piscine\">Entdecken Sie den Wasserbereich in Bildern<\/a><\/div>\n<\/div>\n<\/div>\n\n\n\n<div class=\"wp-block-column is-vertically-aligned-center\">\n<figure class=\"wp-block-image size-large\"><img loading=\"lazy\" width=\"1024\" height=\"683\" src=\"https:\/\/www.camping-la-garangeoire.com\/wp-content\/uploads\/2023\/04\/piscine-couverte-1-1024x683.jpg\" alt=\"\" class=\"wp-image-2728\" srcset=\"https:\/\/www.camping-la-garangeoire.com\/wp-content\/uploads\/2023\/04\/piscine-couverte-1-1024x683.jpg 1024w, https:\/\/www.camping-la-garangeoire.com\/wp-content\/uploads\/2023\/04\/piscine-couverte-1-300x200.jpg 300w, https:\/\/www.camping-la-garangeoire.com\/wp-content\/uploads\/2023\/04\/piscine-couverte-1-768x512.jpg 768w, https:\/\/www.camping-la-garangeoire.com\/wp-content\/uploads\/2023\/04\/piscine-couverte-1.jpg 1200w\" sizes=\"(max-width: 1024px) 100vw, 1024px\" \/><\/figure>\n\n\n\n<div class=\"wp-container-69ff125c4bc63 wp-block-group encart\"><div class=\"wp-block-group__inner-container\">\n<h2 class=\"h5\" id=\"pataugeoire-bebes\">Beheiztes, \u00fcberdachtes Schwimmbecken<\/h2>\n\n\n\n<p class=\"h4 has-rouge-color has-text-color\">Ein Wasserpark, der Gro\u00df und Klein begeistern wird!<\/p>\n\n\n\n<p>Das rechteckige Becken ist bedeckt und an 2 Seiten zur Sonnenterrasse hin ge\u00f6ffnet.&nbsp;<\/p>\n\n\n\n<p>Mit einer Wassertiefe von 1,10 m ist es vormittags ausschlie\u00dflich f\u00fcr Schwimmer reserviert.&nbsp;<\/p>\n<\/div><\/div>\n<\/div>\n<\/div>\n<\/div><\/div>\n\n\n\n<div class=\"wp-block-columns are-vertically-aligned-center not--arbre has-fond-background-color has-background\">\n<div class=\"wp-block-column is-vertically-aligned-center\">\n<figure class=\"wp-block-gallery has-nested-images columns-default is-cropped gal--ligne\">\n<figure class=\"wp-block-image size-large\"><img loading=\"lazy\" width=\"480\" height=\"640\" src=\"https:\/\/www.camping-la-garangeoire.com\/wp-content\/uploads\/2023\/04\/Aquasiege-2.jpg\" alt=\"\" class=\"wp-image-2695\" srcset=\"https:\/\/www.camping-la-garangeoire.com\/wp-content\/uploads\/2023\/04\/Aquasiege-2.jpg 480w, https:\/\/www.camping-la-garangeoire.com\/wp-content\/uploads\/2023\/04\/Aquasiege-2-225x300.jpg 225w\" sizes=\"(max-width: 480px) 100vw, 480px\" \/><\/figure>\n\n\n\n<figure class=\"wp-block-image size-large\"><img loading=\"lazy\" width=\"480\" height=\"640\" src=\"https:\/\/www.camping-la-garangeoire.com\/wp-content\/uploads\/2023\/04\/Aquasiege.jpg\" alt=\"\" class=\"wp-image-2692\" srcset=\"https:\/\/www.camping-la-garangeoire.com\/wp-content\/uploads\/2023\/04\/Aquasiege.jpg 480w, https:\/\/www.camping-la-garangeoire.com\/wp-content\/uploads\/2023\/04\/Aquasiege-225x300.jpg 225w\" sizes=\"(max-width: 480px) 100vw, 480px\" \/><\/figure>\n<\/figure>\n<\/div>\n\n\n\n<div class=\"wp-block-column is-vertically-aligned-center\">\n<h3 id=\"accessibilite\">Barrierefreiheit<\/h3>\n\n\n\n<p>Der gesamte Wasserpark ist f\u00fcr Rollst\u00fchle zug\u00e4ngig. Personen mit eingeschr\u00e4nkter <a href=\"https:\/\/www.camping-la-garangeoire.com\/de\/aufnahem-von-menschen-mit-behinderungen\/\" data-type=\"page\" data-id=\"1517\">autonomes System<\/a> Vorrichtung zum Baden zur Verf\u00fcgung.<\/p>\n\n\n\n<div class=\"wp-container-69ff125c4c1f9 wp-block-buttons\">\n<div class=\"wp-block-button\"><a class=\"wp-block-button__link\" href=\"https:\/\/www.camping-la-garangeoire.com\/de\/locations\/mobil-home-life-special-handicap\/\">Entdecken Sie unser Mobilheim speziell f\u00fcr Behinderte<\/a><\/div>\n<\/div>\n<\/div>\n<\/div>\n\n\n\n<div class=\"wp-container-69ff125c4c5f6 wp-block-group alignfull G-20\"><div class=\"wp-block-group__inner-container\">\n<figure class=\"wp-block-image size-full\"><img loading=\"lazy\" width=\"2560\" height=\"1922\" src=\"https:\/\/www.camping-la-garangeoire.com\/wp-content\/uploads\/2023\/09\/Nouvelle-photo-piscine-scaled.jpg\" alt=\"\" class=\"wp-image-6821\" srcset=\"https:\/\/www.camping-la-garangeoire.com\/wp-content\/uploads\/2023\/09\/Nouvelle-photo-piscine-scaled.jpg 2560w, https:\/\/www.camping-la-garangeoire.com\/wp-content\/uploads\/2023\/09\/Nouvelle-photo-piscine-300x225.jpg 300w, https:\/\/www.camping-la-garangeoire.com\/wp-content\/uploads\/2023\/09\/Nouvelle-photo-piscine-1024x769.jpg 1024w, https:\/\/www.camping-la-garangeoire.com\/wp-content\/uploads\/2023\/09\/Nouvelle-photo-piscine-768x577.jpg 768w, https:\/\/www.camping-la-garangeoire.com\/wp-content\/uploads\/2023\/09\/Nouvelle-photo-piscine-1536x1153.jpg 1536w, https:\/\/www.camping-la-garangeoire.com\/wp-content\/uploads\/2023\/09\/Nouvelle-photo-piscine-2048x1538.jpg 2048w\" sizes=\"(max-width: 2560px) 100vw, 2560px\" \/><\/figure>\n\n\n\n<div class=\"wp-block-columns\">\n<div class=\"wp-block-column\" style=\"flex-basis:72%\">\n<div class=\"wp-block-columns\">\n<div class=\"wp-block-column\">\n<figure class=\"wp-block-image size-large\"><img loading=\"lazy\" width=\"768\" height=\"1024\" src=\"https:\/\/www.camping-la-garangeoire.com\/wp-content\/uploads\/2024\/08\/image00017-768x1024.jpeg\" alt=\"\" class=\"wp-image-10896\" srcset=\"https:\/\/www.camping-la-garangeoire.com\/wp-content\/uploads\/2024\/08\/image00017-768x1024.jpeg 768w, https:\/\/www.camping-la-garangeoire.com\/wp-content\/uploads\/2024\/08\/image00017-225x300.jpeg 225w, https:\/\/www.camping-la-garangeoire.com\/wp-content\/uploads\/2024\/08\/image00017-1152x1536.jpeg 1152w, https:\/\/www.camping-la-garangeoire.com\/wp-content\/uploads\/2024\/08\/image00017-1536x2048.jpeg 1536w, https:\/\/www.camping-la-garangeoire.com\/wp-content\/uploads\/2024\/08\/image00017-scaled.jpeg 1920w\" sizes=\"(max-width: 768px) 100vw, 768px\" \/><\/figure>\n<\/div>\n\n\n\n<div class=\"wp-block-column\">\n<h2 class=\"h3 has-ocre-color has-text-color\" id=\"animations-gratuites\">Freie Animationen<\/h2>\n\n\n\n<p>W\u00e4hrend der Hochsaison werden regelm\u00e4\u00dfig Wasserpolospiele f\u00fcr Jugendliche und Erwachsene, sowie verschiedene Wasserspiele f\u00fcr Kinder organisiert.&nbsp;<\/p>\n\n\n\n<p>Jeden Dienstag Abend im Juli und August erwartet Sie unser Animationsteam mit Musik bis 22.30 Uhr zum \u00e4u\u00dferst beliebten Nachtschwimmen.<\/p>\n\n\n\n<div class=\"wp-block-group lire-plus-pc\"><div class=\"wp-block-group__inner-container\">\n<p><\/p>\n<\/div><\/div>\n<\/div>\n<\/div>\n<\/div>\n\n\n\n<div class=\"wp-block-column\">\n<figure class=\"wp-block-image size-full\"><img loading=\"lazy\" width=\"2560\" height=\"1705\" src=\"https:\/\/www.camping-la-garangeoire.com\/wp-content\/uploads\/2023\/09\/NIGHT-SWIM-GARANGEOIRE-CAMPING-VENDEE-FRANCE-JAUNAY-8-scaled.jpg\" alt=\"\" class=\"wp-image-6809\" srcset=\"https:\/\/www.camping-la-garangeoire.com\/wp-content\/uploads\/2023\/09\/NIGHT-SWIM-GARANGEOIRE-CAMPING-VENDEE-FRANCE-JAUNAY-8-scaled.jpg 2560w, https:\/\/www.camping-la-garangeoire.com\/wp-content\/uploads\/2023\/09\/NIGHT-SWIM-GARANGEOIRE-CAMPING-VENDEE-FRANCE-JAUNAY-8-300x200.jpg 300w, https:\/\/www.camping-la-garangeoire.com\/wp-content\/uploads\/2023\/09\/NIGHT-SWIM-GARANGEOIRE-CAMPING-VENDEE-FRANCE-JAUNAY-8-1024x682.jpg 1024w, https:\/\/www.camping-la-garangeoire.com\/wp-content\/uploads\/2023\/09\/NIGHT-SWIM-GARANGEOIRE-CAMPING-VENDEE-FRANCE-JAUNAY-8-768x512.jpg 768w, https:\/\/www.camping-la-garangeoire.com\/wp-content\/uploads\/2023\/09\/NIGHT-SWIM-GARANGEOIRE-CAMPING-VENDEE-FRANCE-JAUNAY-8-1536x1023.jpg 1536w, https:\/\/www.camping-la-garangeoire.com\/wp-content\/uploads\/2023\/09\/NIGHT-SWIM-GARANGEOIRE-CAMPING-VENDEE-FRANCE-JAUNAY-8-2048x1364.jpg 2048w\" sizes=\"(max-width: 2560px) 100vw, 2560px\" \/><\/figure>\n<\/div>\n<\/div>\n\n\n\n<h3 class=\"h4\" id=\"informations-pratiques\">Praktische Informationen<\/h3>\n\n\n\n<p><strong>Das Tragen des Identifikationsarmbands ist f\u00fcr jeden Camper Pflicht, um Zugang zum Pool zu erhalten. <\/strong><\/p>\n\n\n\n<p>Badeshorts werden erlaubt, solange diese keine metallischen Accessoires haben und ausschlie\u00dflich zum Baden verwandt werden.\u00a0<\/p>\n\n\n\n<p>Der Gebrauch von gro\u00dfen, aufblasbaren Spielzeugen und Luftmatratzen ist in allen Pools verboten, wird jedoch in der Lagune erlaubt.&nbsp;<\/p>\n\n\n\n<p>Der Zugang zum Wasserpark und zur Lagune ist Kindern ohne Begleitung von Erwachsenen nicht erlaubt. Eltern tragen die volle Verantwortung f\u00fcr ihre Kinder.&nbsp;<\/p>\n\n\n\n<p>Der Zutritt zum Wasserpark und zur Lagune ist frei, jedoch ausschlie\u00dflich den Bewohnern des Campingplatzes La Garangeoire gestattet.&nbsp;<\/p>\n\n\n\n<h2 class=\"h6 has-ocre-color has-text-color\" id=\"fa-icon-icon-fas-fa-spa-sauna\"><i class=\"fas fa-spa\"><\/i>  Sauna<\/h2>\n\n\n\n<p>Steht Ihnen der Chalet \u201eLibellule\u201c f\u00fcr Entspannung und Wellness zur Verf\u00fcgung. Schauen Sie sich schnell unsere Seite an <a href=\"https:\/\/www.camping-la-garangeoire.com\/de\/sauna-wellness\/\" data-type=\"page\"><strong>Sauna und Wellness<\/strong> <\/a><\/p>\n<\/div><\/div>\n","protected":false},"excerpt":{"rendered":"<p>Beheizter Wasserpark&nbsp;die ganze Saison \u00fcber Unser angenehm nat\u00fcrlich gestalteter Wasserpark befindet sich in N\u00e4he der Bar.&nbsp; Er ist t\u00e4glich von 9.00 bis 20.00 Uhr in der Hauptsaison und von 10.00 bis 19.00 Uhr in der Nebensaison zug\u00e4nglich. Beheizte Au\u00dfenpools und Rutschen Gro\u00dfes beheiztes Au\u00dfenbecken: 1,10 m bis 1,60 m Tiefe Planschbecken f\u00fcr Kinder, 90 m\u00b2 [&hellip;]<\/p>\n","protected":false},"author":1,"featured_media":0,"parent":0,"menu_order":0,"comment_status":"closed","ping_status":"closed","template":"","meta":[],"acf":[],"_links":{"self":[{"href":"https:\/\/www.camping-la-garangeoire.com\/de\/wp-json\/wp\/v2\/pages\/5174"}],"collection":[{"href":"https:\/\/www.camping-la-garangeoire.com\/de\/wp-json\/wp\/v2\/pages"}],"about":[{"href":"https:\/\/www.camping-la-garangeoire.com\/de\/wp-json\/wp\/v2\/types\/page"}],"author":[{"embeddable":true,"href":"https:\/\/www.camping-la-garangeoire.com\/de\/wp-json\/wp\/v2\/users\/1"}],"replies":[{"embeddable":true,"href":"https:\/\/www.camping-la-garangeoire.com\/de\/wp-json\/wp\/v2\/comments?post=5174"}],"version-history":[{"count":6,"href":"https:\/\/www.camping-la-garangeoire.com\/de\/wp-json\/wp\/v2\/pages\/5174\/revisions"}],"predecessor-version":[{"id":12534,"href":"https:\/\/www.camping-la-garangeoire.com\/de\/wp-json\/wp\/v2\/pages\/5174\/revisions\/12534"}],"wp:attachment":[{"href":"https:\/\/www.camping-la-garangeoire.com\/de\/wp-json\/wp\/v2\/media?parent=5174"}],"curies":[{"name":"wp","href":"https:\/\/api.w.org\/{rel}","templated":true}]}}