{"id":5166,"date":"2023-06-13T11:38:50","date_gmt":"2023-06-13T09:38:50","guid":{"rendered":"https:\/\/www.camping-la-garangeoire.com\/camping-nature-vendee\/"},"modified":"2025-01-28T10:19:56","modified_gmt":"2025-01-28T09:19:56","slug":"naturcamping-vendee","status":"publish","type":"page","link":"https:\/\/www.camping-la-garangeoire.com\/de\/naturcamping-vendee\/","title":{"rendered":"Unser Campingplatz liegt im Herzen der Natur in der Vend\u00e9e"},"content":{"rendered":"\n<div class=\"wp-block-cover\"><span aria-hidden=\"true\" class=\"wp-block-cover__gradient-background has-background-dim\"><\/span><img loading=\"lazy\" width=\"2560\" height=\"1707\" class=\"wp-block-cover__image-background wp-image-12069\" alt=\"\" src=\"https:\/\/www.camping-la-garangeoire.com\/wp-content\/uploads\/2025\/01\/DSC_7298-min-1-scaled.jpg\" style=\"object-position:48% 59%\" data-object-fit=\"cover\" data-object-position=\"48% 59%\" srcset=\"https:\/\/www.camping-la-garangeoire.com\/wp-content\/uploads\/2025\/01\/DSC_7298-min-1-scaled.jpg 2560w, https:\/\/www.camping-la-garangeoire.com\/wp-content\/uploads\/2025\/01\/DSC_7298-min-1-300x200.jpg 300w, https:\/\/www.camping-la-garangeoire.com\/wp-content\/uploads\/2025\/01\/DSC_7298-min-1-1024x683.jpg 1024w, https:\/\/www.camping-la-garangeoire.com\/wp-content\/uploads\/2025\/01\/DSC_7298-min-1-768x512.jpg 768w, https:\/\/www.camping-la-garangeoire.com\/wp-content\/uploads\/2025\/01\/DSC_7298-min-1-1536x1024.jpg 1536w, https:\/\/www.camping-la-garangeoire.com\/wp-content\/uploads\/2025\/01\/DSC_7298-min-1-2048x1365.jpg 2048w\" sizes=\"(max-width: 2560px) 100vw, 2560px\" \/><div class=\"wp-block-cover__inner-container\">\n<h1 id=\"notre-camping-est-au-coeur-de-la-nature-en-vendee\">Unser Campingplatz liegt im Herzen der Natur in der Vend\u00e9e<\/h1>\n<\/div><\/div>\n\n\n\n<div class=\"wp-block-columns G-15\">\n<div class=\"wp-block-column\">\n<h2 class=\"h3 has-vert-color has-text-color\" id=\"200-hectares-de-nature-et-de-plein-air\">200 Hektar Natur und Freiluft<\/h2>\n\n\n\n<p>Der 1964 auf Ackerland gegr\u00fcndete <strong>Campingplatz Castel Camping La Garangeoire<\/strong> ist heute harmonisch in das&nbsp;<strong>Herz eines 200 Hektar gro\u00dfen, bewaldeten Parks<\/strong>&nbsp;integriert.<\/p>\n\n\n\n<div class=\"wp-block-group lire-plus-mobile\"><div class=\"wp-block-group__inner-container\">\n<p class=\"has-vert-color has-text-color\">Lesen Sie mehr<\/p>\n\n\n\n<div class=\"wp-container-69e199dea8673 wp-block-group\"><div class=\"wp-block-group__inner-container\">\n<p>Die&nbsp;<strong>ger\u00e4umigen Stellpl\u00e4tze<\/strong>&nbsp;und Mietparzellen sind im Durchschnitt 165 m\u00b2 gro\u00df und garantieren jeder Familie die Privatsph\u00e4re und Ruhe, die man in einer Ferienanlage dieser Kategorie&nbsp;<strong>im Freien<\/strong>&nbsp;erwartet.<\/p>\n\n\n\n<p>Sie profitieren von der Ruhe&nbsp;<strong>gro\u00dfer Fl\u00e4chen<\/strong>, auf denen W\u00e4lder, Teiche und Weiden harmonisch ineinander \u00fcbergehen.<\/p>\n\n\n\n<p>Der Wald des Anwesens besteht aus Eichen, Kastanienb\u00e4umen und Douglastannen.<\/p>\n\n\n\n<p>Markierte Wanderwege und Orientierungskurse sind im Wald vorhanden und sorgen f\u00fcr Erfrischung an den hei\u00dfen Sommertagen. Es gibt auch Picknickpl\u00e4tze.<\/p>\n<\/div><\/div>\n<\/div><\/div>\n<\/div>\n\n\n\n<div class=\"wp-block-column\">\n<figure class=\"wp-block-gallery has-nested-images columns-default is-cropped\">\n<figure class=\"wp-block-image size-large\"><img loading=\"lazy\" width=\"1024\" height=\"794\" src=\"https:\/\/www.camping-la-garangeoire.com\/wp-content\/uploads\/2023\/03\/garangeoire-2017-0234-1-1024x794.jpg\" alt=\"\" class=\"wp-image-2093\" srcset=\"https:\/\/www.camping-la-garangeoire.com\/wp-content\/uploads\/2023\/03\/garangeoire-2017-0234-1-1024x794.jpg 1024w, https:\/\/www.camping-la-garangeoire.com\/wp-content\/uploads\/2023\/03\/garangeoire-2017-0234-1-300x233.jpg 300w, https:\/\/www.camping-la-garangeoire.com\/wp-content\/uploads\/2023\/03\/garangeoire-2017-0234-1-768x596.jpg 768w, https:\/\/www.camping-la-garangeoire.com\/wp-content\/uploads\/2023\/03\/garangeoire-2017-0234-1.jpg 1200w\" sizes=\"(max-width: 1024px) 100vw, 1024px\" \/><\/figure>\n\n\n\n<figure class=\"wp-block-image size-large\"><img loading=\"lazy\" width=\"1024\" height=\"683\" src=\"https:\/\/www.camping-la-garangeoire.com\/wp-content\/uploads\/2023\/03\/equitation-1024x683.jpg\" alt=\"\" class=\"wp-image-2082\" srcset=\"https:\/\/www.camping-la-garangeoire.com\/wp-content\/uploads\/2023\/03\/equitation-1024x683.jpg 1024w, https:\/\/www.camping-la-garangeoire.com\/wp-content\/uploads\/2023\/03\/equitation-300x200.jpg 300w, https:\/\/www.camping-la-garangeoire.com\/wp-content\/uploads\/2023\/03\/equitation-768x512.jpg 768w, https:\/\/www.camping-la-garangeoire.com\/wp-content\/uploads\/2023\/03\/equitation.jpg 1200w\" sizes=\"(max-width: 1024px) 100vw, 1024px\" \/><\/figure>\n<\/figure>\n\n\n\n<ul class=\"pictos col-2 has-vert-color has-text-color\"><li><i class=\"fal fa-water\"><\/i> Wundersch\u00f6ne Seen<\/li><li><i class=\"fal fa-trees\"><\/i> Mitten in der Natur<\/li><li><i class=\"fal fa-leaf-heart\"><\/i> Respektvoll mit der Natur<\/li><li><i class=\"fal fa-house-tree\"><\/i> Finden Sie v\u00f6llige Entspannung!<\/li><\/ul>\n<\/div>\n<\/div>\n\n\n\n<div class=\"wp-container-69e199dea8d9e wp-block-group alignfull G-20\"><div class=\"wp-block-group__inner-container\">\n<figure class=\"wp-block-image size-full\"><img loading=\"lazy\" width=\"2048\" height=\"1095\" src=\"https:\/\/www.camping-la-garangeoire.com\/wp-content\/uploads\/2023\/04\/garangeoire.1-18.webp\" alt=\"\" class=\"wp-image-2821\" srcset=\"https:\/\/www.camping-la-garangeoire.com\/wp-content\/uploads\/2023\/04\/garangeoire.1-18.webp 2048w, https:\/\/www.camping-la-garangeoire.com\/wp-content\/uploads\/2023\/04\/garangeoire.1-18-300x160.webp 300w, https:\/\/www.camping-la-garangeoire.com\/wp-content\/uploads\/2023\/04\/garangeoire.1-18-1024x548.webp 1024w, https:\/\/www.camping-la-garangeoire.com\/wp-content\/uploads\/2023\/04\/garangeoire.1-18-768x411.webp 768w, https:\/\/www.camping-la-garangeoire.com\/wp-content\/uploads\/2023\/04\/garangeoire.1-18-1536x821.webp 1536w\" sizes=\"(max-width: 2048px) 100vw, 2048px\" \/><\/figure>\n\n\n\n<div class=\"wp-block-columns\">\n<div class=\"wp-block-column\" style=\"flex-basis:72%\">\n<div class=\"wp-block-columns\">\n<div class=\"wp-block-column\">\n<figure class=\"wp-block-image size-large\"><img loading=\"lazy\" width=\"1024\" height=\"683\" src=\"https:\/\/www.camping-la-garangeoire.com\/wp-content\/uploads\/2023\/03\/garangeoire-2017-0245-1024x683.jpg\" alt=\"\" class=\"wp-image-2085\" srcset=\"https:\/\/www.camping-la-garangeoire.com\/wp-content\/uploads\/2023\/03\/garangeoire-2017-0245-1024x683.jpg 1024w, https:\/\/www.camping-la-garangeoire.com\/wp-content\/uploads\/2023\/03\/garangeoire-2017-0245-300x200.jpg 300w, https:\/\/www.camping-la-garangeoire.com\/wp-content\/uploads\/2023\/03\/garangeoire-2017-0245-768x512.jpg 768w, https:\/\/www.camping-la-garangeoire.com\/wp-content\/uploads\/2023\/03\/garangeoire-2017-0245.jpg 1200w\" sizes=\"(max-width: 1024px) 100vw, 1024px\" \/><\/figure>\n<\/div>\n\n\n\n<div class=\"wp-block-column\">\n<h2 class=\"h3 has-vert-color has-text-color\" id=\"etangs-de-la-garangeoire\">Die Teiche von La Garangeoire<\/h2>\n\n\n\n<p>Angler und Wassersportler werden alles finden, was sie brauchen, um ihre Erwartungen zu erf\u00fcllen, und das ohne Aufpreis.<\/p>\n\n\n\n<div class=\"wp-block-group lire-plus-mobile\"><div class=\"wp-block-group__inner-container\">\n<p class=\"has-vert-color has-text-color\">Lesen Sie mehr<\/p>\n\n\n\n<div class=\"wp-container-69e199dea8a86 wp-block-group\"><div class=\"wp-block-group__inner-container\">\n<p><strong>4 private Teiche<\/strong>, von 1,2 bis 3,5 Hek<\/p>\n\n\n\n<p>Sie k\u00f6nnen auf Karpfen, Hecht, Schleie, Barsch und Pl\u00f6tze angeln <a href=\"https:\/\/www.camping-la-garangeoire.com\/de\/aktivitaeten-natur\/\" data-type=\"page\" data-id=\"657\"><u>Entdecken Sie alle Aktivit\u00e4ten rund ums Angeln auf dem Campingplatz<\/u><\/a>.<\/p>\n\n\n\n<p>Auf dem gro\u00dfen Teich k\u00f6nnen Sie mit der Familie auf unseren Tretbooten mit 4 bis 5 Pl\u00e4tzen entspannen. Kanus f\u00fcr 2 Personen sind ebenfalls verf\u00fcgbar.<\/p>\n<\/div><\/div>\n<\/div><\/div>\n<\/div>\n<\/div>\n<\/div>\n\n\n\n<div class=\"wp-block-column\">\n<figure class=\"wp-block-image size-large\"><img loading=\"lazy\" width=\"1024\" height=\"685\" src=\"https:\/\/www.camping-la-garangeoire.com\/wp-content\/uploads\/2023\/03\/peche-2-p.16-1024x685.jpg\" alt=\"\" class=\"wp-image-2088\" srcset=\"https:\/\/www.camping-la-garangeoire.com\/wp-content\/uploads\/2023\/03\/peche-2-p.16-1024x685.jpg 1024w, https:\/\/www.camping-la-garangeoire.com\/wp-content\/uploads\/2023\/03\/peche-2-p.16-300x201.jpg 300w, https:\/\/www.camping-la-garangeoire.com\/wp-content\/uploads\/2023\/03\/peche-2-p.16-768x514.jpg 768w, https:\/\/www.camping-la-garangeoire.com\/wp-content\/uploads\/2023\/03\/peche-2-p.16.jpg 1100w\" sizes=\"(max-width: 1024px) 100vw, 1024px\" \/><\/figure>\n<\/div>\n<\/div>\n\n\n\n<h2 class=\"h6 has-vert-color has-text-color\" id=\"fa-icon-icon-fas-fa-water-lac-du-jaunay-et-lac-d-apremont-a-proximite\"><i class=\"fas fa-water\"><\/i>  Lac du Jaunay und Lac d&#8217;Apremont, in der N\u00e4he<\/h2>\n\n\n\n<p>Mit einer <a rel=\"noreferrer noopener\" href=\"https:\/\/federation-peche-vendee.fr\/carte-de-peche\/pourquoi-une-carte-de-peche\/\" target=\"_blank\">Angelkarte<\/a>, die Sie an der Rezeption des Campingplatzes oder in der Bar-Tabak dim Dorf kaufen k\u00f6nnen, k\u00f6nnen Sie im <a rel=\"noreferrer noopener\" href=\"https:\/\/www.achards-tourisme.com\/decouvrir\/le-lac-du-jaunay\/\" target=\"_blank\">Lac du Jaunay<\/a> angeln, der 2 km vom Campingplatz entfernt liegt.<\/p>\n\n\n\n<p>F\u00fcr die Abenteuerlustigen, die gerne echte Kanufahrten machen m\u00f6chten, organisiert unser Partner&nbsp; <a rel=\"noreferrer noopener\" href=\"http:\/\/www.les-canoes-du-marais.com\/fr\/\" target=\"_blank\">Les Cano\u00ebs du Marais<\/a> AFahrten auf dem Fluss Jaunay, in einem Natura 2000-Schutzgebiet, vor allem bei Sonnenuntergang mit n\u00e4chtlicher R\u00fcckkehr!<\/p>\n\n\n\n<p>Wakeboard-Fans werden nach Apremont (12 km) fahren, um vom Ponton des&nbsp;<a rel=\"noreferrer noopener\" href=\"https:\/\/www.kswaterpark.fr\/\" target=\"_blank\">Ks Wakeparks<\/a> aus zu fahren.<\/p>\n<\/div><\/div>\n\n\n\n<figure class=\"wp-block-image alignfull size-full\"><img loading=\"lazy\" width=\"2048\" height=\"659\" src=\"https:\/\/www.camping-la-garangeoire.com\/wp-content\/uploads\/2023\/03\/castel-la-garangeoire-camping-1.jpg\" alt=\"\" class=\"wp-image-752\" srcset=\"https:\/\/www.camping-la-garangeoire.com\/wp-content\/uploads\/2023\/03\/castel-la-garangeoire-camping-1.jpg 2048w, https:\/\/www.camping-la-garangeoire.com\/wp-content\/uploads\/2023\/03\/castel-la-garangeoire-camping-1-300x97.jpg 300w, https:\/\/www.camping-la-garangeoire.com\/wp-content\/uploads\/2023\/03\/castel-la-garangeoire-camping-1-1024x330.jpg 1024w, https:\/\/www.camping-la-garangeoire.com\/wp-content\/uploads\/2023\/03\/castel-la-garangeoire-camping-1-768x247.jpg 768w, https:\/\/www.camping-la-garangeoire.com\/wp-content\/uploads\/2023\/03\/castel-la-garangeoire-camping-1-1536x494.jpg 1536w\" sizes=\"(max-width: 2048px) 100vw, 2048px\" \/><\/figure>\n\n\n\n<div class=\"wp-container-69e199dea996d wp-block-group G-05\"><div class=\"wp-block-group__inner-container\">\n<div class=\"wp-block-columns\">\n<div class=\"wp-block-column\">\n<h2 class=\"h3 has-rouge-color has-text-color\" id=\"a-l-ecoute-de-la-nature\">Der Natur <mark style=\"background-color:rgba(0, 0, 0, 0)\" class=\"has-inline-color has-rouge-clair-color\">zuh\u00f6ren<\/mark><\/h2>\n\n\n\n<div class=\"wp-block-columns\">\n<div class=\"wp-block-column\">\n<figure class=\"wp-block-image size-large\"><img loading=\"lazy\" width=\"1024\" height=\"683\" src=\"https:\/\/www.camping-la-garangeoire.com\/wp-content\/uploads\/2023\/03\/tente-Safari-1024x683.jpg\" alt=\"\" class=\"wp-image-1159\" srcset=\"https:\/\/www.camping-la-garangeoire.com\/wp-content\/uploads\/2023\/03\/tente-Safari-1024x683.jpg 1024w, https:\/\/www.camping-la-garangeoire.com\/wp-content\/uploads\/2023\/03\/tente-Safari-300x200.jpg 300w, https:\/\/www.camping-la-garangeoire.com\/wp-content\/uploads\/2023\/03\/tente-Safari-768x512.jpg 768w, https:\/\/www.camping-la-garangeoire.com\/wp-content\/uploads\/2023\/03\/tente-Safari.jpg 1050w\" sizes=\"(max-width: 1024px) 100vw, 1024px\" \/><\/figure>\n<\/div>\n\n\n\n<div class=\"wp-block-column\">\n<p>Camping in der Vend\u00e9e, umgeben von Bauernh\u00f6fen, Castel La Garangeoire bietet Aktivit\u00e4ten und Veranstaltungen in direktem Zusammenhang mit der Natur: Land \u201eKunst, der Entdeckung der Fauna und Flora, Orientierungskurs zum Thema B\u00e4ume und Tiere im Wald \u2026<\/p>\n\n\n\n<p>Da der Platz vor Lichtverschmutzung gesch\u00fctzt ist, ist La Garangeoire einer der wenigen Campingpl\u00e4tze in der Vend\u00e9e, auf dem Astronomie-Begeisterte die Sterne und die vielen Sternschnuppen des Sommers unter hervorragenden Bedingungen beobachten k\u00f6nnen.<\/p>\n<\/div>\n<\/div>\n<\/div>\n\n\n\n<div class=\"wp-block-column\">\n<figure class=\"wp-block-image size-large\"><img loading=\"lazy\" width=\"768\" height=\"1024\" src=\"https:\/\/www.camping-la-garangeoire.com\/wp-content\/uploads\/2023\/03\/taos-768x1024.jpg\" alt=\"\" class=\"wp-image-1462\" srcset=\"https:\/\/www.camping-la-garangeoire.com\/wp-content\/uploads\/2023\/03\/taos-768x1024.jpg 768w, https:\/\/www.camping-la-garangeoire.com\/wp-content\/uploads\/2023\/03\/taos-225x300.jpg 225w, https:\/\/www.camping-la-garangeoire.com\/wp-content\/uploads\/2023\/03\/taos-1152x1536.jpg 1152w, https:\/\/www.camping-la-garangeoire.com\/wp-content\/uploads\/2023\/03\/taos.jpg 1500w\" sizes=\"(max-width: 768px) 100vw, 768px\" \/><\/figure>\n<\/div>\n<\/div>\n\n\n\n<div class=\"wp-block-columns\">\n<div class=\"wp-block-column\">\n<h2 class=\"h6 has-ocre-color has-text-color\" id=\"fa-icon-icon-fas-fa-leaf-participez-a-nos-actions-et-reduisez-votre-empreinte-environnementale\"><i class=\"fas fa-leaf\"><\/i>  Beteiligen Sie sich an unseren Aktionen und reduzieren Sie Ihren \u00f6kologischen Fu\u00dfabdruck<\/h2>\n\n\n\n<div class=\"wp-block-group lire-plus-mobile\"><div class=\"wp-block-group__inner-container\">\n<p class=\"has-ocre-color has-text-color\">Lesen Sie mehr<\/p>\n\n\n\n<div class=\"wp-container-69e199dea917b wp-block-group\"><div class=\"wp-block-group__inner-container\">\n<p>Dank unseres Umweltengagements und der Einbeziehung unserer Kunden haben wir die Ecolabel-Zertifizierung erhalten. Diese Zertifizierung belohnt die Bem\u00fchungen sowohl des Campingplatzes als auch der Urlaubsg\u00e4ste in Bezug auf Wasser- und Abfallmanagement, verantwortungsvollen Einkauf und die Aufmerksamkeit, die der Umwelterziehung geschenkt wird.<\/p>\n\n\n\n<p>Unser Wunsch ist es, jeden Urlauber davon zu \u00fcberzeugen, dass er leicht ein umweltfreundlicher Tourist werden kann, ohne auf seinen Komfort zu verzichten, mit ganz einfachen Ma\u00dfnahmen: Respekt f\u00fcr das Sortiersystem, Benutzung von Wasserbrunnen, Teilnahme an der Reduzierung des Verpackungsverbrauchs, Kompostierung, usw\u2026 (<a rel=\"noreferrer noopener\" href=\"https:\/\/www.camping-la-garangeoire.com\/de\/unsere-verpflichtungen\/\" data-type=\"page\" data-id=\"622\" target=\"_blank\">siehe hier die Liste unserer Umweltaktionen<\/a>)<\/p>\n<\/div><\/div>\n<\/div><\/div>\n<\/div>\n\n\n\n<div class=\"wp-block-column\">\n<figure class=\"wp-block-image size-full\"><img loading=\"lazy\" width=\"1024\" height=\"550\" src=\"https:\/\/www.camping-la-garangeoire.com\/wp-content\/uploads\/2023\/03\/garangeoire-camping-plein-air-tente.jpg\" alt=\"\" class=\"wp-image-755\" srcset=\"https:\/\/www.camping-la-garangeoire.com\/wp-content\/uploads\/2023\/03\/garangeoire-camping-plein-air-tente.jpg 1024w, https:\/\/www.camping-la-garangeoire.com\/wp-content\/uploads\/2023\/03\/garangeoire-camping-plein-air-tente-300x161.jpg 300w, https:\/\/www.camping-la-garangeoire.com\/wp-content\/uploads\/2023\/03\/garangeoire-camping-plein-air-tente-768x413.jpg 768w\" sizes=\"(max-width: 1024px) 100vw, 1024px\" \/><\/figure>\n\n\n\n<div class=\"wp-container-69e199dea96f2 wp-block-group encart\"><div class=\"wp-block-group__inner-container\">\n<p class=\"h5 has-rouge-color has-text-color\">Gelungene Ferien!<\/p>\n\n\n\n<h3 class=\"h4\" id=\"reservez-vite-vos-vacances-dans-notre-camping-5-etoiles-au-coeur-de-la-nature-en-vendee\">Buchen Sie schnell Ihren Aufenthalt auf unserem 5-Sterne-Campingplatz im Herzen der Natur in der Vend\u00e9e<\/h3>\n\n\n\n<div class=\"wp-container-69e199dea94bc wp-block-buttons\">\n<div class=\"wp-block-button btn_resa\"><a class=\"wp-block-button__link\">Buchen Sie Ihren Urlaub<\/a><\/div>\n<\/div>\n<\/div><\/div>\n<\/div>\n<\/div>\n<\/div><\/div>\n","protected":false},"excerpt":{"rendered":"<p>200 Hektar Natur und Freiluft Der 1964 auf Ackerland gegr\u00fcndete Campingplatz Castel Camping La Garangeoire ist heute harmonisch in das&nbsp;Herz eines 200 Hektar gro\u00dfen, bewaldeten Parks&nbsp;integriert. Wundersch\u00f6ne Seen Mitten in der Natur Respektvoll mit der Natur Finden Sie v\u00f6llige Entspannung! Die Teiche von La Garangeoire Angler und Wassersportler werden alles finden, was sie brauchen, um [&hellip;]<\/p>\n","protected":false},"author":1,"featured_media":0,"parent":0,"menu_order":0,"comment_status":"closed","ping_status":"closed","template":"","meta":[],"acf":[],"_links":{"self":[{"href":"https:\/\/www.camping-la-garangeoire.com\/de\/wp-json\/wp\/v2\/pages\/5166"}],"collection":[{"href":"https:\/\/www.camping-la-garangeoire.com\/de\/wp-json\/wp\/v2\/pages"}],"about":[{"href":"https:\/\/www.camping-la-garangeoire.com\/de\/wp-json\/wp\/v2\/types\/page"}],"author":[{"embeddable":true,"href":"https:\/\/www.camping-la-garangeoire.com\/de\/wp-json\/wp\/v2\/users\/1"}],"replies":[{"embeddable":true,"href":"https:\/\/www.camping-la-garangeoire.com\/de\/wp-json\/wp\/v2\/comments?post=5166"}],"version-history":[{"count":6,"href":"https:\/\/www.camping-la-garangeoire.com\/de\/wp-json\/wp\/v2\/pages\/5166\/revisions"}],"predecessor-version":[{"id":12072,"href":"https:\/\/www.camping-la-garangeoire.com\/de\/wp-json\/wp\/v2\/pages\/5166\/revisions\/12072"}],"wp:attachment":[{"href":"https:\/\/www.camping-la-garangeoire.com\/de\/wp-json\/wp\/v2\/media?parent=5166"}],"curies":[{"name":"wp","href":"https:\/\/api.w.org\/{rel}","templated":true}]}}