{"id":5158,"date":"2023-06-13T11:33:18","date_gmt":"2023-06-13T09:33:18","guid":{"rendered":"https:\/\/www.camping-la-garangeoire.com\/unsere-verpflichtungen\/"},"modified":"2025-12-11T14:55:44","modified_gmt":"2025-12-11T13:55:44","slug":"unsere-verpflichtungen","status":"publish","type":"page","link":"https:\/\/www.camping-la-garangeoire.com\/de\/unsere-verpflichtungen\/","title":{"rendered":"Unsere Labels und Engagement"},"content":{"rendered":"\n<div class=\"wp-block-cover\"><span aria-hidden=\"true\" class=\"wp-block-cover__gradient-background has-background-dim\"><\/span><img loading=\"lazy\" width=\"2560\" height=\"1708\" class=\"wp-block-cover__image-background wp-image-11177\" alt=\"\" src=\"https:\/\/www.camping-la-garangeoire.com\/wp-content\/uploads\/2024\/10\/ecolabel-La-Garangeoire-scaled.jpg\" data-object-fit=\"cover\" srcset=\"https:\/\/www.camping-la-garangeoire.com\/wp-content\/uploads\/2024\/10\/ecolabel-La-Garangeoire-scaled.jpg 2560w, https:\/\/www.camping-la-garangeoire.com\/wp-content\/uploads\/2024\/10\/ecolabel-La-Garangeoire-300x200.jpg 300w, https:\/\/www.camping-la-garangeoire.com\/wp-content\/uploads\/2024\/10\/ecolabel-La-Garangeoire-1024x683.jpg 1024w, https:\/\/www.camping-la-garangeoire.com\/wp-content\/uploads\/2024\/10\/ecolabel-La-Garangeoire-768x512.jpg 768w, https:\/\/www.camping-la-garangeoire.com\/wp-content\/uploads\/2024\/10\/ecolabel-La-Garangeoire-1536x1025.jpg 1536w, https:\/\/www.camping-la-garangeoire.com\/wp-content\/uploads\/2024\/10\/ecolabel-La-Garangeoire-2048x1366.jpg 2048w\" sizes=\"(max-width: 2560px) 100vw, 2560px\" \/><div class=\"wp-block-cover__inner-container\">\n<h1 id=\"nos-labels-et-engagements\">Unsere Labels und Engagement<\/h1>\n<\/div><\/div>\n\n\n\n<p class=\"has-text-align-left has-large-font-size\"><strong><mark style=\"background-color:rgba(0, 0, 0, 0)\" class=\"has-inline-color has-rouge-color\"><strong>Geben Sie Ihrem Urlaub einen Sinn<\/strong><\/mark><\/strong><\/p>\n\n\n\n<p class=\"has-text-align-left has-medium-font-size\"><strong>Wir m\u00f6chten, dass Ihr Aufenthalt auf dem Castel Camping La Garangeoire f\u00fcr Sie ein unvergessliches Urlaubserlebnis bleibt. Hier finden Sie eine umweltbewusste Gestaltung und eine f\u00fcr jeden zug\u00e4ngliche Ausstattung. Wir lassen uns auch bei der Ver\u00e4nderung von unseren Werten leiten und m\u00f6chten, dass Sie sich wie zu Hause f\u00fchlen.<\/strong><\/p>\n\n\n\n<p><\/p>\n\n\n\n<div class=\"wp-block-columns\">\n<div class=\"wp-block-column\">\n<h2 class=\"h4\" id=\"environnement-ecolabel-europeen\"><strong>Ein Ecolabel-zertifizierter Campingplatz<\/strong> : <a href=\"https:\/\/www.ecolabels.fr\/categories\/tourisme\/ecolabel-europeen-services-dhebergement-touristique-nf350-ecolabels\/\">EU Ecolabel<\/a><\/h2>\n\n\n\n<p>Mit Stolz tragen wir seit 2011 das europ\u00e4ische Ecolabel als Beweis unseres Engagements f\u00fcr den Umweltschutz. V<strong>on allen 350 Campingpl\u00e4tzen in der Vend\u00e9e sind nur vier Ecolabel-zertifiziert.<\/strong> Alles, was wir ver\u00e4ndern, geschieht mit der Absicht, unseren G\u00e4sten eine gesunde, nachhaltige Umgebung im Einklang mit der Natur zu bieten.<\/p>\n\n\n\n<p>La Garangeoire wurde mit dem Europ\u00e4ischen Umweltzeichen ausgezeichnet. Diese Auszeichnung belohnt die Bem\u00fchungen um eine besonders umweltfreundliche Haltung, wie die sparsame Nutzung von Wasser und Energie, die Abfallreduzierung, die bevorzugte Nutzung von erneuerbaren Energien und die Sensibilisierung der G\u00e4ste zu Umweltbelangen.<\/p>\n\n\n\n<p>Die streng kontrollierten Aktionen erm\u00f6glichen nicht nur starke Energieeinsparungen, sondern reduzieren durch Verwendung umweltfreundlicher Produkte und Prozesse ebenfalls sch\u00e4dliche Einwirkungen auf unsere Umwelt.<\/p>\n<\/div>\n\n\n\n<div class=\"wp-block-column\">\n<div class=\"wp-block-image\"><figure class=\"aligncenter size-medium\"><img loading=\"lazy\" width=\"300\" height=\"300\" src=\"https:\/\/www.camping-la-garangeoire.com\/wp-content\/uploads\/2025\/01\/Design-sans-titre-300x300.png\" alt=\"\" class=\"wp-image-11839\" srcset=\"https:\/\/www.camping-la-garangeoire.com\/wp-content\/uploads\/2025\/01\/Design-sans-titre-300x300.png 300w, https:\/\/www.camping-la-garangeoire.com\/wp-content\/uploads\/2025\/01\/Design-sans-titre-1024x1024.png 1024w, https:\/\/www.camping-la-garangeoire.com\/wp-content\/uploads\/2025\/01\/Design-sans-titre-150x150.png 150w, https:\/\/www.camping-la-garangeoire.com\/wp-content\/uploads\/2025\/01\/Design-sans-titre-768x768.png 768w, https:\/\/www.camping-la-garangeoire.com\/wp-content\/uploads\/2025\/01\/Design-sans-titre-1536x1536.png 1536w, https:\/\/www.camping-la-garangeoire.com\/wp-content\/uploads\/2025\/01\/Design-sans-titre.png 2000w\" sizes=\"(max-width: 300px) 100vw, 300px\" \/><\/figure><\/div>\n\n\n\n<p><\/p>\n\n\n\n<div class=\"wp-block-image\"><figure class=\"aligncenter size-medium\"><img loading=\"lazy\" width=\"300\" height=\"300\" src=\"https:\/\/www.camping-la-garangeoire.com\/wp-content\/uploads\/2025\/01\/Action-enfance-ALL-300x300.png\" alt=\"\" class=\"wp-image-11849\" srcset=\"https:\/\/www.camping-la-garangeoire.com\/wp-content\/uploads\/2025\/01\/Action-enfance-ALL-300x300.png 300w, https:\/\/www.camping-la-garangeoire.com\/wp-content\/uploads\/2025\/01\/Action-enfance-ALL-150x150.png 150w, https:\/\/www.camping-la-garangeoire.com\/wp-content\/uploads\/2025\/01\/Action-enfance-ALL-768x768.png 768w, https:\/\/www.camping-la-garangeoire.com\/wp-content\/uploads\/2025\/01\/Action-enfance-ALL.png 800w\" sizes=\"(max-width: 300px) 100vw, 300px\" \/><\/figure><\/div>\n<\/div>\n\n\n\n<div class=\"wp-block-column\">\n<h2 class=\"h4 has-ocre-color has-text-color\" id=\"solidaritat-fondation-action-enfance\">Solidarit\u00e4t \u201e Fondation Action Enfance\u201c<\/h2>\n\n\n\n<h6 id=\"eine-rezension-eine-gute-tat\">Eine Rezension = eine gute Tat<\/h6>\n\n\n\n<p>Die Zufriedenheit unserer Urlauber ist von gro\u00dfer Bedeutung, denn wir wollen das Beste f\u00fcr Sie. Deshalb senden wir unseren G\u00e4sten nach jedem Urlaub einen kurzen Fragebogen. Mit den Ergebnissen k\u00f6nnen wir eine Vorstellung davon bekommen, was Sie von uns erwarten. Wir k\u00f6nnen unsere Einrichtungen, Dienstleistungen und pers\u00f6nlichen Service entsprechend anpassen.<\/p>\n\n\n\n<p>F\u00fcr jede erhaltene Antwort spendet Camping la Garangeoire 2 \u20ac an <a rel=\"noreferrer noopener\" href=\"https:\/\/www.actionenfance.org\/\" target=\"_blank\">ACTION ENFANCE<\/a>. eine Stiftung, deren Aufgabe es ist, Kinder in Frankreich zu sch\u00fctzen und Kindern, die von ihren Eltern getrennt sind, ein stabiles, lehrreiches und sch\u00fctzendes Umfeld zu bieten. Sie werden in Kinderd\u00f6rfern betreut, in denen sie unter Aufsicht von Aufsichtspersonen zusammenleben.<\/p>\n\n\n\n<p>Wir m\u00f6chten uns daher auch bei allen Urlaubern bedanken, die sich nach ihrem Aufenthalt die Zeit genommen haben, unsere Zufriedenheitsumfrage auszuf\u00fcllen. Dank Ihrer Reaktionen konnten wir eine Spende in H\u00f6he von 537 \u20ac an Fondation Action Enfance leisten.<\/p>\n<\/div>\n<\/div>\n\n\n\n<div class=\"wp-container-69e73ba2c0b13 wp-block-group reverse-mob\"><div class=\"wp-block-group__inner-container\">\n<div class=\"wp-block-columns are-vertically-aligned-center G-00\">\n<div class=\"wp-block-column is-vertically-aligned-center\">\n<h2 class=\"h5\" id=\"les-castels\">Les Castels<\/h2>\n\n\n\n<p class=\"h3 has-rouge-color has-text-color\">Au\u00dfergew\u00f6hnliche Campingpl\u00e4tze <mark style=\"background-color:rgba(0, 0, 0, 0)\" class=\"has-inline-color has-rouge-clair-color\">in Frankreich<\/mark><\/p>\n<\/div>\n\n\n\n<div class=\"wp-block-column is-vertically-aligned-center\">\n<div class=\"wp-block-image\"><figure class=\"aligncenter size-medium\"><img loading=\"lazy\" width=\"300\" height=\"128\" src=\"https:\/\/www.camping-la-garangeoire.com\/wp-content\/uploads\/2024\/10\/2024-Les-Castels-logo-secondaire-300x128.jpg\" alt=\"\" class=\"wp-image-11164\" srcset=\"https:\/\/www.camping-la-garangeoire.com\/wp-content\/uploads\/2024\/10\/2024-Les-Castels-logo-secondaire-300x128.jpg 300w, https:\/\/www.camping-la-garangeoire.com\/wp-content\/uploads\/2024\/10\/2024-Les-Castels-logo-secondaire-1024x438.jpg 1024w, https:\/\/www.camping-la-garangeoire.com\/wp-content\/uploads\/2024\/10\/2024-Les-Castels-logo-secondaire-768x329.jpg 768w, https:\/\/www.camping-la-garangeoire.com\/wp-content\/uploads\/2024\/10\/2024-Les-Castels-logo-secondaire.jpg 1136w\" sizes=\"(max-width: 300px) 100vw, 300px\" \/><\/figure><\/div>\n\n\n\n<p>Seit ihrer Gr\u00fcndung ist La Garangeoire Mitglied der Kette Les Castels. Die 4- und 5-Sterne Freiluft-Hotels in Frankreich erfreuen sich alle einer au\u00dfergew\u00f6hnlichen Lage und bieten viel Lebensraum! \u201eLes Castels\u201c war die erste historischen Kette authentischer und unabh\u00e4ngiger Campingpl\u00e4tze in Frankreich \u2013 und wir sind stolz, von Anfang an dabei zu sein.<\/p>\n\n\n\n<p>Bei uns befinden Sie sich nicht an einem anonymen Ort. Sie werden bei einem Eigent\u00fcmer empfangen..<\/p>\n<\/div>\n<\/div>\n<\/div><\/div>\n\n\n\n<div class=\"wp-container-69e73ba2c0eb3 wp-block-group G-10 a has-fond-background-color has-background\"><div class=\"wp-block-group__inner-container\">\n<div class=\"wp-block-columns\">\n<div class=\"wp-block-column encart has-blanc-background-color has-background\">\n<h2 class=\"h6 has-vert-color has-text-color\" id=\"fa-icon-icon-fas-fa-sparkles-seit-uber-20-jahren-mitglied-von-camping-qualite\"><i class=\"fas fa-sparkles\"><\/i> <strong>Seit \u00fcber 20 Jahren Mitglied von Camping Qualit\u00e9<\/strong><\/h2>\n\n\n\n<p>Le Castel Camping La Garangeoire ist stolz darauf, Mitglied von <strong><a rel=\"noreferrer noopener\" href=\"https:\/\/campingqualite.com\/\" target=\"_blank\">Camping Qualit\u00e9<\/a><\/strong> zu sein, einem renommierten Label, das die Einhaltung einer strengen und pr\u00e4zisen Charta sowie regelm\u00e4\u00dfige Kontrollen anhand von fast <strong>600 Kriterien<\/strong> garantiert.<\/p>\n\n\n\n<p>Bei unserem letzten Audit im Jahr 2022 erzielten wir eine bemerkenswerte \u00dcbereinstimmungsrate von <strong>98 %<\/strong>, ein Beweis f\u00fcr unser Engagement, qualitativ hochwertige Dienstleistungen und Einrichtungen anzubieten.<\/p>\n\n\n\n<p><strong>Camping Qualit\u00e9<\/strong> ist eine freiwillige Initiative, die den hohen Erwartungen der Verbraucher entspricht und gleichzeitig Fachleute bei ihrem Streben nach Qualit\u00e4t unterst\u00fctzt.<\/p>\n<\/div>\n\n\n\n<div class=\"wp-block-column\">\n<p class=\"h2 has-vert-color has-text-color\">Ein Urlaub ohne b\u00f6se \u00dcberraschungen<\/p>\n\n\n\n<p><strong><strong>Die Camping Qualit\u00e9-Campingpl\u00e4tze bieten Ihnen garantiert:<\/strong><\/strong><\/p>\n\n\n\n<figure class=\"wp-block-image size-large\"><img loading=\"lazy\" width=\"1024\" height=\"426\" src=\"https:\/\/www.camping-la-garangeoire.com\/wp-content\/uploads\/2025\/10\/BtoBtoC-Membre-engage-et-labellise-logo-1024x426.png\" alt=\"Camping qualit\u00e9\" class=\"wp-image-13019\" srcset=\"https:\/\/www.camping-la-garangeoire.com\/wp-content\/uploads\/2025\/10\/BtoBtoC-Membre-engage-et-labellise-logo-1024x426.png 1024w, https:\/\/www.camping-la-garangeoire.com\/wp-content\/uploads\/2025\/10\/BtoBtoC-Membre-engage-et-labellise-logo-300x125.png 300w, https:\/\/www.camping-la-garangeoire.com\/wp-content\/uploads\/2025\/10\/BtoBtoC-Membre-engage-et-labellise-logo-768x320.png 768w, https:\/\/www.camping-la-garangeoire.com\/wp-content\/uploads\/2025\/10\/BtoBtoC-Membre-engage-et-labellise-logo-1536x639.png 1536w, https:\/\/www.camping-la-garangeoire.com\/wp-content\/uploads\/2025\/10\/BtoBtoC-Membre-engage-et-labellise-logo-2048x852.png 2048w\" sizes=\"(max-width: 1024px) 100vw, 1024px\" \/><\/figure>\n<\/div>\n<\/div>\n\n\n\n<div class=\"wp-block-columns\">\n<div class=\"wp-block-column\">\n<ul class=\"pictos col-5 has-vert-color has-text-color\"><li><i class=\"fal fa-house-heart\"><\/i>  Ein herzliches Willkommen<\/li><li><i class=\"fal fa-hand-sparkles\"><\/i>  Eine tadellose Sauberkeit<\/li><li><i class=\"fal fa-circle-info\"><\/i>  Genaue und wahrheitsgem\u00e4\u00dfe Informationen<\/li><li><i class=\"fal fa-trees\"><\/i>  Ein gut gepflegter und abgegrenzter Platz<\/li><li><i class=\"fal fa-leaf-heart\"><\/i>  Umweltfreundliches Management<\/li><\/ul>\n<\/div>\n\n\n\n<div class=\"wp-block-column\">\n<ul class=\"pictos col-5 has-vert-color has-text-color\"><li><i class=\"fal fa-hand-holding-droplet\"><\/i> Nachhaltiges Management<\/li><\/ul>\n<\/div>\n<\/div>\n<\/div><\/div>\n\n\n\n<div class=\"wp-container-69e73ba2c1308 wp-block-group\"><div class=\"wp-block-group__inner-container\">\n<div class=\"wp-block-columns\">\n<div class=\"wp-block-column\" style=\"flex-basis:100%\">\n<div class=\"wp-block-columns\">\n<div class=\"wp-block-column\">\n<div class=\"wp-block-columns\">\n<div class=\"wp-block-column\">\n<div class=\"wp-block-image\"><figure class=\"alignleft size-thumbnail\"><img loading=\"lazy\" width=\"150\" height=\"150\" src=\"https:\/\/www.camping-la-garangeoire.com\/wp-content\/uploads\/2024\/11\/Logo-handicap-150x150.png\" alt=\"\" class=\"wp-image-11188\"\/><\/figure><\/div>\n\n\n\n<h5 id=\"accessible-pour-tous\"><mark style=\"background-color:rgba(0, 0, 0, 0)\" class=\"has-inline-color has-ocre-color\"><strong><strong><strong>F\u00fcr alle zug\u00e4nglich<\/strong><\/strong><\/strong><\/mark><\/h5>\n\n\n\n<h6 id=\"wir-haben-an-alles-gedacht\"><mark style=\"background-color:rgba(0, 0, 0, 0)\" class=\"has-inline-color has-ocre-color\">Wir haben an alles gedacht!<\/mark><\/h6>\n\n\n\n<p>Um jedem Gast einen unvergesslichen Aufenthalt zu bieten, ist unser Campingplatz so gestaltet, dass er den Erwartungen von Menschen mit Einschr\u00e4nkungen gerecht wird. Von angepassten Unterk\u00fcnften \u00fcber den einfachen Zugang zu Einrichtungen bis hin zu geschultem Personal, das bereit ist, Ihnen zu helfen. Auf La Garangeoire wird jeder Gast mit dem gleichen L\u00e4cheln und der gleichen Aufmerksamkeit empfangen.<\/p>\n\n\n\n<p>Selbstverst\u00e4ndlich hei\u00dfen wir in La Garangeoire auch Personen mit Behinderung herzlich willkommen. Das gesamte Team von Castel Camping La Garangeoire wird auf die Erwartungen von Menschen mit Behinderungen aufmerksam gemacht, die in der Lage sein m\u00fcssen, ihren Aufenthaltsort und ihre Freizeitaktivit\u00e4ten in v\u00f6lliger Freiheit zu w\u00e4hlen. Alle unsere Dienstleistungen sind f\u00fcr Personen mit eingeschr\u00e4nkter Mobilit\u00e4t zug\u00e4nglich: Rezeption, Wasserpark, Bar, Restaurant, Lebensmittelgesch\u00e4ft, Unterhaltungsbereiche, Spielzimmer, sanit\u00e4re Einrichtungen. Wir vermieten ein <a href=\"https:\/\/www.camping-la-garangeoire.com\/de\/locations\/mobil-home-life-special-handicap\/\" data-type=\"locations\" data-id=\"1515\"><strong>Mobilheim &#8220;Life&#8221; &#8220;<\/strong> <\/a>, das f\u00fcr Menschen mit eingeschr\u00e4nkter Mobilit\u00e4t konzipiert ist.&nbsp;<a href=\"https:\/\/www.camping-la-garangeoire.com\/de\/aufnahem-von-menschen-mit-behinderungen\/\" data-type=\"page\" data-id=\"1517\">Hier finden Sie alle Details zur Aufnahme von Menschen mit Behinderungen. <\/a> <\/p>\n\n\n\n<p>Wir verf\u00fcgen \u00fcber das entsprechende Angebot f\u00fcr alle Behinderungsarten, denn unser Ziel ist es, dass Sie einen gelungenen Urlaub mit Ihrer ganzen Familie verbringen!<\/p>\n\n\n\n<div class=\"wp-block-image\"><figure class=\"alignleft size-thumbnail\"><img loading=\"lazy\" width=\"150\" height=\"150\" src=\"https:\/\/www.camping-la-garangeoire.com\/wp-content\/uploads\/2025\/05\/logo_welcome-150x150.jpg\" alt=\"\" class=\"wp-image-12505\" srcset=\"https:\/\/www.camping-la-garangeoire.com\/wp-content\/uploads\/2025\/05\/logo_welcome-150x150.jpg 150w, https:\/\/www.camping-la-garangeoire.com\/wp-content\/uploads\/2025\/05\/logo_welcome-300x300.jpg 300w, https:\/\/www.camping-la-garangeoire.com\/wp-content\/uploads\/2025\/05\/logo_welcome-768x768.jpg 768w, https:\/\/www.camping-la-garangeoire.com\/wp-content\/uploads\/2025\/05\/logo_welcome.jpg 1024w\" sizes=\"(max-width: 150px) 100vw, 150px\" \/><\/figure><\/div>\n\n\n\n<h5 id=\"welcome-c-est-beau-ici\"><mark style=\"background-color:rgba(0, 0, 0, 0)\" class=\"has-inline-color has-ocre-color\">Welcome, c&#8217;est beau ici !<\/mark><\/h5>\n\n\n\n<p>Bei La Garangeoire bedeutet \u201eWillkommen\u201c mehr als nur ein \u201eHallo\u201c.<br>Es ist eine Lebenskunst \u2013 ein ehrliches L\u00e4cheln, eine aufmerksame Geste, ein feines Gesp\u00fcr. Das Label <a rel=\"noreferrer noopener\" href=\"https:\/\/www.in-vendee.com\/\" target=\"_blank\">Welcome, c&#8217;est beau ici<\/a> wurde ins Leben gerufen, um Unterk\u00fcnfte im Westen Frankreichs \u2013 insbesondere in der Vend\u00e9e \u2013 f\u00fcr englischsprachige G\u00e4ste attraktiver zu machen und deren Empfang zu verbessern.<\/p>\n\n\n\n<p>Dieses Label beruht auf zwei grundlegenden S\u00e4ulen, die wir tagt\u00e4glich mit Leben f\u00fcllen:<\/p>\n\n\n\n<p>\u2022 Eine echte Willkommenskultur zeigen, indem wir ausl\u00e4ndischen G\u00e4sten aufmerksam, zugewandt und diskret begegnen, auf ihre besonderen Bed\u00fcrfnisse eingehen und eine vertrauensvolle Beziehung aufbauen.<br>\u2022 Ausl\u00e4ndische G\u00e4ste aktiv unterst\u00fctzen, wenn sie auf Schwierigkeiten sto\u00dfen, und ihnen mit Rat und Tat zur Seite stehen \u2013 sei es bei der Orientierung, beim Parken, beim Verstehen von Dokumenten, bei gesundheitlichen Problemen oder beim Kontakt mit touristischen Dienstleistern.<\/p>\n<\/div>\n\n\n\n<div class=\"wp-block-column\">\n<div class=\"wp-block-image\"><figure class=\"alignleft size-thumbnail\"><img loading=\"lazy\" width=\"150\" height=\"150\" src=\"https:\/\/www.camping-la-garangeoire.com\/wp-content\/uploads\/2024\/11\/ACCUEIL-VELO_LOGO_CMJN-150x150.jpg\" alt=\"\" class=\"wp-image-11192\"\/><\/figure><\/div>\n\n\n\n<h5 id=\"accessible-pour-tous\"><mark style=\"background-color:rgba(0, 0, 0, 0)\" class=\"has-inline-color has-ocre-color\"><strong>Ein &#8220;Fahrradfreundlicher&#8221; Campingplatz in der Vend\u00e9e<\/strong><\/mark><\/h5>\n\n\n\n<h6 id=\"willkommen-radwanderer\"><mark style=\"background-color:rgba(0, 0, 0, 0)\" class=\"has-inline-color has-ocre-color\">Willkommen Radwanderer<\/mark><\/h6>\n\n\n\n<p>Seit 2024 ist der Campingplatz La Garangeoire stolz darauf, mit dem <strong>Accueil V\u00e9lo<\/strong>-Label ausgezeichnet zu sein, ein Zeichen f\u00fcr Qualit\u00e4t und die Anpassung an die Bed\u00fcrfnisse von Radfahrern. Dieses Label erkennt unsere Einrichtungen und Dienstleistungen an, die speziell daf\u00fcr entwickelt wurden, Ihren Aufenthalt mit dem Fahrrad angenehm und sorgenfrei zu gestalten.<\/p>\n\n\n\n<p>Unser Campingplatz liegt in der N\u00e4he eines Radwegs (nur 2 km entfernt, erreichbar \u00fcber die Landstra\u00dfe), mit sicheren Fahrradparkpl\u00e4tzen und praktischen Services wie Waschstationen und Werkzeugen zur Wartung Ihrer Fahrr\u00e4der.<\/p>\n\n\n\n<p>Unser Team steht Ihnen auch zur Verf\u00fcgung, um Sie \u00fcber die besten Radwege zu beraten und daf\u00fcr zu sorgen, dass Ihr Komfort w\u00e4hrend Ihres Aufenthalts gew\u00e4hrleistet ist.<\/p>\n<\/div>\n<\/div>\n<\/div>\n<\/div>\n<\/div>\n<\/div>\n<\/div><\/div>\n\n\n\n<div class=\"wp-container-69e73ba2c1652 wp-block-group G-10 a has-fond-background-color has-background\"><div class=\"wp-block-group__inner-container\">\n<div class=\"wp-block-columns\">\n<div class=\"wp-block-column encart has-blanc-background-color has-background\">\n<h2 class=\"h6 has-vert-color has-text-color\" id=\"fa-icon-icon-fas-fa-sparkles-la-garantie-camping-qualite\"><i class=\"fas fa-sparkles\"><\/i> Verantwortungsvollerer Tourismus<\/h2>\n\n\n\n<p>&#8220;Bei La Garangeoire z\u00e4hlt jede Handlung, um unsere nat\u00fcrliche Umgebung zu bewahren und die lokale Wirtschaft zu unterst\u00fctzen. Vom Einsatz von Bio-Produkten im Restaurant bis hin zur Abfallreduzierung, zusammen mit lokaler Rekrutierung und der F\u00f6rderung regionaler Produzenten, unternehmen wir t\u00e4glich Schritte in Richtung eines verantwortungsvolleren und authentischen Tourismus.&#8221;<\/p>\n\n\n\n<figure class=\"wp-block-image size-large\"><img loading=\"lazy\" width=\"1024\" height=\"1024\" src=\"https:\/\/www.camping-la-garangeoire.com\/wp-content\/uploads\/2023\/09\/Balade-nature-1024x1024.png\" alt=\"\" class=\"wp-image-6888\" srcset=\"https:\/\/www.camping-la-garangeoire.com\/wp-content\/uploads\/2023\/09\/Balade-nature-1024x1024.png 1024w, https:\/\/www.camping-la-garangeoire.com\/wp-content\/uploads\/2023\/09\/Balade-nature-300x300.png 300w, https:\/\/www.camping-la-garangeoire.com\/wp-content\/uploads\/2023\/09\/Balade-nature-150x150.png 150w, https:\/\/www.camping-la-garangeoire.com\/wp-content\/uploads\/2023\/09\/Balade-nature-768x768.png 768w, https:\/\/www.camping-la-garangeoire.com\/wp-content\/uploads\/2023\/09\/Balade-nature.png 1080w\" sizes=\"(max-width: 1024px) 100vw, 1024px\" \/><\/figure>\n<\/div>\n\n\n\n<div class=\"wp-block-column\">\n<h4 id=\"unsere-initiativen\">Unsere Initiativen<\/h4>\n\n\n\n<figure class=\"wp-block-gallery has-nested-images columns-default is-cropped\">\n<figure class=\"wp-block-image size-large\"><img loading=\"lazy\" width=\"1024\" height=\"819\" src=\"https:\/\/www.camping-la-garangeoire.com\/wp-content\/uploads\/2023\/12\/Allemand-1024x819.webp\" alt=\"\" class=\"wp-image-9124\" srcset=\"https:\/\/www.camping-la-garangeoire.com\/wp-content\/uploads\/2023\/12\/Allemand-1024x819.webp 1024w, https:\/\/www.camping-la-garangeoire.com\/wp-content\/uploads\/2023\/12\/Allemand-300x240.webp 300w, https:\/\/www.camping-la-garangeoire.com\/wp-content\/uploads\/2023\/12\/Allemand-768x614.webp 768w, https:\/\/www.camping-la-garangeoire.com\/wp-content\/uploads\/2023\/12\/Allemand-1536x1228.webp 1536w, https:\/\/www.camping-la-garangeoire.com\/wp-content\/uploads\/2023\/12\/Allemand.webp 1772w\" sizes=\"(max-width: 1024px) 100vw, 1024px\" \/><\/figure>\n<\/figure>\n<\/div>\n<\/div>\n<\/div><\/div>\n","protected":false},"excerpt":{"rendered":"<p>Geben Sie Ihrem Urlaub einen Sinn Wir m\u00f6chten, dass Ihr Aufenthalt auf dem Castel Camping La Garangeoire f\u00fcr Sie ein unvergessliches Urlaubserlebnis bleibt. Hier finden Sie eine umweltbewusste Gestaltung und eine f\u00fcr jeden zug\u00e4ngliche Ausstattung. Wir lassen uns auch bei der Ver\u00e4nderung von unseren Werten leiten und m\u00f6chten, dass Sie sich wie zu Hause f\u00fchlen. [&hellip;]<\/p>\n","protected":false},"author":1,"featured_media":0,"parent":0,"menu_order":0,"comment_status":"closed","ping_status":"closed","template":"","meta":[],"acf":[],"_links":{"self":[{"href":"https:\/\/www.camping-la-garangeoire.com\/de\/wp-json\/wp\/v2\/pages\/5158"}],"collection":[{"href":"https:\/\/www.camping-la-garangeoire.com\/de\/wp-json\/wp\/v2\/pages"}],"about":[{"href":"https:\/\/www.camping-la-garangeoire.com\/de\/wp-json\/wp\/v2\/types\/page"}],"author":[{"embeddable":true,"href":"https:\/\/www.camping-la-garangeoire.com\/de\/wp-json\/wp\/v2\/users\/1"}],"replies":[{"embeddable":true,"href":"https:\/\/www.camping-la-garangeoire.com\/de\/wp-json\/wp\/v2\/comments?post=5158"}],"version-history":[{"count":6,"href":"https:\/\/www.camping-la-garangeoire.com\/de\/wp-json\/wp\/v2\/pages\/5158\/revisions"}],"predecessor-version":[{"id":13723,"href":"https:\/\/www.camping-la-garangeoire.com\/de\/wp-json\/wp\/v2\/pages\/5158\/revisions\/13723"}],"wp:attachment":[{"href":"https:\/\/www.camping-la-garangeoire.com\/de\/wp-json\/wp\/v2\/media?parent=5158"}],"curies":[{"name":"wp","href":"https:\/\/api.w.org\/{rel}","templated":true}]}}