{"id":5150,"date":"2023-06-13T11:22:48","date_gmt":"2023-06-13T09:22:48","guid":{"rendered":"https:\/\/www.camping-la-garangeoire.com\/mietwohnungen-praktische-informationen\/"},"modified":"2026-03-09T10:05:07","modified_gmt":"2026-03-09T09:05:07","slug":"mietwohnungen-praktische-informationen","status":"publish","type":"page","link":"https:\/\/www.camping-la-garangeoire.com\/de\/mietwohnungen-praktische-informationen\/","title":{"rendered":"Vermietungen &#8211; Praktische Informationen"},"content":{"rendered":"\n<div class=\"wp-block-cover\"><span aria-hidden=\"true\" class=\"wp-block-cover__gradient-background has-background-dim\"><\/span><img loading=\"lazy\" width=\"2048\" height=\"649\" class=\"wp-block-cover__image-background wp-image-7170\" alt=\"\" src=\"https:\/\/www.camping-la-garangeoire.com\/wp-content\/uploads\/2023\/10\/camping-garangeoire-locatif-taos.webp\" data-object-fit=\"cover\" srcset=\"https:\/\/www.camping-la-garangeoire.com\/wp-content\/uploads\/2023\/10\/camping-garangeoire-locatif-taos.webp 2048w, https:\/\/www.camping-la-garangeoire.com\/wp-content\/uploads\/2023\/10\/camping-garangeoire-locatif-taos-300x95.webp 300w, https:\/\/www.camping-la-garangeoire.com\/wp-content\/uploads\/2023\/10\/camping-garangeoire-locatif-taos-1024x325.webp 1024w, https:\/\/www.camping-la-garangeoire.com\/wp-content\/uploads\/2023\/10\/camping-garangeoire-locatif-taos-768x243.webp 768w, https:\/\/www.camping-la-garangeoire.com\/wp-content\/uploads\/2023\/10\/camping-garangeoire-locatif-taos-1536x487.webp 1536w\" sizes=\"(max-width: 2048px) 100vw, 2048px\" \/><div class=\"wp-block-cover__inner-container\">\n<h1 id=\"locations-informations-pratiques\">Vermietungen &#8211; Praktische Informationen<\/h1>\n<\/div><\/div>\n\n\n\n<div class=\"wp-block-columns are-vertically-aligned-center\">\n<div class=\"wp-block-column is-vertically-aligned-center\">\n<h2 class=\"has-vert-color has-text-color\" id=\"sejour-et-reservation\">Aufenthalt <mark style=\"background-color:rgba(0, 0, 0, 0)\" class=\"has-inline-color has-vert-clair-color\">und Reservierung<\/mark><\/h2>\n\n\n\n<p>Der Campingplatz ist f\u00fcr Vermietungen vom 5. Mai bis 13. September 2026 ge\u00f6ffnet.<br>In der Hochsaison wird eine Reservierung empfohlen.<br>W\u00e4hrend der Vor- und Nachsaison verlangen wir f\u00fcr unsere Vermietungen eine Mindestreservierung von 2 N\u00e4chten. Nur die Chalets Duo k\u00f6nnen auch f\u00fcr nur eine Nacht reserviert werden k\u00f6nnen.<\/p>\n\n\n\n<p>m Juli und August, mindestens 7 N\u00e4chte, An- und Abreisetag Montag, Mittwoch oder Samstag.<br>Die Reservierung muss eine Vorauszahlung in H\u00f6he von 25% enthalten. Der Restbetrag ist sp\u00e4testens 30 Tagen vor dem geplanten Aufenthalt zu begleichen.<br>Bei Ankunft verlangen wir die Hinterlegung einer Kaution.<\/p>\n<\/div>\n\n\n\n<div class=\"wp-block-column is-vertically-aligned-center\">\n<h2 class=\"h5\" id=\"arrivee-et-depart\">Ankunft und Abreise<\/h2>\n\n\n\n<p class=\"h4\">Ohne vorab getroffene, besondere Vereinbarung ist Ihre Unterkunft am Anreisetag ab 17 Uhr verf\u00fcgbar und muss am Abreisetag bis 10 Uhr freigegeben werden.<\/p>\n\n\n\n<p>Die Anreise ist in der Nebensaison bis 19 Uhr und im Juli\/August bis 20 Uhr m\u00f6glich. Sollten Sie sp\u00e4ter eintreffen, bitten wir Sie, uns dar\u00fcber zu informieren.<br>Nach der Anmeldung an der Rezeption, begleitet Sie unser Empfangspersonal bis zu Ihrer Unterkunft.<\/p>\n<\/div>\n<\/div>\n\n\n\n<div class=\"wp-container-69e6626dcf7be wp-block-group G-25\"><div class=\"wp-block-group__inner-container\">\n<h2 class=\"has-text-align-center h4 has-ocre-color has-text-color\" id=\"fermeture-de-nuit\">Nachtruhe<\/h2>\n\n\n\n<p class=\"has-text-align-center\">Zwischen 22.30 Uhr und 7.00 Uhr ist jeglicher Fahrzeugverkehr innerhalb des Campingplatzes verboten. Ab 22.30 Uhr steht Ihnen ein spezieller Nachtparkplatz zur Verf\u00fcgung.<\/p>\n\n\n\n<div class=\"wp-block-columns\">\n<div class=\"wp-block-column\">\n<p class=\"h6 has-ocre-color has-text-color\"><i class=\"fas fa-circle-check\"><\/i> <strong><strong>Der Preis f\u00fcr die Vermietung beinhaltet<\/strong><\/strong>:<\/p>\n\n\n\n<ul><li>die f\u00fcr die Unterkunft angegebene maximale Personenzahl<\/li><li>ein Fahrzeug auf der Parzelle. Alle weiteren Fahrzeug m\u00fcssen auf dem Parkplatz am Eingang abgestellt werden. Preis pro Tag 3 \u20ac in der Nebensaison und&nbsp; 4 \u20ac im Juli und August.<\/li><li>die Abgaben f\u00fcr Wasser, Strom und Gas<\/li><\/ul>\n<\/div>\n\n\n\n<div class=\"wp-block-column\">\n<p class=\"h6 has-ocre-color has-text-color\"><i class=\"fas fa-circle-xmark\"><\/i> <strong><strong>Nicht inklusive:<\/strong><\/strong><\/p>\n\n\n\n<ul><li>Bettw\u00e4sche und Handt\u00fccher (au\u00dfer bei den Premium Vermietungen)<\/li><li>Kurtaxe<\/li><\/ul>\n<\/div>\n<\/div>\n<\/div><\/div>\n\n\n\n<div class=\"wp-block-cover\"><span aria-hidden=\"true\" class=\"has-background-dim-80 wp-block-cover__gradient-background has-background-dim\"><\/span><img loading=\"lazy\" width=\"2048\" height=\"828\" class=\"wp-block-cover__image-background wp-image-7209\" alt=\"\" src=\"https:\/\/www.camping-la-garangeoire.com\/wp-content\/uploads\/2023\/10\/camping-chien-accepte.webp\" data-object-fit=\"cover\" srcset=\"https:\/\/www.camping-la-garangeoire.com\/wp-content\/uploads\/2023\/10\/camping-chien-accepte.webp 2048w, https:\/\/www.camping-la-garangeoire.com\/wp-content\/uploads\/2023\/10\/camping-chien-accepte-300x121.webp 300w, https:\/\/www.camping-la-garangeoire.com\/wp-content\/uploads\/2023\/10\/camping-chien-accepte-1024x414.webp 1024w, https:\/\/www.camping-la-garangeoire.com\/wp-content\/uploads\/2023\/10\/camping-chien-accepte-768x311.webp 768w, https:\/\/www.camping-la-garangeoire.com\/wp-content\/uploads\/2023\/10\/camping-chien-accepte-1536x621.webp 1536w\" sizes=\"(max-width: 2048px) 100vw, 2048px\" \/><div class=\"wp-block-cover__inner-container\">\n<h2 class=\"h4\" id=\"fa-icon-icon-fas-fa-dog-animaux\"><i class=\"fas fa-dog\"><\/i>  Tiere<\/h2>\n\n\n\n<p>Haustiere werden gegen einen Aufpreis akzeptiert. (6 \u20ac pro Nacht).<\/p>\n\n\n\n<p>Hunde und Katzen m\u00fcssen t\u00e4towiert und geimpft sein und an der Leine gef\u00fchrt werden. Heimtiere werden nur zugelassen, wenn bei Anmeldung an der Rezeption ein g\u00fcltiger Tollwutimpfschutz vorgelegt werden kann.<\/p>\n\n\n\n<p>Gem\u00e4\u00df Art. 211-1 des franz\u00f6sischen Code Rural und der geltenden Bestimmungen und ministeriellen Vorschriften, sind Hunde der Kategorie 1 (Kampfhunde) verboten. Hunde der Kategorie 2 (Wach- und Schutzhunde) m\u00fcssen eine Maulkorb tragen und d\u00fcrfen nur von Erwachsenen an der Leine gef\u00fchrt werden (Art. 211-5 des Code Rural). Besitzer von Hunden der Kategorie 2 m\u00fcssen eine offizielle Haltebewilligung, sowie einen Versicherungsnachweis vorlegen.<br>Wir bitten Sie, Ihren Hund sowohl im Park als auch auf dem Campingplatz an einer kurzen Leine zu f\u00fchren und darauf zu achten, dass er nicht allein eingeschlossen zur\u00fcckbleibt, bellt oder F\u00e4kalien hinterl\u00e4sst.<\/p>\n\n\n\n<p>Auf unserer Seite &#8220;<a href=\"https:\/\/www.camping-la-garangeoire.com\/de\/in-den-urlaub-mit-seinem-hund-vendee-gehen\/\">Mit ihrem hund reisen nach camping La Garangeoire<\/a>&#8220;. inden Sie n\u00fctzliche Tipps und lustige Ausfl\u00fcge f\u00fcr Sie und Ihren Hund.<\/p>\n\n\n\n<p>Au\u00dferhalb der Monate Juli und August ist es m\u00f6glich, mehr als zwei Hunde aufzunehmen, sofern es sich um kleine Hunde handelt. Bitte kontaktieren Sie uns im Voraus.<\/p>\n<\/div><\/div>\n\n\n\n<div class=\"wp-block-columns\">\n<div class=\"wp-block-column\">\n<h2 class=\"h6 has-vert-color has-text-color\" id=\"fa-icon-icon-fas-fa-washing-machine-sechoirs-a-linge\"><i class=\"fas fa-washing-machine\"><\/i>  W\u00e4schest\u00e4nder<\/h2>\n\n\n\n<p>Es ist verboten, W\u00e4scheleinen auf den Pl\u00e4tzen oder zwischen den B\u00e4umen auszuspannen. Wir bitten Sie, Ihre W\u00e4sche auf den vorgesehenen W\u00e4schest\u00e4ndern zu trocknen.<\/p>\n\n\n\n<h2 class=\"h6 has-vert-color has-text-color\" id=\"fa-icon-icon-fas-fa-baby-equipement-pour-bebes\"><i class=\"fas fa-baby\"><\/i>  Baby-Ausstattung<\/h2>\n\n\n\n<p>Alle Sanit\u00e4rgeb\u00e4ude sind mit Wickeltischen und Badewannen ausgestattet.<br>Individuelle Hochst\u00fchle und Babybetten k\u00f6nnen f\u00fcr die Dauer Ihres Aufenthalts gemietet werden&nbsp;( Babybett 15 \u20ac und Babystuhl 10 \u20ac pro Aufenthalt, bitte bei der Reservierung mitbuchen). Diese Ausstattung kann ohne Aufpreis bei jeder Buchung eines TAOS PREMIUM Mobilheims angefordert werden.<\/p>\n\n\n\n<p>Ein FKein m\u00fchsames Einladen sperriger Ausr\u00fcstung ins Auto! Um Ihren Aufenthalt zu erleichtern, bieten wir ein komplettes&nbsp;<strong>FAMILY PACK<\/strong>&nbsp;(10 \u20ac\/Tag) an: einen Kinderwagen, ein Babybad, einen Hochstuhl, ein Kinderbett (60\u00d7120) mit Matratze, einen T\u00f6pfchen, einen Flaschenw\u00e4rmer, eine Wickelunterlage und ein Kinderbettgitter.<br>Wickelauflagen k\u00f6nnen gegen eine Kaution von 20 \u20ac ausgeliehen werden.<br>Alle Sanit\u00e4ranlagen sind mit Wickeltischen und Badewannen ausgestattet.<br>Hochst\u00fchle stehen Ihnen sowohl in der Bar als auch im Restaurant zur Verf\u00fcgung.<br>In der Fahrradvermietung werden Kindersitze f\u00fcr die Mietr\u00e4der angeboten.<\/p>\n<\/div>\n\n\n\n<div class=\"wp-block-column\">\n<h2 class=\"h6 has-vert-color has-text-color\" id=\"fa-icon-icon-fas-fa-universal-access-accessibilite\"><i class=\"fas fa-universal-access\"><\/i>  Barrierefreiheit<\/h2>\n\n\n\n<p><strong>Das Mobilheim Life ist speziell f\u00fcr Personen mit eingeschr\u00e4nkter Mobilit\u00e4t eingerichtet:<\/strong><\/p>\n\n\n\n<ul><li>Schlafzimmer und Badezimmer zug\u00e4nglich durch eine Schiebet\u00fcr \u2013 ein Zimmer mit 2 separaten und erh\u00f6hten Betten<\/li><li>ein kleines Zimmer mit einem Bett (90 x 190 cm) und einem Mezzanine-Bett (70 x 190)<\/li><li>ergonomische und speziell eingerichtete K\u00fcche<\/li><li>Bad mit Dusche und WC mit Haltegriffen<\/li><li>gro\u00dfe Terrasse mit Rollstuhlrampe<\/li><\/ul>\n\n\n\n<p><strong>Zwei<\/strong> <strong>unserer Chalets Classiques befinden sich in N\u00e4he der Rezeption und der meisten Serviceleistungen. Sie haben keine Stufen und sind deshalb f\u00fcr Personen mit Gehbeeintr\u00e4chtigungen geeignet.<\/strong><\/p>\n\n\n\n<p><strong>Vier Sanit\u00e4rkabinen (WC, Duschen, Waschbecken) entsprechen den Normen f\u00fcr Menschen mit eingeschr\u00e4nkter Mobilit\u00e4t.<\/strong>&nbsp;Diese Sanit\u00e4ranlagen befinden sich am Schwimmbad, in der Bar\/Restaurant, an der Rezeption und im Zentrum der Wiese f\u00fcr Zelte, Wohnwagen und Wohnmobile.<\/p>\n\n\n\n<p>Weitere Informationen finden Sie in unserer Brosch\u00fcre, <a href=\"https:\/\/www.camping-la-garangeoire.com\/de\/aufnahem-von-menschen-mit-behinderungen\/\">Empfang f\u00fcr Personen mit Behinderungen<\/a>\u201e<\/p>\n<\/div>\n<\/div>\n\n\n\n<div class=\"wp-block-columns\">\n<div class=\"wp-block-column\">\n<h2 class=\"h5\" id=\"visiteurs\">Besucher<\/h2>\n\n\n\n<p class=\"h4\">Besucher empfangen<\/p>\n\n\n\n<p>Sollten Sie Besucher erwarten, bitten wir Sie, die Rezeption hier\u00fcber zu informieren und den entsprechenden Besucherpreis zu zahlen.<br>4 \u20ac in der Vor- und Nachsaison, 5 \u20ac zwischen dem 1. Juli und 31. August (f\u00fcr eine Dauer ab 2 Stunden). Der Zugang zu Schwimmb\u00e4dern ist ihnen gem\u00e4\u00df den Vorschriften untersagt.<\/p>\n<\/div>\n\n\n\n<div class=\"wp-block-column\">\n<p class=\"h5 has-vert-color has-text-color\" id=\"infotaxe-de-sejour\">Info<\/p>\n\n\n\n<h2 class=\"h4 has-vert-color has-text-color\" id=\"infotaxe-de-sejour\">Kurtaxe<\/h2>\n\n\n\n<p>Zwischen dem 1. Mai und 30. September wird von der Gemeinde Saint-Julien des Landes eine Kurtaxe erhoben. Diese wird vom Campingplatz mit berechnet und an die entsprechende Beh\u00f6rde weitergeleitet. Der Preis betr\u00e4gt 0,66 \u20ac pro Nacht und pro Erwachsener ab 18 Jahren.<\/p>\n<\/div>\n<\/div>\n\n\n\n<div class=\"wp-container-69e6626dcfd21 wp-block-group\"><div class=\"wp-block-group__inner-container\">\n<h2 class=\"has-text-align-center h4 has-ocre-color has-text-color\" id=\"conditions-generales-de-vente\">Allgemeine Verkaufsbedingungen<\/h2>\n\n\n\n<p>1. Jede Miete ist namentlich und kann unter keinen Umst\u00e4nden abgetreten oder untervermietet werden. Bei jeder Buchungsanfrage muss eine Anzahlung in H\u00f6he von 25% der Gesamtkosten des Aufenthalts geleistet werden. Wir behalten uns das Recht vor, Gruppen und Familien den Zugang zu verweigern, die mit einer Anzahl anreisen, die die Kapazit\u00e4t der gemieteten Unterkunft \u00fcbersteigt.<br>2. Die Schl\u00fcssel\u00fcbergabe findet von 17 bis 19 Uhr oder um 20 Uhr in der Hochsaison statt (bei Versp\u00e4tung bitten wir um Mitteilung). Der Check-in an der Rezeption kann ab 14 Uhr erfolgen. Die Abreise erfolgt vor 10 Uhr. Im Juli und August, mindestens 7 N\u00e4chte, An- und Abreisetag Mittwoch oder Samstag (bitte beachten Sie die je nach Modell unterschiedlichen Preise).<br>3. Die Reservierung wird erst nach schriftlicher Best\u00e4tigung des Campingplatzes g\u00fcltig. Bitte senden Sie uns den Reservierungsantrag ausgef\u00fcllt und unterschrieben mit der entsprechenden Vorauszahlung zu. Der Restbetrag muss sp\u00e4testens 30 Tagen vor dem Ankunftstermin bezahlt werden. Eine Reiseverschiebung auf die n\u00e4chste Saison wird nicht akzeptiert.<br>4. Jegliche Stornierung muss uns schriftlich mitgeteilt werden. Sie erlangt ihre G\u00fcltigkeit erst mit dem Empfangsdatum.<br>Im Falle von Stornierungen werden folgende Kosten f\u00e4llig zur Entsch\u00e4digung f\u00fcr die Nichteinhaltung des Vertrages :<br>&#8211; eein Betrag in H\u00f6he von 10 % des f\u00fcr den Aufenthalt f\u00e4lligen Mietpreises, wenn die R\u00fccktrittserkl\u00e4rung mehr als 90 Tage vor dem voraussichtlichen Ankunftsdatum mitgeteilt wird.<br>  &#8211; ein Betrag in H\u00f6he von 20 % des f\u00fcr den Aufenthalt f\u00e4lligen Mietpreises, wenn die R\u00fccktrittserkl\u00e4rung zwischen dem 30. und 89. Tag vor dem voraussichtlichen Ankunftsdatum erkl\u00e4rt wird.<br>  &#8211; der gesamte Mietpreis wird f\u00e4llig, wenn der Vertragsr\u00fccktritt weniger als 30 Tage vor dem erwarteten Ankunftsdatum erkl\u00e4rt wird, oder wenn die Unterkunft zu Beginn der Mietzeit nicht bezogen wird.<br>5. Ein fr\u00fchzeitiger Abbruch oder ein versp\u00e4teter Antritt Ihres Aufenthalts sind kein Anlass f\u00fcr eine eventuelle Erstattung. Nur eine vorab abgeschlossene Reiser\u00fccktrittsversicherung kann, je nach Grund, eine Erstattung zur Folge haben.<br>6. Versicherung f\u00fcr Reiser\u00fccktritt + Reiseabbruch<br>Aufgrund der vielen Mi\u00dfverst\u00e4ndnisse und Entt\u00e4uschungen aus den letzten zwei Jahren empfehlen wir Ihnen unabh\u00e4ngig von der Vertragsunterschrift gleichzeitig eine Reiser\u00fccktrittsversicherung mit einer Versicherung Ihrer Wahl abzuschlie\u00dfen<strong> https: <a rel=\"noreferrer noopener\" href=\"https:\/\/www.campez-couvert.com\/pour-les-particuliers\/souscrire\" target=\"_blank\">\/\/www.campez-couvert.com\/pour-les-particuliers\/souscrire\/<\/a>.<\/strong><br>  7. Eine Kaution von 200 \u20ac pro Chalet oder Mobilheim ist bei Ankunft an der Rezeption zu hinterlegen. Sie wird Ihnen am Abreisetag restituiert. Eventuelle Kosten f\u00fcr Sch\u00e4den an der Einrichtung, Materialverlust oder Reinigung werden von der Kaution abgezogen. Falls Sie die Pauschale f\u00fcr die Endreinigung nicht beglichen haben, muss das Chalet oder Mobilheim am Abreisetag in einwandfreiem Sauberkeitszustand hinterlassen werden. Sollte dies nicht der Fall sein, wird ein Betrag von 70 \u20ac f\u00fcr die Reinigung einbehalten.<br>8. Der Mieter muss eine Haftpflichtversicherung besitzen, die auch auf den Urlaubsort \u00fcbertragbar ist. Die Bescheinigung muss bei der Reservierung mitgeliefert werden. Bei Diebstahl, Verlust oder sonstigen Sch\u00e4den tr\u00e4gt der Campingplatz La Garangeoire keine Verantwortung, weder w\u00e4hrend des Aufenthalts noch im Anschluss an den Aufenthalt.<br>9. Eventuelle Strittigkeiten fallen in die Kompetenz des Amtsgerichts von Les Sables d\u2019Olonne.&nbsp; Gem\u00e4\u00df Artikel L. 152-1 des franz\u00f6sischen Verbraucherschutzgesetzes k\u00f6nnen Sie sich kostenlos an den Schlichtungsdienst CM2C wenden, dem wir angeh\u00f6ren, per Internet&nbsp;<a rel=\"noreferrer noopener\" href=\"https:\/\/cm2c.net\/\" target=\"_blank\">https:\/\/cm2c.net<\/a>&nbsp;oder per Post: CM2C \u2013 14 rue Saint Jean \u2013 75017 PARIS<br>10.Die G\u00e4ste des <a href=\"https:\/\/www.camping-la-garangeoire.com\/wp-content\/uploads\/2025\/12\/Official-Rules-and-Code-of-Conduct-Camping-La-Garangeoire.pdf\" target=\"_blank\" rel=\"noreferrer noopener\">Campingplatzes verpflichten sich<\/a>, die internen Vorschriften und insbesondere die Nachtruhe zu respektieren. Bitte beachten Sie, dass jeglicher Verkehr von Fahrzeugen und Fahrr\u00e4dern innerhalb der Anlage zwischen 22.30 Uhr und 7.00 Uhr verboten ist. Die Betriebsordnung ist an der Rezeption erh\u00e4ltlich und kann Ihnen auf Anfrage zugesandt werden.&nbsp;<br>&#8211; Von 22.30 Uhr bis 07.00 Uhr ist jeglicher Verkehr auf dem Campingplatz verboten. Fahrzeuge, die nach 22.30 Uhr ankommen, m\u00fcssen auf dem Parkplatz am Anfang des Campingplatz geparkt werden.<br>&#8211; Alle unsere Unterk\u00fcnfte sind Nichtraucherunterk\u00fcnfte. Der mitgelieferte Aschenbecher ist nur f\u00fcr den Au\u00dfenbereich geeignet.<br>&#8211; Das Tragen des Identifikationsarmbands \u201cG-smart\u201d ist f\u00fcr jeden Camper (Erwachsene und Kinder) Pflicht, um Zugang zum Pool zu erhalten.<br>&#8211; Die Besucher m\u00fcssen sich bei ihrer Ankunft an der Rezeption melden und die entsprechende Geb\u00fchr entrichten. Der Zugang zu den Schwimmb\u00e4dern ist gem\u00e4\u00df den Vorschriften untersagt.<br>&#8211; Jede kostenlose oder kostenpflichtige Aktivit\u00e4t, die in unserer Brosch\u00fcre oder auf unserer Website erw\u00e4hnt wird, kann unter bestimmten Umst\u00e4nden, auf die wir keinen Einfluss haben, w\u00e4hrend Ihres Aufenthalts vor Ort ge\u00e4ndert oder gestrichen werden. Wir k\u00f6nnen daf\u00fcr nicht verantwortlich gemacht werden.<br>&#8211; Minderj\u00e4hrige m\u00fcssen von ihren Eltern oder gesetzlichen Vertretern begleitet werden.<br>&#8211; Sie erm\u00e4chtigen La Garangeoire (ohne Entsch\u00e4digung), Fotos und Videos von Ihnen und Ihren Mitbewohnern, die w\u00e4hrend Ihres Aufenthalts aufgenommen werden, f\u00fcr Werbezwecke des Campingplatzes La Garangeoire zu verwenden.<\/p>\n\n\n\n<p><strong><strong>Mit diesen Hinweisen m\u00f6chten wir eventuellen Missverst\u00e4ndnissen vorbeugen. Wir bedanken uns f\u00fcr Ihr Vertrauen und w\u00fcnschen Ihnen einen angenehmen Aufenthalt in La Garangeoire.&nbsp;<\/strong><\/strong><\/p>\n<\/div><\/div>\n","protected":false},"excerpt":{"rendered":"<p>Aufenthalt und Reservierung Der Campingplatz ist f\u00fcr Vermietungen vom 5. Mai bis 13. September 2026 ge\u00f6ffnet.In der Hochsaison wird eine Reservierung empfohlen.W\u00e4hrend der Vor- und Nachsaison verlangen wir f\u00fcr unsere Vermietungen eine Mindestreservierung von 2 N\u00e4chten. Nur die Chalets Duo k\u00f6nnen auch f\u00fcr nur eine Nacht reserviert werden k\u00f6nnen. m Juli und August, mindestens 7 [&hellip;]<\/p>\n","protected":false},"author":1,"featured_media":0,"parent":0,"menu_order":0,"comment_status":"closed","ping_status":"closed","template":"","meta":[],"acf":[],"_links":{"self":[{"href":"https:\/\/www.camping-la-garangeoire.com\/de\/wp-json\/wp\/v2\/pages\/5150"}],"collection":[{"href":"https:\/\/www.camping-la-garangeoire.com\/de\/wp-json\/wp\/v2\/pages"}],"about":[{"href":"https:\/\/www.camping-la-garangeoire.com\/de\/wp-json\/wp\/v2\/types\/page"}],"author":[{"embeddable":true,"href":"https:\/\/www.camping-la-garangeoire.com\/de\/wp-json\/wp\/v2\/users\/1"}],"replies":[{"embeddable":true,"href":"https:\/\/www.camping-la-garangeoire.com\/de\/wp-json\/wp\/v2\/comments?post=5150"}],"version-history":[{"count":6,"href":"https:\/\/www.camping-la-garangeoire.com\/de\/wp-json\/wp\/v2\/pages\/5150\/revisions"}],"predecessor-version":[{"id":14040,"href":"https:\/\/www.camping-la-garangeoire.com\/de\/wp-json\/wp\/v2\/pages\/5150\/revisions\/14040"}],"wp:attachment":[{"href":"https:\/\/www.camping-la-garangeoire.com\/de\/wp-json\/wp\/v2\/media?parent=5150"}],"curies":[{"name":"wp","href":"https:\/\/api.w.org\/{rel}","templated":true}]}}