{"id":5142,"date":"2023-06-13T11:18:48","date_gmt":"2023-06-13T09:18:48","guid":{"rendered":"https:\/\/www.camping-la-garangeoire.com\/die-abende\/"},"modified":"2024-07-09T10:39:27","modified_gmt":"2024-07-09T08:39:27","slug":"die-abende","status":"publish","type":"page","link":"https:\/\/www.camping-la-garangeoire.com\/de\/die-abende\/","title":{"rendered":"Abendanimation"},"content":{"rendered":"\n<div class=\"wp-block-cover\"><span aria-hidden=\"true\" class=\"wp-block-cover__gradient-background has-background-dim\"><\/span><img loading=\"lazy\" width=\"2048\" height=\"828\" class=\"wp-block-cover__image-background wp-image-8984\" alt=\"\" src=\"https:\/\/www.camping-la-garangeoire.com\/wp-content\/uploads\/2023\/12\/soiree-musique.webp\" data-object-fit=\"cover\" srcset=\"https:\/\/www.camping-la-garangeoire.com\/wp-content\/uploads\/2023\/12\/soiree-musique.webp 2048w, https:\/\/www.camping-la-garangeoire.com\/wp-content\/uploads\/2023\/12\/soiree-musique-300x121.webp 300w, https:\/\/www.camping-la-garangeoire.com\/wp-content\/uploads\/2023\/12\/soiree-musique-1024x414.webp 1024w, https:\/\/www.camping-la-garangeoire.com\/wp-content\/uploads\/2023\/12\/soiree-musique-768x311.webp 768w, https:\/\/www.camping-la-garangeoire.com\/wp-content\/uploads\/2023\/12\/soiree-musique-1536x621.webp 1536w\" sizes=\"(max-width: 2048px) 100vw, 2048px\" \/><div class=\"wp-block-cover__inner-container\">\n<h1 id=\"les-soirees\">Abendanimation<\/h1>\n<\/div><\/div>\n\n\n\n<div class=\"wp-block-columns G-15\">\n<div class=\"wp-block-column\">\n<p>Um eventuellen Ruhest\u00f6rungen vorzubeugen, haben wir alle Serviceleistungen und Animationsorte abseits der Unterkunftspl\u00e4tze angesiedelt und beenden die meisten Animationen sp\u00e4testens um 22.30 Uhr.<\/p>\n\n\n\n<p>Wir weisen jedoch darauf hin, dass die Abende am Montag im Juli und August kann sp\u00e4ter enden.<\/p>\n\n\n\n<p>In La Garangeoire gleicht kein Sommerabend dem anderen!<\/p>\n\n\n\n<p><strong><strong>Hier ist jeden Abend etwas los!<\/strong><\/strong><\/p>\n\n\n\n<ul class=\"pictos col-2 has-ocre-color has-text-color\"><li><i class=\"fal fa-water-ladder\"><\/i>  Nacht-Poolparty<\/li><li><i class=\"fal fa-music\"><\/i>  Quizabend, Musik<\/li><li><i class=\"fal fa-sparkles\"><\/i>  Abendliche Auff\u00fchrungen<\/li><li><i class=\"fal fa-party-horn\"><\/i>  Tanz und Unterhaltung<\/li><\/ul>\n<\/div>\n\n\n\n<div class=\"wp-block-column\">\n<figure class=\"wp-block-gallery has-nested-images columns-default is-cropped\">\n<figure class=\"wp-block-image size-large\"><img loading=\"lazy\" width=\"1024\" height=\"768\" src=\"https:\/\/www.camping-la-garangeoire.com\/wp-content\/uploads\/2023\/04\/camping-vendee-garangeoire3-1-1024x768.jpg\" alt=\"\" class=\"wp-image-2579\" srcset=\"https:\/\/www.camping-la-garangeoire.com\/wp-content\/uploads\/2023\/04\/camping-vendee-garangeoire3-1-1024x768.jpg 1024w, https:\/\/www.camping-la-garangeoire.com\/wp-content\/uploads\/2023\/04\/camping-vendee-garangeoire3-1-300x225.jpg 300w, https:\/\/www.camping-la-garangeoire.com\/wp-content\/uploads\/2023\/04\/camping-vendee-garangeoire3-1-768x576.jpg 768w, https:\/\/www.camping-la-garangeoire.com\/wp-content\/uploads\/2023\/04\/camping-vendee-garangeoire3-1.jpg 1200w\" sizes=\"(max-width: 1024px) 100vw, 1024px\" \/><\/figure>\n\n\n\n<figure class=\"wp-block-image size-large\"><img loading=\"lazy\" width=\"1024\" height=\"682\" src=\"https:\/\/www.camping-la-garangeoire.com\/wp-content\/uploads\/2023\/04\/gar-2010-239-1024x682.jpg\" alt=\"\" class=\"wp-image-2580\" srcset=\"https:\/\/www.camping-la-garangeoire.com\/wp-content\/uploads\/2023\/04\/gar-2010-239-1024x682.jpg 1024w, https:\/\/www.camping-la-garangeoire.com\/wp-content\/uploads\/2023\/04\/gar-2010-239-300x200.jpg 300w, https:\/\/www.camping-la-garangeoire.com\/wp-content\/uploads\/2023\/04\/gar-2010-239-768x512.jpg 768w, https:\/\/www.camping-la-garangeoire.com\/wp-content\/uploads\/2023\/04\/gar-2010-239.jpg 1100w\" sizes=\"(max-width: 1024px) 100vw, 1024px\" \/><\/figure>\n<\/figure>\n\n\n\n<div class=\"wp-container-69d260e0247ef wp-block-buttons\">\n<div class=\"wp-block-button\"><a class=\"wp-block-button__link\" href=\"https:\/\/www.camping-la-garangeoire.com\/de\/fotogalerie\/?galerie=soirees\">Sehen Sie sich die Abende in Bildern an<\/a><\/div>\n<\/div>\n<\/div>\n<\/div>\n\n\n\n<figure class=\"wp-block-image alignfull size-large\"><img loading=\"lazy\" width=\"1024\" height=\"464\" src=\"https:\/\/www.camping-la-garangeoire.com\/wp-content\/uploads\/2023\/03\/gar_castel_la_garangeoire_231039_152-1024x464.webp\" alt=\"\" class=\"wp-image-1945\" srcset=\"https:\/\/www.camping-la-garangeoire.com\/wp-content\/uploads\/2023\/03\/gar_castel_la_garangeoire_231039_152-1024x464.webp 1024w, https:\/\/www.camping-la-garangeoire.com\/wp-content\/uploads\/2023\/03\/gar_castel_la_garangeoire_231039_152-300x136.webp 300w, https:\/\/www.camping-la-garangeoire.com\/wp-content\/uploads\/2023\/03\/gar_castel_la_garangeoire_231039_152-768x348.webp 768w, https:\/\/www.camping-la-garangeoire.com\/wp-content\/uploads\/2023\/03\/gar_castel_la_garangeoire_231039_152-1536x695.webp 1536w, https:\/\/www.camping-la-garangeoire.com\/wp-content\/uploads\/2023\/03\/gar_castel_la_garangeoire_231039_152.webp 2048w\" sizes=\"(max-width: 1024px) 100vw, 1024px\" \/><\/figure>\n\n\n\n<div class=\"wp-container-69d260e024f2e wp-block-group G-05\"><div class=\"wp-block-group__inner-container\">\n<div class=\"wp-block-columns\">\n<div class=\"wp-block-column\">\n<h2 class=\"has-rouge-color has-text-color\" id=\"musique-live\">Live-Musik<\/h2>\n\n\n\n<div class=\"wp-block-columns\">\n<div class=\"wp-block-column\">\n<figure class=\"wp-block-image size-large\"><img loading=\"lazy\" width=\"1024\" height=\"768\" src=\"https:\/\/www.camping-la-garangeoire.com\/wp-content\/uploads\/2023\/04\/20170904_222730-1024x768.jpg\" alt=\"\" class=\"wp-image-2573\" srcset=\"https:\/\/www.camping-la-garangeoire.com\/wp-content\/uploads\/2023\/04\/20170904_222730-1024x768.jpg 1024w, https:\/\/www.camping-la-garangeoire.com\/wp-content\/uploads\/2023\/04\/20170904_222730-300x225.jpg 300w, https:\/\/www.camping-la-garangeoire.com\/wp-content\/uploads\/2023\/04\/20170904_222730-768x576.jpg 768w, https:\/\/www.camping-la-garangeoire.com\/wp-content\/uploads\/2023\/04\/20170904_222730.jpg 1100w\" sizes=\"(max-width: 1024px) 100vw, 1024px\" \/><\/figure>\n<\/div>\n\n\n\n<div class=\"wp-block-column\">\n<p>Wie jedes Jahr wird unser Garten auch in diesem Sommer der fantastischste Veranstaltungsort f\u00fcr Konzerte sein: ein halber Hektar Rasen, um Tische und St\u00fchle in Kabarett-Anordnung zu arrangieren, wobei die r\u00e4umliche Distanzierung respektiert wird; eine Szene in einer au\u00dfergew\u00f6hnlichen nat\u00fcrlichen Umgebung f\u00fcr den Artist; eine Bar mit 3 Au\u00dfenterrassen \u2026<\/p>\n\n\n\n<div class=\"wp-block-group lire-plus-mobile\"><div class=\"wp-block-group__inner-container\">\n<p class=\"has-rouge-color has-text-color\">Lesen Sie mehr<\/p>\n\n\n\n<div class=\"wp-container-69d260e024b84 wp-block-group\"><div class=\"wp-block-group__inner-container\">\n<p>W\u00e4hrend der Saison treten verschiedene Gruppen bei uns auf und teilen mit Ihnen ihre Liebe zur Musik. Mit Klassikern der&nbsp;<strong>Rockmusik, franz\u00f6sischen Liedern<\/strong>&nbsp;mit Akkordeonbegleitung,&nbsp;<strong>Jazzkompositionen, Rythm &amp; Blues, afrikanischen Perkussionen<\/strong>\u2026 ist f\u00fcr jeden Geschmack etwas dabei!&nbsp;<\/p>\n\n\n\n<p class=\"h6 has-ocre-color has-text-color\"><i class=\"fas fa-party-horn\"><\/i>  Es wird f\u00fcr jeden Geschmack etwas dabei sein!<\/p>\n\n\n\n<p>Einige unserer Camper sind ausgezeichnete Musiker und finden sich gerne am Klavier in der Bar zusammen. Vielleicht haben Sie das Gl\u00fcck, einen dieser fantastischen Momente mitzuerleben! Und falls Sie selbst Musiker sein sollten,&nbsp;<strong>bringen Sie Ihr Instrument mit!&nbsp;<\/strong><\/p>\n<\/div><\/div>\n<\/div><\/div>\n<\/div>\n<\/div>\n<\/div>\n\n\n\n<div class=\"wp-block-column\">\n<figure class=\"wp-block-image size-large\"><img loading=\"lazy\" width=\"681\" height=\"1024\" src=\"https:\/\/www.camping-la-garangeoire.com\/wp-content\/uploads\/2023\/04\/DSC02227-681x1024.jpg\" alt=\"\" class=\"wp-image-2576\" srcset=\"https:\/\/www.camping-la-garangeoire.com\/wp-content\/uploads\/2023\/04\/DSC02227-681x1024.jpg 681w, https:\/\/www.camping-la-garangeoire.com\/wp-content\/uploads\/2023\/04\/DSC02227-200x300.jpg 200w, https:\/\/www.camping-la-garangeoire.com\/wp-content\/uploads\/2023\/04\/DSC02227-768x1154.jpg 768w, https:\/\/www.camping-la-garangeoire.com\/wp-content\/uploads\/2023\/04\/DSC02227-1022x1536.jpg 1022w, https:\/\/www.camping-la-garangeoire.com\/wp-content\/uploads\/2023\/04\/DSC02227.jpg 1100w\" sizes=\"(max-width: 681px) 100vw, 681px\" \/><\/figure>\n<\/div>\n<\/div>\n\n\n\n<div class=\"wp-block-columns\">\n<div class=\"wp-block-column\">\n<h2 class=\"h3 has-ocre-color has-text-color\" id=\"lecon-d-oenologie\">\u00d6nologiekurs<\/h2>\n\n\n\n<p>Jeden Dienstag Abend in der Hochsaison bieten wir um 18.30 Uhr mit einem \u00d6nologen eine\u00a0<strong>Einf\u00fchrung in die Weinkunde<\/strong>\u00a0an. \u00a0Im Juli und August.<\/p>\n\n\n\n<p>Sie erleben eine wahre Weinreise durch Frankreich und kosten dabei 6 verschiedene Weine im Speisesaal des Schlosses.<\/p>\n\n\n\n<p>29 \u20ac \u2013 Jedem Teilnehmer werden 2 Weinprobiergl\u00e4ser als Geschenk \u00fcberreicht.\u00a0<\/p>\n<\/div>\n\n\n\n<div class=\"wp-block-column\">\n<figure class=\"wp-block-image size-full\"><img loading=\"lazy\" width=\"1024\" height=\"683\" src=\"https:\/\/www.camping-la-garangeoire.com\/wp-content\/uploads\/2023\/04\/gar_castel_la_garangeoire_231039_004.webp\" alt=\"\" class=\"wp-image-2570\" srcset=\"https:\/\/www.camping-la-garangeoire.com\/wp-content\/uploads\/2023\/04\/gar_castel_la_garangeoire_231039_004.webp 1024w, https:\/\/www.camping-la-garangeoire.com\/wp-content\/uploads\/2023\/04\/gar_castel_la_garangeoire_231039_004-300x200.webp 300w, https:\/\/www.camping-la-garangeoire.com\/wp-content\/uploads\/2023\/04\/gar_castel_la_garangeoire_231039_004-768x512.webp 768w\" sizes=\"(max-width: 1024px) 100vw, 1024px\" \/><\/figure>\n<\/div>\n<\/div>\n<\/div><\/div>\n\n\n\n<div class=\"wp-container-69d260e025307 wp-block-group G-10 has-fond-background-color has-background\"><div class=\"wp-block-group__inner-container\">\n<div class=\"wp-block-columns\">\n<div class=\"wp-block-column encart has-blanc-background-color has-background\">\n<h2 class=\"h6 has-vert-color has-text-color\" id=\"fa-icon-icon-fas-fa-tree-delicious-le-jardin-en-folie\"><i class=\"fas fa-tree-delicious\"><\/i>  &#8220;Le Jardin en Folie&#8221; (\u201eDer Garten wird verr\u00fcckt\u201c)<\/h2>\n\n\n\n<p>Jede Woche verwandelt sich unser Park in einen richtigen Jahrmarkt und l\u00e4dt unsere G\u00e4ste zu&nbsp;<strong>einem bunten Familienabend<\/strong>&nbsp;ein: Riesenholzspiele, Schminkst\u00e4nde, Rodeo, Surfen, Angeln\u2026&nbsp;<\/p>\n<\/div>\n\n\n\n<div class=\"wp-block-column\">\n<h2 class=\"has-vert-color has-text-color\" id=\"piscine-nocturne\">Nacht-Poolparty<\/h2>\n\n\n\n<p>Jeden Dienstag Abend im Juli und August erwartet Sie unser Animationsteam von 20.30 Uhr bis 22.15 Uhr mit Musik am Schwimmbad. Unsere&nbsp;<strong>Nacht-Poolparty<\/strong>&nbsp;erfreut sich immer wieder gro\u00dfer Beliebtheit.<\/p>\n<\/div>\n<\/div>\n\n\n\n<figure class=\"wp-block-gallery has-nested-images columns-5 is-cropped gal--ligne\">\n<figure class=\"wp-block-image size-large\"><img loading=\"lazy\" width=\"710\" height=\"1024\" src=\"https:\/\/www.camping-la-garangeoire.com\/wp-content\/uploads\/2023\/12\/Garangeoire-maquillage-710x1024.webp\" alt=\"\" class=\"wp-image-9002\" srcset=\"https:\/\/www.camping-la-garangeoire.com\/wp-content\/uploads\/2023\/12\/Garangeoire-maquillage-710x1024.webp 710w, https:\/\/www.camping-la-garangeoire.com\/wp-content\/uploads\/2023\/12\/Garangeoire-maquillage-208x300.webp 208w, https:\/\/www.camping-la-garangeoire.com\/wp-content\/uploads\/2023\/12\/Garangeoire-maquillage-768x1108.webp 768w, https:\/\/www.camping-la-garangeoire.com\/wp-content\/uploads\/2023\/12\/Garangeoire-maquillage.webp 832w\" sizes=\"(max-width: 710px) 100vw, 710px\" \/><\/figure>\n\n\n\n<figure class=\"wp-block-image size-large\"><img loading=\"lazy\" width=\"576\" height=\"1024\" src=\"https:\/\/www.camping-la-garangeoire.com\/wp-content\/uploads\/2023\/12\/soiree-lego-576x1024.webp\" alt=\"\" class=\"wp-image-8994\" srcset=\"https:\/\/www.camping-la-garangeoire.com\/wp-content\/uploads\/2023\/12\/soiree-lego-576x1024.webp 576w, https:\/\/www.camping-la-garangeoire.com\/wp-content\/uploads\/2023\/12\/soiree-lego-169x300.webp 169w, https:\/\/www.camping-la-garangeoire.com\/wp-content\/uploads\/2023\/12\/soiree-lego.webp 620w\" sizes=\"(max-width: 576px) 100vw, 576px\" \/><\/figure>\n\n\n\n<figure class=\"wp-block-image size-large\"><img loading=\"lazy\" width=\"768\" height=\"1024\" src=\"https:\/\/www.camping-la-garangeoire.com\/wp-content\/uploads\/2023\/12\/cirque-ete-768x1024.webp\" alt=\"\" class=\"wp-image-8998\" srcset=\"https:\/\/www.camping-la-garangeoire.com\/wp-content\/uploads\/2023\/12\/cirque-ete-768x1024.webp 768w, https:\/\/www.camping-la-garangeoire.com\/wp-content\/uploads\/2023\/12\/cirque-ete-225x300.webp 225w, https:\/\/www.camping-la-garangeoire.com\/wp-content\/uploads\/2023\/12\/cirque-ete.webp 900w\" sizes=\"(max-width: 768px) 100vw, 768px\" \/><\/figure>\n\n\n\n<figure class=\"wp-block-image size-large\"><img loading=\"lazy\" width=\"710\" height=\"1024\" src=\"https:\/\/www.camping-la-garangeoire.com\/wp-content\/uploads\/2023\/12\/piscine-nocturne-710x1024.webp\" alt=\"\" class=\"wp-image-8990\" srcset=\"https:\/\/www.camping-la-garangeoire.com\/wp-content\/uploads\/2023\/12\/piscine-nocturne-710x1024.webp 710w, https:\/\/www.camping-la-garangeoire.com\/wp-content\/uploads\/2023\/12\/piscine-nocturne-208x300.webp 208w, https:\/\/www.camping-la-garangeoire.com\/wp-content\/uploads\/2023\/12\/piscine-nocturne-768x1108.webp 768w, https:\/\/www.camping-la-garangeoire.com\/wp-content\/uploads\/2023\/12\/piscine-nocturne.webp 832w\" sizes=\"(max-width: 710px) 100vw, 710px\" \/><\/figure>\n\n\n\n<figure class=\"wp-block-image size-large\"><img loading=\"lazy\" width=\"710\" height=\"1024\" src=\"https:\/\/www.camping-la-garangeoire.com\/wp-content\/uploads\/2023\/12\/lune-garangeoire-710x1024.webp\" alt=\"\" class=\"wp-image-8986\" srcset=\"https:\/\/www.camping-la-garangeoire.com\/wp-content\/uploads\/2023\/12\/lune-garangeoire-710x1024.webp 710w, https:\/\/www.camping-la-garangeoire.com\/wp-content\/uploads\/2023\/12\/lune-garangeoire-208x300.webp 208w, https:\/\/www.camping-la-garangeoire.com\/wp-content\/uploads\/2023\/12\/lune-garangeoire-768x1108.webp 768w, https:\/\/www.camping-la-garangeoire.com\/wp-content\/uploads\/2023\/12\/lune-garangeoire.webp 832w\" sizes=\"(max-width: 710px) 100vw, 710px\" \/><\/figure>\n<\/figure>\n\n\n\n<h2 class=\"h5 has-ocre-color has-text-color\" id=\"soirees-dansantes\">Tanzabende<\/h2>\n\n\n\n<p>IIm Juli und August wird jede Woche eine&nbsp;<strong>Outdoor-Minidisco<\/strong>&nbsp;organisiert, die dem Gesundheitsprotokoll unterliegt.<\/p>\n<\/div><\/div>\n\n\n\n<div class=\"wp-block-columns\">\n<div class=\"wp-block-column\">\n<h2 class=\"h3\" id=\"quizz\">Quizz<\/h2>\n\n\n\n<p>Ein Familienevent par excellence, ab Ende Juli findet jeden Donnerstagabend ein Musikquiz statt.<\/p>\n\n\n\n<h2 class=\"h4\" id=\"soirees-enfants\">Kinderabende<\/h2>\n\n\n\n<p>CClown,&nbsp;Ballonskulpturen, Marionettenschauspiele<\/p>\n<\/div>\n\n\n\n<div class=\"wp-block-column\">\n<h2 class=\"h4\" id=\"et-aussi\">und auch &#8230;<\/h2>\n\n\n\n<p>Folkloreabende, Tanzschauspiele, Illusionsschauspiele, sportliche Shows, Zirkusvorstellungen (jeden Freitag im August.)\u2026 &nbsp;<\/p>\n\n\n\n<p>Bis auf die \u00d6nologiekurse und die Zirkusvorstellungen (Tickets werden direkt an der Zirkuskasse verkauft) sind alle Abendanimationen kostenlos.&nbsp;<\/p>\n<\/div>\n<\/div>\n","protected":false},"excerpt":{"rendered":"<p>Um eventuellen Ruhest\u00f6rungen vorzubeugen, haben wir alle Serviceleistungen und Animationsorte abseits der Unterkunftspl\u00e4tze angesiedelt und beenden die meisten Animationen sp\u00e4testens um 22.30 Uhr. Wir weisen jedoch darauf hin, dass die Abende am Montag im Juli und August kann sp\u00e4ter enden. In La Garangeoire gleicht kein Sommerabend dem anderen! Hier ist jeden Abend etwas los! Nacht-Poolparty [&hellip;]<\/p>\n","protected":false},"author":1,"featured_media":0,"parent":0,"menu_order":0,"comment_status":"closed","ping_status":"closed","template":"","meta":[],"acf":[],"_links":{"self":[{"href":"https:\/\/www.camping-la-garangeoire.com\/de\/wp-json\/wp\/v2\/pages\/5142"}],"collection":[{"href":"https:\/\/www.camping-la-garangeoire.com\/de\/wp-json\/wp\/v2\/pages"}],"about":[{"href":"https:\/\/www.camping-la-garangeoire.com\/de\/wp-json\/wp\/v2\/types\/page"}],"author":[{"embeddable":true,"href":"https:\/\/www.camping-la-garangeoire.com\/de\/wp-json\/wp\/v2\/users\/1"}],"replies":[{"embeddable":true,"href":"https:\/\/www.camping-la-garangeoire.com\/de\/wp-json\/wp\/v2\/comments?post=5142"}],"version-history":[{"count":6,"href":"https:\/\/www.camping-la-garangeoire.com\/de\/wp-json\/wp\/v2\/pages\/5142\/revisions"}],"predecessor-version":[{"id":10791,"href":"https:\/\/www.camping-la-garangeoire.com\/de\/wp-json\/wp\/v2\/pages\/5142\/revisions\/10791"}],"wp:attachment":[{"href":"https:\/\/www.camping-la-garangeoire.com\/de\/wp-json\/wp\/v2\/media?parent=5142"}],"curies":[{"name":"wp","href":"https:\/\/api.w.org\/{rel}","templated":true}]}}