{"id":5138,"date":"2023-06-13T11:17:12","date_gmt":"2023-06-13T09:17:12","guid":{"rendered":"https:\/\/www.camping-la-garangeoire.com\/die-pluspunkye-des-campingplatzes\/"},"modified":"2024-10-24T12:40:15","modified_gmt":"2024-10-24T10:40:15","slug":"die-pluspunkye-des-campingplatzes","status":"publish","type":"page","link":"https:\/\/www.camping-la-garangeoire.com\/de\/die-pluspunkye-des-campingplatzes\/","title":{"rendered":"Extras des Campingplatzes"},"content":{"rendered":"\n<div class=\"wp-block-cover is-light\"><span aria-hidden=\"true\" class=\"wp-block-cover__gradient-background has-background-dim\"><\/span><img loading=\"lazy\" width=\"2048\" height=\"879\" class=\"wp-block-cover__image-background wp-image-2011\" alt=\"\" src=\"https:\/\/www.camping-la-garangeoire.com\/wp-content\/uploads\/2023\/03\/gar_castel_la_garangeoire_231039_118.webp\" data-object-fit=\"cover\" srcset=\"https:\/\/www.camping-la-garangeoire.com\/wp-content\/uploads\/2023\/03\/gar_castel_la_garangeoire_231039_118.webp 2048w, https:\/\/www.camping-la-garangeoire.com\/wp-content\/uploads\/2023\/03\/gar_castel_la_garangeoire_231039_118-300x129.webp 300w, https:\/\/www.camping-la-garangeoire.com\/wp-content\/uploads\/2023\/03\/gar_castel_la_garangeoire_231039_118-1024x440.webp 1024w, https:\/\/www.camping-la-garangeoire.com\/wp-content\/uploads\/2023\/03\/gar_castel_la_garangeoire_231039_118-768x330.webp 768w, https:\/\/www.camping-la-garangeoire.com\/wp-content\/uploads\/2023\/03\/gar_castel_la_garangeoire_231039_118-1536x659.webp 1536w\" sizes=\"(max-width: 2048px) 100vw, 2048px\" \/><div class=\"wp-block-cover__inner-container\">\n<h1 id=\"les-plus-du-camping\">Extras des Campingplatzes<\/h1>\n\n\n\n<p><strong><strong>Warum unsere Urlauber Castel Camping La Garangeoire w\u00e4hlen und Jahr f\u00fcr Jahr wiederkommen? \u00dcberzeugen Sie sich selbst\u2026<\/strong>?<\/strong><\/p>\n<\/div><\/div>\n\n\n\n<div class=\"wp-container-6a034f6363c04 wp-block-group alignfull G-20\"><div class=\"wp-block-group__inner-container\">\n<div class=\"wp-block-columns\">\n<div class=\"wp-block-column\" style=\"flex-basis:72%\">\n<div class=\"wp-block-columns\">\n<div class=\"wp-block-column hide-mob\">\n<figure class=\"wp-block-image size-full\"><img loading=\"lazy\" width=\"1024\" height=\"724\" src=\"https:\/\/www.camping-la-garangeoire.com\/wp-content\/uploads\/2023\/03\/garangeoire-2017-0169.webp\" alt=\"\" class=\"wp-image-2014\" srcset=\"https:\/\/www.camping-la-garangeoire.com\/wp-content\/uploads\/2023\/03\/garangeoire-2017-0169.webp 1024w, https:\/\/www.camping-la-garangeoire.com\/wp-content\/uploads\/2023\/03\/garangeoire-2017-0169-300x212.webp 300w, https:\/\/www.camping-la-garangeoire.com\/wp-content\/uploads\/2023\/03\/garangeoire-2017-0169-768x543.webp 768w\" sizes=\"(max-width: 1024px) 100vw, 1024px\" \/><\/figure>\n<\/div>\n\n\n\n<div class=\"wp-block-column\">\n<h2 class=\"h3 has-vert-color has-text-color\" id=\"un-cadre-exceptionnel\">Sch\u00f6ne <mark style=\"background-color:rgba(0, 0, 0, 0)\" class=\"has-inline-color has-vert-clair-color\">Umgebung:<\/mark><\/h2>\n\n\n\n<p>La Garangeoire liegt in einem 200 ha gro\u00dfen Park mit reichem Baumbestand.<\/p>\n\n\n\n<p>Sowohl auf als auch rund um den Campingplatz l\u00e4sst sich die Natur am besten beim Wandern und\/oder Radfahren erleben.<\/p>\n\n\n\n<p>Die Vend\u00e9e bietet eine vielf\u00e4ltige Landschaft mit H\u00fcgeln, Wiesen, feinen Sandstr\u00e4nden und einer rauen K\u00fcste.<\/p>\n<\/div>\n<\/div>\n<\/div>\n\n\n\n<div class=\"wp-block-column hide-mob\">\n<figure class=\"wp-block-image size-large\"><img loading=\"lazy\" width=\"662\" height=\"1024\" src=\"https:\/\/www.camping-la-garangeoire.com\/wp-content\/uploads\/2023\/03\/garangeoire-location-de-velo-famille-662x1024.jpg\" alt=\"\" class=\"wp-image-789\" srcset=\"https:\/\/www.camping-la-garangeoire.com\/wp-content\/uploads\/2023\/03\/garangeoire-location-de-velo-famille-662x1024.jpg 662w, https:\/\/www.camping-la-garangeoire.com\/wp-content\/uploads\/2023\/03\/garangeoire-location-de-velo-famille-194x300.jpg 194w, https:\/\/www.camping-la-garangeoire.com\/wp-content\/uploads\/2023\/03\/garangeoire-location-de-velo-famille-768x1187.jpg 768w, https:\/\/www.camping-la-garangeoire.com\/wp-content\/uploads\/2023\/03\/garangeoire-location-de-velo-famille-994x1536.jpg 994w, https:\/\/www.camping-la-garangeoire.com\/wp-content\/uploads\/2023\/03\/garangeoire-location-de-velo-famille.jpg 1024w\" sizes=\"(max-width: 662px) 100vw, 662px\" \/><\/figure>\n<\/div>\n<\/div>\n\n\n\n<div class=\"wp-block-columns are-vertically-aligned-center\">\n<div class=\"wp-block-column is-vertically-aligned-center\" style=\"flex-basis:56%\">\n<figure class=\"wp-block-image size-large\"><img loading=\"lazy\" width=\"1024\" height=\"448\" src=\"https:\/\/www.camping-la-garangeoire.com\/wp-content\/uploads\/2023\/03\/gar_castel_la_garangeoire_231039_084-1024x448.webp\" alt=\"\" class=\"wp-image-1795\" srcset=\"https:\/\/www.camping-la-garangeoire.com\/wp-content\/uploads\/2023\/03\/gar_castel_la_garangeoire_231039_084-1024x448.webp 1024w, https:\/\/www.camping-la-garangeoire.com\/wp-content\/uploads\/2023\/03\/gar_castel_la_garangeoire_231039_084-300x131.webp 300w, https:\/\/www.camping-la-garangeoire.com\/wp-content\/uploads\/2023\/03\/gar_castel_la_garangeoire_231039_084-768x336.webp 768w, https:\/\/www.camping-la-garangeoire.com\/wp-content\/uploads\/2023\/03\/gar_castel_la_garangeoire_231039_084-1536x672.webp 1536w, https:\/\/www.camping-la-garangeoire.com\/wp-content\/uploads\/2023\/03\/gar_castel_la_garangeoire_231039_084.webp 1920w\" sizes=\"(max-width: 1024px) 100vw, 1024px\" \/><\/figure>\n<\/div>\n\n\n\n<div class=\"wp-block-column is-vertically-aligned-center\">\n<h2 class=\"h4\" id=\"l-espace\">Raum :<\/h2>\n\n\n\n<p>Wir werden unser M\u00f6glichstes tun, damit Sie Ihren Urlaub optimal genie\u00dfen k\u00f6nnen. Dazu geh\u00f6ren nat\u00fcrlich Privatsph\u00e4re und Raum. Unsere Stellpl\u00e4tze sind daher sehr ger\u00e4umig, zwischen 120 und 260 qm. Einige Unterk\u00fcnfte bieten bis 40 qm Wohnfl\u00e4che an und sind sogar f\u00fcr mehr Bequemlichkeit mit 2 Meter langen Betten ausgestattet. Jede Parzelle verf\u00fcgt \u00fcber einen von Hecken abgegrenzten Privatgarten.<\/p>\n<\/div>\n<\/div>\n<\/div><\/div>\n\n\n\n<div class=\"wp-block-columns G-15\">\n<div class=\"wp-block-column\">\n<h2 class=\"h3 has-ocre-color has-text-color\" id=\"le-restaurant\">Restaurant :<\/h2>\n\n\n\n<p>Sie k\u00f6nnen das Auto stehen lassen, um kulinarische K\u00f6stlichkeiten zu genie\u00dfen. La Garangeoire verf\u00fcgt \u00fcber ein eigenes Restaurant. Sie k\u00f6nnen sich in einer stilvollen und entspannten Atmosph\u00e4re an schmackhaften Gerichten aus frischen Zutaten erfreuen..<\/p>\n\n\n\n<p>Ein umfangreiches Weinangebot erwartet Sie, das Ihnen erm\u00f6glicht, eine Auswahl an Vend\u00e9e-Weinen (wieder) kennenzulernen.<\/p>\n\n\n\n<div class=\"wp-container-6a034f6363f69 wp-block-buttons\">\n<div class=\"wp-block-button is-style-outline\"><a class=\"wp-block-button__link has-ocre-color has-text-color\" href=\"https:\/\/www.camping-la-garangeoire.com\/de\/bar-restaurant\/\">Weitere Informationen zum Restaurant<\/a><\/div>\n<\/div>\n<\/div>\n\n\n\n<div class=\"wp-block-column\">\n<figure class=\"wp-block-gallery has-nested-images columns-default is-cropped\">\n<figure class=\"wp-block-image size-large\"><img loading=\"lazy\" width=\"1024\" height=\"425\" src=\"https:\/\/www.camping-la-garangeoire.com\/wp-content\/uploads\/2023\/03\/gar_castel_la_garangeoire_231039_141-1024x425.webp\" alt=\"\" class=\"wp-image-2020\" srcset=\"https:\/\/www.camping-la-garangeoire.com\/wp-content\/uploads\/2023\/03\/gar_castel_la_garangeoire_231039_141-1024x425.webp 1024w, https:\/\/www.camping-la-garangeoire.com\/wp-content\/uploads\/2023\/03\/gar_castel_la_garangeoire_231039_141-300x124.webp 300w, https:\/\/www.camping-la-garangeoire.com\/wp-content\/uploads\/2023\/03\/gar_castel_la_garangeoire_231039_141-768x318.webp 768w, https:\/\/www.camping-la-garangeoire.com\/wp-content\/uploads\/2023\/03\/gar_castel_la_garangeoire_231039_141-1536x637.webp 1536w, https:\/\/www.camping-la-garangeoire.com\/wp-content\/uploads\/2023\/03\/gar_castel_la_garangeoire_231039_141.webp 1920w\" sizes=\"(max-width: 1024px) 100vw, 1024px\" \/><\/figure>\n\n\n\n<figure class=\"wp-block-image size-full\"><img loading=\"lazy\" width=\"1024\" height=\"840\" src=\"https:\/\/www.camping-la-garangeoire.com\/wp-content\/uploads\/2023\/03\/garangeoire-2017-0163.webp\" alt=\"\" class=\"wp-image-2017\" srcset=\"https:\/\/www.camping-la-garangeoire.com\/wp-content\/uploads\/2023\/03\/garangeoire-2017-0163.webp 1024w, https:\/\/www.camping-la-garangeoire.com\/wp-content\/uploads\/2023\/03\/garangeoire-2017-0163-300x246.webp 300w, https:\/\/www.camping-la-garangeoire.com\/wp-content\/uploads\/2023\/03\/garangeoire-2017-0163-768x630.webp 768w\" sizes=\"(max-width: 1024px) 100vw, 1024px\" \/><\/figure>\n<\/figure>\n\n\n\n<div class=\"wp-container-6a034f63642c5 wp-block-buttons\">\n<div class=\"wp-block-button\"><a class=\"wp-block-button__link\" href=\"https:\/\/www.camping-la-garangeoire.com\/de\/fotogalerie\/\">Der Campingplatz in Bildern<\/a><\/div>\n<\/div>\n<\/div>\n<\/div>\n\n\n\n<figure class=\"wp-block-image alignfull size-full\"><img loading=\"lazy\" width=\"2048\" height=\"969\" src=\"https:\/\/www.camping-la-garangeoire.com\/wp-content\/uploads\/2023\/03\/gar_castel_la_garangeoire_231039_023.webp\" alt=\"\" class=\"wp-image-1820\" srcset=\"https:\/\/www.camping-la-garangeoire.com\/wp-content\/uploads\/2023\/03\/gar_castel_la_garangeoire_231039_023.webp 2048w, https:\/\/www.camping-la-garangeoire.com\/wp-content\/uploads\/2023\/03\/gar_castel_la_garangeoire_231039_023-300x142.webp 300w, https:\/\/www.camping-la-garangeoire.com\/wp-content\/uploads\/2023\/03\/gar_castel_la_garangeoire_231039_023-1024x485.webp 1024w, https:\/\/www.camping-la-garangeoire.com\/wp-content\/uploads\/2023\/03\/gar_castel_la_garangeoire_231039_023-768x363.webp 768w, https:\/\/www.camping-la-garangeoire.com\/wp-content\/uploads\/2023\/03\/gar_castel_la_garangeoire_231039_023-1536x727.webp 1536w\" sizes=\"(max-width: 2048px) 100vw, 2048px\" \/><\/figure>\n\n\n\n<div class=\"wp-container-6a034f6364a3c wp-block-group G-05\"><div class=\"wp-block-group__inner-container\">\n<div class=\"wp-block-columns\">\n<div class=\"wp-block-column\">\n<h2 class=\"h3 has-rouge-color has-text-color\" id=\"un-service-de-qualite-sourire-compris\">5-Sterne-Service, <mark style=\"background-color:rgba(0, 0, 0, 0)\" class=\"has-inline-color has-rouge-clair-color\">L\u00e4cheln inklusive!:<\/mark><\/h2>\n\n\n\n<div class=\"wp-block-columns\">\n<div class=\"wp-block-column\">\n<figure class=\"wp-block-image size-large\"><img loading=\"lazy\" width=\"1024\" height=\"521\" src=\"https:\/\/www.camping-la-garangeoire.com\/wp-content\/uploads\/2023\/03\/gar_castel_la_garangeoire_231039_139-1024x521.webp\" alt=\"\" class=\"wp-image-1826\" srcset=\"https:\/\/www.camping-la-garangeoire.com\/wp-content\/uploads\/2023\/03\/gar_castel_la_garangeoire_231039_139-1024x521.webp 1024w, https:\/\/www.camping-la-garangeoire.com\/wp-content\/uploads\/2023\/03\/gar_castel_la_garangeoire_231039_139-300x153.webp 300w, https:\/\/www.camping-la-garangeoire.com\/wp-content\/uploads\/2023\/03\/gar_castel_la_garangeoire_231039_139-768x391.webp 768w, https:\/\/www.camping-la-garangeoire.com\/wp-content\/uploads\/2023\/03\/gar_castel_la_garangeoire_231039_139-1536x782.webp 1536w, https:\/\/www.camping-la-garangeoire.com\/wp-content\/uploads\/2023\/03\/gar_castel_la_garangeoire_231039_139.webp 2000w\" sizes=\"(max-width: 1024px) 100vw, 1024px\" \/><\/figure>\n<\/div>\n\n\n\n<div class=\"wp-block-column\">\n<p>Unsere zweisprachigen oder dreisprachigen Rezeptionisten stehen Ihnen zur Verf\u00fcgung, um Ihnen Infos und Tipps zu Aktivit\u00e4ten auf und rund um den Campingplatz und zu Sehensw\u00fcrdigkeiten in der Vend\u00e9e zu geben. Sie helfen Ihnen, einen Termin beim Arzt oder Tierarzt oder bei der Autowerkstatt zu vereinbaren.<\/p>\n\n\n\n<p>Soweit m\u00f6glich werden technische St\u00f6rungen und Ausf\u00e4lle vom Wartungsteam in weniger als einer Stunde beseitigt.<\/p>\n\n\n\n<p class=\"h6\"><strong>Alle Serviceleistungen ab dem 22. Mai ge\u00f6ffnet!<\/strong><\/p>\n<\/div>\n<\/div>\n<\/div>\n\n\n\n<div class=\"wp-block-column\">\n<figure class=\"wp-block-image size-large\"><img loading=\"lazy\" width=\"712\" height=\"1024\" src=\"https:\/\/www.camping-la-garangeoire.com\/wp-content\/uploads\/2023\/03\/gar_castel_la_garangeoire_231039_122-712x1024.webp\" alt=\"\" class=\"wp-image-1841\" srcset=\"https:\/\/www.camping-la-garangeoire.com\/wp-content\/uploads\/2023\/03\/gar_castel_la_garangeoire_231039_122-712x1024.webp 712w, https:\/\/www.camping-la-garangeoire.com\/wp-content\/uploads\/2023\/03\/gar_castel_la_garangeoire_231039_122-209x300.webp 209w, https:\/\/www.camping-la-garangeoire.com\/wp-content\/uploads\/2023\/03\/gar_castel_la_garangeoire_231039_122-768x1104.webp 768w, https:\/\/www.camping-la-garangeoire.com\/wp-content\/uploads\/2023\/03\/gar_castel_la_garangeoire_231039_122-1068x1536.webp 1068w, https:\/\/www.camping-la-garangeoire.com\/wp-content\/uploads\/2023\/03\/gar_castel_la_garangeoire_231039_122.webp 1391w\" sizes=\"(max-width: 712px) 100vw, 712px\" \/><\/figure>\n<\/div>\n<\/div>\n\n\n\n<div class=\"wp-block-columns\">\n<div class=\"wp-block-column\">\n<h2 class=\"h4 has-vert-color has-text-color\" id=\"un-large-choix-d-activites-et-d-animations\">Eine gro\u00dfe Auswahl an Aktivit\u00e4ten <mark style=\"background-color:rgba(0, 0, 0, 0)\" class=\"has-inline-color has-vert-clair-color\">und Animationen :<\/mark><\/h2>\n\n\n\n<p>La Garangeoire bietet die M\u00f6glichkeit, auch im Urlaub den Lieblingssport auszu\u00fcben wie auch neue Aktivit\u00e4ten zu entdecken: Angeln in unseren 4 gro\u00dfen Fischteichen, Reiten oder Ponyreiten, Kanufahren, Tretbootfahren, Tennis, Fu\u00dfball, Basketball und Volleyball, Minigolf, Trampoline, Pedal-Gokarts, Franz\u00f6sischunterricht und Weinprobe\u2026<\/p>\n<\/div>\n\n\n\n<div class=\"wp-block-column\">\n<figure class=\"wp-block-image size-full\"><img loading=\"lazy\" width=\"1024\" height=\"619\" src=\"https:\/\/www.camping-la-garangeoire.com\/wp-content\/uploads\/2023\/03\/gar_castel_la_garangeoire_231039_015.webp\" alt=\"\" class=\"wp-image-2023\" srcset=\"https:\/\/www.camping-la-garangeoire.com\/wp-content\/uploads\/2023\/03\/gar_castel_la_garangeoire_231039_015.webp 1024w, https:\/\/www.camping-la-garangeoire.com\/wp-content\/uploads\/2023\/03\/gar_castel_la_garangeoire_231039_015-300x181.webp 300w, https:\/\/www.camping-la-garangeoire.com\/wp-content\/uploads\/2023\/03\/gar_castel_la_garangeoire_231039_015-768x464.webp 768w\" sizes=\"(max-width: 1024px) 100vw, 1024px\" \/><\/figure>\n\n\n\n<div class=\"wp-container-6a034f6364763 wp-block-group encart\"><div class=\"wp-block-group__inner-container\">\n<p class=\"h5 has-rouge-color has-text-color\">Nachhaltiger Tourismus<\/p>\n\n\n\n<p class=\"h4 has-rouge-color has-text-color\">Ger\u00e4umige Stellpl\u00e4tze mit privaten Sanit\u00e4ranlagen<\/p>\n\n\n\n<p>F\u00fcr mehr Komfort w\u00e4hrend Ihres Urlaubs!<\/p>\n<\/div><\/div>\n<\/div>\n<\/div>\n<\/div><\/div>\n\n\n\n<div class=\"wp-block-columns G-00\">\n<div class=\"wp-block-column\">\n<figure class=\"wp-block-image alignfull size-large\"><img loading=\"lazy\" width=\"1024\" height=\"576\" src=\"https:\/\/www.camping-la-garangeoire.com\/wp-content\/uploads\/2023\/03\/GLAIEULS-WEB-2020-2-1920x1080-1-1024x576.jpg\" alt=\"\" class=\"wp-image-1525\" srcset=\"https:\/\/www.camping-la-garangeoire.com\/wp-content\/uploads\/2023\/03\/GLAIEULS-WEB-2020-2-1920x1080-1-1024x576.jpg 1024w, https:\/\/www.camping-la-garangeoire.com\/wp-content\/uploads\/2023\/03\/GLAIEULS-WEB-2020-2-1920x1080-1-300x169.jpg 300w, https:\/\/www.camping-la-garangeoire.com\/wp-content\/uploads\/2023\/03\/GLAIEULS-WEB-2020-2-1920x1080-1-768x432.jpg 768w, https:\/\/www.camping-la-garangeoire.com\/wp-content\/uploads\/2023\/03\/GLAIEULS-WEB-2020-2-1920x1080-1-1536x864.jpg 1536w, https:\/\/www.camping-la-garangeoire.com\/wp-content\/uploads\/2023\/03\/GLAIEULS-WEB-2020-2-1920x1080-1.jpg 1920w\" sizes=\"(max-width: 1024px) 100vw, 1024px\" \/><\/figure>\n<\/div>\n\n\n\n<div class=\"wp-block-column\">\n<p class=\"h5\">Zug\u00e4nglichkeit<\/p>\n\n\n\n<h2 class=\"h4\" id=\"accessible-aux-personnes-en-situation-de-handicap\">Zugang f\u00fcr Personen mit Behinderung :<\/h2>\n\n\n\n<p>Unser Ziel ist es, Ihnen einen unvergesslichen Urlaub mit der ganzen Familie zu erm\u00f6glichen. Eine Behinderung darf nicht l\u00e4nger ein Hindernis f\u00fcr den Urlaub sein. Deshalb garantiert La Garangeoire einen effizienten Empfang, der f\u00fcr jede Form von Behinderung geeignet ist.<\/p>\n\n\n\n<p>F\u00fcr H\u00f6rgesch\u00e4digte gibt es an der Rezeption eine tragbare Magnetschleife, die die Kommunikation mit ihnen erleichtert. Alle Einrichtungen sind zug\u00e4nglich: Rezeption, Wasserpark, Bar, Restaurant, Lebensmittelgesch\u00e4ft, Animationsbereich, Spielzimmer, Sanit\u00e4ranlagen. Der Multisportplatz und die Tennispl\u00e4tze sind sehr leicht zu erreichen.<\/p>\n\n\n\n<p class=\"h6 has-vert-color has-text-color\"><a href=\"https:\/\/www.camping-la-garangeoire.com\/de\/aufnahem-von-menschen-mit-behinderungen\/\" data-type=\"page\" data-id=\"1517\">Weitere Informationen \u00fcber den Empfang von Menschen mit Behinderungen<\/a><\/p>\n<\/div>\n<\/div>\n\n\n\n<div class=\"wp-container-6a034f6365376 wp-block-group G-10 has-fond-background-color has-background\"><div class=\"wp-block-group__inner-container\">\n<div class=\"wp-block-columns\">\n<div class=\"wp-block-column encart has-blanc-background-color has-background\">\n<h2 class=\"h6 has-rouge-color has-text-color\" id=\"fa-icon-icon-fas-fa-bus-navette-pour-la-plage\"><i class=\"fas fa-bus\"><\/i>  Shuttlebus zum Strand :<\/h2>\n\n\n\n<p>Ein sch\u00f6ner Tag am Strand, ohne l\u00e4stiges Suchen nach einem Parkplatz oder Einfahren der Markise, um das Wohnmobil zu bewegen. Im Juli und August bietet Ihnen der Campingplatz La Garangeoire einmal pro Woche einen Shuttleservice.<\/p>\n<\/div>\n\n\n\n<div class=\"wp-block-column\">\n<h2 class=\"has-vert-color has-text-color\" id=\"parc-aquatique-chauffe-toute-la-saison\">Au\u00dfenpools und Rutschen die ganze Saison \u00fcber beheizt:<\/h2>\n\n\n\n<p>La Garangeoire verf\u00fcgt \u00fcber ein \u00fcberdachtes Schwimmbecken, ein Planschbecken und Wasserrutschen, die w\u00e4hrend der gesamten Saison beheizt werden.<\/p>\n<\/div>\n<\/div>\n\n\n\n<div class=\"wp-block-columns\">\n<div class=\"wp-block-column\">\n<figure class=\"wp-block-gallery has-nested-images columns-4 is-cropped\">\n<figure class=\"wp-block-image size-large\"><img loading=\"lazy\" width=\"726\" height=\"1024\" src=\"https:\/\/www.camping-la-garangeoire.com\/wp-content\/uploads\/2023\/03\/gar_castel_la_garangeoire_231039_098-726x1024.webp\" alt=\"\" class=\"wp-image-2032\" srcset=\"https:\/\/www.camping-la-garangeoire.com\/wp-content\/uploads\/2023\/03\/gar_castel_la_garangeoire_231039_098-726x1024.webp 726w, https:\/\/www.camping-la-garangeoire.com\/wp-content\/uploads\/2023\/03\/gar_castel_la_garangeoire_231039_098-213x300.webp 213w, https:\/\/www.camping-la-garangeoire.com\/wp-content\/uploads\/2023\/03\/gar_castel_la_garangeoire_231039_098-768x1083.webp 768w, https:\/\/www.camping-la-garangeoire.com\/wp-content\/uploads\/2023\/03\/gar_castel_la_garangeoire_231039_098.webp 1024w\" sizes=\"(max-width: 726px) 100vw, 726px\" \/><\/figure>\n\n\n\n<figure class=\"wp-block-image size-large\"><img loading=\"lazy\" width=\"701\" height=\"1024\" src=\"https:\/\/www.camping-la-garangeoire.com\/wp-content\/uploads\/2023\/03\/gar_castel_la_garangeoire_231039_099-701x1024.webp\" alt=\"\" class=\"wp-image-2031\" srcset=\"https:\/\/www.camping-la-garangeoire.com\/wp-content\/uploads\/2023\/03\/gar_castel_la_garangeoire_231039_099-701x1024.webp 701w, https:\/\/www.camping-la-garangeoire.com\/wp-content\/uploads\/2023\/03\/gar_castel_la_garangeoire_231039_099-205x300.webp 205w, https:\/\/www.camping-la-garangeoire.com\/wp-content\/uploads\/2023\/03\/gar_castel_la_garangeoire_231039_099-768x1122.webp 768w, https:\/\/www.camping-la-garangeoire.com\/wp-content\/uploads\/2023\/03\/gar_castel_la_garangeoire_231039_099.webp 1024w\" sizes=\"(max-width: 701px) 100vw, 701px\" \/><\/figure>\n\n\n\n<figure class=\"wp-block-image size-large\"><img loading=\"lazy\" width=\"683\" height=\"1024\" src=\"https:\/\/www.camping-la-garangeoire.com\/wp-content\/uploads\/2023\/03\/gar_castel_la_garangeoire_231039_102-683x1024.webp\" alt=\"\" class=\"wp-image-2026\" srcset=\"https:\/\/www.camping-la-garangeoire.com\/wp-content\/uploads\/2023\/03\/gar_castel_la_garangeoire_231039_102-683x1024.webp 683w, https:\/\/www.camping-la-garangeoire.com\/wp-content\/uploads\/2023\/03\/gar_castel_la_garangeoire_231039_102-200x300.webp 200w, https:\/\/www.camping-la-garangeoire.com\/wp-content\/uploads\/2023\/03\/gar_castel_la_garangeoire_231039_102-768x1152.webp 768w, https:\/\/www.camping-la-garangeoire.com\/wp-content\/uploads\/2023\/03\/gar_castel_la_garangeoire_231039_102.webp 1024w\" sizes=\"(max-width: 683px) 100vw, 683px\" \/><\/figure>\n\n\n\n<figure class=\"wp-block-image size-large\"><img loading=\"lazy\" width=\"760\" height=\"1024\" src=\"https:\/\/www.camping-la-garangeoire.com\/wp-content\/uploads\/2023\/03\/gar_castel_la_garangeoire_231039_0950-760x1024.webp\" alt=\"\" class=\"wp-image-2038\" srcset=\"https:\/\/www.camping-la-garangeoire.com\/wp-content\/uploads\/2023\/03\/gar_castel_la_garangeoire_231039_0950-760x1024.webp 760w, https:\/\/www.camping-la-garangeoire.com\/wp-content\/uploads\/2023\/03\/gar_castel_la_garangeoire_231039_0950-223x300.webp 223w, https:\/\/www.camping-la-garangeoire.com\/wp-content\/uploads\/2023\/03\/gar_castel_la_garangeoire_231039_0950-768x1035.webp 768w, https:\/\/www.camping-la-garangeoire.com\/wp-content\/uploads\/2023\/03\/gar_castel_la_garangeoire_231039_0950-1140x1536.webp 1140w, https:\/\/www.camping-la-garangeoire.com\/wp-content\/uploads\/2023\/03\/gar_castel_la_garangeoire_231039_0950-1520x2048.webp 1520w, https:\/\/www.camping-la-garangeoire.com\/wp-content\/uploads\/2023\/03\/gar_castel_la_garangeoire_231039_0950-scaled.webp 1900w\" sizes=\"(max-width: 760px) 100vw, 760px\" \/><\/figure>\n<\/figure>\n\n\n\n<div class=\"wp-container-6a034f6364fd0 wp-block-group encart\"><div class=\"wp-block-group__inner-container\">\n<h2 class=\"h5 has-ocre-color has-text-color\" id=\"plage-privee\"><strong>Privatstrand<\/strong><\/h2>\n\n\n\n<p class=\"h4 has-ocre-color has-text-color\">Wir haben nicht nur ein Poolbereich zum Schwimmen.<\/p>\n\n\n\n<p>Wir haben auch eine Lagune mit wei\u00dfem, feinem Strand von 1000 qm. Die Lagune hat klares und ungechlortes Wasser und eine maximale Wassertiefe von 90 cm. <\/p>\n\n\n\n<p>Ideal f\u00fcr Freizeitschwimmen und um mit aufblasbaren Tieren usw. zu spielen.<\/p>\n<\/div><\/div>\n<\/div>\n\n\n\n<div class=\"wp-block-column\">\n<p class=\"has-ocre-color has-text-color\"><i class=\"fas fa-spa\"><\/i> <strong>Sauna \/ Wellness :<\/strong><\/p>\n\n\n\n<p>Um Ihren Urlaub abzurunden und in eine Blase des Wohlbefindens einzutauchen, haben wir das Chalet Libellule. Genie\u00dfen Sie einen Moment der wohlverdienten Entspannung und nutzen Sie die wohltuende Wirkung der Sauna, Sch\u00f6nheitsbehandlungen und Massagen.<\/p>\n<\/div>\n<\/div>\n<\/div><\/div>\n\n\n\n<div class=\"wp-block-cover is-light\"><span aria-hidden=\"true\" class=\"wp-block-cover__gradient-background has-background-dim\"><\/span><img loading=\"lazy\" width=\"2048\" height=\"1112\" class=\"wp-block-cover__image-background wp-image-1689\" alt=\"\" src=\"https:\/\/www.camping-la-garangeoire.com\/wp-content\/uploads\/2023\/03\/garangeoire-6.webp\" data-object-fit=\"cover\" srcset=\"https:\/\/www.camping-la-garangeoire.com\/wp-content\/uploads\/2023\/03\/garangeoire-6.webp 2048w, https:\/\/www.camping-la-garangeoire.com\/wp-content\/uploads\/2023\/03\/garangeoire-6-300x163.webp 300w, https:\/\/www.camping-la-garangeoire.com\/wp-content\/uploads\/2023\/03\/garangeoire-6-1024x556.webp 1024w, https:\/\/www.camping-la-garangeoire.com\/wp-content\/uploads\/2023\/03\/garangeoire-6-768x417.webp 768w, https:\/\/www.camping-la-garangeoire.com\/wp-content\/uploads\/2023\/03\/garangeoire-6-1536x834.webp 1536w\" sizes=\"(max-width: 2048px) 100vw, 2048px\" \/><div class=\"wp-block-cover__inner-container\">\n<h2 class=\"h4\" id=\"animaux-acceptes\"><strong><strong>Urlaub mit Hund<\/strong>:<\/strong><\/h2>\n\n\n\n<p>Nichts macht mehr Spa\u00df, als Ihr Haustier in den Urlaub zu nehmen. Ihr Hund, Ihre Katze oder ein anderes Haustier ist auf dem Campingplatz La Garangeoire herzlich willkommen. Auch auf dem Campingplatz muss Ihr Haustier nicht alleine zu Hause bleiben. Sie sind in allen unseren \u00f6ffentlichen Bereichen (Bar, Restaurant, Shop usw.) und in fast allen unseren Unterk\u00fcnften erlaubt.<\/p>\n\n\n\n<p>Es gibt sch\u00f6ne Spazierg\u00e4nge in und um die Dom\u00e4ne von La Garangeoire. Und um Ihren Hund bei jedem Wetter oder nach einem Strandspaziergang sauber zum Zelt oder Wohnwagen zu bringen, steht eine spezielle Hundedusche zur Verf\u00fcgung.<\/p>\n\n\n\n<p><strong>Und nicht nur das; Ihr Haustier erh\u00e4lt bei der Ankunft ein eigenes Willkommenspaket!<\/strong><\/p>\n\n\n\n<div class=\"wp-container-6a034f63656fc wp-block-buttons\">\n<div class=\"wp-block-button is-style-outline\"><a class=\"wp-block-button__link\" href=\"https:\/\/www.camping-la-garangeoire.com\/de\/in-den-urlaub-mit-seinem-hund-vendee-gehen\/\">Einzelheiten zu den Bedingungen f\u00fcr die Aufnahme Ihres Tieres<\/a><\/div>\n<\/div>\n<\/div><\/div>\n\n\n\n<p class=\"has-text-align-center h4\"><strong><strong>Was will man mehr?<\/strong><\/strong><\/p>\n\n\n\n<div class=\"wp-container-6a034f6365a4c wp-block-buttons\">\n<div class=\"wp-block-button btn_resa\"><a class=\"wp-block-button__link\">Buchen Sie schnell Ihnen Aufenthalt!<\/a><\/div>\n<\/div>\n","protected":false},"excerpt":{"rendered":"<p>Sch\u00f6ne Umgebung: La Garangeoire liegt in einem 200 ha gro\u00dfen Park mit reichem Baumbestand. Sowohl auf als auch rund um den Campingplatz l\u00e4sst sich die Natur am besten beim Wandern und\/oder Radfahren erleben. Die Vend\u00e9e bietet eine vielf\u00e4ltige Landschaft mit H\u00fcgeln, Wiesen, feinen Sandstr\u00e4nden und einer rauen K\u00fcste. Raum : Wir werden unser M\u00f6glichstes tun, [&hellip;]<\/p>\n","protected":false},"author":1,"featured_media":0,"parent":0,"menu_order":0,"comment_status":"closed","ping_status":"closed","template":"","meta":[],"acf":[],"_links":{"self":[{"href":"https:\/\/www.camping-la-garangeoire.com\/de\/wp-json\/wp\/v2\/pages\/5138"}],"collection":[{"href":"https:\/\/www.camping-la-garangeoire.com\/de\/wp-json\/wp\/v2\/pages"}],"about":[{"href":"https:\/\/www.camping-la-garangeoire.com\/de\/wp-json\/wp\/v2\/types\/page"}],"author":[{"embeddable":true,"href":"https:\/\/www.camping-la-garangeoire.com\/de\/wp-json\/wp\/v2\/users\/1"}],"replies":[{"embeddable":true,"href":"https:\/\/www.camping-la-garangeoire.com\/de\/wp-json\/wp\/v2\/comments?post=5138"}],"version-history":[{"count":6,"href":"https:\/\/www.camping-la-garangeoire.com\/de\/wp-json\/wp\/v2\/pages\/5138\/revisions"}],"predecessor-version":[{"id":11173,"href":"https:\/\/www.camping-la-garangeoire.com\/de\/wp-json\/wp\/v2\/pages\/5138\/revisions\/11173"}],"wp:attachment":[{"href":"https:\/\/www.camping-la-garangeoire.com\/de\/wp-json\/wp\/v2\/media?parent=5138"}],"curies":[{"name":"wp","href":"https:\/\/api.w.org\/{rel}","templated":true}]}}