{"id":5134,"date":"2023-06-13T11:15:11","date_gmt":"2023-06-13T09:15:11","guid":{"rendered":"https:\/\/www.camping-la-garangeoire.com\/die-ausstattungen\/"},"modified":"2023-12-04T16:11:10","modified_gmt":"2023-12-04T15:11:10","slug":"die-ausstattungen","status":"publish","type":"page","link":"https:\/\/www.camping-la-garangeoire.com\/de\/die-ausstattungen\/","title":{"rendered":"Die Ausstattung"},"content":{"rendered":"\n<div class=\"wp-block-cover\"><span aria-hidden=\"true\" class=\"wp-block-cover__gradient-background has-background-dim\"><\/span><img loading=\"lazy\" width=\"2048\" height=\"828\" class=\"wp-block-cover__image-background wp-image-2372\" alt=\"\" src=\"https:\/\/www.camping-la-garangeoire.com\/wp-content\/uploads\/2023\/03\/gar_castel_la_garangeoire_231039_154.webp\" style=\"object-position:50% 100%\" data-object-fit=\"cover\" data-object-position=\"50% 100%\" srcset=\"https:\/\/www.camping-la-garangeoire.com\/wp-content\/uploads\/2023\/03\/gar_castel_la_garangeoire_231039_154.webp 2048w, https:\/\/www.camping-la-garangeoire.com\/wp-content\/uploads\/2023\/03\/gar_castel_la_garangeoire_231039_154-300x121.webp 300w, https:\/\/www.camping-la-garangeoire.com\/wp-content\/uploads\/2023\/03\/gar_castel_la_garangeoire_231039_154-1024x414.webp 1024w, https:\/\/www.camping-la-garangeoire.com\/wp-content\/uploads\/2023\/03\/gar_castel_la_garangeoire_231039_154-768x311.webp 768w, https:\/\/www.camping-la-garangeoire.com\/wp-content\/uploads\/2023\/03\/gar_castel_la_garangeoire_231039_154-1536x621.webp 1536w\" sizes=\"(max-width: 2048px) 100vw, 2048px\" \/><div class=\"wp-block-cover__inner-container\">\n<h1 id=\"les-equipements\">Die Ausstattung<\/h1>\n<\/div><\/div>\n\n\n\n<div class=\"wp-container-69df28aad8b13 wp-block-group G-05\"><div class=\"wp-block-group__inner-container\">\n<div class=\"wp-block-columns\">\n<div class=\"wp-block-column\">\n<h2 class=\"h5 has-vert-color has-text-color\" id=\"equipements-sportifs\">Sportausr\u00fcstungen<\/h2>\n\n\n\n<p class=\"h3 has-vert-color has-text-color\">Um sich im Urlaub auszutoben<\/p>\n\n\n\n<div class=\"wp-block-columns\">\n<div class=\"wp-block-column\">\n<figure class=\"wp-block-image size-full\"><img loading=\"lazy\" width=\"1024\" height=\"683\" src=\"https:\/\/www.camping-la-garangeoire.com\/wp-content\/uploads\/2023\/03\/gar_castel_la_garangeoire_231039_151.webp\" alt=\"\" class=\"wp-image-2381\" srcset=\"https:\/\/www.camping-la-garangeoire.com\/wp-content\/uploads\/2023\/03\/gar_castel_la_garangeoire_231039_151.webp 1024w, https:\/\/www.camping-la-garangeoire.com\/wp-content\/uploads\/2023\/03\/gar_castel_la_garangeoire_231039_151-300x200.webp 300w, https:\/\/www.camping-la-garangeoire.com\/wp-content\/uploads\/2023\/03\/gar_castel_la_garangeoire_231039_151-768x512.webp 768w\" sizes=\"(max-width: 1024px) 100vw, 1024px\" \/><\/figure>\n<\/div>\n\n\n\n<div class=\"wp-block-column\">\n<ul class=\"pictos col-2 has-ocre-color has-text-color\"><li><i class=\"fal fa-racquet\"><\/i>  2 Tennispl\u00e4tze<\/li><li><i class=\"fal fa-futbol\"><\/i>  Fu\u00dfballplatz<\/li><li><i class=\"fal fa-football-ball\"><\/i>  Multi-Sportplatz<\/li><li><i class=\"fal fa-table-tennis\"><\/i>  Tischtennistische<\/li><\/ul>\n\n\n\n<div class=\"wp-container-69df28aad8770 wp-block-buttons\">\n<div class=\"wp-block-button is-style-outline\"><a class=\"wp-block-button__link has-vert-color has-text-color\" href=\"https:\/\/www.camping-la-garangeoire.com\/de\/aktivitaeten-natur\/\">Siehe die Outdoor-Aktivit\u00e4ten<\/a><\/div>\n\n\n\n<div class=\"wp-block-button btn_resa\"><a class=\"wp-block-button__link\">Buchen Sie Ihren Aufenthalt<\/a><\/div>\n<\/div>\n<\/div>\n<\/div>\n<\/div>\n\n\n\n<div class=\"wp-block-column\">\n<figure class=\"wp-block-image size-large\"><img loading=\"lazy\" width=\"683\" height=\"1024\" src=\"https:\/\/www.camping-la-garangeoire.com\/wp-content\/uploads\/2023\/12\/tennis_vacances-683x1024.webp\" alt=\"\" class=\"wp-image-8821\" srcset=\"https:\/\/www.camping-la-garangeoire.com\/wp-content\/uploads\/2023\/12\/tennis_vacances-683x1024.webp 683w, https:\/\/www.camping-la-garangeoire.com\/wp-content\/uploads\/2023\/12\/tennis_vacances-200x300.webp 200w, https:\/\/www.camping-la-garangeoire.com\/wp-content\/uploads\/2023\/12\/tennis_vacances-768x1152.webp 768w, https:\/\/www.camping-la-garangeoire.com\/wp-content\/uploads\/2023\/12\/tennis_vacances.webp 867w\" sizes=\"(max-width: 683px) 100vw, 683px\" \/><\/figure>\n<\/div>\n<\/div>\n\n\n\n<div class=\"wp-block-columns\">\n<div class=\"wp-block-column\">\n<h2 id=\"equipements-de-loisir\"><mark style=\"background-color:rgba(0, 0, 0, 0)\" class=\"has-inline-color has-rouge-clair-color\"><strong>Freizeitausr\u00fcstung<\/strong><\/mark><\/h2>\n\n\n\n<ul><li>Sauna und Massageraum<\/li><\/ul>\n\n\n\n<ul><li>Gro\u00dfer Teich von La Garangeoire, mit Booten, Kanus und Tretbooten<\/li><li>Reitzentrum<\/li><li>Trampolines<\/li><li>Minigolf<\/li><li>Wasserpark:<ul><li>Die Lagune<\/li><li>Der Innenpoolbereich mit Schwimmbecken, Planschbecken und Rutschen f\u00fcr Kleinkinder ist die ganze Saison \u00fcber ge\u00f6ffnet und beheizt. <\/li><li>Die gro\u00dfe Rutsche im Freien, sowie der Au\u00dfenpool werden beheizt.<\/li><\/ul><\/li><li>Fahrr\u00e4der: La Garangeoire bietet moderne und perfekt gewartete Fahrr\u00e4der und Mountainbikes zur Vermietung an.<\/li><\/ul>\n<\/div>\n\n\n\n<div class=\"wp-block-column\">\n<figure class=\"wp-block-image alignfull size-full\"><img loading=\"lazy\" width=\"1024\" height=\"619\" src=\"https:\/\/www.camping-la-garangeoire.com\/wp-content\/uploads\/2023\/03\/gar_castel_la_garangeoire_231039_015.webp\" alt=\"\" class=\"wp-image-2023\" srcset=\"https:\/\/www.camping-la-garangeoire.com\/wp-content\/uploads\/2023\/03\/gar_castel_la_garangeoire_231039_015.webp 1024w, https:\/\/www.camping-la-garangeoire.com\/wp-content\/uploads\/2023\/03\/gar_castel_la_garangeoire_231039_015-300x181.webp 300w, https:\/\/www.camping-la-garangeoire.com\/wp-content\/uploads\/2023\/03\/gar_castel_la_garangeoire_231039_015-768x464.webp 768w\" sizes=\"(max-width: 1024px) 100vw, 1024px\" \/><\/figure>\n<\/div>\n<\/div>\n<\/div><\/div>\n","protected":false},"excerpt":{"rendered":"<p>Sportausr\u00fcstungen Um sich im Urlaub auszutoben 2 Tennispl\u00e4tze Fu\u00dfballplatz Multi-Sportplatz Tischtennistische Freizeitausr\u00fcstung Sauna und Massageraum Gro\u00dfer Teich von La Garangeoire, mit Booten, Kanus und Tretbooten Reitzentrum Trampolines Minigolf Wasserpark: Die Lagune Der Innenpoolbereich mit Schwimmbecken, Planschbecken und Rutschen f\u00fcr Kleinkinder ist die ganze Saison \u00fcber ge\u00f6ffnet und beheizt. Die gro\u00dfe Rutsche im Freien, sowie der [&hellip;]<\/p>\n","protected":false},"author":1,"featured_media":0,"parent":0,"menu_order":0,"comment_status":"closed","ping_status":"closed","template":"","meta":[],"acf":[],"_links":{"self":[{"href":"https:\/\/www.camping-la-garangeoire.com\/de\/wp-json\/wp\/v2\/pages\/5134"}],"collection":[{"href":"https:\/\/www.camping-la-garangeoire.com\/de\/wp-json\/wp\/v2\/pages"}],"about":[{"href":"https:\/\/www.camping-la-garangeoire.com\/de\/wp-json\/wp\/v2\/types\/page"}],"author":[{"embeddable":true,"href":"https:\/\/www.camping-la-garangeoire.com\/de\/wp-json\/wp\/v2\/users\/1"}],"replies":[{"embeddable":true,"href":"https:\/\/www.camping-la-garangeoire.com\/de\/wp-json\/wp\/v2\/comments?post=5134"}],"version-history":[{"count":4,"href":"https:\/\/www.camping-la-garangeoire.com\/de\/wp-json\/wp\/v2\/pages\/5134\/revisions"}],"predecessor-version":[{"id":8826,"href":"https:\/\/www.camping-la-garangeoire.com\/de\/wp-json\/wp\/v2\/pages\/5134\/revisions\/8826"}],"wp:attachment":[{"href":"https:\/\/www.camping-la-garangeoire.com\/de\/wp-json\/wp\/v2\/media?parent=5134"}],"curies":[{"name":"wp","href":"https:\/\/api.w.org\/{rel}","templated":true}]}}