{"id":5102,"date":"2023-06-13T10:54:03","date_gmt":"2023-06-13T08:54:03","guid":{"rendered":"https:\/\/www.camping-la-garangeoire.com\/vertraulichkeit-und-persoenliche-daten\/"},"modified":"2025-01-20T16:03:54","modified_gmt":"2025-01-20T15:03:54","slug":"vertraulichkeit-und-persoenliche-daten","status":"publish","type":"page","link":"https:\/\/www.camping-la-garangeoire.com\/de\/vertraulichkeit-und-persoenliche-daten\/","title":{"rendered":"Datenschutz und pers\u00f6nliche Daten"},"content":{"rendered":"\n<h1 class=\"has-text-align-center\" id=\"confidentialite-et-donnees-personnelles\">Datenschutz und pers\u00f6nliche Daten<\/h1>\n\n\n\n<div class=\"wp-block-columns\">\n<div class=\"wp-block-column\">\n<p class=\"h4 has-ocre-color has-text-color has-sous-titre-font-size\"><strong>Sammlung von Informationen<\/strong><\/p>\n\n\n\n<p>Wir sammeln Informationen, wenn Sie auf der Website surfen, wenn Sie eine Bestellung aufgeben und wenn Sie eines der Formulare ausf\u00fcllen.<\/p>\n\n\n\n<p>Au\u00dferdem erhalten und speichern wir automatisch Informationen von Ihrem Computer und Browser, wie z.B.:<\/p>\n\n\n\n<ul><li>Ihre IP-Adresse<\/li><li>Den verwendeten Hardware- und Browsertyp<\/li><li>Die Seite(n), die Sie besuchen<\/li><\/ul>\n\n\n\n<p class=\"h4 has-ocre-color has-text-color has-sous-titre-font-size\"><strong><strong><strong>Verwendung der Informationen<\/strong><\/strong><\/strong><\/p>\n\n\n\n<p>Alle Informationen, die wir von Ihnen sammeln, k\u00f6nnen verwendet werden, um:<\/p>\n\n\n\n<ul><li>Ihre Erfahrung zu personalisieren und Ihre individuellen Bed\u00fcrfnisse zu erf\u00fcllen<\/li><li>Personalisierte Werbeinhalte bereitzustellen<\/li><li>Unsere Website zu verbessern<\/li><li>Den Kundenservice und Ihre Supportbed\u00fcrfnisse zu verbessern<\/li><li>Sie per E-Mail zu kontaktieren<\/li><li>Einen Wettbewerb, eine Promotion oder eine Umfrage zu verwalten<\/li><\/ul>\n\n\n\n<p class=\"h4 has-ocre-color has-text-color has-sous-titre-font-size\"><strong><strong><strong>Weitergabe an Dritte<\/strong><\/strong><\/strong><\/p>\n\n\n\n<p>Wir verkaufen, tauschen oder \u00fcbertragen Ihre pers\u00f6nlich identifizierbaren Informationen nicht an Dritte. Dies schlie\u00dft vertrauensw\u00fcrdige Dritte nicht ein, die uns beim Betrieb unserer Website unterst\u00fctzen, solange diese Parteien zustimmen, diese Informationen vertraulich zu behandeln.<\/p>\n\n\n\n<p>Nicht private Informationen k\u00f6nnen jedoch anderen Parteien zu Marketing-, Werbe- oder anderen Zwecken zur Verf\u00fcgung gestellt werden.<\/p>\n<\/div>\n\n\n\n<div class=\"wp-block-column\">\n<p class=\"h4 has-ocre-color has-text-color has-sous-titre-font-size\"><strong>Schutz von Informationen und pers\u00f6nlichen Daten<\/strong><\/p>\n\n\n\n<p>Der Nutzer kann aufgefordert werden, bestimmte pers\u00f6nliche Daten einzugeben, indem er die angebotenen Formulare ausf\u00fcllt. Die Eingabe dieser Daten ist erforderlich, um die Anfrage des Nutzers durch <strong>Francecom<\/strong> zu bearbeiten.<\/p>\n\n\n\n<p><strong>Francecom <\/strong>verpflichtet sich, die Bestimmungen des Gesetzes Nr. 78-17 vom 6. Januar 1978 \u00fcber Datenverarbeitung, Dateien und Freiheiten in der ge\u00e4nderten Fassung zu respektieren und alle notwendigen Vorsichtsma\u00dfnahmen zu treffen, um die Sicherheit der anvertrauten pers\u00f6nlichen Informationen zu wahren. Ohne die vorherige und informierte Zustimmung des Nutzers werden keine pers\u00f6nlichen Informationen an Drittunternehmen weitergegeben.<\/p>\n\n\n\n<p>Wir setzen verschiedene Sicherheitsma\u00dfnahmen ein, um die Sicherheit Ihrer pers\u00f6nlichen Informationen zu gew\u00e4hrleisten:<\/p>\n\n\n\n<ul id=\"block-342f7f15-5b2e-452e-8c64-ef467007c504\"><li>SSL-Protokoll<\/li><li>Zugriffsverwaltung durch Login\/Passwort<\/li><li>Netzwerk\u00fcberwachungssoftware<\/li><li>Mehrfache Computersicherungen<\/li><li>Firewalls<\/li><\/ul>\n\n\n\n<p>Wir sch\u00fctzen Ihre Informationen auch offline. Nur Mitarbeiter, die eine bestimmte Aufgabe ausf\u00fchren m\u00fcssen (z. B. Abrechnung oder Kundenservice), haben Zugriff auf pers\u00f6nlich identifizierbare Informationen. Computer und Server, die zur Speicherung von pers\u00f6nlich identifizierbaren Informationen verwendet werden, befinden sich in einer sicheren Umgebung.<\/p>\n\n\n\n<p>&gt; <strong>Die detaillierte Datenschutzerkl\u00e4rung ist <a href=\"https:\/\/www.camping-la-garangeoire.com\/wp-content\/uploads\/2024\/11\/Privacy-Policy-2024.pdf\" target=\"_blank\" rel=\"noreferrer noopener\">hier<\/a> verf\u00fcgbar.<\/strong><\/p>\n\n\n\n<p class=\"h4 has-ocre-color has-text-color has-sous-titre-font-size\"><strong><strong><strong><strong>Informationen zu Cookies auf unserer Website<\/strong><\/strong><\/strong><\/strong><\/p>\n\n\n\n<p>Detaillierte Informationen zu Cookies und deren Verwaltung auf der Website sind hier verf\u00fcgbar: <a href=\"https:\/\/www.camping-la-garangeoire.com\/de\/eu-cookies-politik\/\" data-type=\"page\" data-id=\"126\">Politique de cookies (EU)<\/a><\/p>\n<\/div>\n<\/div>\n\n\n\n<p class=\"h4 has-ocre-color has-text-color\"><strong>Recht auf Zugang, \u00c4nderung und L\u00f6schung Ihrer Daten<\/strong><\/p>\n\n\n\n<div class=\"wp-block-columns\">\n<div class=\"wp-block-column\">\n<p>Wir verpflichten uns, Ihnen das Recht auf Widerspruch und R\u00fccknahme Ihrer pers\u00f6nlichen Informationen zu gew\u00e4hren. Das Widerspruchsrecht versteht sich als die M\u00f6glichkeit f\u00fcr Internetnutzer, zu verweigern, dass ihre pers\u00f6nlichen Informationen f\u00fcr bestimmte Zwecke verwendet werden, die bei der Erfassung angegeben wurden.<\/p>\n\n\n\n<p>Wenn Sie jederzeit Zugang zu den Sie betreffenden pers\u00f6nlichen Informationen w\u00fcnschen oder diese \u00e4ndern oder l\u00f6schen m\u00f6chten, m\u00fcssen Sie lediglich direkt \u00fcber die angegebenen Kontakte oder das unten stehende Formular eine Anfrage stellen.<\/p>\n<\/div>\n\n\n\n<div class=\"wp-block-column\">\n<p><strong>Um diese Rechte auszu\u00fcben, k\u00f6nnen Sie unsere Datenschutzbeauftragte (DPO), <\/strong>Anastasie RABILLER<strong>, kontaktieren.<\/strong><\/p>\n\n\n\n<p><strong><span itemprop=\"name\">Camping la Garangeoire<\/span><\/strong><br><span class=\"wrp_adresse\"><span itemprop=\"address\">La Garangeoire, 85150 Saint Julien des Landes<\/span><\/span><br><strong>T\u00e9l<\/strong> : <a itemprop=\"telephone\" href=\"tel:+33251466539\">+33 2 51 46 65 39<\/a><br><strong>Email<\/strong> : <a itemprop=\"email\" href=\"mailto:info@garangeoire.com\">info@garangeoire.com<\/a><\/p>\n<\/div>\n<\/div>\n\n\n\n<p class=\"h4 has-ocre-color has-text-color\"><strong>Sie k\u00f6nnen Ihre Anfrage direkt \u00fcber dieses Formular stellen:<\/strong><\/p>\n\n\n\n<div class=\"wp-container-6a058e0c2e2bc wp-block-group gestion-form\"><div class=\"wp-block-group__inner-container\"><script type=\"text\/javascript\">var gform;gform||(document.addEventListener(\"gform_main_scripts_loaded\",function(){gform.scriptsLoaded=!0}),window.addEventListener(\"DOMContentLoaded\",function(){gform.domLoaded=!0}),gform={domLoaded:!1,scriptsLoaded:!1,initializeOnLoaded:function(o){gform.domLoaded&&gform.scriptsLoaded?o():!gform.domLoaded&&gform.scriptsLoaded?window.addEventListener(\"DOMContentLoaded\",o):document.addEventListener(\"gform_main_scripts_loaded\",o)},hooks:{action:{},filter:{}},addAction:function(o,n,r,t){gform.addHook(\"action\",o,n,r,t)},addFilter:function(o,n,r,t){gform.addHook(\"filter\",o,n,r,t)},doAction:function(o){gform.doHook(\"action\",o,arguments)},applyFilters:function(o){return gform.doHook(\"filter\",o,arguments)},removeAction:function(o,n){gform.removeHook(\"action\",o,n)},removeFilter:function(o,n,r){gform.removeHook(\"filter\",o,n,r)},addHook:function(o,n,r,t,i){null==gform.hooks[o][n]&&(gform.hooks[o][n]=[]);var e=gform.hooks[o][n];null==i&&(i=n+\"_\"+e.length),gform.hooks[o][n].push({tag:i,callable:r,priority:t=null==t?10:t})},doHook:function(n,o,r){var t;if(r=Array.prototype.slice.call(r,1),null!=gform.hooks[n][o]&&((o=gform.hooks[n][o]).sort(function(o,n){return o.priority-n.priority}),o.forEach(function(o){\"function\"!=typeof(t=o.callable)&&(t=window[t]),\"action\"==n?t.apply(null,r):r[0]=t.apply(null,r)})),\"filter\"==n)return r[0]},removeHook:function(o,n,t,i){var r;null!=gform.hooks[o][n]&&(r=(r=gform.hooks[o][n]).filter(function(o,n,r){return!!(null!=i&&i!=o.tag||null!=t&&t!=o.priority)}),gform.hooks[o][n]=r)}});<\/script>\n                <div class='gf_browser_gecko gform_wrapper gravity-theme' id='gform_wrapper_2' ><div id='gf_2' class='gform_anchor' tabindex='-1'><\/div>\n                        <div class='gform_heading'>\n\t\t\t\t\t\t\t<p class='gform_required_legend'>&quot;<span class=\"gfield_required gfield_required_asterisk\">*<\/span>&quot; indicates required fields<\/p>\n                        <\/div><form method='post' enctype='multipart\/form-data' target='gform_ajax_frame_2' id='gform_2'  action='\/de\/wp-json\/wp\/v2\/pages\/5102#gf_2' novalidate>\n                        <div class='gform_body gform-body'><div id='gform_fields_2' class='gform_fields top_label form_sublabel_below description_below'><div id=\"field_2_1\"  class=\"gfield gfield--width-full gfield_contains_required field_sublabel_below field_description_below gfield_visibility_visible\"  data-js-reload=\"field_2_1\"><label class='gfield_label' for='input_2_1' >Vorname Name<span class=\"gfield_required\"><span class=\"gfield_required gfield_required_asterisk\">*<\/span><\/span><\/label><div class='ginput_container ginput_container_text'><input name='input_1' id='input_2_1' type='text' value='' class='large'    placeholder='John Doe' aria-required=\"true\" aria-invalid=\"false\"   \/> <\/div><\/div><div id=\"field_2_6\"  class=\"gfield gfield--width-full gfield_contains_required field_sublabel_below field_description_below gfield_visibility_visible\"  data-js-reload=\"field_2_6\"><label class='gfield_label' for='input_2_6' >E-mail<span class=\"gfield_required\"><span class=\"gfield_required gfield_required_asterisk\">*<\/span><\/span><\/label><div class='ginput_container ginput_container_email'>\n                            <input name='input_6' id='input_2_6' type='email' value='' class='large'   placeholder='beispiel@camping.com' aria-required=\"true\" aria-invalid=\"false\"  \/>\n                        <\/div><\/div><fieldset id=\"field_2_8\"  class=\"gfield gfield--width-full gfield_contains_required field_sublabel_below field_description_below gfield_visibility_visible\"  data-js-reload=\"field_2_8\"><legend class='gfield_label gfield_label_before_complex'  >Auswahl<span class=\"gfield_required\"><span class=\"gfield_required gfield_required_asterisk\">*<\/span><\/span><\/legend><div class='ginput_container ginput_container_checkbox'><div class='gfield_checkbox' id='input_2_8'><div class='gchoice gchoice_2_8_1'>\n\t\t\t\t\t\t\t\t<input class='gfield-choice-input' name='input_8.1' type='checkbox'  value='Meine E-Mail-Adresse von Mailinglisten abmelden.'  id='choice_2_8_1'   \/>\n\t\t\t\t\t\t\t\t<label for='choice_2_8_1' id='label_2_8_1'>Meine E-Mail-Adresse von Mailinglisten abmelden.<\/label>\n\t\t\t\t\t\t\t<\/div><div class='gchoice gchoice_2_8_2'>\n\t\t\t\t\t\t\t\t<input class='gfield-choice-input' name='input_8.2' type='checkbox'  value='Auf meine pers\u00f6nlichen Informationen zugreifen'  id='choice_2_8_2'   \/>\n\t\t\t\t\t\t\t\t<label for='choice_2_8_2' id='label_2_8_2'>Auf meine pers\u00f6nlichen Informationen zugreifen<\/label>\n\t\t\t\t\t\t\t<\/div><div class='gchoice gchoice_2_8_3'>\n\t\t\t\t\t\t\t\t<input class='gfield-choice-input' name='input_8.3' type='checkbox'  value='Meine pers\u00f6nlichen Informationen \u00e4ndern'  id='choice_2_8_3'   \/>\n\t\t\t\t\t\t\t\t<label for='choice_2_8_3' id='label_2_8_3'>Meine pers\u00f6nlichen Informationen \u00e4ndern<\/label>\n\t\t\t\t\t\t\t<\/div><div class='gchoice gchoice_2_8_4'>\n\t\t\t\t\t\t\t\t<input class='gfield-choice-input' name='input_8.4' type='checkbox'  value=' Meine pers\u00f6nlichen Informationen l\u00f6schen'  id='choice_2_8_4'   \/>\n\t\t\t\t\t\t\t\t<label for='choice_2_8_4' id='label_2_8_4'> Meine pers\u00f6nlichen Informationen l\u00f6schen<\/label>\n\t\t\t\t\t\t\t<\/div><div class='gchoice gchoice_2_8_5'>\n\t\t\t\t\t\t\t\t<input class='gfield-choice-input' name='input_8.5' type='checkbox'  value='Meine Zustimmung zur Nutzung meiner pers\u00f6nlichen Daten zur\u00fcckziehen.'  id='choice_2_8_5'   \/>\n\t\t\t\t\t\t\t\t<label for='choice_2_8_5' id='label_2_8_5'>Meine Zustimmung zur Nutzung meiner pers\u00f6nlichen Daten zur\u00fcckziehen.<\/label>\n\t\t\t\t\t\t\t<\/div><\/div><\/div><\/fieldset><div id=\"field_2_2\"  class=\"gfield gfield--width-full gfield_contains_required field_sublabel_below field_description_below gfield_visibility_visible\"  data-js-reload=\"field_2_2\"><label class='gfield_label' for='input_2_2' >Beschreiben Sie Ihre Anfrage<span class=\"gfield_required\"><span class=\"gfield_required gfield_required_asterisk\">*<\/span><\/span><\/label><div class='ginput_container ginput_container_textarea'><textarea name='input_2' id='input_2_2' class='textarea large'    placeholder='Beschreiben Sie Ihre Anfrage hier' aria-required=\"true\" aria-invalid=\"false\"   rows='10' cols='50'><\/textarea><\/div><\/div><div id=\"field_2_9\"  class=\"gfield gfield--width-full field_sublabel_below field_description_below hidden_label gfield_visibility_visible\"  data-js-reload=\"field_2_9\"><label class='gfield_label' for='input_2_9' >CAPTCHA<\/label><div id='input_2_9' class='ginput_container ginput_recaptcha' data-sitekey='6LfqM2wkAAAAAMJ6cCPOhTSrdiwt_mhWcrvcMRL4'  data-theme='light' data-tabindex='-1' data-size='invisible' data-badge='bottomright'><\/div><\/div><\/div><\/div>\n        <div class='gform_footer top_label'> <input type='submit' id='gform_submit_button_2' class='gform_button button' value='Senden'  onclick='if(window[\"gf_submitting_2\"]){return false;}  if( !jQuery(\"#gform_2\")[0].checkValidity || jQuery(\"#gform_2\")[0].checkValidity()){window[\"gf_submitting_2\"]=true;}  ' onkeypress='if( event.keyCode == 13 ){ if(window[\"gf_submitting_2\"]){return false;} if( !jQuery(\"#gform_2\")[0].checkValidity || jQuery(\"#gform_2\")[0].checkValidity()){window[\"gf_submitting_2\"]=true;}  jQuery(\"#gform_2\").trigger(\"submit\",[true]); }' \/> <input type='hidden' name='gform_ajax' value='form_id=2&amp;title=&amp;description=&amp;tabindex=0' \/>\n            <input type='hidden' class='gform_hidden' name='is_submit_2' value='1' \/>\n            <input type='hidden' class='gform_hidden' name='gform_submit' value='2' \/>\n            \n            <input type='hidden' class='gform_hidden' name='gform_unique_id' value='' \/>\n            <input type='hidden' class='gform_hidden' name='state_2' value='WyJbXSIsIjgzZDc1MTViYjcwMWE5MTBkYjc1ZGVmNDk0MWZiZDkxIl0=' \/>\n            <input type='hidden' class='gform_hidden' name='gform_target_page_number_2' id='gform_target_page_number_2' value='0' \/>\n            <input type='hidden' class='gform_hidden' name='gform_source_page_number_2' id='gform_source_page_number_2' value='1' \/>\n            <input type='hidden' name='gform_field_values' value='' \/>\n            \n        <\/div>\n                        <p style=\"display: none !important;\"><label>&#916;<textarea name=\"ak_hp_textarea\" cols=\"45\" rows=\"8\" maxlength=\"100\"><\/textarea><\/label><input type=\"hidden\" id=\"ak_js_1\" name=\"ak_js\" value=\"1\"\/><script>document.getElementById( \"ak_js_1\" ).setAttribute( \"value\", ( new Date() ).getTime() );<\/script><\/p><\/form>\n                        <\/div>\n                <iframe style='display:none;width:0px;height:0px;' src='about:blank' name='gform_ajax_frame_2' id='gform_ajax_frame_2' title='This iframe contains the logic required to handle Ajax powered Gravity Forms.'><\/iframe>\n                <script type=\"text\/javascript\">\ngform.initializeOnLoaded( function() {gformInitSpinner( 2, 'https:\/\/www.camping-la-garangeoire.com\/wp-content\/plugins\/gravityforms\/images\/spinner.svg' );jQuery('#gform_ajax_frame_2').on('load',function(){var contents = jQuery(this).contents().find('*').html();var is_postback = contents.indexOf('GF_AJAX_POSTBACK') >= 0;if(!is_postback){return;}var form_content = jQuery(this).contents().find('#gform_wrapper_2');var is_confirmation = jQuery(this).contents().find('#gform_confirmation_wrapper_2').length > 0;var is_redirect = contents.indexOf('gformRedirect(){') >= 0;var is_form = form_content.length > 0 && ! is_redirect && ! is_confirmation;var mt = parseInt(jQuery('html').css('margin-top'), 10) + parseInt(jQuery('body').css('margin-top'), 10) + 100;if(is_form){jQuery('#gform_wrapper_2').html(form_content.html());if(form_content.hasClass('gform_validation_error')){jQuery('#gform_wrapper_2').addClass('gform_validation_error');} else {jQuery('#gform_wrapper_2').removeClass('gform_validation_error');}setTimeout( function() { \/* delay the scroll by 50 milliseconds to fix a bug in chrome *\/ jQuery(document).scrollTop(jQuery('#gform_wrapper_2').offset().top - mt); }, 50 );if(window['gformInitDatepicker']) {gformInitDatepicker();}if(window['gformInitPriceFields']) {gformInitPriceFields();}var current_page = jQuery('#gform_source_page_number_2').val();gformInitSpinner( 2, 'https:\/\/www.camping-la-garangeoire.com\/wp-content\/plugins\/gravityforms\/images\/spinner.svg' );jQuery(document).trigger('gform_page_loaded', [2, current_page]);window['gf_submitting_2'] = false;}else if(!is_redirect){var confirmation_content = jQuery(this).contents().find('.GF_AJAX_POSTBACK').html();if(!confirmation_content){confirmation_content = contents;}setTimeout(function(){jQuery('#gform_wrapper_2').replaceWith(confirmation_content);jQuery(document).scrollTop(jQuery('#gf_2').offset().top - mt);jQuery(document).trigger('gform_confirmation_loaded', [2]);window['gf_submitting_2'] = false;wp.a11y.speak(jQuery('#gform_confirmation_message_2').text());}, 50);}else{jQuery('#gform_2').append(contents);if(window['gformRedirect']) {gformRedirect();}}jQuery(document).trigger('gform_post_render', [2, current_page]);} );} );\n<\/script>\n<\/div><\/div>\n","protected":false},"excerpt":{"rendered":"<p>Datenschutz und pers\u00f6nliche Daten Sammlung von Informationen Wir sammeln Informationen, wenn Sie auf der Website surfen, wenn Sie eine Bestellung aufgeben und wenn Sie eines der Formulare ausf\u00fcllen. Au\u00dferdem erhalten und speichern wir automatisch Informationen von Ihrem Computer und Browser, wie z.B.: Ihre IP-Adresse Den verwendeten Hardware- und Browsertyp Die Seite(n), die Sie besuchen Verwendung [&hellip;]<\/p>\n","protected":false},"author":1,"featured_media":0,"parent":0,"menu_order":0,"comment_status":"closed","ping_status":"closed","template":"","meta":[],"acf":[],"_links":{"self":[{"href":"https:\/\/www.camping-la-garangeoire.com\/de\/wp-json\/wp\/v2\/pages\/5102"}],"collection":[{"href":"https:\/\/www.camping-la-garangeoire.com\/de\/wp-json\/wp\/v2\/pages"}],"about":[{"href":"https:\/\/www.camping-la-garangeoire.com\/de\/wp-json\/wp\/v2\/types\/page"}],"author":[{"embeddable":true,"href":"https:\/\/www.camping-la-garangeoire.com\/de\/wp-json\/wp\/v2\/users\/1"}],"replies":[{"embeddable":true,"href":"https:\/\/www.camping-la-garangeoire.com\/de\/wp-json\/wp\/v2\/comments?post=5102"}],"version-history":[{"count":6,"href":"https:\/\/www.camping-la-garangeoire.com\/de\/wp-json\/wp\/v2\/pages\/5102\/revisions"}],"predecessor-version":[{"id":11905,"href":"https:\/\/www.camping-la-garangeoire.com\/de\/wp-json\/wp\/v2\/pages\/5102\/revisions\/11905"}],"wp:attachment":[{"href":"https:\/\/www.camping-la-garangeoire.com\/de\/wp-json\/wp\/v2\/media?parent=5102"}],"curies":[{"name":"wp","href":"https:\/\/api.w.org\/{rel}","templated":true}]}}