{"id":5098,"date":"2023-06-13T10:51:10","date_gmt":"2023-06-13T08:51:10","guid":{"rendered":"https:\/\/www.camping-la-garangeoire.com\/reitzentrum\/"},"modified":"2024-11-18T14:32:07","modified_gmt":"2024-11-18T13:32:07","slug":"reitzentrum","status":"publish","type":"page","link":"https:\/\/www.camping-la-garangeoire.com\/de\/reitzentrum\/","title":{"rendered":"Reitzentrum La Garangeoire"},"content":{"rendered":"\n<div class=\"wp-block-cover is-light\"><span aria-hidden=\"true\" class=\"wp-block-cover__gradient-background has-background-dim\"><\/span><img loading=\"lazy\" width=\"2048\" height=\"1366\" class=\"wp-block-cover__image-background wp-image-6325\" alt=\"\" src=\"https:\/\/www.camping-la-garangeoire.com\/wp-content\/uploads\/2023\/08\/centre-equestre-la-garangeoire.jpg\" style=\"object-position:58% 62%\" data-object-fit=\"cover\" data-object-position=\"58% 62%\" srcset=\"https:\/\/www.camping-la-garangeoire.com\/wp-content\/uploads\/2023\/08\/centre-equestre-la-garangeoire.jpg 2048w, https:\/\/www.camping-la-garangeoire.com\/wp-content\/uploads\/2023\/08\/centre-equestre-la-garangeoire-300x200.jpg 300w, https:\/\/www.camping-la-garangeoire.com\/wp-content\/uploads\/2023\/08\/centre-equestre-la-garangeoire-1024x683.jpg 1024w, https:\/\/www.camping-la-garangeoire.com\/wp-content\/uploads\/2023\/08\/centre-equestre-la-garangeoire-768x512.jpg 768w, https:\/\/www.camping-la-garangeoire.com\/wp-content\/uploads\/2023\/08\/centre-equestre-la-garangeoire-1536x1025.jpg 1536w\" sizes=\"(max-width: 2048px) 100vw, 2048px\" \/><div class=\"wp-block-cover__inner-container\">\n<h1 id=\"centre-equestre-de-la-garangeoire\">Das Reiterhof von La Garangeoire<\/h1>\n<\/div><\/div>\n\n\n\n<div class=\"wp-block-columns\">\n<div class=\"wp-block-column\">\n<p><strong><strong>La Garangeoire bietet vor Ort verschiedene Reitaktivit\u00e4ten f\u00fcr Anf\u00e4nger und Fortgeschrittene an<\/strong>: Ponyreiten, Reitkurse, Reitwanderungen im Wald, Pony-Spiele\u2026<\/strong><\/p>\n\n\n\n<p><strong><strong>Die Reitkurse werden von einem staatlich diplomierten Reitlehrerin, betreut.&nbsp;<\/strong><\/strong>Im Juli und August verst\u00e4rkt ein zweiter diplomierter Ausbilder das Team.<\/p>\n\n\n\n<div class=\"wp-block-group lire-plus-mobile\"><div class=\"wp-block-group__inner-container\">\n<p class=\"has-vert-color has-text-color\">Lesen Sie mehr<\/p>\n\n\n\n<div class=\"wp-container-69e1071d5c6c6 wp-block-group\"><div class=\"wp-block-group__inner-container\">\n<p><strong>Der Reitbestand<\/strong>&nbsp;setzt sich aus Pferden und Ponys verschiedener Gr\u00f6\u00dfen und Niveaus zusammen, damit jeder Reiter das f\u00fcr seinen eigenen Komfort und Sicherheit geeignete Tier finden kann.<\/p>\n\n\n\n<p><strong>Wir bieten auch Hippotherapie f\u00fcr alle Altersgruppen an:<\/strong><\/p>\n\n\n\n<p>Unter der Leitung von Emmanuelle (spezialisierte Trainerin, zertifiziert DU Mensch-Tier-Beziehung, Paris-Descartes) werden Pferde und Ponys als Hilfsmittel f\u00fcr therapeutische, pr\u00e4ventive oder p\u00e4dagogische Bed\u00fcrfnisse eingesetzt.<\/p>\n<\/div><\/div>\n<\/div><\/div>\n<\/div>\n\n\n\n<div class=\"wp-block-column\">\n<p><strong><strong>Sie sind auf der Suche nach einem Reiterhof in der Vend\u00e9e?<\/strong><\/strong><\/p>\n\n\n\n<p><strong>Unser Reitzentrum steht allen offen,&nbsp;<\/strong>nicht nur den G\u00e4sten des Campingplatzes La Garangeoire. Mit vorheriger Reservierung.<br>Wir akzeptieren die franz\u00f6sischen Ch\u00e8ques-Vacances.<\/p>\n\n\n\n<p class=\"h6 has-ocre-color has-text-color\"><i class=\"fas fa-map-location-dot\"><\/i> <strong><strong><em>Informationen und Reservierungen:<\/em><\/strong><\/strong><\/p>\n\n\n\n<p>Reitzentrum &amp; Poney-Club La Garangeoire<br>Saint-Julien des Landes &#8211; Vend\u00e9e<br>Tel. : <a href=\"tel:+33684723651\">06 84 72 36 51<\/a> oder <a href=\"tel:+33251466539\">02 51 46 65 39<\/a>.<\/p>\n\n\n\n<div class=\"wp-container-69e1071d5c9e9 wp-block-buttons\">\n<div class=\"wp-block-button\"><a class=\"wp-block-button__link\" href=\"https:\/\/www.google.com\/maps\/place\/Centre+%C3%A9questre+de+La+Garangeoire\/@46.6617153,-1.7132722,15z\/data=!4m2!3m1!1s0x0:0x90b341c03d27c9c9?sa=X&amp;ved=2ahUKEwiwjOTt1o_-AhWZa6QEHSc0ChUQ_BJ6BQiAARAI\" target=\"_blank\" rel=\"noreferrer noopener\">Auf der Karte anzeigen<\/a><\/div>\n<\/div>\n<\/div>\n<\/div>\n\n\n\n<div class=\"wp-container-69e1071d5d5a8 wp-block-group G-10 a has-fond-background-color has-background\"><div class=\"wp-block-group__inner-container\">\n<div class=\"wp-block-columns\">\n<div class=\"wp-block-column encart has-blanc-background-color has-background\">\n<h2 class=\"h6 has-vert-color has-text-color\" id=\"fa-icon-icon-fas-fa-horse-installations-du-centre-equestre\"><i class=\"fas fa-horse\"><\/i>  Einrichtungen des Reitzentrums von La Garangeoire<\/h2>\n\n\n\n<ul><li>1500 m\u00b2 gro\u00dfer Reitplatz (mit Beleuchtung)<\/li><li>6 Boxen<\/li><li>Sattel und Zubeh\u00f6r<\/li><li>Hindernisse im Wald, Cavaletti<\/li><li>200 ha Wald und Privatwege um die Teiche von La Garangeoire f\u00fcr Ausritte in die Natur<\/li><\/ul>\n<\/div>\n\n\n\n<div class=\"wp-block-column\">\n<p class=\"h3 has-vert-color has-text-color\" id=\"cavalerie\">Ein Reitzentrum in der Vend\u00e9e<\/p>\n<\/div>\n<\/div>\n\n\n\n<div class=\"wp-block-columns\">\n<div class=\"wp-block-column\">\n<figure class=\"wp-block-gallery has-nested-images columns-4 is-cropped\">\n<figure class=\"wp-block-image size-large\"><img loading=\"lazy\" width=\"1024\" height=\"1365\" src=\"https:\/\/www.camping-la-garangeoire.com\/wp-content\/uploads\/2023\/03\/garangeoire.1-56.webp\" alt=\"\" class=\"wp-image-2333\" srcset=\"https:\/\/www.camping-la-garangeoire.com\/wp-content\/uploads\/2023\/03\/garangeoire.1-56.webp 1024w, https:\/\/www.camping-la-garangeoire.com\/wp-content\/uploads\/2023\/03\/garangeoire.1-56-225x300.webp 225w, https:\/\/www.camping-la-garangeoire.com\/wp-content\/uploads\/2023\/03\/garangeoire.1-56-768x1024.webp 768w\" sizes=\"(max-width: 1024px) 100vw, 1024px\" \/><\/figure>\n\n\n\n<figure class=\"wp-block-image size-large\"><img loading=\"lazy\" width=\"1024\" height=\"1365\" src=\"https:\/\/www.camping-la-garangeoire.com\/wp-content\/uploads\/2023\/03\/garangeoire.1-59.webp\" alt=\"\" class=\"wp-image-2337\" srcset=\"https:\/\/www.camping-la-garangeoire.com\/wp-content\/uploads\/2023\/03\/garangeoire.1-59.webp 1024w, https:\/\/www.camping-la-garangeoire.com\/wp-content\/uploads\/2023\/03\/garangeoire.1-59-225x300.webp 225w, https:\/\/www.camping-la-garangeoire.com\/wp-content\/uploads\/2023\/03\/garangeoire.1-59-768x1024.webp 768w\" sizes=\"(max-width: 1024px) 100vw, 1024px\" \/><\/figure>\n\n\n\n<figure class=\"wp-block-image size-large\"><img loading=\"lazy\" width=\"1024\" height=\"1365\" src=\"https:\/\/www.camping-la-garangeoire.com\/wp-content\/uploads\/2023\/03\/garangeoire.1-61.webp\" alt=\"\" class=\"wp-image-2330\" srcset=\"https:\/\/www.camping-la-garangeoire.com\/wp-content\/uploads\/2023\/03\/garangeoire.1-61.webp 1024w, https:\/\/www.camping-la-garangeoire.com\/wp-content\/uploads\/2023\/03\/garangeoire.1-61-225x300.webp 225w, https:\/\/www.camping-la-garangeoire.com\/wp-content\/uploads\/2023\/03\/garangeoire.1-61-768x1024.webp 768w\" sizes=\"(max-width: 1024px) 100vw, 1024px\" \/><\/figure>\n\n\n\n<figure class=\"wp-block-image size-large\"><img loading=\"lazy\" width=\"1024\" height=\"1365\" src=\"https:\/\/www.camping-la-garangeoire.com\/wp-content\/uploads\/2023\/03\/garangeoire.1-60.webp\" alt=\"\" class=\"wp-image-2328\" srcset=\"https:\/\/www.camping-la-garangeoire.com\/wp-content\/uploads\/2023\/03\/garangeoire.1-60.webp 1024w, https:\/\/www.camping-la-garangeoire.com\/wp-content\/uploads\/2023\/03\/garangeoire.1-60-225x300.webp 225w, https:\/\/www.camping-la-garangeoire.com\/wp-content\/uploads\/2023\/03\/garangeoire.1-60-768x1024.webp 768w\" sizes=\"(max-width: 1024px) 100vw, 1024px\" \/><\/figure>\n<\/figure>\n\n\n\n<div class=\"wp-container-69e1071d5d066 wp-block-group encart\"><div class=\"wp-block-group__inner-container\">\n<h2 class=\"h5 has-ocre-color has-text-color\" id=\"cavalerie-1\">Reitbestand<\/h2>\n\n\n\n<p class=\"h4 has-ocre-color has-text-color\">Das ganze Jahr \u00fcber anwesend:<\/p>\n\n\n\n<ul><li>die Ponys Arabot, Karel, Noirault, Legende und Lex&#8217;us.<\/li><li>die Pferde C\u00e2line, Lover, Native, Nutela, Sultan und Vega.<\/li><\/ul>\n\n\n\n<div class=\"wp-block-group lire-plus-mobile\"><div class=\"wp-block-group__inner-container\">\n<p class=\"has-ocre-color has-text-color\">Lesen Sie mehr<\/p>\n\n\n\n<div class=\"wp-container-69e1071d5ce16 wp-block-group\"><div class=\"wp-block-group__inner-container\">\n<p>Im Juli und August kommt eine \u201eSaisonverst\u00e4rkung\u201c hinzu.<br>W\u00e4hrend der Hochsaison besteht unser gesamter Reitbestand aus 20 Shetlandponys, Doppelponys und Pferden.<\/p>\n<\/div><\/div>\n<\/div><\/div>\n<\/div><\/div>\n<\/div>\n\n\n\n<div class=\"wp-block-column\">\n<ul class=\"pictos col-1 has-vert-color has-text-color\"><li><i class=\"fal fa-horse\"><\/i>  Reitsportliche Aktivit\u00e4ten<\/li><li><i class=\"fal fa-trees\"><\/i>  Spazierg\u00e4nge im Wald<\/li><li><i class=\"fal fa-hat-cowboy\"><\/i>  Leidenschaft f\u00fcr Pferde<\/li><\/ul>\n\n\n\n<div class=\"wp-container-69e1071d5d34a wp-block-buttons\">\n<div class=\"wp-block-button\"><a class=\"wp-block-button__link\" href=\"https:\/\/www.camping-la-garangeoire.com\/galerie-photos\/?galerie=equestre\">In Bildern entdecken<\/a><\/div>\n<\/div>\n<\/div>\n<\/div>\n<\/div><\/div>\n\n\n\n<div class=\"wp-block-cover\"><span aria-hidden=\"true\" class=\"has-background-dim-60 wp-block-cover__gradient-background has-background-dim\"><\/span><img loading=\"lazy\" width=\"2048\" height=\"795\" class=\"wp-block-cover__image-background wp-image-2609\" alt=\"\" src=\"https:\/\/www.camping-la-garangeoire.com\/wp-content\/uploads\/2023\/04\/gar_castel_la_garangeoire_231039_090.webp\" data-object-fit=\"cover\" srcset=\"https:\/\/www.camping-la-garangeoire.com\/wp-content\/uploads\/2023\/04\/gar_castel_la_garangeoire_231039_090.webp 2048w, https:\/\/www.camping-la-garangeoire.com\/wp-content\/uploads\/2023\/04\/gar_castel_la_garangeoire_231039_090-300x116.webp 300w, https:\/\/www.camping-la-garangeoire.com\/wp-content\/uploads\/2023\/04\/gar_castel_la_garangeoire_231039_090-1024x398.webp 1024w, https:\/\/www.camping-la-garangeoire.com\/wp-content\/uploads\/2023\/04\/gar_castel_la_garangeoire_231039_090-768x298.webp 768w, https:\/\/www.camping-la-garangeoire.com\/wp-content\/uploads\/2023\/04\/gar_castel_la_garangeoire_231039_090-1536x596.webp 1536w\" sizes=\"(max-width: 2048px) 100vw, 2048px\" \/><div class=\"wp-block-cover__inner-container\">\n<h2 class=\"h4\" id=\"animations-en-haute-saison\">Animationen in der Hochsaison :<\/h2>\n\n\n\n<p>Im Juli und August organisiert das Reitpersonal in Zusammenarbeit mit den Kinderclub-Betreuern Aktivit\u00e4ten f\u00fcr Kinder von 6 bis 12 Jahren.<\/p>\n\n\n\n<div class=\"wp-block-group lire-plus-mobile\"><div class=\"wp-block-group__inner-container\">\n<p class=\"has-rouge-color has-text-color\">Lesen Sie mehr<\/p>\n\n\n\n<div class=\"wp-container-69e1071d5d884 wp-block-group\"><div class=\"wp-block-group__inner-container\">\n<p><strong><strong>Ponyspiele<\/strong>&nbsp;(16,50 \u20ac)<br><\/strong>Spielerische Einf\u00fchrung ins Reiten \u2013 1 Pony f\u00fcr 2 oder 3 Kinder<\/p>\n<\/div><\/div>\n<\/div><\/div>\n<\/div><\/div>\n\n\n\n<div class=\"wp-block-columns are-vertically-aligned-center G-15 has-fond-background-color has-background\">\n<div class=\"wp-block-column is-vertically-aligned-center\">\n<h2 class=\"h3 has-rouge-color has-text-color\" id=\"activites-et-tarifs-du-centre-equestre\">Aktivit\u00e4ten und Preise des Reitzentrums :<\/h2>\n\n\n\n<p>Reitunterricht mit diplomierten Ausbildern<\/p>\n\n\n\n<div class=\"wp-block-group lire-plus-mobile\"><div class=\"wp-block-group__inner-container\">\n<p class=\"has-rouge-color has-text-color\">Siehe Preise<\/p>\n\n\n\n<div class=\"wp-container-69e1071d5dc2a wp-block-group\"><div class=\"wp-block-group__inner-container\">\n<h3 class=\"h6 has-vert-color has-text-color\" id=\"bapteme-poney-a-partir-de-3-ans\">Ponyreiten,<strong> ab 3 Jahren:<\/strong><\/h3>\n\n\n\n<ul><li>&nbsp;von den Eltern gef\u00fchrtes Pony: 14,50 \u20ac\/30 Minuten<\/li><li>von einem diplomierten Begleiter gef\u00fchrtes Pony: 19,50 \u20ac\/30 Minuten<\/li><\/ul>\n\n\n\n<h3 class=\"h6 has-vert-color has-text-color\" id=\"lecon-poney-ou-cheval\"><strong>Reitstunde Pony oder Pferd<\/strong>:<\/h3>\n\n\n\n<ul><li>1 Stunde: 27,50 \u20ac<\/li><\/ul>\n\n\n\n<h3 class=\"h6 has-vert-color has-text-color\" id=\"jeux-a-poney\">Ponyspiele:<\/h3>\n\n\n\n<ul><li>1 Stunde: 16,50 \u20ac.<\/li><\/ul>\n\n\n\n<h3 class=\"h6 has-vert-color has-text-color\" id=\"promenade-en-foret\"><strong>Waldausritte<\/strong>:<\/h3>\n\n\n\n<ul><li>1 Stunde: 29 \u20ac<\/li><li>2 Stunden: 47 \u20ac<\/li><li>5-Stunden-Karte: 131 \u20ac<\/li><\/ul>\n\n\n\n<h3 class=\"h6 has-vert-color has-text-color\" id=\"baby-poney-a-partir-de-3-ans\">Baby-Pony, <strong>ab 3 Jahren<\/strong>:<\/h3>\n\n\n\n<ul><li>10 Unterrichtsstunden: 155 \u20ac.<\/li><\/ul>\n\n\n\n<h3 class=\"h6 has-vert-color has-text-color\" id=\"carte-saison\">Saisonkarte :<\/h3>\n\n\n\n<ul><li>1 Stunde Unterricht pro Woche, \u00fcber 20 Wochen: 340 \u20ac.<\/li><\/ul>\n<\/div><\/div>\n<\/div><\/div>\n<\/div>\n\n\n\n<div class=\"wp-block-column is-vertically-aligned-center\">\n<figure class=\"wp-block-gallery has-nested-images columns-default is-cropped\">\n<figure class=\"wp-block-image size-large\"><img loading=\"lazy\" width=\"1024\" height=\"540\" src=\"https:\/\/www.camping-la-garangeoire.com\/wp-content\/uploads\/2023\/04\/garangeoire.1-49.webp\" alt=\"\" class=\"wp-image-2615\" srcset=\"https:\/\/www.camping-la-garangeoire.com\/wp-content\/uploads\/2023\/04\/garangeoire.1-49.webp 1024w, https:\/\/www.camping-la-garangeoire.com\/wp-content\/uploads\/2023\/04\/garangeoire.1-49-300x158.webp 300w, https:\/\/www.camping-la-garangeoire.com\/wp-content\/uploads\/2023\/04\/garangeoire.1-49-768x405.webp 768w\" sizes=\"(max-width: 1024px) 100vw, 1024px\" \/><\/figure>\n\n\n\n<figure class=\"wp-block-image size-large\"><img loading=\"lazy\" width=\"1024\" height=\"892\" src=\"https:\/\/www.camping-la-garangeoire.com\/wp-content\/uploads\/2023\/04\/garangeoire.1-48.webp\" alt=\"\" class=\"wp-image-2618\" srcset=\"https:\/\/www.camping-la-garangeoire.com\/wp-content\/uploads\/2023\/04\/garangeoire.1-48.webp 1024w, https:\/\/www.camping-la-garangeoire.com\/wp-content\/uploads\/2023\/04\/garangeoire.1-48-300x261.webp 300w, https:\/\/www.camping-la-garangeoire.com\/wp-content\/uploads\/2023\/04\/garangeoire.1-48-768x669.webp 768w\" sizes=\"(max-width: 1024px) 100vw, 1024px\" \/><\/figure>\n<\/figure>\n\n\n\n<ul class=\"pictos col-2 has-vert-color has-text-color\"><li><i class=\"fal fa-hat-cowboy\"><\/i>  Einf\u00fchrung in das Reiten<\/li><li><i class=\"fal fa-horse-saddle\"><\/i>  Ausritt mit Pferd \/ Pony<\/li><\/ul>\n<\/div>\n<\/div>\n\n\n\n<div class=\"wp-container-69e1071d5e28c wp-block-group G-25\"><div class=\"wp-block-group__inner-container\">\n<h3 class=\"has-text-align-center has-vert-color has-text-color\" id=\"mediation-animale\">Hippotherapie* :<\/h3>\n\n\n\n<div class=\"wp-block-columns\">\n<div class=\"wp-block-column\">\n<p><strong>Tiergest\u00fctzte Therapie (TAA)<\/strong>: Genaue Ziele werden vom Bildungs- und Betreuungsteam, der Familie und der Person selbst festgelegt (Sozialisierung, Selbstst\u00e4ndigkeit, Motorik, Selbstwertgef\u00fchl, Ged\u00e4chtnis, Sprache, Kontrolle von Emotionen &#8230; etc.)<\/p>\n\n\n\n<ul><li>Individuelle 1-st\u00fcndige Sitzung: 55\u20ac<\/li><\/ul>\n<\/div>\n\n\n\n<div class=\"wp-block-column\">\n<div class=\"wp-block-group lire-plus-mobile\"><div class=\"wp-block-group__inner-container\">\n<p class=\"has-vert-color has-text-color\">Lesen Sie mehr<\/p>\n\n\n\n<div class=\"wp-container-69e1071d5e00c wp-block-group\"><div class=\"wp-block-group__inner-container\">\n<p><strong>Tiergest\u00fctzte Animation (AAA)<\/strong>: ma\u00dfgeschneiderte Freizeitaktivit\u00e4ten f\u00fcr Erholung, Wohlbefinden, Kommunikation und Wissenserwerb.<\/p>\n\n\n\n<ul><li>In kleinen Gruppen von 2 oder 3 Personen, 1 Stunde: 37\u20ac\/Pers.<\/li><\/ul>\n\n\n\n<p><em>*Greifreflexe und schwere Allergien sind f\u00fcr diese Aktivit\u00e4ten leider nicht zu empfehlen.<\/em><\/p>\n<\/div><\/div>\n<\/div><\/div>\n<\/div>\n<\/div>\n<\/div><\/div>\n\n\n\n<div class=\"wp-container-69e1071d5e54d wp-block-group\"><div class=\"wp-block-group__inner-container\">\n<h3 class=\"has-text-align-center has-ocre-color has-text-color\" id=\"l-accueil-des-cavaliers-et-leurs-chevaux\">Urlaubspension f\u00fcr Reiter und ihre Pferde<\/h3>\n\n\n\n<p class=\"has-text-align-center\">F\u00fcr einen kurzen oder langen Campingurlaub bieten wir Ihnen eine Unterkunft f\u00fcr Ihr Pferd und sich selbst!<\/p>\n\n\n\n<p class=\"has-text-align-center\">Bei uns k\u00f6nnen Sie Ihre Pferde unterbringen in :<\/p>\n\n\n\n<ul class=\"pictos centre has-ocre-color has-text-color\"><li><i class=\"fa-regular fa-house-blank\"><\/i>  Stall: 15\u20ac\/Nacht\/Pferd.<\/li><li><i class=\"fa-sharp fa-light fa-fence\"><\/i>  Paddock: 8\u20ac\/Nacht\/Pferd.<\/li><\/ul>\n<\/div><\/div>\n","protected":false},"excerpt":{"rendered":"<p>La Garangeoire bietet vor Ort verschiedene Reitaktivit\u00e4ten f\u00fcr Anf\u00e4nger und Fortgeschrittene an: Ponyreiten, Reitkurse, Reitwanderungen im Wald, Pony-Spiele\u2026 Die Reitkurse werden von einem staatlich diplomierten Reitlehrerin, betreut.&nbsp;Im Juli und August verst\u00e4rkt ein zweiter diplomierter Ausbilder das Team. Sie sind auf der Suche nach einem Reiterhof in der Vend\u00e9e? Unser Reitzentrum steht allen offen,&nbsp;nicht nur den [&hellip;]<\/p>\n","protected":false},"author":1,"featured_media":0,"parent":0,"menu_order":0,"comment_status":"closed","ping_status":"closed","template":"","meta":[],"acf":[],"_links":{"self":[{"href":"https:\/\/www.camping-la-garangeoire.com\/de\/wp-json\/wp\/v2\/pages\/5098"}],"collection":[{"href":"https:\/\/www.camping-la-garangeoire.com\/de\/wp-json\/wp\/v2\/pages"}],"about":[{"href":"https:\/\/www.camping-la-garangeoire.com\/de\/wp-json\/wp\/v2\/types\/page"}],"author":[{"embeddable":true,"href":"https:\/\/www.camping-la-garangeoire.com\/de\/wp-json\/wp\/v2\/users\/1"}],"replies":[{"embeddable":true,"href":"https:\/\/www.camping-la-garangeoire.com\/de\/wp-json\/wp\/v2\/comments?post=5098"}],"version-history":[{"count":6,"href":"https:\/\/www.camping-la-garangeoire.com\/de\/wp-json\/wp\/v2\/pages\/5098\/revisions"}],"predecessor-version":[{"id":11460,"href":"https:\/\/www.camping-la-garangeoire.com\/de\/wp-json\/wp\/v2\/pages\/5098\/revisions\/11460"}],"wp:attachment":[{"href":"https:\/\/www.camping-la-garangeoire.com\/de\/wp-json\/wp\/v2\/media?parent=5098"}],"curies":[{"name":"wp","href":"https:\/\/api.w.org\/{rel}","templated":true}]}}