{"id":5086,"date":"2023-06-13T10:47:26","date_gmt":"2023-06-13T08:47:26","guid":{"rendered":"https:\/\/www.camping-la-garangeoire.com\/bar-restaurant\/"},"modified":"2025-11-25T10:50:43","modified_gmt":"2025-11-25T09:50:43","slug":"bar-restaurant","status":"publish","type":"page","link":"https:\/\/www.camping-la-garangeoire.com\/de\/bar-restaurant\/","title":{"rendered":"Bar &#8211; Restaurant"},"content":{"rendered":"\n<div class=\"wp-block-cover is-light\"><span aria-hidden=\"true\" class=\"wp-block-cover__gradient-background has-background-dim\"><\/span><img loading=\"lazy\" width=\"2048\" height=\"896\" class=\"wp-block-cover__image-background wp-image-2140\" alt=\"\" src=\"https:\/\/www.camping-la-garangeoire.com\/wp-content\/uploads\/2023\/03\/gar_castel_la_garangeoire_231039_010.webp\" data-object-fit=\"cover\" srcset=\"https:\/\/www.camping-la-garangeoire.com\/wp-content\/uploads\/2023\/03\/gar_castel_la_garangeoire_231039_010.webp 2048w, https:\/\/www.camping-la-garangeoire.com\/wp-content\/uploads\/2023\/03\/gar_castel_la_garangeoire_231039_010-300x131.webp 300w, https:\/\/www.camping-la-garangeoire.com\/wp-content\/uploads\/2023\/03\/gar_castel_la_garangeoire_231039_010-1024x448.webp 1024w, https:\/\/www.camping-la-garangeoire.com\/wp-content\/uploads\/2023\/03\/gar_castel_la_garangeoire_231039_010-768x336.webp 768w, https:\/\/www.camping-la-garangeoire.com\/wp-content\/uploads\/2023\/03\/gar_castel_la_garangeoire_231039_010-1536x672.webp 1536w\" sizes=\"(max-width: 2048px) 100vw, 2048px\" \/><div class=\"wp-block-cover__inner-container\">\n<h1 id=\"bar-restauration\">Bar &#8211; Restaurant<\/h1>\n<\/div><\/div>\n\n\n\n<div class=\"wp-container-6a0498778de47 wp-block-group G-10 has-fond-background-color has-background\"><div class=\"wp-block-group__inner-container\">\n<div class=\"wp-block-columns\">\n<div class=\"wp-block-column encart has-blanc-background-color has-background\">\n<h2 class=\"h6 has-ocre-color has-text-color\" id=\"fa-icon-icon-fas-fa-martini-glass-citrus-bar\"><i class=\"fas fa-martini-glass-citrus\"><\/i>  Bar<\/h2>\n\n\n\n<p>Unsere Bar ist tags\u00fcber und ebenfalls abends ge\u00f6ffnet und empf\u00e4ngt ihre G\u00e4ste auf 2 Terrassen:<\/p>\n\n\n\n<ul><li>Terrasse mit Blick auf den Wasserpark<\/li><li>Gartenterrasse im ehemaligen Gem\u00fcsegarten des Anwesens.<\/li><\/ul>\n\n\n\n<p>Mit ihren gro\u00dfen R\u00e4umlichkeiten und dem geselligen Ambiente eignet sich die Bar ideal f\u00fcr die Live-\u00dcbertragung wichtiger sportlicher Events.<\/p>\n<\/div>\n\n\n\n<div class=\"wp-block-column\">\n<p class=\"h2 has-vert-color has-text-color\" id=\"de-quoi-sustenter-gourmands-et-curieux\">Da ist f\u00fcr jeden Feinschmecker etwas dabei!<\/p>\n<\/div>\n<\/div>\n\n\n\n<div class=\"wp-block-columns\">\n<div class=\"wp-block-column\">\n<figure class=\"wp-block-gallery has-nested-images columns-4 is-cropped\">\n<figure class=\"wp-block-image size-large\"><img loading=\"lazy\" width=\"736\" height=\"1024\" src=\"https:\/\/www.camping-la-garangeoire.com\/wp-content\/uploads\/2023\/03\/gar_castel_la_garangeoire_231039_002-736x1024.webp\" alt=\"\" class=\"wp-image-2143\" srcset=\"https:\/\/www.camping-la-garangeoire.com\/wp-content\/uploads\/2023\/03\/gar_castel_la_garangeoire_231039_002-736x1024.webp 736w, https:\/\/www.camping-la-garangeoire.com\/wp-content\/uploads\/2023\/03\/gar_castel_la_garangeoire_231039_002-216x300.webp 216w, https:\/\/www.camping-la-garangeoire.com\/wp-content\/uploads\/2023\/03\/gar_castel_la_garangeoire_231039_002-768x1069.webp 768w, https:\/\/www.camping-la-garangeoire.com\/wp-content\/uploads\/2023\/03\/gar_castel_la_garangeoire_231039_002.webp 1024w\" sizes=\"(max-width: 736px) 100vw, 736px\" \/><\/figure>\n\n\n\n<figure class=\"wp-block-image size-large\"><img loading=\"lazy\" width=\"1024\" height=\"637\" src=\"https:\/\/www.camping-la-garangeoire.com\/wp-content\/uploads\/2023\/03\/garangeoire-2017-0153-1024x637.jpg\" alt=\"\" class=\"wp-image-2166\" srcset=\"https:\/\/www.camping-la-garangeoire.com\/wp-content\/uploads\/2023\/03\/garangeoire-2017-0153-1024x637.jpg 1024w, https:\/\/www.camping-la-garangeoire.com\/wp-content\/uploads\/2023\/03\/garangeoire-2017-0153-300x187.jpg 300w, https:\/\/www.camping-la-garangeoire.com\/wp-content\/uploads\/2023\/03\/garangeoire-2017-0153-768x478.jpg 768w, https:\/\/www.camping-la-garangeoire.com\/wp-content\/uploads\/2023\/03\/garangeoire-2017-0153.jpg 1200w\" sizes=\"(max-width: 1024px) 100vw, 1024px\" \/><\/figure>\n\n\n\n<figure class=\"wp-block-image size-full\"><img loading=\"lazy\" width=\"800\" height=\"600\" src=\"https:\/\/www.camping-la-garangeoire.com\/wp-content\/uploads\/2024\/09\/IMG_3256-1.jpg\" alt=\"\" class=\"wp-image-10957\" srcset=\"https:\/\/www.camping-la-garangeoire.com\/wp-content\/uploads\/2024\/09\/IMG_3256-1.jpg 800w, https:\/\/www.camping-la-garangeoire.com\/wp-content\/uploads\/2024\/09\/IMG_3256-1-300x225.jpg 300w, https:\/\/www.camping-la-garangeoire.com\/wp-content\/uploads\/2024\/09\/IMG_3256-1-768x576.jpg 768w\" sizes=\"(max-width: 800px) 100vw, 800px\" \/><\/figure>\n\n\n\n<figure class=\"wp-block-image size-large\"><img loading=\"lazy\" width=\"683\" height=\"1024\" src=\"https:\/\/www.camping-la-garangeoire.com\/wp-content\/uploads\/2025\/10\/LaGarangeoire\u00a9ClemoCreative_917-683x1024.jpg\" alt=\"\" class=\"wp-image-13114\" srcset=\"https:\/\/www.camping-la-garangeoire.com\/wp-content\/uploads\/2025\/10\/LaGarangeoire\u00a9ClemoCreative_917-683x1024.jpg 683w, https:\/\/www.camping-la-garangeoire.com\/wp-content\/uploads\/2025\/10\/LaGarangeoire\u00a9ClemoCreative_917-200x300.jpg 200w, https:\/\/www.camping-la-garangeoire.com\/wp-content\/uploads\/2025\/10\/LaGarangeoire\u00a9ClemoCreative_917-768x1151.jpg 768w, https:\/\/www.camping-la-garangeoire.com\/wp-content\/uploads\/2025\/10\/LaGarangeoire\u00a9ClemoCreative_917-1025x1536.jpg 1025w, https:\/\/www.camping-la-garangeoire.com\/wp-content\/uploads\/2025\/10\/LaGarangeoire\u00a9ClemoCreative_917-1366x2048.jpg 1366w, https:\/\/www.camping-la-garangeoire.com\/wp-content\/uploads\/2025\/10\/LaGarangeoire\u00a9ClemoCreative_917-scaled.jpg 1708w\" sizes=\"(max-width: 683px) 100vw, 683px\" \/><\/figure>\n<\/figure>\n\n\n\n<div class=\"wp-container-6a0498778d87c wp-block-group encart\"><div class=\"wp-block-group__inner-container\">\n<h2 class=\"h5 has-ocre-color has-text-color\" id=\"bar-a-vins-1\">Weinbar<\/h2>\n\n\n\n<p class=\"h4 has-ocre-color has-text-color\"><strong>Wein- und K\u00e4severkostung<\/strong><\/p>\n\n\n\n<p>Entdecken Sie in der Hochsaison an den w\u00f6chentlich angebotenen <strong>Wein- und K\u00e4severkostungsabenden<\/strong> neue Wein- und K\u00e4sepaarungen.<\/p>\n\n\n\n<div class=\"wp-block-group lire-plus-mobile\"><div class=\"wp-block-group__inner-container\">\n<p class=\"has-ocre-color has-text-color\">Lesen Sie mehr<\/p>\n\n\n\n<div class=\"wp-container-6a0498778d568 wp-block-group\"><div class=\"wp-block-group__inner-container\">\n<p>Haben Sie eine gute Zeit, probieren Sie sorgf\u00e4ltig ausgew\u00e4hlte Weine, deren Geschichte Sie entdecken werden, begleitet von einem Teller mit K\u00e4se und Aufschnitt.<\/p>\n<\/div><\/div>\n<\/div><\/div>\n<\/div><\/div>\n<\/div>\n\n\n\n<div class=\"wp-block-column\">\n<ul class=\"pictos col-1 has-vert-color has-text-color\"><li><i class=\"fal fa-anchor\"><\/i>  Wassersportliche Aktivit\u00e4ten<\/li><li><i class=\"fal fa-water\"><\/i>  Tretbootfahren auf dem Teich<\/li><li><i class=\"fal fa-person-swimming\"><\/i>  Baden in der Lagune<\/li><\/ul>\n\n\n\n<div class=\"wp-container-6a0498778db7c wp-block-buttons\">\n<div class=\"wp-block-button is-style-outline\"><a class=\"wp-block-button__link\" href=\"https:\/\/www.camping-la-garangeoire.com\/activites-nature\/\">Entdecken Sie die Aktivit\u00e4ten<\/a><\/div>\n<\/div>\n<\/div>\n<\/div>\n<\/div><\/div>\n\n\n\n<div class=\"wp-block-columns G-15\">\n<div class=\"wp-block-column\">\n<h2 class=\"h4 decalage has-ocre-color has-text-color\" id=\"plats-a-emporter\">Cr\u00eape-Party<\/h2>\n\n\n\n<p>Die zu diesem Anlass im Freien aufgestellten Tische mit zentraler Cr\u00eapeplatte erm\u00f6glichen es den G\u00e4sten, ihre eigenen Minicr\u00eapes zu backen.<\/p>\n\n\n\n<div class=\"wp-block-group lire-plus-mobile\"><div class=\"wp-block-group__inner-container\">\n<p class=\"has-ocre-color has-text-color\">Lesen Sie mehr<\/p>\n\n\n\n<div class=\"wp-container-6a0498778e18e wp-block-group\"><div class=\"wp-block-group__inner-container\">\n<p>Eine gesellige Veranstaltung, die immer wieder viel Anklang bei Familien oder im Freundeskreis findet.<\/p>\n\n\n\n<p>Die Cr\u00eape-Party findet jeden Montag und Mittwoch w\u00e4hrend der Hochsaison und einmal pro Woche w\u00e4hrend der Vorsaison im Park statt.<\/p>\n<\/div><\/div>\n<\/div><\/div>\n\n\n\n<h2 class=\"h4 decalage has-ocre-color has-text-color\" id=\"plats-a-emporter\">Take-Away<\/h2>\n\n\n\n<p>F\u00fcr alle G\u00e4ste, die w\u00e4hrend Ihres Urlaubs mal nicht kochen m\u00f6chten, bieten wir verschiedene Take-Away-Gerichte an!<\/p>\n\n\n\n<div class=\"wp-block-group lire-plus-mobile\"><div class=\"wp-block-group__inner-container\">\n<p class=\"has-ocre-color has-text-color\">Lesen Sie mehr<\/p>\n\n\n\n<div class=\"wp-container-6a0498778e4d5 wp-block-group\"><div class=\"wp-block-group__inner-container\">\n<p>Die Speisekarte bietet Abwechslung mit t\u00e4glich frisch zubereiteten Gerichten, einer gro\u00dfen Auswahl an Paninis, Sandwiches und Salaten, <\/p>\n\n\n\n<p>Das umfassende Angebot enth\u00e4lt die Tagesgerichten, eine gro\u00dfe Auswahl an Paninis, Sandwiches und Salaten, Pommes Frites, Nachspeisen\u2026<br>Hausgemachte Pizzen und gegrillte H\u00e4hnchen ab 18 Uhr.<\/p>\n\n\n\n<p>Der Take-Away von La Garangeoire ist w\u00e4hrend der gesamten Saison jeden Abend ge\u00f6ffnet und im Juli und August von 12.00 bis 21.30 Uhr.<\/p>\n<\/div><\/div>\n<\/div><\/div>\n<\/div>\n\n\n\n<div class=\"wp-block-column\">\n<figure class=\"wp-block-gallery has-nested-images columns-default is-cropped\">\n<figure class=\"wp-block-image size-full\"><img loading=\"lazy\" width=\"1024\" height=\"446\" src=\"https:\/\/www.camping-la-garangeoire.com\/wp-content\/uploads\/2023\/03\/gar_castel_la_garangeoire_231039_108-.webp\" alt=\"\" class=\"wp-image-2152\" srcset=\"https:\/\/www.camping-la-garangeoire.com\/wp-content\/uploads\/2023\/03\/gar_castel_la_garangeoire_231039_108-.webp 1024w, https:\/\/www.camping-la-garangeoire.com\/wp-content\/uploads\/2023\/03\/gar_castel_la_garangeoire_231039_108--300x131.webp 300w, https:\/\/www.camping-la-garangeoire.com\/wp-content\/uploads\/2023\/03\/gar_castel_la_garangeoire_231039_108--768x335.webp 768w\" sizes=\"(max-width: 1024px) 100vw, 1024px\" \/><\/figure>\n\n\n\n<figure class=\"wp-block-image size-full\"><img loading=\"lazy\" width=\"1000\" height=\"584\" src=\"https:\/\/www.camping-la-garangeoire.com\/wp-content\/uploads\/2023\/03\/services-1.jpg\" alt=\"\" class=\"wp-image-2149\" srcset=\"https:\/\/www.camping-la-garangeoire.com\/wp-content\/uploads\/2023\/03\/services-1.jpg 1000w, https:\/\/www.camping-la-garangeoire.com\/wp-content\/uploads\/2023\/03\/services-1-300x175.jpg 300w, https:\/\/www.camping-la-garangeoire.com\/wp-content\/uploads\/2023\/03\/services-1-768x449.jpg 768w\" sizes=\"(max-width: 1000px) 100vw, 1000px\" \/><\/figure>\n<\/figure>\n\n\n\n<ul class=\"pictos col-2 has-vert-color has-text-color\"><li><i class=\"fal fa-concierge-bell\"><\/i>  Bar-Restaurant<\/li><li><i class=\"fal fa-wifi\"><\/i>  Wi-fi<\/li><li><i class=\"fal fa-shop\"><\/i>  Supermarkt<\/li><li><i class=\"fal fa-bicycle\"><\/i>  Fahrradverleih<\/li><\/ul>\n<\/div>\n<\/div>\n\n\n\n<div class=\"wp-container-6a0498778ed2d wp-block-group alignfull G-20\"><div class=\"wp-block-group__inner-container\">\n<figure class=\"wp-block-image size-full\"><img loading=\"lazy\" width=\"2048\" height=\"751\" src=\"https:\/\/www.camping-la-garangeoire.com\/wp-content\/uploads\/2023\/03\/gar_castel_la_garangeoire_231039_140.webp\" alt=\"\" class=\"wp-image-2158\" srcset=\"https:\/\/www.camping-la-garangeoire.com\/wp-content\/uploads\/2023\/03\/gar_castel_la_garangeoire_231039_140.webp 2048w, https:\/\/www.camping-la-garangeoire.com\/wp-content\/uploads\/2023\/03\/gar_castel_la_garangeoire_231039_140-300x110.webp 300w, https:\/\/www.camping-la-garangeoire.com\/wp-content\/uploads\/2023\/03\/gar_castel_la_garangeoire_231039_140-1024x376.webp 1024w, https:\/\/www.camping-la-garangeoire.com\/wp-content\/uploads\/2023\/03\/gar_castel_la_garangeoire_231039_140-768x282.webp 768w, https:\/\/www.camping-la-garangeoire.com\/wp-content\/uploads\/2023\/03\/gar_castel_la_garangeoire_231039_140-1536x563.webp 1536w\" sizes=\"(max-width: 2048px) 100vw, 2048px\" \/><\/figure>\n\n\n\n<div class=\"wp-block-columns\">\n<div class=\"wp-block-column\" style=\"flex-basis:72%\">\n<div class=\"wp-block-columns\">\n<div class=\"wp-block-column\">\n<figure class=\"wp-block-image size-full\"><img loading=\"lazy\" width=\"1024\" height=\"840\" src=\"https:\/\/www.camping-la-garangeoire.com\/wp-content\/uploads\/2023\/03\/garangeoire-2017-0163.webp\" alt=\"\" class=\"wp-image-2017\" srcset=\"https:\/\/www.camping-la-garangeoire.com\/wp-content\/uploads\/2023\/03\/garangeoire-2017-0163.webp 1024w, https:\/\/www.camping-la-garangeoire.com\/wp-content\/uploads\/2023\/03\/garangeoire-2017-0163-300x246.webp 300w, https:\/\/www.camping-la-garangeoire.com\/wp-content\/uploads\/2023\/03\/garangeoire-2017-0163-768x630.webp 768w\" sizes=\"(max-width: 1024px) 100vw, 1024px\" \/><\/figure>\n<\/div>\n\n\n\n<div class=\"wp-block-column\">\n<h2 class=\"h5 has-ocre-color has-text-color\" id=\"restaurantdecouvrez-la-region-pour-vos-vacances-sportives\">Restaurant<\/h2>\n\n\n\n<p class=\"h3 has-ocre-color has-text-color\" id=\"des-produits-de-qualites-pour-tous-les-gouts\">Qualit\u00e4tsprodukte f\u00fcr alle Geschm\u00e4cker<\/p>\n\n\n\n<p>Das Restaurant ist jeden Abend, au\u00dfer montags, von 19 bis 21.30 Uhr ge\u00f6ffnet.<\/p>\n\n\n\n<p>Serviert wird im Saal und\/oder auf der Terrasse.<\/p>\n\n\n\n<div class=\"wp-block-group lire-plus-mobile\"><div class=\"wp-block-group__inner-container\">\n<p class=\"has-ocre-color has-text-color\">Lesen Sie mehr<\/p>\n\n\n\n<div class=\"wp-container-6a0498778e9b6 wp-block-group\"><div class=\"wp-block-group__inner-container\">\n<p>Da Qualit\u00e4t f\u00fcr uns an oberster Stelle steht, w\u00e4hlen wir mit Sorgfalt die Herkunft unserer Produkte aus. Wir bem\u00fchen uns, bevorzugt lokale Erzeugnisse zu verwenden.<\/p>\n\n\n\n<h3 id=\"spezielle-diaten\">Spezielle Di\u00e4ten<\/h3>\n\n\n\n<p>Sie sind Vegetarier oder allergisch? Unsere Karte enth\u00e4lt auch f\u00fcr Sie die geeigneten Gerichte.<\/p>\n<\/div><\/div>\n<\/div><\/div>\n<\/div>\n<\/div>\n<\/div>\n\n\n\n<div class=\"wp-block-column\">\n<figure class=\"wp-block-image size-large\"><img loading=\"lazy\" width=\"684\" height=\"1024\" src=\"https:\/\/www.camping-la-garangeoire.com\/wp-content\/uploads\/2023\/03\/gar_castel_la_garangeoire_231039_019-684x1024.webp\" alt=\"\" class=\"wp-image-1929\" srcset=\"https:\/\/www.camping-la-garangeoire.com\/wp-content\/uploads\/2023\/03\/gar_castel_la_garangeoire_231039_019-684x1024.webp 684w, https:\/\/www.camping-la-garangeoire.com\/wp-content\/uploads\/2023\/03\/gar_castel_la_garangeoire_231039_019-201x300.webp 201w, https:\/\/www.camping-la-garangeoire.com\/wp-content\/uploads\/2023\/03\/gar_castel_la_garangeoire_231039_019-768x1149.webp 768w, https:\/\/www.camping-la-garangeoire.com\/wp-content\/uploads\/2023\/03\/gar_castel_la_garangeoire_231039_019.webp 1024w\" sizes=\"(max-width: 684px) 100vw, 684px\" \/><\/figure>\n<\/div>\n<\/div>\n\n\n\n<h3 class=\"h4\" id=\"garderie-du-restaurant\">Kinderhort des Restaurants<\/h3>\n\n\n\n<p>F\u00fcr Eltern, die einen ruhigen Restaurantbesuch zu zweit genie\u00dfen m\u00f6chten, bieten wir eine kostenlose Abendbetreuung f\u00fcr Kinder von 3 bis 10 Jahren an. Auf dem Programm: ruhige Spiele, Filme, Malen\u2026<br>Dieser Service wird w\u00e4hrend der Hochsaison an mehrere Abenden und in der Vorsaison je nach Anfrage angeboten.<\/p>\n\n\n\n<p><strong>Das Restaurant steht auch Nicht-G\u00e4sten des Campingplatzes zur Verf\u00fcgung. Reservierungen unter Tel. +33 (0)2 51 46 69 87.<br>Der idyllische Rahmen versetzt bestimmt auch Sie in Urlaubsstimmung\u2026&nbsp;<\/strong><\/p>\n\n\n\n<p>Nettopreise \u2013 Service inklusive<\/p>\n<\/div><\/div>\n\n\n\n<figure class=\"wp-block-gallery has-nested-images columns-5 is-cropped gal--ligne\">\n<figure class=\"wp-block-image size-large\"><img loading=\"lazy\" width=\"718\" height=\"1024\" data-id=\"2241\"  src=\"https:\/\/www.camping-la-garangeoire.com\/wp-content\/uploads\/2023\/03\/garangeoire.1-39-718x1024.webp\" alt=\"\" class=\"wp-image-2241\" srcset=\"https:\/\/www.camping-la-garangeoire.com\/wp-content\/uploads\/2023\/03\/garangeoire.1-39-718x1024.webp 718w, https:\/\/www.camping-la-garangeoire.com\/wp-content\/uploads\/2023\/03\/garangeoire.1-39-210x300.webp 210w, https:\/\/www.camping-la-garangeoire.com\/wp-content\/uploads\/2023\/03\/garangeoire.1-39-768x1095.webp 768w, https:\/\/www.camping-la-garangeoire.com\/wp-content\/uploads\/2023\/03\/garangeoire.1-39.webp 1024w\" sizes=\"(max-width: 718px) 100vw, 718px\" \/><\/figure>\n\n\n\n<figure class=\"wp-block-image size-large\"><img loading=\"lazy\" width=\"1024\" height=\"768\" data-id=\"2240\"  src=\"https:\/\/www.camping-la-garangeoire.com\/wp-content\/uploads\/2023\/03\/garangeoire.1-40.webp\" alt=\"\" class=\"wp-image-2240\" srcset=\"https:\/\/www.camping-la-garangeoire.com\/wp-content\/uploads\/2023\/03\/garangeoire.1-40.webp 1024w, https:\/\/www.camping-la-garangeoire.com\/wp-content\/uploads\/2023\/03\/garangeoire.1-40-300x225.webp 300w, https:\/\/www.camping-la-garangeoire.com\/wp-content\/uploads\/2023\/03\/garangeoire.1-40-768x576.webp 768w\" sizes=\"(max-width: 1024px) 100vw, 1024px\" \/><\/figure>\n\n\n\n<figure class=\"wp-block-image size-large\"><img loading=\"lazy\" width=\"768\" height=\"1024\" data-id=\"2245\"  src=\"https:\/\/www.camping-la-garangeoire.com\/wp-content\/uploads\/2023\/03\/garangeoire.1-42-768x1024.webp\" alt=\"\" class=\"wp-image-2245\" srcset=\"https:\/\/www.camping-la-garangeoire.com\/wp-content\/uploads\/2023\/03\/garangeoire.1-42-768x1024.webp 768w, https:\/\/www.camping-la-garangeoire.com\/wp-content\/uploads\/2023\/03\/garangeoire.1-42-225x300.webp 225w, https:\/\/www.camping-la-garangeoire.com\/wp-content\/uploads\/2023\/03\/garangeoire.1-42.webp 1024w\" sizes=\"(max-width: 768px) 100vw, 768px\" \/><\/figure>\n\n\n\n<figure class=\"wp-block-image size-large\"><img loading=\"lazy\" width=\"1024\" height=\"1280\" data-id=\"2224\"  src=\"https:\/\/www.camping-la-garangeoire.com\/wp-content\/uploads\/2023\/03\/garangeoire.1-43.webp\" alt=\"\" class=\"wp-image-2224\" srcset=\"https:\/\/www.camping-la-garangeoire.com\/wp-content\/uploads\/2023\/03\/garangeoire.1-43.webp 1024w, https:\/\/www.camping-la-garangeoire.com\/wp-content\/uploads\/2023\/03\/garangeoire.1-43-240x300.webp 240w, https:\/\/www.camping-la-garangeoire.com\/wp-content\/uploads\/2023\/03\/garangeoire.1-43-819x1024.webp 819w, https:\/\/www.camping-la-garangeoire.com\/wp-content\/uploads\/2023\/03\/garangeoire.1-43-768x960.webp 768w\" sizes=\"(max-width: 1024px) 100vw, 1024px\" \/><\/figure>\n<\/figure>\n","protected":false},"excerpt":{"rendered":"<p>Bar Unsere Bar ist tags\u00fcber und ebenfalls abends ge\u00f6ffnet und empf\u00e4ngt ihre G\u00e4ste auf 2 Terrassen: Terrasse mit Blick auf den Wasserpark Gartenterrasse im ehemaligen Gem\u00fcsegarten des Anwesens. Mit ihren gro\u00dfen R\u00e4umlichkeiten und dem geselligen Ambiente eignet sich die Bar ideal f\u00fcr die Live-\u00dcbertragung wichtiger sportlicher Events. Da ist f\u00fcr jeden Feinschmecker etwas dabei! Weinbar [&hellip;]<\/p>\n","protected":false},"author":1,"featured_media":0,"parent":0,"menu_order":0,"comment_status":"closed","ping_status":"closed","template":"","meta":[],"acf":[],"_links":{"self":[{"href":"https:\/\/www.camping-la-garangeoire.com\/de\/wp-json\/wp\/v2\/pages\/5086"}],"collection":[{"href":"https:\/\/www.camping-la-garangeoire.com\/de\/wp-json\/wp\/v2\/pages"}],"about":[{"href":"https:\/\/www.camping-la-garangeoire.com\/de\/wp-json\/wp\/v2\/types\/page"}],"author":[{"embeddable":true,"href":"https:\/\/www.camping-la-garangeoire.com\/de\/wp-json\/wp\/v2\/users\/1"}],"replies":[{"embeddable":true,"href":"https:\/\/www.camping-la-garangeoire.com\/de\/wp-json\/wp\/v2\/comments?post=5086"}],"version-history":[{"count":6,"href":"https:\/\/www.camping-la-garangeoire.com\/de\/wp-json\/wp\/v2\/pages\/5086\/revisions"}],"predecessor-version":[{"id":13579,"href":"https:\/\/www.camping-la-garangeoire.com\/de\/wp-json\/wp\/v2\/pages\/5086\/revisions\/13579"}],"wp:attachment":[{"href":"https:\/\/www.camping-la-garangeoire.com\/de\/wp-json\/wp\/v2\/media?parent=5086"}],"curies":[{"name":"wp","href":"https:\/\/api.w.org\/{rel}","templated":true}]}}