{"id":5078,"date":"2023-06-13T10:42:55","date_gmt":"2023-06-13T08:42:55","guid":{"rendered":"https:\/\/www.camping-la-garangeoire.com\/kinderanimationen\/"},"modified":"2025-09-16T14:10:18","modified_gmt":"2025-09-16T12:10:18","slug":"kinderanimationen","status":"publish","type":"page","link":"https:\/\/www.camping-la-garangeoire.com\/de\/kinderanimationen\/","title":{"rendered":"Kinderanimation"},"content":{"rendered":"\n<div class=\"wp-block-cover is-light\"><span aria-hidden=\"true\" class=\"wp-block-cover__gradient-background has-background-dim\"><\/span><img loading=\"lazy\" width=\"2048\" height=\"702\" class=\"wp-block-cover__image-background wp-image-2468\" alt=\"\" src=\"https:\/\/www.camping-la-garangeoire.com\/wp-content\/uploads\/2023\/04\/garangeoire-2017-0119.webp\" data-object-fit=\"cover\" srcset=\"https:\/\/www.camping-la-garangeoire.com\/wp-content\/uploads\/2023\/04\/garangeoire-2017-0119.webp 2048w, https:\/\/www.camping-la-garangeoire.com\/wp-content\/uploads\/2023\/04\/garangeoire-2017-0119-300x103.webp 300w, https:\/\/www.camping-la-garangeoire.com\/wp-content\/uploads\/2023\/04\/garangeoire-2017-0119-1024x351.webp 1024w, https:\/\/www.camping-la-garangeoire.com\/wp-content\/uploads\/2023\/04\/garangeoire-2017-0119-768x263.webp 768w, https:\/\/www.camping-la-garangeoire.com\/wp-content\/uploads\/2023\/04\/garangeoire-2017-0119-1536x527.webp 1536w\" sizes=\"(max-width: 2048px) 100vw, 2048px\" \/><div class=\"wp-block-cover__inner-container\">\n<h1 id=\"animations-enfants\">Kinderanimation<\/h1>\n<\/div><\/div>\n\n\n\n<div class=\"wp-container-69ec47a17de07 wp-block-group G-10\"><div class=\"wp-block-group__inner-container\">\n<div class=\"wp-block-columns\">\n<div class=\"wp-block-column encart has-blanc-background-color has-background\">\n<p class=\"h6 has-rouge-color has-text-color\"><i class=\"fas fa-child\"><\/i>  Kinderclub<\/p>\n\n\n\n<p>Der Kinderklub empf\u00e4ngt gratis Kinder von 4 bis 12 Jahren. Er ist vom 22. Mai bis 31. August ge\u00f6ffnet.<\/p>\n<\/div>\n\n\n\n<div class=\"wp-block-column\">\n<h2 class=\"has-ocre-color has-text-color\" id=\"club-enfants-pour-des-vacances-reussies\">Kinderclub f\u00fcr einen gelungenen Urlaub!<\/h2>\n<\/div>\n<\/div>\n\n\n\n<div class=\"wp-block-columns\">\n<div class=\"wp-block-column\">\n<figure class=\"wp-block-gallery has-nested-images columns-4 is-cropped\">\n<figure class=\"wp-block-image size-large\"><img loading=\"lazy\" width=\"1024\" height=\"1425\" src=\"https:\/\/www.camping-la-garangeoire.com\/wp-content\/uploads\/2023\/03\/garangeoire-football.jpg\" alt=\"\" class=\"wp-image-601\" srcset=\"https:\/\/www.camping-la-garangeoire.com\/wp-content\/uploads\/2023\/03\/garangeoire-football.jpg 1024w, https:\/\/www.camping-la-garangeoire.com\/wp-content\/uploads\/2023\/03\/garangeoire-football-216x300.jpg 216w, https:\/\/www.camping-la-garangeoire.com\/wp-content\/uploads\/2023\/03\/garangeoire-football-736x1024.jpg 736w, https:\/\/www.camping-la-garangeoire.com\/wp-content\/uploads\/2023\/03\/garangeoire-football-768x1069.jpg 768w\" sizes=\"(max-width: 1024px) 100vw, 1024px\" \/><\/figure>\n\n\n\n<figure class=\"wp-block-image size-large\"><img loading=\"lazy\" width=\"1024\" height=\"1425\" src=\"https:\/\/www.camping-la-garangeoire.com\/wp-content\/uploads\/2023\/03\/garangeoire-equitation.jpg\" alt=\"\" class=\"wp-image-604\" srcset=\"https:\/\/www.camping-la-garangeoire.com\/wp-content\/uploads\/2023\/03\/garangeoire-equitation.jpg 1024w, https:\/\/www.camping-la-garangeoire.com\/wp-content\/uploads\/2023\/03\/garangeoire-equitation-216x300.jpg 216w, https:\/\/www.camping-la-garangeoire.com\/wp-content\/uploads\/2023\/03\/garangeoire-equitation-736x1024.jpg 736w, https:\/\/www.camping-la-garangeoire.com\/wp-content\/uploads\/2023\/03\/garangeoire-equitation-768x1069.jpg 768w\" sizes=\"(max-width: 1024px) 100vw, 1024px\" \/><\/figure>\n\n\n\n<figure class=\"wp-block-image size-large\"><img loading=\"lazy\" width=\"1024\" height=\"1425\" src=\"https:\/\/www.camping-la-garangeoire.com\/wp-content\/uploads\/2023\/03\/garangeoire-tir-a-larc.jpg\" alt=\"\" class=\"wp-image-596\" srcset=\"https:\/\/www.camping-la-garangeoire.com\/wp-content\/uploads\/2023\/03\/garangeoire-tir-a-larc.jpg 1024w, https:\/\/www.camping-la-garangeoire.com\/wp-content\/uploads\/2023\/03\/garangeoire-tir-a-larc-216x300.jpg 216w, https:\/\/www.camping-la-garangeoire.com\/wp-content\/uploads\/2023\/03\/garangeoire-tir-a-larc-736x1024.jpg 736w, https:\/\/www.camping-la-garangeoire.com\/wp-content\/uploads\/2023\/03\/garangeoire-tir-a-larc-768x1069.jpg 768w\" sizes=\"(max-width: 1024px) 100vw, 1024px\" \/><\/figure>\n\n\n\n<figure class=\"wp-block-image size-large\"><img loading=\"lazy\" width=\"1024\" height=\"1425\" src=\"https:\/\/www.camping-la-garangeoire.com\/wp-content\/uploads\/2023\/03\/garangeoire-club-enfant.jpg\" alt=\"\" class=\"wp-image-592\" srcset=\"https:\/\/www.camping-la-garangeoire.com\/wp-content\/uploads\/2023\/03\/garangeoire-club-enfant.jpg 1024w, https:\/\/www.camping-la-garangeoire.com\/wp-content\/uploads\/2023\/03\/garangeoire-club-enfant-216x300.jpg 216w, https:\/\/www.camping-la-garangeoire.com\/wp-content\/uploads\/2023\/03\/garangeoire-club-enfant-736x1024.jpg 736w, https:\/\/www.camping-la-garangeoire.com\/wp-content\/uploads\/2023\/03\/garangeoire-club-enfant-768x1069.jpg 768w\" sizes=\"(max-width: 1024px) 100vw, 1024px\" \/><\/figure>\n<\/figure>\n\n\n\n<div class=\"wp-container-69ec47a17d8b7 wp-block-group encart\"><div class=\"wp-block-group__inner-container\">\n<p class=\"h5 has-ocre-color has-text-color\">Club von 4 bis 12 Jahren<\/p>\n\n\n\n<p class=\"h4 has-ocre-color has-text-color\">Spa\u00df haben, Freunde finden, genie\u00dfen&#8230;.<\/p>\n\n\n\n<p>Der Kinderklub empf\u00e4ngt gratis Kinder von 4 bis 12 Jahren. Er ist vom 25. Mai bis 1.September an 2 bis 3 Tagen (im Juli und August an 4 Tagen) pro Woche von 10 bis 12 Uhr ge\u00f6ffnet.<\/p>\n\n\n\n<p>Unsere franz\u00f6sischsprachigen Animateure organisieren sportliche Aktivit\u00e4ten, Bastelaktivit\u00e4ten und Spiele f\u00fcr jedes Alter und sorgen dabei f\u00fcr eine internationale Atmosph\u00e4re.<\/p>\n<\/div><\/div>\n<\/div>\n\n\n\n<div class=\"wp-block-column\">\n<ul class=\"pictos col-1 has-ocre-color has-text-color\"><li><i class=\"fal fa-futbol\"><\/i>  Sportliche Aktivit\u00e4ten<\/li><li><i class=\"fal fa-palette\"><\/i>  Kreativit\u00e4t &amp; Spiele<\/li><li><i class=\"fal fa-circle-check\"><\/i>  Erfahrene Animateure.trices<\/li><\/ul>\n\n\n\n<div class=\"wp-container-69ec47a17db99 wp-block-buttons\">\n<div class=\"wp-block-button is-style-outline\"><a class=\"wp-block-button__link\" href=\"https:\/\/www.camping-la-garangeoire.com\/de\/aktivitaeten-natur\/\">Outdoor-Aktivit\u00e4ten entdecken<\/a><\/div>\n<\/div>\n<\/div>\n<\/div>\n<\/div><\/div>\n\n\n\n<div class=\"wp-block-columns G-15 has-fond-background-color has-background\">\n<div class=\"wp-block-column\">\n<h2 class=\"h3 has-rouge-color has-text-color\" id=\"club-ados\">Jugendklub<\/h2>\n\n\n\n<p>W\u00e4hrend der Hochsaison werden spezielle Animationen f\u00fcr Jugendliche von 12 bis 16 Jahren angeboten.<\/p>\n\n\n\n<p>Das Wochenprogramm richtet sich nach den W\u00fcnschen der Teilnehmer und wird zusammen mit dem Betreuer vorab bei einem gemeinsamen Treffen entworfen.<\/p>\n\n\n\n<div class=\"wp-container-69ec47a17e0fd wp-block-buttons\">\n<div class=\"wp-block-button\"><a class=\"wp-block-button__link\" href=\"https:\/\/www.camping-la-garangeoire.com\/de\/fotogalerie\/?galerie=club\">Entdecken Sie die Clubs in Bildern<\/a><\/div>\n<\/div>\n<\/div>\n\n\n\n<div class=\"wp-block-column\">\n<figure class=\"wp-block-image size-large\"><img loading=\"lazy\" width=\"1024\" height=\"576\" src=\"https:\/\/www.camping-la-garangeoire.com\/wp-content\/uploads\/2023\/12\/ados-1024x576.webp\" alt=\"\" class=\"wp-image-8920\" srcset=\"https:\/\/www.camping-la-garangeoire.com\/wp-content\/uploads\/2023\/12\/ados-1024x576.webp 1024w, https:\/\/www.camping-la-garangeoire.com\/wp-content\/uploads\/2023\/12\/ados-300x169.webp 300w, https:\/\/www.camping-la-garangeoire.com\/wp-content\/uploads\/2023\/12\/ados-768x432.webp 768w, https:\/\/www.camping-la-garangeoire.com\/wp-content\/uploads\/2023\/12\/ados.webp 1102w\" sizes=\"(max-width: 1024px) 100vw, 1024px\" \/><\/figure>\n<\/div>\n<\/div>\n\n\n\n<div class=\"wp-container-69ec47a17e70a wp-block-group alignfull G-20\"><div class=\"wp-block-group__inner-container\">\n<div class=\"wp-block-columns\">\n<div class=\"wp-block-column\" style=\"flex-basis:72%\">\n<div class=\"wp-block-columns\">\n<div class=\"wp-block-column\">\n<figure class=\"wp-block-image size-full\"><img loading=\"lazy\" width=\"1024\" height=\"769\" src=\"https:\/\/www.camping-la-garangeoire.com\/wp-content\/uploads\/2023\/04\/garangeoire-2017-0125.webp\" alt=\"\" class=\"wp-image-2474\" srcset=\"https:\/\/www.camping-la-garangeoire.com\/wp-content\/uploads\/2023\/04\/garangeoire-2017-0125.webp 1024w, https:\/\/www.camping-la-garangeoire.com\/wp-content\/uploads\/2023\/04\/garangeoire-2017-0125-300x225.webp 300w, https:\/\/www.camping-la-garangeoire.com\/wp-content\/uploads\/2023\/04\/garangeoire-2017-0125-768x577.webp 768w\" sizes=\"(max-width: 1024px) 100vw, 1024px\" \/><\/figure>\n<\/div>\n\n\n\n<div class=\"wp-block-column\">\n<h2 class=\"h3 has-vert-color has-text-color\" id=\"ecole-de-football\">Fu\u00dfballtraining f\u00fcr Kinder<\/h2>\n\n\n\n<p>Der Campingplatz La Garangeoire bietet im Juli (ab 2. Juli) und 31. August Fu\u00dfballtraining f\u00fcr Kinder von 6 bis 14 Jahren an. <\/p>\n\n\n\n<p>Diese Kurse finden jeden Vormittag von 10 bis 12 Uhr statt, au\u00dfer freitags, und werden von qualifizierten Trainern betreut.<\/p>\n\n\n\n<p>Preis pro Trainingseinheit: 7 \u20ac<\/p>\n\n\n\n<p>Karte f\u00fcr 10 Trainingseinheiten (kann von mehreren Kindern derselben Familie genutzt werden): 60 \u20ac<\/p>\n\n\n\n<div class=\"wp-container-69ec47a17e459 wp-block-buttons\">\n<div class=\"wp-block-button btn_resa\"><a class=\"wp-block-button__link\">Buchen Sie Ihnen Aufenthalt <i class=\"fal fa-search\"><\/i><\/a><\/div>\n<\/div>\n<\/div>\n<\/div>\n<\/div>\n\n\n\n<div class=\"wp-block-column\">\n<figure class=\"wp-block-image size-full\"><img loading=\"lazy\" width=\"1024\" height=\"993\" src=\"https:\/\/www.camping-la-garangeoire.com\/wp-content\/uploads\/2023\/04\/garangeoire-2017-0130.webp\" alt=\"\" class=\"wp-image-2504\" srcset=\"https:\/\/www.camping-la-garangeoire.com\/wp-content\/uploads\/2023\/04\/garangeoire-2017-0130.webp 1024w, https:\/\/www.camping-la-garangeoire.com\/wp-content\/uploads\/2023\/04\/garangeoire-2017-0130-300x291.webp 300w, https:\/\/www.camping-la-garangeoire.com\/wp-content\/uploads\/2023\/04\/garangeoire-2017-0130-768x745.webp 768w\" sizes=\"(max-width: 1024px) 100vw, 1024px\" \/><\/figure>\n<\/div>\n<\/div>\n<\/div><\/div>\n\n\n\n<div class=\"wp-block-columns are-vertically-aligned-center has-fond-background-color has-background\">\n<div class=\"wp-block-column is-vertically-aligned-center\">\n<figure class=\"wp-block-gallery has-nested-images columns-5 is-cropped gal--ligne\">\n<figure class=\"wp-block-image size-large\"><img loading=\"lazy\" width=\"1024\" height=\"646\" src=\"https:\/\/www.camping-la-garangeoire.com\/wp-content\/uploads\/2023\/04\/gaangeoire-2017-0037.webp\" alt=\"\" class=\"wp-image-2501\" srcset=\"https:\/\/www.camping-la-garangeoire.com\/wp-content\/uploads\/2023\/04\/gaangeoire-2017-0037.webp 1024w, https:\/\/www.camping-la-garangeoire.com\/wp-content\/uploads\/2023\/04\/gaangeoire-2017-0037-300x189.webp 300w, https:\/\/www.camping-la-garangeoire.com\/wp-content\/uploads\/2023\/04\/gaangeoire-2017-0037-768x485.webp 768w\" sizes=\"(max-width: 1024px) 100vw, 1024px\" \/><\/figure>\n\n\n\n<figure class=\"wp-block-image size-large\"><img loading=\"lazy\" width=\"1024\" height=\"576\" src=\"https:\/\/www.camping-la-garangeoire.com\/wp-content\/uploads\/2023\/04\/gaangeoire-2017-0041.webp\" alt=\"\" class=\"wp-image-2498\" srcset=\"https:\/\/www.camping-la-garangeoire.com\/wp-content\/uploads\/2023\/04\/gaangeoire-2017-0041.webp 1024w, https:\/\/www.camping-la-garangeoire.com\/wp-content\/uploads\/2023\/04\/gaangeoire-2017-0041-300x169.webp 300w, https:\/\/www.camping-la-garangeoire.com\/wp-content\/uploads\/2023\/04\/gaangeoire-2017-0041-768x432.webp 768w\" sizes=\"(max-width: 1024px) 100vw, 1024px\" \/><\/figure>\n<\/figure>\n<\/div>\n\n\n\n<div class=\"wp-block-column is-vertically-aligned-center\">\n<h2 class=\"has-ocre-color has-text-color\" id=\"garderie\">Kinderbetreuung<\/h2>\n\n\n\n<p><strong>F\u00fcr Eltern, die einen ruhigen Abend zu zweit im Restaurant von La Garangeoire genie\u00dfen m\u00f6chten<\/strong>, bieten wir eine kostenlose Abendbetreuung f\u00fcr Kinder von 3 bis 10 Jahren an. Auf dem Programm: ruhige Spiele, Filme, Malen\u2026<\/p>\n\n\n\n<p>Dieser Service wird w\u00e4hrend der Hochsaison an verschiedene Abenden angeboten.<\/p>\n<\/div>\n<\/div>\n\n\n\n<div class=\"wp-block-cover is-light encart\"><span aria-hidden=\"true\" class=\"wp-block-cover__gradient-background has-background-dim\"><\/span><img loading=\"lazy\" width=\"2048\" height=\"642\" class=\"wp-block-cover__image-background wp-image-2507\" alt=\"\" src=\"https:\/\/www.camping-la-garangeoire.com\/wp-content\/uploads\/2023\/04\/garangeoire-2017-0158-1.webp\" data-object-fit=\"cover\" srcset=\"https:\/\/www.camping-la-garangeoire.com\/wp-content\/uploads\/2023\/04\/garangeoire-2017-0158-1.webp 2048w, https:\/\/www.camping-la-garangeoire.com\/wp-content\/uploads\/2023\/04\/garangeoire-2017-0158-1-300x94.webp 300w, https:\/\/www.camping-la-garangeoire.com\/wp-content\/uploads\/2023\/04\/garangeoire-2017-0158-1-1024x321.webp 1024w, https:\/\/www.camping-la-garangeoire.com\/wp-content\/uploads\/2023\/04\/garangeoire-2017-0158-1-768x241.webp 768w, https:\/\/www.camping-la-garangeoire.com\/wp-content\/uploads\/2023\/04\/garangeoire-2017-0158-1-1536x482.webp 1536w\" sizes=\"(max-width: 2048px) 100vw, 2048px\" \/><div class=\"wp-block-cover__inner-container\">\n<h2 class=\"h4\" id=\"mini-disco\">Mini-Disco<\/h2>\n\n\n\n<p>Jede Woche wird eine Mini-Disco im Freien organisiert.<\/p>\n<\/div><\/div>\n\n\n\n<div class=\"wp-block-columns G-15\">\n<div class=\"wp-block-column\">\n<h2 class=\"has-ocre-color has-text-color\" id=\"aires-de-jeux\">Spielpl\u00e4tze<\/h2>\n\n\n\n<p>In La Garangeoire spricht man nicht von einem Spielplatz, sondern von einer riesigen Spielwiese!<\/p>\n\n\n\n<p>Hier finden Sie alles: Rutschen, Kletterger\u00fcste, Sitzkarussell, Wippen, Sandk\u00e4sten, Trampoline\u2026<\/p>\n\n\n\n<p>Ein gesicherter Bereich ist f\u00fcr Kinder von 6 bis 36 Monaten reserviert: der \u201ekleine Bauernhof\u201c ist ein Spiel- und Experimentierbereich f\u00fcr die ganz Kleinen. Um ein sicheres Spielen zu erm\u00f6glichen, ist er eingez\u00e4unt und mit einem weichen Bodenbelag ausgestattet.<\/p>\n\n\n\n<h2 class=\"h4\" id=\"salle-de-jeux\">Spielsaal<\/h2>\n\n\n\n<p>Der Spielsaal ist der Treffpunkt f\u00fcr Billardtischen, Tischfu\u00dfball, Flipper und Arcade-Spielen.<\/p>\n<\/div>\n\n\n\n<div class=\"wp-block-column\">\n<figure class=\"wp-block-image size-full\"><img loading=\"lazy\" width=\"1024\" height=\"683\" src=\"https:\/\/www.camping-la-garangeoire.com\/wp-content\/uploads\/2023\/04\/gar_castel_la_garangeoire_231039_014.webp\" alt=\"\" class=\"wp-image-2480\" srcset=\"https:\/\/www.camping-la-garangeoire.com\/wp-content\/uploads\/2023\/04\/gar_castel_la_garangeoire_231039_014.webp 1024w, https:\/\/www.camping-la-garangeoire.com\/wp-content\/uploads\/2023\/04\/gar_castel_la_garangeoire_231039_014-300x200.webp 300w, https:\/\/www.camping-la-garangeoire.com\/wp-content\/uploads\/2023\/04\/gar_castel_la_garangeoire_231039_014-768x512.webp 768w\" sizes=\"(max-width: 1024px) 100vw, 1024px\" \/><\/figure>\n\n\n\n<h2 class=\"h5 has-vert-color has-text-color\" id=\"chateau-gonflable\">H\u00fcpfburg<\/h2>\n\n\n\n<p class=\"h4 has-vert-color has-text-color\">Ein erlebnisreicher Urlaub<\/p>\n\n\n\n<p>Sie befindet sich im Park hinter der Bar\/Restaurant und ist nachmittags frei ge\u00f6ffnet.<\/p>\n<\/div>\n<\/div>\n\n\n\n<div class=\"wp-block-columns\">\n<div class=\"wp-block-column\">\n<div class=\"wp-block-image\"><figure class=\"aligncenter size-full is-resized\"><img loading=\"lazy\" src=\"https:\/\/www.camping-la-garangeoire.com\/wp-content\/uploads\/2024\/03\/Chill-zone-1-1.jpg\" alt=\"\" class=\"wp-image-10088\" width=\"400\" height=\"400\" srcset=\"https:\/\/www.camping-la-garangeoire.com\/wp-content\/uploads\/2024\/03\/Chill-zone-1-1.jpg 800w, https:\/\/www.camping-la-garangeoire.com\/wp-content\/uploads\/2024\/03\/Chill-zone-1-1-300x300.jpg 300w, https:\/\/www.camping-la-garangeoire.com\/wp-content\/uploads\/2024\/03\/Chill-zone-1-1-150x150.jpg 150w, https:\/\/www.camping-la-garangeoire.com\/wp-content\/uploads\/2024\/03\/Chill-zone-1-1-768x768.jpg 768w\" sizes=\"(max-width: 400px) 100vw, 400px\" \/><\/figure><\/div>\n<\/div>\n\n\n\n<div class=\"wp-block-column\">\n<h2 class=\"has-ocre-color has-text-color\" id=\"chill-zone\">Chill-Zone<\/h2>\n\n\n\n<p>Das Campen mit der Familie ist eine gro\u00dfartige Erfahrung, aber wir verstehen, dass Teenager auch gerne auf eigene Faust unterwegs sind. Unsere &#8220;Chill-Zone&#8221; mit H\u00e4ngematten und h\u00e4ngenden Sitzen ist genau der richtige Ort f\u00fcr sie, um abzuh\u00e4ngen und ihre Altersgenossen zu treffen.<\/p>\n\n\n\n<p>Die &#8220;Chill-Zone&#8221; befindet sich am Rand des Spielplatzes, neben dem Multisportplatz und den Tischtennistischen, in der Wi-Fi-Zone. Hier herrscht eine freundliche und entspannte Atmosph\u00e4re, in der unsere Teenager-Camper sozial aktiv sein k\u00f6nnen.<\/p>\n<\/div>\n<\/div>\n","protected":false},"excerpt":{"rendered":"<p>Kinderclub Der Kinderklub empf\u00e4ngt gratis Kinder von 4 bis 12 Jahren. Er ist vom 22. Mai bis 31. August ge\u00f6ffnet. Kinderclub f\u00fcr einen gelungenen Urlaub! Club von 4 bis 12 Jahren Spa\u00df haben, Freunde finden, genie\u00dfen&#8230;. Der Kinderklub empf\u00e4ngt gratis Kinder von 4 bis 12 Jahren. Er ist vom 25. Mai bis 1.September an 2 [&hellip;]<\/p>\n","protected":false},"author":1,"featured_media":0,"parent":0,"menu_order":0,"comment_status":"closed","ping_status":"closed","template":"","meta":[],"acf":[],"_links":{"self":[{"href":"https:\/\/www.camping-la-garangeoire.com\/de\/wp-json\/wp\/v2\/pages\/5078"}],"collection":[{"href":"https:\/\/www.camping-la-garangeoire.com\/de\/wp-json\/wp\/v2\/pages"}],"about":[{"href":"https:\/\/www.camping-la-garangeoire.com\/de\/wp-json\/wp\/v2\/types\/page"}],"author":[{"embeddable":true,"href":"https:\/\/www.camping-la-garangeoire.com\/de\/wp-json\/wp\/v2\/users\/1"}],"replies":[{"embeddable":true,"href":"https:\/\/www.camping-la-garangeoire.com\/de\/wp-json\/wp\/v2\/comments?post=5078"}],"version-history":[{"count":6,"href":"https:\/\/www.camping-la-garangeoire.com\/de\/wp-json\/wp\/v2\/pages\/5078\/revisions"}],"predecessor-version":[{"id":12718,"href":"https:\/\/www.camping-la-garangeoire.com\/de\/wp-json\/wp\/v2\/pages\/5078\/revisions\/12718"}],"wp:attachment":[{"href":"https:\/\/www.camping-la-garangeoire.com\/de\/wp-json\/wp\/v2\/media?parent=5078"}],"curies":[{"name":"wp","href":"https:\/\/api.w.org\/{rel}","templated":true}]}}