{"id":5074,"date":"2023-06-13T10:42:21","date_gmt":"2023-06-13T08:42:21","guid":{"rendered":"https:\/\/www.camping-la-garangeoire.com\/animationen-am-tag\/"},"modified":"2025-07-28T09:46:32","modified_gmt":"2025-07-28T07:46:32","slug":"animationen-am-tag","status":"publish","type":"page","link":"https:\/\/www.camping-la-garangeoire.com\/de\/animationen-am-tag\/","title":{"rendered":"Tagesanimation"},"content":{"rendered":"\n<div class=\"wp-block-cover\"><span aria-hidden=\"true\" class=\"wp-block-cover__gradient-background has-background-dim\"><\/span><img loading=\"lazy\" width=\"2048\" height=\"661\" class=\"wp-block-cover__image-background wp-image-2525\" alt=\"\" src=\"https:\/\/www.camping-la-garangeoire.com\/wp-content\/uploads\/2023\/04\/gar_castel_la_garangeoire_231039_070.webp\" data-object-fit=\"cover\" srcset=\"https:\/\/www.camping-la-garangeoire.com\/wp-content\/uploads\/2023\/04\/gar_castel_la_garangeoire_231039_070.webp 2048w, https:\/\/www.camping-la-garangeoire.com\/wp-content\/uploads\/2023\/04\/gar_castel_la_garangeoire_231039_070-300x97.webp 300w, https:\/\/www.camping-la-garangeoire.com\/wp-content\/uploads\/2023\/04\/gar_castel_la_garangeoire_231039_070-1024x331.webp 1024w, https:\/\/www.camping-la-garangeoire.com\/wp-content\/uploads\/2023\/04\/gar_castel_la_garangeoire_231039_070-768x248.webp 768w, https:\/\/www.camping-la-garangeoire.com\/wp-content\/uploads\/2023\/04\/gar_castel_la_garangeoire_231039_070-1536x496.webp 1536w\" sizes=\"(max-width: 2048px) 100vw, 2048px\" \/><div class=\"wp-block-cover__inner-container\">\n<h1 id=\"animations-en-journee\">Tagesanimation<\/h1>\n<\/div><\/div>\n\n\n\n<div class=\"wp-block-columns are-vertically-aligned-center G-00\">\n<div class=\"wp-block-column is-vertically-aligned-center\">\n<h2 class=\"h3 has-ocre-color has-text-color\" id=\"vacances-actives-vacances-au-calme-c-est-vous-qui-choisissez\">Aktivurlaub oder in Ruhe entspannen: Sie haben die Wahl!<\/h2>\n\n\n\n<p>Einige werden ein gutes Buch im Schatten einer Eiche genie\u00dfen, w\u00e4hrend andere, egal welchen Alters, von den zahlreichen Aktivit\u00e4ten auf dem Campingplatz fasziniert sein werden.<br>Was auch immer Sie bevorzugen, es ist f\u00fcr jeden etwas dabei<\/p>\n\n\n\n<p>W\u00e4hrend sich die Einen lieber mit einem guten Buch in den Schatten der Eichen zur\u00fcckziehen, st\u00fcrzen sich die Anderen, ganz gleich welchen Alters, mit Lust und Energie in das umfassende Animationsangebot des Campingplatzes.<br>Je nach Laune findet bei uns jeder die besten Voraussetzungen f\u00fcr neue Erfahrungen und sch\u00f6ne Bereicherungen.<\/p>\n<\/div>\n\n\n\n<div class=\"wp-block-column is-vertically-aligned-center\" style=\"flex-basis:40%\">\n<h3 class=\"h5\" id=\"tournois\">Turniere<\/h3>\n\n\n\n<p class=\"h4\">Jede Woche werden folgende Turniere organisiert:<\/p>\n\n\n\n<ul><li>Tischtennisturnier,<\/li><li>P\u00e9tanque-Wettkampf,<\/li><li>Fu\u00dfballturnier.<\/li><\/ul>\n\n\n\n<p>Alle Veranstaltungen enden mit einem Umtrunk und einer Preisverleihung.<\/p>\n<\/div>\n<\/div>\n\n\n\n<figure class=\"wp-block-image alignfull size-full\"><img loading=\"lazy\" width=\"2048\" height=\"828\" src=\"https:\/\/www.camping-la-garangeoire.com\/wp-content\/uploads\/2023\/12\/animation_petanque.webp\" alt=\"\" class=\"wp-image-8959\" srcset=\"https:\/\/www.camping-la-garangeoire.com\/wp-content\/uploads\/2023\/12\/animation_petanque.webp 2048w, https:\/\/www.camping-la-garangeoire.com\/wp-content\/uploads\/2023\/12\/animation_petanque-300x121.webp 300w, https:\/\/www.camping-la-garangeoire.com\/wp-content\/uploads\/2023\/12\/animation_petanque-1024x414.webp 1024w, https:\/\/www.camping-la-garangeoire.com\/wp-content\/uploads\/2023\/12\/animation_petanque-768x311.webp 768w, https:\/\/www.camping-la-garangeoire.com\/wp-content\/uploads\/2023\/12\/animation_petanque-1536x621.webp 1536w\" sizes=\"(max-width: 2048px) 100vw, 2048px\" \/><\/figure>\n\n\n\n<div class=\"wp-container-69fa23817ad37 wp-block-group G-05\"><div class=\"wp-block-group__inner-container\">\n<div class=\"wp-block-columns\">\n<div class=\"wp-block-column\">\n<h2 class=\"h5 has-vert-color has-text-color\" id=\"sorties-velo\">Radtouren<\/h2>\n\n\n\n<p class=\"h3 has-vert-color has-text-color\">Erkunden Sie die Wanderwege mit Ihrer Familie<\/p>\n\n\n\n<div class=\"wp-block-columns\">\n<div class=\"wp-block-column\">\n<figure class=\"wp-block-image size-full\"><img loading=\"lazy\" width=\"1024\" height=\"595\" src=\"https:\/\/www.camping-la-garangeoire.com\/wp-content\/uploads\/2023\/03\/garangeoire-2017-0065.webp\" alt=\"\" class=\"wp-image-2203\" srcset=\"https:\/\/www.camping-la-garangeoire.com\/wp-content\/uploads\/2023\/03\/garangeoire-2017-0065.webp 1024w, https:\/\/www.camping-la-garangeoire.com\/wp-content\/uploads\/2023\/03\/garangeoire-2017-0065-300x174.webp 300w, https:\/\/www.camping-la-garangeoire.com\/wp-content\/uploads\/2023\/03\/garangeoire-2017-0065-768x446.webp 768w\" sizes=\"(max-width: 1024px) 100vw, 1024px\" \/><\/figure>\n<\/div>\n\n\n\n<div class=\"wp-block-column\">\n<p>Jede Woche im Juli und August findet eine gef\u00fchrte Radtour statt.<\/p>\n\n\n\n<p>Die Tour ist dem Erkunden des Lac du Jaunay gewidmet und ist G\u00e4sten ab 13 Jahren vorbehalten.<\/p>\n\n\n\n<p>R\u00e4der k\u00f6nnen f\u00fcr die Dauer der Tour zu einem Preis von 8 \u20ac gemietet werden.<\/p>\n<\/div>\n<\/div>\n<\/div>\n\n\n\n<div class=\"wp-block-column\">\n<figure class=\"wp-block-image size-full\"><img loading=\"lazy\" width=\"942\" height=\"1200\" src=\"https:\/\/www.camping-la-garangeoire.com\/wp-content\/uploads\/2023\/12\/olympiade.webp\" alt=\"\" class=\"wp-image-8972\" srcset=\"https:\/\/www.camping-la-garangeoire.com\/wp-content\/uploads\/2023\/12\/olympiade.webp 942w, https:\/\/www.camping-la-garangeoire.com\/wp-content\/uploads\/2023\/12\/olympiade-236x300.webp 236w, https:\/\/www.camping-la-garangeoire.com\/wp-content\/uploads\/2023\/12\/olympiade-804x1024.webp 804w, https:\/\/www.camping-la-garangeoire.com\/wp-content\/uploads\/2023\/12\/olympiade-768x978.webp 768w\" sizes=\"(max-width: 942px) 100vw, 942px\" \/><\/figure>\n<\/div>\n<\/div>\n\n\n\n<div class=\"wp-block-columns are-vertically-aligned-center\">\n<div class=\"wp-block-column is-vertically-aligned-center\">\n<h3 class=\"h3\" id=\"olympiades-familiales\"><mark style=\"background-color:rgba(0, 0, 0, 0)\" class=\"has-inline-color has-rouge-clair-color\">Familienolympiaden<\/mark><\/h3>\n\n\n\n<p>Die Familienolympiaden werden alle 14 Tage veranstaltet und geh\u00f6ren mit zu den H\u00f6hepunkten f\u00fcr die ganze Familie. <\/p>\n\n\n\n<p>Was f\u00fcr ein Spa\u00df f\u00fcr Kinder, wenn Mama den Kellnerlauf gewinnt oder sie selbst Papa beim Sackh\u00fcpfen besiegen!<\/p>\n<\/div>\n\n\n\n<div class=\"wp-block-column is-vertically-aligned-center\">\n<figure class=\"wp-block-image size-large\"><img loading=\"lazy\" width=\"1024\" height=\"351\" src=\"https:\/\/www.camping-la-garangeoire.com\/wp-content\/uploads\/2023\/04\/garangeoire-2017-0119-1024x351.webp\" alt=\"\" class=\"wp-image-2468\" srcset=\"https:\/\/www.camping-la-garangeoire.com\/wp-content\/uploads\/2023\/04\/garangeoire-2017-0119-1024x351.webp 1024w, https:\/\/www.camping-la-garangeoire.com\/wp-content\/uploads\/2023\/04\/garangeoire-2017-0119-300x103.webp 300w, https:\/\/www.camping-la-garangeoire.com\/wp-content\/uploads\/2023\/04\/garangeoire-2017-0119-768x263.webp 768w, https:\/\/www.camping-la-garangeoire.com\/wp-content\/uploads\/2023\/04\/garangeoire-2017-0119-1536x527.webp 1536w, https:\/\/www.camping-la-garangeoire.com\/wp-content\/uploads\/2023\/04\/garangeoire-2017-0119.webp 2048w\" sizes=\"(max-width: 1024px) 100vw, 1024px\" \/><\/figure>\n\n\n\n<div class=\"wp-container-69fa23817aabd wp-block-group encart\"><div class=\"wp-block-group__inner-container\">\n<p class=\"h5 has-ocre-color has-text-color\">Sportliche Animationen<\/p>\n\n\n\n<h3 class=\"h4 has-ocre-color has-text-color\" id=\"animations-autour-du-sport\">Animationen rund um den Sport<\/h3>\n\n\n\n<p>Fu\u00dfball, Ultimate, Handball, Joggen, Cricket,&nbsp;Basketball, Touch Rugby\u2026 Es fehlen uns weder der n\u00f6tige Raum noch die n\u00f6tigen Ideen!<\/p>\n<\/div><\/div>\n<\/div>\n<\/div>\n<\/div><\/div>\n\n\n\n<div class=\"wp-block-columns are-vertically-aligned-center has-fond-background-color has-background\">\n<div class=\"wp-block-column is-vertically-aligned-center\">\n<figure class=\"wp-block-gallery has-nested-images columns-default is-cropped gal--ligne\">\n<figure class=\"wp-block-image size-large\"><img loading=\"lazy\" width=\"700\" height=\"830\" src=\"https:\/\/www.camping-la-garangeoire.com\/wp-content\/uploads\/2023\/04\/Peinture-tableau.jpg\" alt=\"\" class=\"wp-image-2537\" srcset=\"https:\/\/www.camping-la-garangeoire.com\/wp-content\/uploads\/2023\/04\/Peinture-tableau.jpg 700w, https:\/\/www.camping-la-garangeoire.com\/wp-content\/uploads\/2023\/04\/Peinture-tableau-253x300.jpg 253w\" sizes=\"(max-width: 700px) 100vw, 700px\" \/><\/figure>\n\n\n\n<figure class=\"wp-block-image size-large\"><img loading=\"lazy\" width=\"1100\" height=\"825\" src=\"https:\/\/www.camping-la-garangeoire.com\/wp-content\/uploads\/2023\/04\/IMG_8962.jpg\" alt=\"\" class=\"wp-image-2534\" srcset=\"https:\/\/www.camping-la-garangeoire.com\/wp-content\/uploads\/2023\/04\/IMG_8962.jpg 1100w, https:\/\/www.camping-la-garangeoire.com\/wp-content\/uploads\/2023\/04\/IMG_8962-300x225.jpg 300w, https:\/\/www.camping-la-garangeoire.com\/wp-content\/uploads\/2023\/04\/IMG_8962-1024x768.jpg 1024w, https:\/\/www.camping-la-garangeoire.com\/wp-content\/uploads\/2023\/04\/IMG_8962-768x576.jpg 768w\" sizes=\"(max-width: 1100px) 100vw, 1100px\" \/><\/figure>\n<\/figure>\n<\/div>\n\n\n\n<div class=\"wp-block-column is-vertically-aligned-center\">\n<h3 class=\"has-ocre-color has-text-color\" id=\"peinture-sur-toile\">Leinwandmalerei<\/h3>\n\n\n\n<p>Die Malerin Sylvie f\u00fchrt Sie bei diesem kreativen und gleichzeitig geselligen Atelier in die Kunst der Leinwandmalerei ein.<br>(Kostenpflichtig)<\/p>\n\n\n\n<h3 class=\"h4 has-ocre-color has-text-color\" id=\"lecons-de-francais-anglais-pour-adultes\">Franz\u00f6sisch-\/Englischkurse f\u00fcr Erwachsene<\/h3>\n\n\n\n<p>Jede Woche bieten wir f\u00fcr unsere ausl\u00e4ndischen G\u00e4ste eine Einf\u00fchrung in die franz\u00f6sische Sprache an. Franz\u00f6sische G\u00e4ste, die ihre ersten englischen W\u00f6rter lernen m\u00f6chten, sind dabei herzlich Willkommen!<\/p>\n<\/div>\n<\/div>\n\n\n\n<div class=\"wp-container-69fa23817b20f wp-block-group alignfull G-20\"><div class=\"wp-block-group__inner-container\">\n<figure class=\"wp-block-image size-large\"><img loading=\"lazy\" width=\"1024\" height=\"414\" src=\"https:\/\/www.camping-la-garangeoire.com\/wp-content\/uploads\/2023\/12\/traverse-etang-1024x414.webp\" alt=\"\" class=\"wp-image-8963\" srcset=\"https:\/\/www.camping-la-garangeoire.com\/wp-content\/uploads\/2023\/12\/traverse-etang-1024x414.webp 1024w, https:\/\/www.camping-la-garangeoire.com\/wp-content\/uploads\/2023\/12\/traverse-etang-300x121.webp 300w, https:\/\/www.camping-la-garangeoire.com\/wp-content\/uploads\/2023\/12\/traverse-etang-768x311.webp 768w, https:\/\/www.camping-la-garangeoire.com\/wp-content\/uploads\/2023\/12\/traverse-etang-1536x621.webp 1536w, https:\/\/www.camping-la-garangeoire.com\/wp-content\/uploads\/2023\/12\/traverse-etang.webp 2048w\" sizes=\"(max-width: 1024px) 100vw, 1024px\" \/><\/figure>\n\n\n\n<div class=\"wp-block-columns\">\n<div class=\"wp-block-column\" style=\"flex-basis:72%\">\n<div class=\"wp-block-columns\">\n<div class=\"wp-block-column\">\n<figure class=\"wp-block-image size-large\"><img loading=\"lazy\" width=\"680\" height=\"1024\" src=\"https:\/\/www.camping-la-garangeoire.com\/wp-content\/uploads\/2023\/12\/traverse-etang-garangeoire-680x1024.webp\" alt=\"\" class=\"wp-image-8967\" srcset=\"https:\/\/www.camping-la-garangeoire.com\/wp-content\/uploads\/2023\/12\/traverse-etang-garangeoire-680x1024.webp 680w, https:\/\/www.camping-la-garangeoire.com\/wp-content\/uploads\/2023\/12\/traverse-etang-garangeoire-199x300.webp 199w, https:\/\/www.camping-la-garangeoire.com\/wp-content\/uploads\/2023\/12\/traverse-etang-garangeoire-768x1157.webp 768w, https:\/\/www.camping-la-garangeoire.com\/wp-content\/uploads\/2023\/12\/traverse-etang-garangeoire.webp 996w\" sizes=\"(max-width: 680px) 100vw, 680px\" \/><\/figure>\n<\/div>\n\n\n\n<div class=\"wp-block-column\">\n<h3 class=\"has-vert-color has-text-color\" id=\"traversee-de-l-etang\">Wettfahrt \u00fcber den Teich<\/h3>\n\n\n\n<p>2 bis 3 mal pro Saison laden wir Sie zu unserer gro\u00dfen Spezialit\u00e4t ein, n\u00e4mlich zu einer Wettfahrt mit den ausgefallendsten Wasserfahrzeugen \u00fcber den go\u00dfen Teich. Ein Klassiker in La Garangeoire, der immer wieder einen immensen Erfolg verzeichnet.<\/p>\n\n\n\n<h3 class=\"h6 has-ocre-color has-text-color\" id=\"course-d-orientation\">Orientierungsspaziergang<\/h3>\n\n\n\n<p>Entdecken Sie das Landgut La Garangeoire und seine sch\u00f6ne Natur, indem Sie mit Hilfe einer Wanderkarte die markierten Punkte auf dem Landgut aufsuchen.<\/p>\n\n\n\n<p>Ein lustiges und sportliches Abenteuer voller R\u00e4tsel und Fragen rund um das Thema Tiere und Biodiversit\u00e4t!<\/p>\n<\/div>\n<\/div>\n<\/div>\n\n\n\n<div class=\"wp-block-column\">\n<figure class=\"wp-block-image size-large\"><img loading=\"lazy\" width=\"1024\" height=\"683\" src=\"https:\/\/www.camping-la-garangeoire.com\/wp-content\/uploads\/2023\/12\/landart-garangeoire-1024x683.webp\" alt=\"\" class=\"wp-image-8954\" srcset=\"https:\/\/www.camping-la-garangeoire.com\/wp-content\/uploads\/2023\/12\/landart-garangeoire-1024x683.webp 1024w, https:\/\/www.camping-la-garangeoire.com\/wp-content\/uploads\/2023\/12\/landart-garangeoire-300x200.webp 300w, https:\/\/www.camping-la-garangeoire.com\/wp-content\/uploads\/2023\/12\/landart-garangeoire-768x512.webp 768w, https:\/\/www.camping-la-garangeoire.com\/wp-content\/uploads\/2023\/12\/landart-garangeoire.webp 1313w\" sizes=\"(max-width: 1024px) 100vw, 1024px\" \/><\/figure>\n<\/div>\n<\/div>\n\n\n\n<h3 class=\"h5 has-ocre-color has-text-color\" id=\"land-art\">Land&#8217;Art :<\/h3>\n\n\n\n<p class=\"h4 has-ocre-color has-text-color\">Kunstwerke in der Natur<\/p>\n\n\n\n<p>Werden Sie kreativ und schaffen Sie Kunstwerke aus Naturmaterialien, die Sie bei einem Spaziergang auf dem Landgut La Garangeoire finden. Eine unterhaltsame Familienaktivit\u00e4t mit direktem Bezug zur Umwelt.<\/p>\n\n\n\n<p>und auch\u2026 <strong>Schnitzeljagden, kulinarische Spazierg\u00e4nge, Land\u2019Art\u2026<\/strong><\/p>\n<\/div><\/div>\n","protected":false},"excerpt":{"rendered":"<p>Aktivurlaub oder in Ruhe entspannen: Sie haben die Wahl! Einige werden ein gutes Buch im Schatten einer Eiche genie\u00dfen, w\u00e4hrend andere, egal welchen Alters, von den zahlreichen Aktivit\u00e4ten auf dem Campingplatz fasziniert sein werden.Was auch immer Sie bevorzugen, es ist f\u00fcr jeden etwas dabei W\u00e4hrend sich die Einen lieber mit einem guten Buch in den [&hellip;]<\/p>\n","protected":false},"author":1,"featured_media":0,"parent":0,"menu_order":0,"comment_status":"closed","ping_status":"closed","template":"","meta":[],"acf":[],"_links":{"self":[{"href":"https:\/\/www.camping-la-garangeoire.com\/de\/wp-json\/wp\/v2\/pages\/5074"}],"collection":[{"href":"https:\/\/www.camping-la-garangeoire.com\/de\/wp-json\/wp\/v2\/pages"}],"about":[{"href":"https:\/\/www.camping-la-garangeoire.com\/de\/wp-json\/wp\/v2\/types\/page"}],"author":[{"embeddable":true,"href":"https:\/\/www.camping-la-garangeoire.com\/de\/wp-json\/wp\/v2\/users\/1"}],"replies":[{"embeddable":true,"href":"https:\/\/www.camping-la-garangeoire.com\/de\/wp-json\/wp\/v2\/comments?post=5074"}],"version-history":[{"count":6,"href":"https:\/\/www.camping-la-garangeoire.com\/de\/wp-json\/wp\/v2\/pages\/5074\/revisions"}],"predecessor-version":[{"id":12590,"href":"https:\/\/www.camping-la-garangeoire.com\/de\/wp-json\/wp\/v2\/pages\/5074\/revisions\/12590"}],"wp:attachment":[{"href":"https:\/\/www.camping-la-garangeoire.com\/de\/wp-json\/wp\/v2\/media?parent=5074"}],"curies":[{"name":"wp","href":"https:\/\/api.w.org\/{rel}","templated":true}]}}